{"id":46,"date":"2012-07-24T14:17:13","date_gmt":"2012-07-24T14:17:13","guid":{"rendered":"http:\/\/portfolio-pre.uqac.ca\/gabarit\/?page_id=46"},"modified":"2021-10-12T15:46:16","modified_gmt":"2021-10-12T19:46:16","slug":"recherche","status":"publish","type":"page","link":"https:\/\/portfolio.uqac.ca\/christianbelanger\/recherche\/","title":{"rendered":"Recherche"},"content":{"rendered":"<p style=\"text-align: justify\">Dipl\u00f4m\u00e9 du programme de doctorat en d\u00e9veloppement r\u00e9gional (Ph.D) de l\u2019<a href=\"www.uqac.ca\">Universit\u00e9 du Qu\u00e9bec \u00e0 Chicoutimi<\/a> (UQAC), Christian B\u00e9langer est membre du <a href=\"grir.uqac.ca\">Groupe de recherche et d\u2019interventions r\u00e9gionales<\/a> (GRIR) depuis 2014. Ses int\u00e9r\u00eats de recherche portent \u00e0 propos des questions de d\u00e9veloppement r\u00e9gional, de communication sociale, de la sociologie, de l\u2019apprentissage collectif, de m\u00eame qu\u2019en ce qui a trait \u00e0 l\u2019intervention et la mobilisation collective.<\/p>\n<p style=\"text-align: justify\"><strong>Prix et distinctions<\/strong><\/p>\n<ul style=\"text-align: justify\">\n<li>Bourse de la <a href=\"https:\/\/www.fondationasselin.ca\/\">Fondation Asselin du C\u00e9gep de Jonqui\u00e8re<\/a> (2010-2011) <em>Bourse de soutien au doctorat (2,500.00$)<\/em><\/li>\n<\/ul>\n<ul style=\"text-align: justify\">\n<li>Bourse du <a href=\"www.crdt.ca\">CRDT<\/a> (2008-2009)<br \/>\n<em> Soutien financier (1,500.00$)<\/em><\/li>\n<\/ul>\n<ul style=\"text-align: justify\">\n<li>Bourse d\u2019implication du <a href=\"www.mageuqac.com\">MAGE-UQAC<\/a> (2008-2009)<br \/>\n<em>Bourse d\u2019implication (1,000.00$)<\/em><\/li>\n<\/ul>\n<ul style=\"text-align: justify\">\n<li>Bourse d\u2019excellence de la <a href=\"https:\/\/www.uqac.ca\/uqac_en_bref\/fondation_uqac\/\">Fondation de l\u2019UQAC<\/a> (2007-2008)<br \/>\n<em> Bourse de soutien au doctorat (10,000.00$)<\/em><\/li>\n<\/ul>\n<ul style=\"text-align: justify\">\n<li>Bourse de la Fondation Gaston-L. Tremblay (2006-2007)<br \/>\n<em> Bourse de soutien au doctorat (10,000.00$)<\/em><\/li>\n<\/ul>\n<ul>\n<li style=\"text-align: justify\">Bourse de la compagnie Sunlife (2003-2004)<br \/>\n<em> Bourse de soutien \u00e0 la ma\u00eetrise (1,300.00$)<\/em><\/li>\n<\/ul>\n<p>&nbsp;<\/p>\n","protected":false},"excerpt":{"rendered":"<p>Dipl\u00f4m\u00e9 du programme de doctorat en d\u00e9veloppement r\u00e9gional (Ph.D) de l\u2019Universit\u00e9 du Qu\u00e9bec \u00e0 Chicoutimi (UQAC), Christian B\u00e9langer est membre du Groupe de recherche et d\u2019interventions r\u00e9gionales (GRIR) depuis 2014. Ses int\u00e9r\u00eats de recherche portent \u00e0 propos des questions de d\u00e9veloppement r\u00e9gional, de communication sociale, de la sociologie, de l\u2019apprentissage collectif, de m\u00eame qu\u2019en ce &hellip; <a href=\"https:\/\/portfolio.uqac.ca\/christianbelanger\/recherche\/\" class=\"more-link\">Continuer la lecture de <span class=\"screen-reader-text\">Recherche<\/span>  <span class=\"meta-nav\">&rarr;<\/span><\/a><\/p>\n","protected":false},"author":140,"featured_media":0,"parent":0,"menu_order":0,"comment_status":"closed","ping_status":"closed","template":"","meta":{"footnotes":""},"tags":[9,7,6,10,8],"_links":{"self":[{"href":"https:\/\/portfolio.uqac.ca\/christianbelanger\/wp-json\/wp\/v2\/pages\/46"}],"collection":[{"href":"https:\/\/portfolio.uqac.ca\/christianbelanger\/wp-json\/wp\/v2\/pages"}],"about":[{"href":"https:\/\/portfolio.uqac.ca\/christianbelanger\/wp-json\/wp\/v2\/types\/page"}],"author":[{"embeddable":true,"href":"https:\/\/portfolio.uqac.ca\/christianbelanger\/wp-json\/wp\/v2\/users\/140"}],"replies":[{"embeddable":true,"href":"https:\/\/portfolio.uqac.ca\/christianbelanger\/wp-json\/wp\/v2\/comments?post=46"}],"version-history":[{"count":13,"href":"https:\/\/portfolio.uqac.ca\/christianbelanger\/wp-json\/wp\/v2\/pages\/46\/revisions"}],"predecessor-version":[{"id":303,"href":"https:\/\/portfolio.uqac.ca\/christianbelanger\/wp-json\/wp\/v2\/pages\/46\/revisions\/303"}],"wp:attachment":[{"href":"https:\/\/portfolio.uqac.ca\/christianbelanger\/wp-json\/wp\/v2\/media?parent=46"}],"wp:term":[{"taxonomy":"post_tag","embeddable":true,"href":"https:\/\/portfolio.uqac.ca\/christianbelanger\/wp-json\/wp\/v2\/tags?post=46"}],"curies":[{"name":"wp","href":"https:\/\/api.w.org\/{rel}","templated":true}]}}