{"id":127,"date":"2019-10-15T15:27:54","date_gmt":"2019-10-15T19:27:54","guid":{"rendered":"http:\/\/portfolio-pre.uqac.ca\/christianebergeronleclerc\/?page_id=127"},"modified":"2025-08-18T04:20:56","modified_gmt":"2025-08-18T08:20:56","slug":"encadrement","status":"publish","type":"page","link":"https:\/\/portfolio.uqac.ca\/christianebergeronleclerc\/encadrement\/","title":{"rendered":"Encadrement"},"content":{"rendered":"<h2>Encadrement d\u2019\u00e9tudiants en travail social<\/h2>\n<p><strong>M\u00e9moires de ma\u00eetrise d\u00e9pos\u00e9s<\/strong><\/p>\n<p>Boily, Eve. (2025). <em><a href=\"https:\/\/constellation.uqac.ca\/id\/eprint\/10134\/\">\u00c9tudiants universitaires en temps de crise : exploration des d\u00e9terminants individuels et sociaux de la d\u00e9tresse psychologique.<\/a><\/em> M\u00e9moire de ma\u00eetrise, Universit\u00e9 du Qu\u00e9bec \u00e0 Chicoutimi. [<strong>Codirection\u00a0<\/strong>avec <a href=\"https:\/\/portfolio.uqac.ca\/sebastiengaboury\/\">S\u00e9bastien Gaboury<\/a>].<\/p>\n<p>Gallant-Leroux, Marie. (2025).<em>\u00a0<a href=\"https:\/\/constellation.uqac.ca\/id\/eprint\/10138\/\">L\u2019ins\u00e9curit\u00e9 alimentaire et l\u2019impact de l\u2019aide offerte par le service de d\u00e9pannage alimentaire de Sept-\u00celes.<\/a><\/em> M\u00e9moire de ma\u00eetrise, Universit\u00e9 du Qu\u00e9bec \u00e0 Chicoutimi. [<strong>Direction<\/strong>].<\/p>\n<p>Marinier, Ariane. (2025). <em><a href=\"https:\/\/constellation.uqac.ca\/id\/eprint\/10140\/\">Les effets du deuil sur la sant\u00e9 globale des personnes proches aidantes d\u2019une personne atteinte d\u2019un trouble neurocognitif, d\u00e9c\u00e9d\u00e9e en temps de pand\u00e9mie de COVID-19.<\/a><\/em> M\u00e9moire de ma\u00eetrise, Universit\u00e9 du Qu\u00e9bec \u00e0 Chicoutimi. [<strong>Codirection\u00a0<\/strong>avec <a href=\"https:\/\/portfolio.uqac.ca\/jacquescherblanc\/\">Jacques Cherblanc<\/a>].<\/p>\n<p>Mercure, Camille. (2025). <em><a href=\"https:\/\/constellation.uqac.ca\/id\/eprint\/10117\/\">Au-del\u00e0 de la mort : liens continus et ajustement au deuil en temps de pand\u00e9mie.<\/a> <\/em>M\u00e9moire de ma\u00eetrise, Universit\u00e9 du Qu\u00e9bec \u00e0 Chicoutimi. [<strong>Codirection\u00a0<\/strong>avec <a href=\"https:\/\/portfolio.uqac.ca\/jacquescherblanc\/\">Jacques Cherblanc<\/a>].<\/p>\n<p>Trottier, Anne-Sophie. (2024). <em><a href=\"https:\/\/constellation.uqac.ca\/id\/eprint\/9928\/\">Les facteurs qui influencent le r\u00e9tablissement de l&#8217;\u00e9tat de sant\u00e9 mentale des \u00e9tudiant.es universitaires<\/a>.<\/em> M\u00e9moire de ma\u00eetrise, Universit\u00e9 du Qu\u00e9bec \u00e0 Chicoutimi.\u00a0[<strong>Direction<\/strong>].<\/p>\n<p>M\u00e9tivier, Maryse. (2024). <em><a href=\"https:\/\/constellation.uqac.ca\/id\/eprint\/9885\/\">L&#8217;exp\u00e9rience des adultes pratiquant un entra\u00eenement fonctionnel \u00e0 haute intensit\u00e9 dans le contexte de la pand\u00e9mie de la COVID-19<\/a>.<\/em> M\u00e9moire de ma\u00eetrise, Universit\u00e9 du Qu\u00e9bec \u00e0 Chicoutimi. [<strong>Codirection\u00a0<\/strong>avec <a href=\"https:\/\/portfolio.uqac.ca\/evepouliot\/\">Eve Pouliot<\/a>].<\/p>\n<p>Bilodeau, Isabelle. (2024). <em><a href=\"https:\/\/constellation.uqac.ca\/id\/eprint\/9751\/\">Les repr\u00e9sentations sociales des troubles mentaux dans les m\u00e9dias \u00e9crits francophones<\/a>.<\/em>\u00a0M\u00e9moire de ma\u00eetrise, Universit\u00e9 du Qu\u00e9bec \u00e0 Chicoutimi.\u00a0[<strong>Direction<\/strong>].<\/p>\n<p>Simard, Eve. (2023). <em><a href=\"https:\/\/constellation.uqac.ca\/id\/eprint\/9296\/\">Les forces de caract\u00e8re et la r\u00e9silience des \u00e9tudiants en situation de handicap \u00e0 l&#8217;universit\u00e9<\/a>.<\/em>\u00a0M\u00e9moire de ma\u00eetrise, Universit\u00e9 du Qu\u00e9bec \u00e0 Chicoutimi. [<strong>Codirection\u00a0<\/strong>avec <a href=\"https:\/\/portfolio.uqac.ca\/carolecote\/\">Carole C\u00f4t\u00e9<\/a>].<strong><br \/>\n<\/strong><\/p>\n<p>C\u00f4t\u00e9, Genevi\u00e8ve. (2022). <em><a href=\"https:\/\/constellation.uqac.ca\/id\/eprint\/8456\/\">Le v\u00e9cu des parents ayant un enfant adulte atteint d&#8217;un trouble de la personnalit\u00e9 limite.<\/a>\u00a0<\/em>M\u00e9moire de ma\u00eetrise, Universit\u00e9 du Qu\u00e9bec \u00e0 Chicoutimi. [<strong>Codirection\u00a0<\/strong>avec <a href=\"https:\/\/portfolio.uqac.ca\/evepouliot\/\">Eve Pouliot<\/a>].<\/p>\n<p>Langlois, Anne-Sophie. (2022). <em><a href=\"https:\/\/constellation.uqac.ca\/id\/eprint\/8455\/\">Les effets de la pratique du yoga en milieu scolaire sur l&#8217;estime de soi des enfants de 6 \u00e0 9 ans<\/a>.<\/em> M\u00e9moire de ma\u00eetrise, Universit\u00e9 du Qu\u00e9bec \u00e0 Chicoutimi. [<strong>Codirection\u00a0<\/strong>avec <a href=\"https:\/\/portfolio.uqac.ca\/jacquescherblanc\/\">Jacques Cherblanc<\/a>].<\/p>\n<p>Marceau, Janik. (2022).<a href=\"https:\/\/constellation.uqac.ca\/8261\/\">\u00a0<em>Le v\u00e9cu de m\u00e8res d\u2019enfants identifi\u00e9s comme \u00e9tant dou\u00e9s. M\u00e9moire de ma\u00eetrise en travail social. M\u00e9moire de ma\u00eetrise, Universit\u00e9 du Qu\u00e9bec \u00e0 Chicoutimi.<\/em><\/a><em>\u00a0<\/em>[<strong>Codirection\u00a0<\/strong>avec <a href=\"https:\/\/portfolio.uqac.ca\/evepouliot\/\">Eve Pouliot<\/a>].<\/p>\n<p>Gauthier, Genevi\u00e8ve. (2021). <em><a href=\"https:\/\/constellation.uqac.ca\/7817\/\">\u00c9valuation des facteurs qui influencent la prise en compte de la dimension spirituelle chez les travailleurs sociaux du Saguenay-Lac-St-Jean.<\/a><\/em>\u00a0M\u00e9moire de ma\u00eetrise, Universit\u00e9 du Qu\u00e9bec \u00e0 Chicoutimi.\u00a0[<strong>Codirection\u00a0<\/strong>avec <a href=\"https:\/\/portfolio.uqac.ca\/ericpilote\">\u00c9ric Pilote<\/a>].<\/p>\n<p>Lavoie, \u00c9rika. (2021). <em><a href=\"https:\/\/constellation.uqac.ca\/7423\/\">Les trajectoires de violence chez les femmes vivant avec un trouble de la personnalit\u00e9 limite<\/a>.<\/em> M\u00e9moire de ma\u00eetrise, Universit\u00e9 du Qu\u00e9bec \u00e0 Chicoutimi.\u00a0[<strong>Direction<\/strong>].<\/p>\n<p>Attard, Virginie. (2021). <em><a href=\"https:\/\/constellation.uqac.ca\/6782\/\">\u00c9valuation de la formation au Programme Lanterne\/Awacic en mati\u00e8re de pr\u00e9vention de la violence sexuelle en milieu autochtone<\/a>.<\/em> M\u00e9moire de ma\u00eetrise, Universit\u00e9 du Qu\u00e9bec \u00e0 Chicoutimi.\u00a0[<strong>Codirection\u00a0<\/strong>avec <a href=\"https:\/\/portfolio.uqac.ca\/jacinthedion\/\">Jacinthe Dion<\/a>].<\/p>\n<p>Gauthier, Isabel. (2020). <em><a href=\"https:\/\/constellation.uqac.ca\/5990\/\">Le processus de r\u00e9tablissement de personnes qui ont d\u00e9velopp\u00e9 un trouble mental apr\u00e8s avoir \u00e9t\u00e9 victimes de crimes violents<\/a>.<\/em>\u00a0M\u00e9moire de ma\u00eetrise, Universit\u00e9 du Qu\u00e9bec \u00e0 Chicoutimi.\u00a0[<strong>Direction<\/strong>].<\/p>\n<p>Chouinard, Fr\u00e9d\u00e9rique. (2020).<em>\u00a0<a href=\"https:\/\/constellation.uqac.ca\/5933\/\">Les b\u00e9n\u00e9fices d\u2019un programme de yoga sur la prosocialit\u00e9 des enfants en milieu scolaire.<\/a>\u00a0<\/em>M\u00e9moire de ma\u00eetrise, Universit\u00e9 du Qu\u00e9bec \u00e0 Chicoutimi. [<strong>Codirection\u00a0<\/strong>avec <a href=\"https:\/\/portfolio.uqac.ca\/jacquescherblanc\/\">Jacques Cherblanc<\/a>].<\/p>\n<p>Fortin Genevi\u00e8ve. (2020).<em>\u00a0<a href=\"https:\/\/constellation.uqac.ca\/5916\/\">Les relations entre l\u2019auto-stigmatisation, l\u2019estime de soi, l\u2019auto-efficacit\u00e9 et le r\u00e9tablissement chez les personnes ayant des troubles mentaux : une \u00e9tude corr\u00e9lationnelle<\/a>.<\/em>\u00a0M\u00e9moire de ma\u00eetrise, Universit\u00e9 du Qu\u00e9bec \u00e0 Chicoutimi.\u00a0[<strong>Direction<\/strong>].<\/p>\n<p>Martin-Bluteau, Genevi\u00e8ve. (2020). <em><a href=\"https:\/\/constellation.uqac.ca\/5757\/\">Les facteurs qui influencent le r\u00e9tablissement chez les personnes \u00e2g\u00e9es ayant un trouble mental grave<\/a>.<\/em> M\u00e9moire de ma\u00eetrise, Universit\u00e9 du Qu\u00e9bec \u00e0 Chicoutimi.\u00a0[<strong>Direction<\/strong>].<\/p>\n<p>Tremblay, Alexandra. (2020). <em><a href=\"https:\/\/constellation.uqac.ca\/5819\/\">Les facteurs qui facilitent et entravent l&#8217;intervention aupr\u00e8s des personnes en phase palliative de cancer et qui sont atteintes d&#8217;un trouble mental grave: le point de vue des intervenants<\/a>.<\/em> M\u00e9moire de ma\u00eetrise, Universit\u00e9 du Qu\u00e9bec \u00e0 Chicoutimi.\u00a0[<strong>Codirection\u00a0<\/strong>avec\u00a0<a href=\"https:\/\/portfolio.uqac.ca\/jacquescherblanc\/\">Jacques Cherblanc<\/a>].<\/p>\n<p>C\u00f4t\u00e9, Sandra. (2018). <a href=\"https:\/\/constellation.uqac.ca\/4501\/\"><em>Les perceptions et attitudes des \u00e9tudiants h\u00f4tes de l\u2019Universit\u00e9 du Qu\u00e9bec \u00e0 Chicoutimi face \u00e0 l\u2019int\u00e9gration des \u00e9tudiants internationaux<\/em>.<\/a>\u00a0M\u00e9moire de ma\u00eetrise, Universit\u00e9 du Qu\u00e9bec \u00e0 Chicoutimi.\u00a0[<strong>Direction<\/strong>].<\/p>\n<p>Maltais-Th\u00e9riault, Claudia. (2018).<em>\u00a0<a href=\"https:\/\/constellation.uqac.ca\/4778\/\">Les repr\u00e9sentations sociales du chez soi de personnes des Premi\u00e8res Nations vivant \u00e0 Saguenay.<\/a>\u00a0<\/em>M\u00e9moire de ma\u00eetrise, Universit\u00e9 du Qu\u00e9bec \u00e0 Chicoutimi.\u00a0[<strong>Direction<\/strong>].<\/p>\n<p>Th\u00e9berge Alexandre. (2017).\u00a0<em><a href=\"https:\/\/constellation.uqac.ca\/4281\/\">Les facteurs d\u2019influence dans le r\u00e9tablissement des personnes atteintes d\u2019un trouble concomitant : une \u00e9tude exploratoire.<\/a><\/em>\u00a0M\u00e9moire de ma\u00eetrise, Universit\u00e9 du Qu\u00e9bec \u00e0 Chicoutimi.\u00a0[<strong>Direction<\/strong>].<\/p>\n<p>Plante Annie. (2016).\u00a0<em><a href=\"https:\/\/constellation.uqac.ca\/4135\/\">Perspectives des intervenants et des facilitateurs sur la collaboration interprofessionnelle au sein de programmes d\u2019intervention par la nature et l\u2019aventure.<\/a>\u00a0<\/em>M\u00e9moire de ma\u00eetrise, Universit\u00e9 du Qu\u00e9bec \u00e0 Chicoutimi.\u00a0[<strong>Direction<\/strong>].<\/p>\n<p>Tremblay Marjolaine. (2015).<em>\u00a0<a href=\"https:\/\/constellation.uqac.ca\/3241\/\">L&#8217;apport de la relation th\u00e9rapeutique dans le r\u00e9tablissement des personnes atteintes d&#8217;un trouble mental grave.<\/a>\u00a0<\/em>M\u00e9moire de ma\u00eetrise, Universit\u00e9 du Qu\u00e9bec \u00e0 Chicoutimi.\u00a0[<strong>Direction<\/strong>].<\/p>\n<p>Gagnon Audrey. (2015).\u00a0<em><a href=\"https:\/\/constellation.uqac.ca\/3001\/\">Les cons\u00e9quences des technologies de l&#8217;information et de la communication (TIC) sur le fonctionnement social des jeunes adultes de 18 \u00e0 30 ans.<\/a>\u00a0<\/em>M\u00e9moire de ma\u00eetrise, Universit\u00e9 du Qu\u00e9bec \u00e0 Chicoutimi.\u00a0[<strong>Direction<\/strong>].<\/p>\n<p>Vaillancourt Madeleine. (2015).\u00a0<em><a href=\"https:\/\/constellation.uqac.ca\/3415\/\">Le fonctionnement social et les strat\u00e9gies d\u2019adaptation utilis\u00e9es par les adultes ayant un trouble du d\u00e9ficit de l\u2019attention avec hyperactivit\u00e9.<\/a><\/em>\u00a0M\u00e9moire de ma\u00eetrise, Universit\u00e9 du Qu\u00e9bec \u00e0 Chicoutimi.\u00a0[<strong>Direction<\/strong>].<\/p>\n<p>Fortin Cindy. (2014).\u00a0<em><a href=\"https:\/\/constellation.uqac.ca\/2771\/\">Le v\u00e9cu professionnel des intervenants de la relation d&#8217;aide : les facteurs d&#8217;influence de la fatigue de compassion et du traumatisme vicariant<\/a>.\u00a0<\/em>M\u00e9moire de ma\u00eetrise, Universit\u00e9 du Qu\u00e9bec \u00e0 Chicoutimi.\u00a0[<strong>Codirection\u00a0<\/strong>avec Danielle Maltais].<\/p>\n<p>Bolduc Vanessa. (2013).\u00a0<em><a href=\"https:\/\/constellation.uqac.ca\/2748\/\">L&#8217;identit\u00e9 ethnique de jeunes saguen\u00e9ens \u00e2g\u00e9s entre 15 et 24 ans adopt\u00e9s \u00e0 l&#8217;international.<\/a>\u00a0<\/em>M\u00e9moire de ma\u00eetrise, Universit\u00e9 du Qu\u00e9bec \u00e0 Chicoutimi.\u00a0[<strong>Codirection\u00a0<\/strong>avec Danielle Maltais].<\/p>\n<p>Gargano Virginie. (2010).\u00a0<em><a href=\"https:\/\/constellation.uqac.ca\/115\/\">Les retomb\u00e9es du cours coll\u00e9gial &#8220;Plein air exp\u00e9rientiel&#8221; aux plans personnel et interpersonnel.<\/a>\u00a0<\/em>M\u00e9moire de ma\u00eetrise, Universit\u00e9 du Qu\u00e9bec \u00e0 Chicoutimi.\u00a0[<strong>Direction<\/strong>].<\/p>\n<p>Gobeil Pierre-Luc. (2010).\u00a0<em><a href=\"https:\/\/constellation.uqac.ca\/307\/\">La perception des jeunes hommes homosexuels vivant au Saguenay-Lac-Saint-Jean \u00e0 l&#8217;\u00e9gard des facteurs qui influencent leur \u00e9tat de sant\u00e9 mentale.<\/a>\u00a0<\/em>M\u00e9moire de ma\u00eetrise, Universit\u00e9 du Qu\u00e9bec \u00e0 Chicoutimi.\u00a0[<strong>Direction<\/strong>].<\/p>\n<p>Laforge Val\u00e9rie. (2010).\u00a0<em><a href=\"https:\/\/constellation.uqac.ca\/268\/\">Les facteurs qui facilitent ou entravent l&#8217;intervention aupr\u00e8s des jeunes qui pr\u00e9sentent un ou des troubles mentaux au Centre Jeunesse Saguenay-Lac-Saint-Jean.<\/a>\u00a0<\/em>M\u00e9moire de ma\u00eetrise, Universit\u00e9 du Qu\u00e9bec \u00e0 Chicoutimi.\u00a0[<strong>Direction<\/strong>].<\/p>\n<h3>Essais d\u00e9pos\u00e9s<\/h3>\n<p>Tremblay, Dominique (2025). Arts et empowerment au Centre de Formation G\u00e9n\u00e9rale des adultes. Essai de ma\u00eetrise en travail social, Universit\u00e9 du Qu\u00e9bec \u00e0 Chicoutimi. [<strong>Direction<\/strong>].<\/p>\n<p>Granal, Gwena\u00ebl (2025). Les arts martiaux comme pratique alternative dans un programme d&#8217;intervention de groupe pour hommes. Essai de ma\u00eetrise en travail social, Universit\u00e9 du Qu\u00e9bec \u00e0 Chicoutimi. [<strong>Direction<\/strong>].<\/p>\n<p>Gagnon B\u00e9atrice (2023). Adaptation et utilisation du mod\u00e8le des forces aupr\u00e8s des \u00e9tudiants universitaires vivant de la d\u00e9tresse psychologique. Essai de ma\u00eetrise en travail social, Universit\u00e9 du Qu\u00e9bec \u00e0 Chicoutimi. [<strong>Direction<\/strong>].<\/p>\n<p>Belley M\u00e9lanie. (2019).\u00a0<a href=\"https:\/\/constellation.uqac.ca\/5075\/\">Aider sans se diviser : mise en place d&#8217;un programme de soutien pour les parents aidants des jeunes ayant un trouble mental ou des sympt\u00f4mes associ\u00e9s.<\/a>\u00a0Essai, Universit\u00e9 du Qu\u00e9bec \u00e0 Chicoutimi.\u00a0[<strong>Codirection\u00a0<\/strong>avec <a href=\"https:\/\/portfolio.uqac.ca\/evepouliot\/\">Eve Pouliot<\/a>].<\/p>\n<p>Boivin, Marie-\u00c8ve. (2016). <a href=\"https:\/\/bibvir2.uqac.ca\/archivage\/travaux\/031077616.pdf\">La protection des enfants \u00e0 na\u00eetre\u202f: Exp\u00e9rimentation du programme Concerto au Saguenay-Lac-St-Jean.\u00a0<\/a>Essai de ma\u00eetrise en travail social, Universit\u00e9 du Qu\u00e9bec \u00e0 Chicoutimi.\u00a0[<strong>Codirection\u00a0<\/strong>avec Danielle Maltais].<\/p>\n<p>Fromage, Am\u00e9lia. (2011).\u00a0<a href=\"https:\/\/bibvir2.uqac.ca\/archivage\/travaux\/030260236.pdf\">Implantation du programme individualis\u00e9 de placement et de soutien \u00e0 l&#8217;emploi (IPS) au Saguenay.\u00a0<\/a>Essai de ma\u00eetrise en travail social, Universit\u00e9 du Qu\u00e9bec \u00e0 Chicoutimi.\u00a0[<strong>Direction<\/strong>].<\/p>\n<p>Poirier, H\u00e9l\u00e8ne. (2011).\u00a0<a href=\"https:\/\/bibvir2.uqac.ca\/archivage\/travaux\/030260230.pdf\">Mise en application et \u00e9valuation d&#8217;un programme d&#8217;intervention familiale dans le champ de la sant\u00e9 mentale.\u00a0<\/a>Essai de ma\u00eetrise en travail social, Universit\u00e9 du Qu\u00e9bec \u00e0 Chicoutimi.\u00a0[<strong>Direction<\/strong>].<\/p>\n<h3>Projets de ma\u00eetrise d\u00e9pos\u00e9s<\/h3>\n<p>Blackburn, Ariane. L\u2019impact de l\u2019enseignement en ligne en contexte de pand\u00e9mie sur la sant\u00e9 mentale des \u00e9tudiant.es universitaires.\u00a0 Projet de m\u00e9moire. [<strong>Codirection\u00a0<\/strong>avec <a href=\"https:\/\/portfolio.uqac.ca\/evepouliot\/\">Eve Pouliot<\/a>].<\/p>\n<p>Boivin, Fr\u00e9d\u00e9rique. L\u2019AT-9 comme outil d\u2019exploration des forces aupr\u00e8s des enfants de niveau primaire. Projet de m\u00e9moire. [<strong>Codirection\u00a0<\/strong>avec <a href=\"https:\/\/portfolio.uqac.ca\/evepouliot\/\">Eve Pouliot<\/a>].<\/p>\n<p>Gigu\u00e8re, \u00c9rica.\u00a0La sant\u00e9 mentale des \u00e9tudiants universitaires qu\u00e9b\u00e9cois ayant subi une fluctuation de revenu pendant la pand\u00e9mie de la COVID-19.\u00a0 Projet de m\u00e9moire.\u00a0[<strong>Direction<\/strong>].<\/p>\n<p>St-Gelais, Lorie. Les retomb\u00e9es de l\u2019activit\u00e9 physique en plein air sur la sant\u00e9 mentale des femmes lors de la p\u00e9riode postnatale. Projet de m\u00e9moire. [<strong>Co-direction\u00a0<\/strong>avec <a href=\"https:\/\/portfolio.uqac.ca\/marieevelangelier\/\">Marie-Eve Langelier<\/a>].<\/p>\n<p>T.-Montambault, Eliot. L\u2019autocompassion et l\u2019identit\u00e9 autostigmatis\u00e9e dans un contexte de r\u00e9tablissement en sant\u00e9 mentale. \u00a0Projet de m\u00e9moire.\u00a0[<strong>Direction<\/strong>].<\/p>\n<h2>Encadrement d\u2019\u00e9tudiants dans d&#8217;autres disciplines<\/h2>\n<p>C\u00f4t\u00e9, Joanie (2024). <em>\u00c9tudes des facteurs associ\u00e9s aux changements de la consommation de substance psychoactive des \u00e9tudiant(e)s universitaires du Qu\u00e9bec durant la pand\u00e9mie de Covid-19<\/em>. Essai doctoral en psychologie. Universit\u00e9 du Qu\u00e9bec \u00e0 Chicoutimi. [<strong>Co-direction\u00a0<\/strong>avec <a href=\"https:\/\/portfolio.uqac.ca\/lindapaquette\/\">Linda Paquette<\/a>].<\/p>\n","protected":false},"excerpt":{"rendered":"<p>Encadrement d\u2019\u00e9tudiants en travail social M\u00e9moires de ma\u00eetrise d\u00e9pos\u00e9s Boily, Eve. (2025). \u00c9tudiants universitaires en temps de crise : exploration des d\u00e9terminants individuels et sociaux de la d\u00e9tresse psychologique. M\u00e9moire de ma\u00eetrise, Universit\u00e9 du Qu\u00e9bec \u00e0 Chicoutimi. [Codirection\u00a0avec S\u00e9bastien Gaboury]. Gallant-Leroux, Marie. (2025).\u00a0L\u2019ins\u00e9curit\u00e9 alimentaire et l\u2019impact de l\u2019aide offerte par le service de d\u00e9pannage alimentaire &hellip; <a href=\"https:\/\/portfolio.uqac.ca\/christianebergeronleclerc\/encadrement\/\" class=\"more-link\">Continuer la lecture de <span class=\"screen-reader-text\">Encadrement<\/span>  <span class=\"meta-nav\">&rarr;<\/span><\/a><\/p>\n","protected":false},"author":282,"featured_media":0,"parent":0,"menu_order":0,"comment_status":"closed","ping_status":"closed","template":"","meta":{"footnotes":""},"tags":[],"_links":{"self":[{"href":"https:\/\/portfolio.uqac.ca\/christianebergeronleclerc\/wp-json\/wp\/v2\/pages\/127"}],"collection":[{"href":"https:\/\/portfolio.uqac.ca\/christianebergeronleclerc\/wp-json\/wp\/v2\/pages"}],"about":[{"href":"https:\/\/portfolio.uqac.ca\/christianebergeronleclerc\/wp-json\/wp\/v2\/types\/page"}],"author":[{"embeddable":true,"href":"https:\/\/portfolio.uqac.ca\/christianebergeronleclerc\/wp-json\/wp\/v2\/users\/282"}],"replies":[{"embeddable":true,"href":"https:\/\/portfolio.uqac.ca\/christianebergeronleclerc\/wp-json\/wp\/v2\/comments?post=127"}],"version-history":[{"count":40,"href":"https:\/\/portfolio.uqac.ca\/christianebergeronleclerc\/wp-json\/wp\/v2\/pages\/127\/revisions"}],"predecessor-version":[{"id":390,"href":"https:\/\/portfolio.uqac.ca\/christianebergeronleclerc\/wp-json\/wp\/v2\/pages\/127\/revisions\/390"}],"wp:attachment":[{"href":"https:\/\/portfolio.uqac.ca\/christianebergeronleclerc\/wp-json\/wp\/v2\/media?parent=127"}],"wp:term":[{"taxonomy":"post_tag","embeddable":true,"href":"https:\/\/portfolio.uqac.ca\/christianebergeronleclerc\/wp-json\/wp\/v2\/tags?post=127"}],"curies":[{"name":"wp","href":"https:\/\/api.w.org\/{rel}","templated":true}]}}