{"id":20,"date":"2012-07-23T20:20:59","date_gmt":"2012-07-23T20:20:59","guid":{"rendered":"http:\/\/portfolio-pre.uqac.ca\/gabarit\/?page_id=20"},"modified":"2019-10-15T15:58:18","modified_gmt":"2019-10-15T19:58:18","slug":"publications","status":"publish","type":"page","link":"https:\/\/portfolio.uqac.ca\/christianebergeronleclerc\/publications\/","title":{"rendered":"Publications"},"content":{"rendered":"<h2><strong>Articles\u00a0<\/strong><\/h2>\n<p><strong>Bergeron-Leclerc, C.<\/strong>, \u00a0Gargano, V., Dessureault-Pelletier, M., Mercure, C., &amp; Bilodeau, M. (2013). <a href=\"https:\/\/www.revueintervention.org\/sites\/default\/files\/intervention_139_6._leducation_par_laventure_comme_outil.pdf\">L\u2019\u00e9ducation par l\u2019aventure comme outil de transformation du lien social.<\/a>\u00a0 <em>Intervention<\/em>. 139 (2), 63-74.<\/p>\n<p><strong>Bergeron-Leclerc, C.<\/strong>, Mercure, C., Gargano, V., Bilodeau, M., &amp; Dessureault-Pelletier, M. (2012).\u00a0 <a href=\"https:\/\/journals.sfu.ca\/cje\/index.php\/cje-rce\/article\/download\/1422\/1374\/\">Quand la passion suscite la motivation\u00a0: les retomb\u00e9es d\u2019un programme d\u2019\u00e9ducation par l\u2019aventure au sein d\u2019une \u00e9cole secondaire alternative.\u00a0 <\/a><em>Revue canadienne de l\u2019\u00e9ducation.<\/em> 35 (4), 62-91.<\/p>\n<p>Gargano, V., &amp; <strong>Bergeron-Leclerc, C.<\/strong> (2012). <a href=\"https:\/\/www.researchgate.net\/publication\/334680608_Apprendre_autrement_les_effets_d'un_programme_collegial_d'education_par_l'aventure_au_plan_du_developpement_personnel_et_social\">Apprendre autrement\u00a0: les effets d\u2019un programme d\u2019\u00e9ducation par l\u2019aventure au plan du d\u00e9veloppement personnel et social.\u00a0<\/a> <em>Revue de recherche en \u00e9ducation, 2, <\/em>32-49.<\/p>\n<p><strong>Bergeron-Leclerc, C.<\/strong> &amp; Dallaire, B. (2011).\u00a0 Entre la pr\u00e9sence et l\u2019int\u00e9gration sociale\u00a0: les modes de vie des personnes recevant des services de suivi intensif en \u00e9quipe dans la communaut\u00e9. <em>Revue canadienne de sant\u00e9 mentale communautaire, <\/em>30 (1), 139-156.<\/p>\n<p>McCubbin, M., Dallaire, B., Lagrange, V., Wallot, H., <strong>Bergeron-Leclerc, C.<\/strong>, Cormier, C., &amp; Nelson, G. (2010). <a href=\"https:\/\/r-libre.teluq.ca\/1374\/1\/Recherche%20Mc%20Cubbins-Dallaire-Wallot%20R%C3%A9tablissement.pdf\">Reconstruction et r\u00e9\u00e9quilibrage du lien social\u00a0: une \u00e9tude exploratoire sur les r\u00f4les de l\u2019inclusion sociale, de l\u2019appropriation du pouvoir d\u2019agir et de l\u2019espoir dans le r\u00e9tablissement.\u00a0 <\/a>Revue canadienne de sant\u00e9 mentale communautaire, 29 (1), 1-17.<\/p>\n<p>Pouliot, E., <strong>Bergeron-Leclerc, C.<\/strong>, Verroneau, A., Dessureault-Pelletier, M., &amp; Lapointe, K. (2009). \u00c9valuation d\u2019une intervention en toxicomanie\u00a0: le point de vue de jeunes adultes vivant au centre-ville de Chicoutimi.\u00a0<em> Intervention,<\/em> 130, 14-25.<\/p>\n<p><strong>Bergeron-Leclerc, C.<\/strong>, &amp; Cormier, C. (2009).\u00a0 <a href=\"https:\/\/laressource.ca\/images\/ressources\/les_ingredients_magiques_de_la_relation_daide-une_exploration_des_facteurs_a_lorigine_du_succes_de_lintervention_dans_le_champ_de_la_sante_mentale.pdf\">Les ingr\u00e9dients magiques de la relation d\u2019aide.\u00a0 Une exploration des facteurs \u00e0 l\u2019origine du succ\u00e8s de l\u2019intervention dans le champ de la sant\u00e9 mentale.\u00a0<\/a> <em>Service social<\/em>, 55 (1), 1-16.<\/p>\n<p>Bizier, V. &amp;<strong> Bergeron-Leclerc, C.<\/strong> (2009).\u00a0 \u00c0 l\u2019aube d\u2019un changement de paradigme\u00a0en sant\u00e9 mentale : l\u2019implication des usagers au sein du processus de recherche.\u00a0 <em>Le partenaire<\/em>. 17(2), 18-21.<\/p>\n<h2>Chapitres de livre<\/h2>\n<p>Nadeau, D., <strong>Bergeron-Leclerc, C.<\/strong>, Dufour, M., &amp; Pouliot, E. (2012).\u00a0 <em>Troubles mentaux chez les jeunes victimes de maltraitance<\/em>, dans\u00a0 M.-H. Gagn\u00e9, S. Drapeau et M.-C. St-Jacques (dir.).\u00a0 Les enfants maltrait\u00e9s\u00a0: de l\u2019affliction \u00e0 l\u2019espoir. Pistes de compr\u00e9hension et d\u2019action\u00a0: (pp.70-92). Qu\u00e9bec\u00a0: \u00c9ditions Solal.<\/p>\n<p><strong>Bergeron-Leclerc, C.<\/strong> &amp; Dallaire, B. (2009). <em>Mod\u00e8le de suivi intensif en \u00e9quipe dans la communaut\u00e9 et pratiques de proximit\u00e9<\/em>. Dans M. Cl\u00e9ment, L. G\u00e9lineau et A.-M. McKay (dir.).\u00a0 Proximit\u00e9s.\u00a0 Lien, accompagnement et soins : (pp.259-283). Qu\u00e9bec : Presses de l\u2019Universit\u00e9 du Qu\u00e9bec.<\/p>\n<h2><strong>Comptes-rendus de lecture\u00a0<\/strong><\/h2>\n<p><strong>Bergeron-Leclerc, C.<\/strong> (2010). [Book reviews \/Compte rendu\u00a0of : H\u00e9bergement, logement et r\u00e9tablissement en sant\u00e9 mentale.\u00a0 Pourquoi et comment faire \u00e9voluer les pratiques\u00a0?]. <em>Canadian community mental health journal<\/em>. 29(2), pp. 155-157.<\/p>\n<p><strong>Bergeron-Leclerc, C.<\/strong> (2008). [Book reviews \/Compte rendu\u00a0of : Solitude et soci\u00e9t\u00e9s contemporaines.\u00a0 Une sociologie clinique de l\u2019individu et du rapport \u00e0 l\u2019autre]. <em>Canadian community mental health journal<\/em>. 27(1), pp. 125-128.<\/p>\n<h2>Rapports de recherche<\/h2>\n<p><strong>Bergeron-Leclerc, C.<\/strong>, Richard, M.-C., Tremblay, M., Robert, \u00c9., Dufour, M., &amp; Plante, A. (2015). \u00c9valuation du processus et des effets du Groupe J\u2019en Barque du Centre jeunesse du Saguenay-Lac-St-Jean.\u00a0 Chicoutimi\u00a0: Centre jeunesse du Saguenay-Lac-St-Jean.<\/p>\n<p>Pouliot, E., <strong>Bergeron-Leclerc, C.<\/strong>, Dessureault-Pelletier, M., Veronneau, A., Lapointe, K., &amp; Pedneault, C. (2010). <em>\u00c9valuation du programme\u00a0: Intervention en toxicomanie aupr\u00e8s des jeunes marginalis\u00e9s de 18 \u00e0 30 ans dans les maisons de chambre du centre-ville de Chicoutimi<\/em>.\u00a0 Chicoutimi. GRIR.\u00a0 Collection Innovation sociale.\u00a0 ISBN\u00a0: 978-2-923095-38-7.<\/p>\n<h2><\/h2>\n<p>&nbsp;<\/p>\n","protected":false},"excerpt":{"rendered":"<p>Articles\u00a0 Bergeron-Leclerc, C., \u00a0Gargano, V., Dessureault-Pelletier, M., Mercure, C., &amp; Bilodeau, M. (2013). L\u2019\u00e9ducation par l\u2019aventure comme outil de transformation du lien social.\u00a0 Intervention. 139 (2), 63-74. Bergeron-Leclerc, C., Mercure, C., Gargano, V., Bilodeau, M., &amp; Dessureault-Pelletier, M. (2012).\u00a0 Quand la passion suscite la motivation\u00a0: les retomb\u00e9es d\u2019un programme d\u2019\u00e9ducation par l\u2019aventure au sein d\u2019une &hellip; <a href=\"https:\/\/portfolio.uqac.ca\/christianebergeronleclerc\/publications\/\" class=\"more-link\">Continuer la lecture de <span class=\"screen-reader-text\">Publications<\/span>  <span class=\"meta-nav\">&rarr;<\/span><\/a><\/p>\n","protected":false},"author":64,"featured_media":0,"parent":0,"menu_order":0,"comment_status":"closed","ping_status":"closed","template":"","meta":{"footnotes":""},"tags":[],"_links":{"self":[{"href":"https:\/\/portfolio.uqac.ca\/christianebergeronleclerc\/wp-json\/wp\/v2\/pages\/20"}],"collection":[{"href":"https:\/\/portfolio.uqac.ca\/christianebergeronleclerc\/wp-json\/wp\/v2\/pages"}],"about":[{"href":"https:\/\/portfolio.uqac.ca\/christianebergeronleclerc\/wp-json\/wp\/v2\/types\/page"}],"author":[{"embeddable":true,"href":"https:\/\/portfolio.uqac.ca\/christianebergeronleclerc\/wp-json\/wp\/v2\/users\/64"}],"replies":[{"embeddable":true,"href":"https:\/\/portfolio.uqac.ca\/christianebergeronleclerc\/wp-json\/wp\/v2\/comments?post=20"}],"version-history":[{"count":17,"href":"https:\/\/portfolio.uqac.ca\/christianebergeronleclerc\/wp-json\/wp\/v2\/pages\/20\/revisions"}],"predecessor-version":[{"id":142,"href":"https:\/\/portfolio.uqac.ca\/christianebergeronleclerc\/wp-json\/wp\/v2\/pages\/20\/revisions\/142"}],"wp:attachment":[{"href":"https:\/\/portfolio.uqac.ca\/christianebergeronleclerc\/wp-json\/wp\/v2\/media?parent=20"}],"wp:term":[{"taxonomy":"post_tag","embeddable":true,"href":"https:\/\/portfolio.uqac.ca\/christianebergeronleclerc\/wp-json\/wp\/v2\/tags?post=20"}],"curies":[{"name":"wp","href":"https:\/\/api.w.org\/{rel}","templated":true}]}}