{"id":46,"date":"2012-07-24T14:17:13","date_gmt":"2012-07-24T14:17:13","guid":{"rendered":"http:\/\/portfolio-pre.uqac.ca\/gabarit\/?page_id=46"},"modified":"2024-11-11T11:16:25","modified_gmt":"2024-11-11T16:16:25","slug":"recherche","status":"publish","type":"page","link":"https:\/\/portfolio.uqac.ca\/christianebergeronleclerc\/recherche\/","title":{"rendered":"Recherche"},"content":{"rendered":"<h2>Subventions en cours<\/h2>\n<h2>Chercheure principale<\/h2>\n<p>2024-2029: Cherblanc, J., Bergeron-Leclerc, C. et collaborateurs. Rendre visible les orphelins au Canada: \u00e9tude interdisciplinaire sur la sant\u00e9 et les besoins des jeunes qui ont perdu par d\u00e9c\u00e8s un ou deux de leurs parents.\u00a0<strong>Source:<\/strong>\u00a0\u00a0Instituts de recherche en sant\u00e9 du Canada (IRSC).<\/p>\n<p>2024-2026: Bergeron-Leclerc, C., Pouliot, E., Cherblanc, J. et Dumont, A.\u00a0Vers un campus positif : analyse du d\u00e9ploiement et des retomb\u00e9es de l&#8217;approche centr\u00e9e sur les forces en milieu universitaire. <strong>Source:<\/strong> FUQAC.<\/p>\n<p>2021-2025: Cherblanc, J., Bergeron-Leclerc, C., Cadell, S.A. et collaborateurs. SANIDEUIL: Les re\u0301percussions sur la sante\u0301 de la perte d\u2019un proche en temps de pande\u0301mie: trajectoires de deuil et re\u0301percussions sur la sante\u0301 biopsychosociospirituelle des circonstances du de\u0301ce\u0300s et des restrictions a\u0300 l\u2019accompagnement des mourants et aux rituels fune\u0301raires.\u00a0<strong>Source:<\/strong>\u00a0\u00a0Instituts de recherche en sant\u00e9 du Canada (IRSC).<\/p>\n<p>2020-2023 :\u00a0Les cons\u00e9quences de la pand\u00e9mie sur la sant\u00e9 globale des populations universitaires. <strong>Sources de financement :<\/strong> Universit\u00e9 du Qu\u00e9bec \u00e0 Chicoutimi FODAR-SI, Montant total &#8211; 3 000 $ Chercheur principal : Danielle Maltais<\/p>\n<h2>Co-chercheure<\/h2>\n<p>2023-2028 :\u00a0Observatoire sur le bien-\u00eatre et la sant\u00e9 mentale \u00e9tudiante en enseignement sup\u00e9rieur: des connaissances au service de l&#8217;action.<br \/>\n<strong>Sources de financement :<\/strong> Fonds de recherche du Qu\u00e9bec &#8211; Sant\u00e9 (FRQS) et Observatoire sur la sant\u00e9 mentale \u00e9tudiante en enseignement sup\u00e9rieur<\/p>\n<p>2023-2025 :\u00a0Regards crois\u00e9s sur les trajectoires spatiotemporelles des rituels en contexte de deuil. RQSPAL, concours initiative structurante.<br \/>\n<strong>Sources de financement :<\/strong> RQSPAL et Concours initiatives structurantes<\/p>\n<p>2021-2023 :\u00a0\u00catre autochtone et \u00e9tudier \u00e0 l&#8217;universit\u00e9 en temps de pand\u00e9mie: mieux comprendre les impacts de la COVID-19 sur les parcours scolaires des \u00e9tudiant.es autochtones de l&#8217;UQAC.<br \/>\n<strong>Sources de financement :<\/strong> Conseil de Recherches en Sciences Humaines du Canada (CRSH) et Subventions d&#8217;engagement partenarial individuelles<\/p>\n<p>2022-2023 :\u00a0Co\u00fbtDeuil : \u00e9laboration d&#8217;un outil de mesure des co\u00fbts du deuil.<br \/>\n<strong>Sources de financement:<\/strong> R\u00e9seau intersectoriel de recherche en sant\u00e9 de l&#8217;Universit\u00e9 du Qu\u00e9bec<\/p>\n<p>2020-2023 :\u00a0Comment int\u00e9grer efficacement le yoga dans les pratiques \u00e9ducatives des \u00e9coles primaires : une recherche collaborative.<br \/>\n<strong>Sources de financement:<\/strong> Consortium r\u00e9gional de recherche en \u00e9ducation<\/p>\n<p>2022-2023 :\u00a0Approfondir les r\u00e9cits des femmes ayant v\u00e9cu des situations d&#8217;itin\u00e9rance et de violences dans leurs parcours de vie &#8211; Maternit\u00e9, \u00e9tats d\u00e9pressif et suicide.<br \/>\n<strong>Sources de financement:<\/strong> Fondation de l&#8217;Universit\u00e9 du Qu\u00e9bec \u00e0 Chicoutimi<\/p>\n<p>2022-2023 :\u00a0D\u00e9veloppement d&#8217;un outil num\u00e9rique de mesure des co\u00fbts de la trajectoire des personnes endeuill\u00e9es: Co\u00fbt Deuil. <strong>Sources de financement:<\/strong> Conseil de Recherches en Sciences Humaines du Canada (CRSH) CRSH-Soutien institutionnel<\/p>\n<p>2020-2022 : Cherblanc, J., Bergeron-Leclerc, C., Pouliot, E. et al. Comment int\u00e9grer efficacement le yoga dans les pratiques \u00e9ducatives des \u00e9coles primaires\u00a0: une recherche collaborative. <strong>Source:\u00a0<\/strong>Consortium r\u00e9gional de recherche en \u00e9ducation.<\/p>\n","protected":false},"excerpt":{"rendered":"<p>Subventions en cours Chercheure principale 2024-2029: Cherblanc, J., Bergeron-Leclerc, C. et collaborateurs. Rendre visible les orphelins au Canada: \u00e9tude interdisciplinaire sur la sant\u00e9 et les besoins des jeunes qui ont perdu par d\u00e9c\u00e8s un ou deux de leurs parents.\u00a0Source:\u00a0\u00a0Instituts de recherche en sant\u00e9 du Canada (IRSC). 2024-2026: Bergeron-Leclerc, C., Pouliot, E., Cherblanc, J. et Dumont, &hellip; <a href=\"https:\/\/portfolio.uqac.ca\/christianebergeronleclerc\/recherche\/\" class=\"more-link\">Continuer la lecture de <span class=\"screen-reader-text\">Recherche<\/span>  <span class=\"meta-nav\">&rarr;<\/span><\/a><\/p>\n","protected":false},"author":64,"featured_media":0,"parent":0,"menu_order":0,"comment_status":"closed","ping_status":"closed","template":"","meta":{"footnotes":""},"tags":[],"_links":{"self":[{"href":"https:\/\/portfolio.uqac.ca\/christianebergeronleclerc\/wp-json\/wp\/v2\/pages\/46"}],"collection":[{"href":"https:\/\/portfolio.uqac.ca\/christianebergeronleclerc\/wp-json\/wp\/v2\/pages"}],"about":[{"href":"https:\/\/portfolio.uqac.ca\/christianebergeronleclerc\/wp-json\/wp\/v2\/types\/page"}],"author":[{"embeddable":true,"href":"https:\/\/portfolio.uqac.ca\/christianebergeronleclerc\/wp-json\/wp\/v2\/users\/64"}],"replies":[{"embeddable":true,"href":"https:\/\/portfolio.uqac.ca\/christianebergeronleclerc\/wp-json\/wp\/v2\/comments?post=46"}],"version-history":[{"count":18,"href":"https:\/\/portfolio.uqac.ca\/christianebergeronleclerc\/wp-json\/wp\/v2\/pages\/46\/revisions"}],"predecessor-version":[{"id":364,"href":"https:\/\/portfolio.uqac.ca\/christianebergeronleclerc\/wp-json\/wp\/v2\/pages\/46\/revisions\/364"}],"wp:attachment":[{"href":"https:\/\/portfolio.uqac.ca\/christianebergeronleclerc\/wp-json\/wp\/v2\/media?parent=46"}],"wp:term":[{"taxonomy":"post_tag","embeddable":true,"href":"https:\/\/portfolio.uqac.ca\/christianebergeronleclerc\/wp-json\/wp\/v2\/tags?post=46"}],"curies":[{"name":"wp","href":"https:\/\/api.w.org\/{rel}","templated":true}]}}