{"id":27,"date":"2022-08-04T14:19:53","date_gmt":"2022-08-04T18:19:53","guid":{"rendered":"http:\/\/portfolio-pre.uqac.ca\/gabarit\/?page_id=27"},"modified":"2022-08-05T13:46:17","modified_gmt":"2022-08-05T17:46:17","slug":"curriculum-vitae","status":"publish","type":"page","link":"https:\/\/portfolio.uqac.ca\/christianmercure\/curriculum-vitae\/","title":{"rendered":"Curriculum vitae"},"content":{"rendered":"<h1><strong>Dipl\u00f4mes<\/strong><\/h1>\n<p>Doctorat en \u00e9ducation (mesure et \u00e9valuation), Universit\u00e9 Laval, en cours<\/p>\n<p>Maitrise en \u00e9ducation, Universit\u00e9 du Qu\u00e9bec \u00e0 Chicoutimi, 2009<\/p>\n<p>Baccalaur\u00e9at en plein air et tourisme d\u2019aventure, Universit\u00e9 du Qu\u00e9bec \u00e0 Chicoutimi, 2004<\/p>\n<h1><strong>Autres formations et certifications<\/strong><\/h1>\n<p>Introduction to Emergency Management in Canada (Justice Institute of British Columbia)<\/p>\n<p>Introduction to Emergency Operations Centers (Justice Institute of British Columbia)<\/p>\n<p>Chercheur au sol (Association qu\u00e9b\u00e9coise des b\u00e9n\u00e9voles en recherche et sauvetage)<\/p>\n<p>Secourisme en r\u00e9gions isol\u00e9es \u2013 Premier intervenant (SIRIUSMEDx)<\/p>\n<p>Randonn\u00e9e p\u00e9destre \u2013 Hiking guide (Association canadienne des guides de montagne)<\/p>\n<p>Randonn\u00e9e p\u00e9destre \u2013 Winter travel accreditation (Association canadienne des guides de montagne)<\/p>\n<p>S\u00e9curit\u00e9 en avalanche \u2013 CSA-1 (Avalanche Canada)<\/p>\n<p>Kayak de mer \u2013 Niveau III (Canot Kayak Qu\u00e9bec)<\/p>\n<p>Kayak de mer \u2013 Niveau I (Canadian Recreational\u00a0Canoeing\u00a0Association)<\/p>\n<p>Canot \u2013 Niveau II eau calme (Canot Kayak Qu\u00e9bec)<\/p>\n<p>Canot \u2013 Niveau II eau vive (Canot Kayak Qu\u00e9bec)<\/p>\n<p>Sauvetage en eau vive (Soci\u00e9t\u00e9 de sauvetage)<\/p>\n<p>Sans Trace \u2013 Formateur, moniteur et instructeur (Sans Trace Canada)<\/p>\n<h1><strong>Comit\u00e9s et groupes de travail<\/strong><\/h1>\n<p>Membre du Comit\u00e9 de d\u00e9veloppement et de promotion du plein air (CDPPA) de la Table pour un mode vie physiquement actif (TMVPA) du minist\u00e8re de l\u2019\u00c9ducation (MEQ)<\/p>\n<p>Membre du comit\u00e9 aviseur &#8211; D\u00e9ploiement d\u2019une strat\u00e9gie des b\u00e9n\u00e9fices nature (initiative pilot\u00e9e par la S\u00c9PAQ)<\/p>\n<p>Membre du Groupe de travail du Programme national pour l\u2019encadrement des activit\u00e9s de plein air (PNEAPA) du CDPPA de la TMVPA du MEQ<\/p>\n<p>Membre de l\u2019\u00c9quipe projet plein air (EPPA) du R\u00e9seau pour une intervention psychosociale par le sport et le plein air<\/p>\n<p>Membre du Comit\u00e9 de pilotage du R\u00e9seau pour une intervention psychosociale par le sport et le plein air<\/p>\n","protected":false},"excerpt":{"rendered":"<p>Dipl\u00f4mes Doctorat en \u00e9ducation (mesure et \u00e9valuation), Universit\u00e9 Laval, en cours Maitrise en \u00e9ducation, Universit\u00e9 du Qu\u00e9bec \u00e0 Chicoutimi, 2009 Baccalaur\u00e9at en plein air et tourisme d\u2019aventure, Universit\u00e9 du Qu\u00e9bec \u00e0 Chicoutimi, 2004 Autres formations et certifications Introduction to Emergency Management in Canada (Justice Institute of British Columbia) Introduction to Emergency Operations Centers (Justice Institute &hellip; <a href=\"https:\/\/portfolio.uqac.ca\/christianmercure\/curriculum-vitae\/\" class=\"more-link\">Continuer la lecture de <span class=\"screen-reader-text\">Curriculum vitae<\/span>  <span class=\"meta-nav\">&rarr;<\/span><\/a><\/p>\n","protected":false},"author":89,"featured_media":0,"parent":0,"menu_order":0,"comment_status":"closed","ping_status":"closed","template":"","meta":{"footnotes":""},"tags":[],"_links":{"self":[{"href":"https:\/\/portfolio.uqac.ca\/christianmercure\/wp-json\/wp\/v2\/pages\/27"}],"collection":[{"href":"https:\/\/portfolio.uqac.ca\/christianmercure\/wp-json\/wp\/v2\/pages"}],"about":[{"href":"https:\/\/portfolio.uqac.ca\/christianmercure\/wp-json\/wp\/v2\/types\/page"}],"author":[{"embeddable":true,"href":"https:\/\/portfolio.uqac.ca\/christianmercure\/wp-json\/wp\/v2\/users\/89"}],"replies":[{"embeddable":true,"href":"https:\/\/portfolio.uqac.ca\/christianmercure\/wp-json\/wp\/v2\/comments?post=27"}],"version-history":[{"count":7,"href":"https:\/\/portfolio.uqac.ca\/christianmercure\/wp-json\/wp\/v2\/pages\/27\/revisions"}],"predecessor-version":[{"id":214,"href":"https:\/\/portfolio.uqac.ca\/christianmercure\/wp-json\/wp\/v2\/pages\/27\/revisions\/214"}],"wp:attachment":[{"href":"https:\/\/portfolio.uqac.ca\/christianmercure\/wp-json\/wp\/v2\/media?parent=27"}],"wp:term":[{"taxonomy":"post_tag","embeddable":true,"href":"https:\/\/portfolio.uqac.ca\/christianmercure\/wp-json\/wp\/v2\/tags?post=27"}],"curies":[{"name":"wp","href":"https:\/\/api.w.org\/{rel}","templated":true}]}}