{"id":18,"date":"2012-07-23T20:05:15","date_gmt":"2012-07-23T20:05:15","guid":{"rendered":"http:\/\/portfolio-pre.uqac.ca\/gabarit\/?page_id=18"},"modified":"2024-05-21T14:31:37","modified_gmt":"2024-05-21T18:31:37","slug":"enseignement","status":"publish","type":"page","link":"https:\/\/portfolio.uqac.ca\/christinecouture\/enseignement\/","title":{"rendered":"Enseignement"},"content":{"rendered":"<ul>\n<li>3ESC213: Didactique de la science et de la technologie au primaire I<\/li>\n<li><span style=\"line-height: 1.5\">3ESC223: Didactique de la science et de la technologie au primaire II<\/span><\/li>\n<li>3EEL112: Activit\u00e9 int\u00e9grative 2<\/li>\n<li>3GED100: S\u00e9minaire d&#8217;int\u00e9gration<\/li>\n<li><span style=\"line-height: 1.5\">3MED932: Praticien-chercheur<\/span><\/li>\n<li>3MED839: Sujet sp\u00e9cial &#8211; Mobilisation des perspectives autochtones dans l&#8217;intervention \u00e9ducative<\/li>\n<li><span style=\"line-height: 1.5\">DME 9000: S\u00e9minaire d&#8217;orientation &#8211; Doctorat en \u00e9ducation en association avec l&#8217;UQAM<\/span><\/li>\n<li>DME 9001: S\u00e9minaire synth\u00e8se &#8211; Doctorat en \u00e9ducation en association avec l&#8217;UQAM<\/li>\n<\/ul>\n","protected":false},"excerpt":{"rendered":"<p>3ESC213: Didactique de la science et de la technologie au primaire I 3ESC223: Didactique de la science et de la technologie au primaire II 3EEL112: Activit\u00e9 int\u00e9grative 2 3GED100: S\u00e9minaire d&#8217;int\u00e9gration 3MED932: Praticien-chercheur 3MED839: Sujet sp\u00e9cial &#8211; Mobilisation des perspectives autochtones dans l&#8217;intervention \u00e9ducative DME 9000: S\u00e9minaire d&#8217;orientation &#8211; Doctorat en \u00e9ducation en association avec &hellip; <a href=\"https:\/\/portfolio.uqac.ca\/christinecouture\/enseignement\/\" class=\"more-link\">Continuer la lecture de <span class=\"screen-reader-text\">Enseignement<\/span>  <span class=\"meta-nav\">&rarr;<\/span><\/a><\/p>\n","protected":false},"author":152,"featured_media":0,"parent":0,"menu_order":0,"comment_status":"closed","ping_status":"closed","template":"","meta":{"footnotes":""},"tags":[],"_links":{"self":[{"href":"https:\/\/portfolio.uqac.ca\/christinecouture\/wp-json\/wp\/v2\/pages\/18"}],"collection":[{"href":"https:\/\/portfolio.uqac.ca\/christinecouture\/wp-json\/wp\/v2\/pages"}],"about":[{"href":"https:\/\/portfolio.uqac.ca\/christinecouture\/wp-json\/wp\/v2\/types\/page"}],"author":[{"embeddable":true,"href":"https:\/\/portfolio.uqac.ca\/christinecouture\/wp-json\/wp\/v2\/users\/152"}],"replies":[{"embeddable":true,"href":"https:\/\/portfolio.uqac.ca\/christinecouture\/wp-json\/wp\/v2\/comments?post=18"}],"version-history":[{"count":6,"href":"https:\/\/portfolio.uqac.ca\/christinecouture\/wp-json\/wp\/v2\/pages\/18\/revisions"}],"predecessor-version":[{"id":129,"href":"https:\/\/portfolio.uqac.ca\/christinecouture\/wp-json\/wp\/v2\/pages\/18\/revisions\/129"}],"wp:attachment":[{"href":"https:\/\/portfolio.uqac.ca\/christinecouture\/wp-json\/wp\/v2\/media?parent=18"}],"wp:term":[{"taxonomy":"post_tag","embeddable":true,"href":"https:\/\/portfolio.uqac.ca\/christinecouture\/wp-json\/wp\/v2\/tags?post=18"}],"curies":[{"name":"wp","href":"https:\/\/api.w.org\/{rel}","templated":true}]}}