{"id":27,"date":"2012-07-24T12:57:18","date_gmt":"2012-07-24T12:57:18","guid":{"rendered":"http:\/\/portfolio-pre.uqac.ca\/gabarit\/?page_id=27"},"modified":"2020-05-05T10:52:25","modified_gmt":"2020-05-05T14:52:25","slug":"curriculum-vitae","status":"publish","type":"page","link":"https:\/\/portfolio.uqac.ca\/christinecouture\/curriculum-vitae\/","title":{"rendered":"Curriculum vitae"},"content":{"rendered":"<h2><strong>Dipl\u00f4mes<\/strong><\/h2>\n<p><span style=\"color: #000000\"><b><span lang=\"FR-CA\" style=\"font-family: 'Arial',sans-serif;font-size: 11pt\">Doctorat en \u00e9ducation (2002)\u00a0:<\/span><\/b><span lang=\"FR-CA\" style=\"font-family: 'Arial',sans-serif;font-size: 11pt\"> Approche collaborative, Didactique des sciences. UQAC\/UQAM.<\/span><\/span><\/p>\n<p><span style=\"color: #000000\"><span lang=\"FR-CA\" style=\"font-family: 'Arial',sans-serif;font-size: 11pt\"><span style=\"color: #000000\"><b><span lang=\"FR-CA\" style=\"font-family: 'Arial',sans-serif;font-size: 11pt\">Ma\u00eetrise \u00e8s arts en \u00e9ducation (1991)\u00a0:<\/span><\/b><span lang=\"FR-CA\" style=\"font-family: 'Arial',sans-serif;font-size: 11pt\"> Didactique des sciences de la nature au primaire. UQAC. <\/span><\/span><\/span><\/span><\/p>\n<p><span style=\"color: #000000\"><span lang=\"FR-CA\" style=\"font-family: 'Arial',sans-serif;font-size: 11pt\"><span style=\"color: #000000\"><span lang=\"FR-CA\" style=\"font-family: 'Arial',sans-serif;font-size: 11pt\"><span style=\"color: #000000\"><b><span lang=\"FR-CA\" style=\"font-family: 'Arial',sans-serif;font-size: 11pt\">Baccalaur\u00e9at en enseignement pr\u00e9scolaire et \u00e9l\u00e9mentaire (1987)\u00a0:<\/span><\/b><span lang=\"FR-CA\" style=\"font-family: 'Arial',sans-serif;font-size: 11pt\"> UQAC.<\/span><\/span><\/span><\/span><\/span><\/span><\/p>\n<p align=\"left\">\n<p><span style=\"color: #000000\"><b><span lang=\"FR-CA\" style=\"font-family: 'Arial',sans-serif;font-size: 11pt\">DEC en sciences pures (1983)\u00a0:<\/span><\/b><span lang=\"FR-CA\" style=\"font-family: 'Arial',sans-serif;font-size: 11pt\"> C\u00e9gep de Chicoutimi.<strong><strong><br \/>\n<\/strong><\/strong><\/span><\/span><\/p>\n<p>&nbsp;<\/p>\n<h2><strong><br \/>\n<\/strong><\/h2>\n","protected":false},"excerpt":{"rendered":"<p>Dipl\u00f4mes Doctorat en \u00e9ducation (2002)\u00a0: Approche collaborative, Didactique des sciences. UQAC\/UQAM. Ma\u00eetrise \u00e8s arts en \u00e9ducation (1991)\u00a0: Didactique des sciences de la nature au primaire. UQAC. Baccalaur\u00e9at en enseignement pr\u00e9scolaire et \u00e9l\u00e9mentaire (1987)\u00a0: UQAC. DEC en sciences pures (1983)\u00a0: C\u00e9gep de Chicoutimi. &nbsp;<\/p>\n","protected":false},"author":152,"featured_media":0,"parent":0,"menu_order":0,"comment_status":"closed","ping_status":"closed","template":"","meta":{"footnotes":""},"tags":[],"_links":{"self":[{"href":"https:\/\/portfolio.uqac.ca\/christinecouture\/wp-json\/wp\/v2\/pages\/27"}],"collection":[{"href":"https:\/\/portfolio.uqac.ca\/christinecouture\/wp-json\/wp\/v2\/pages"}],"about":[{"href":"https:\/\/portfolio.uqac.ca\/christinecouture\/wp-json\/wp\/v2\/types\/page"}],"author":[{"embeddable":true,"href":"https:\/\/portfolio.uqac.ca\/christinecouture\/wp-json\/wp\/v2\/users\/152"}],"replies":[{"embeddable":true,"href":"https:\/\/portfolio.uqac.ca\/christinecouture\/wp-json\/wp\/v2\/comments?post=27"}],"version-history":[{"count":6,"href":"https:\/\/portfolio.uqac.ca\/christinecouture\/wp-json\/wp\/v2\/pages\/27\/revisions"}],"predecessor-version":[{"id":113,"href":"https:\/\/portfolio.uqac.ca\/christinecouture\/wp-json\/wp\/v2\/pages\/27\/revisions\/113"}],"wp:attachment":[{"href":"https:\/\/portfolio.uqac.ca\/christinecouture\/wp-json\/wp\/v2\/media?parent=27"}],"wp:term":[{"taxonomy":"post_tag","embeddable":true,"href":"https:\/\/portfolio.uqac.ca\/christinecouture\/wp-json\/wp\/v2\/tags?post=27"}],"curies":[{"name":"wp","href":"https:\/\/api.w.org\/{rel}","templated":true}]}}