{"id":4,"date":"2012-07-23T17:46:31","date_gmt":"2012-07-23T17:46:31","guid":{"rendered":"http:\/\/portfolio-pre.uqac.ca\/gabarit\/?page_id=4"},"modified":"2024-05-10T07:34:24","modified_gmt":"2024-05-10T11:34:24","slug":"presentatio","status":"publish","type":"page","link":"https:\/\/portfolio.uqac.ca\/christinecouture\/","title":{"rendered":"Pr\u00e9sentation"},"content":{"rendered":"<h2>Christine Couture<\/h2>\n<p>Professeur au D\u00e9partement des\u00a0Sciences de l&#8217;\u00c9ducation<br \/>\nDidactique de la science et de la technologie au primaire<\/p>\n<p>Pratiques de s\u00e9curisation culturelle et mobilisation de perspectives autochtones dans l&#8217;enseignement<\/p>\n<h2>Champs d&#8217;int\u00e9r\u00eat<\/h2>\n<p><span lang=\"FR-CA\"><span style=\"color: #000000;font-family: Calibri\">Chercheuse associ\u00e9e au CRIFPE et \u00e0 la CHAIRE UNESCO en transmission culturelle chez les Premiers Peuples, Christine Couture Ph.D. travaille \u00e0 documenter le d\u00e9veloppement de pratiques d\u2019enseignement de science et technologie et de s\u00e9curisation culturelle dans une approche de recherche collaborative. Elle documente des pratiques pour soutenir la pers\u00e9v\u00e9rance et la r\u00e9ussite d\u2019\u00e9l\u00e8ves des Premiers Peuples dans diff\u00e9rents contextes. Elle collabore au projet Petapan du Centre de services scolaire des Rives-du-Saguenay et assure la responsabilit\u00e9 d\u2019un projet d\u2019action concert\u00e9e en s\u00e9curisation culturelle (FRQSC 2020-2024) et d&#8217;un projet in\u00e9dit portant sur la mobilisation de perspectives autochtones dans la formation des enseignants (MES 2024-2025). Elle est membre du comit\u00e9 scientifique du colloque et de la revue de la pers\u00e9v\u00e9rance et de la r\u00e9ussite chez les Premiers Peuples et du conseil p\u00e9dagogique du Centre des Premi\u00e8res Nations\u00a0NIKANITE de l\u2019UQAC.<\/span><\/span><\/p>\n<p>Recherche collaborative, didactique des sciences et technologies au primaire, pratiques de s\u00e9curisation culturelle, mobilisation de perspectives autochtones dans la formation des enseignants<\/p>\n","protected":false},"excerpt":{"rendered":"<p>Christine Couture Professeur au D\u00e9partement des\u00a0Sciences de l&#8217;\u00c9ducation Didactique de la science et de la technologie au primaire Pratiques de s\u00e9curisation culturelle et mobilisation de perspectives autochtones dans l&#8217;enseignement Champs d&#8217;int\u00e9r\u00eat Chercheuse associ\u00e9e au CRIFPE et \u00e0 la CHAIRE UNESCO en transmission culturelle chez les Premiers Peuples, Christine Couture Ph.D. travaille \u00e0 documenter le d\u00e9veloppement &hellip; <a href=\"https:\/\/portfolio.uqac.ca\/christinecouture\/\" class=\"more-link\">Continuer la lecture de <span class=\"screen-reader-text\">Pr\u00e9sentation<\/span>  <span class=\"meta-nav\">&rarr;<\/span><\/a><\/p>\n","protected":false},"author":152,"featured_media":0,"parent":0,"menu_order":0,"comment_status":"closed","ping_status":"closed","template":"","meta":{"footnotes":""},"tags":[],"_links":{"self":[{"href":"https:\/\/portfolio.uqac.ca\/christinecouture\/wp-json\/wp\/v2\/pages\/4"}],"collection":[{"href":"https:\/\/portfolio.uqac.ca\/christinecouture\/wp-json\/wp\/v2\/pages"}],"about":[{"href":"https:\/\/portfolio.uqac.ca\/christinecouture\/wp-json\/wp\/v2\/types\/page"}],"author":[{"embeddable":true,"href":"https:\/\/portfolio.uqac.ca\/christinecouture\/wp-json\/wp\/v2\/users\/152"}],"replies":[{"embeddable":true,"href":"https:\/\/portfolio.uqac.ca\/christinecouture\/wp-json\/wp\/v2\/comments?post=4"}],"version-history":[{"count":16,"href":"https:\/\/portfolio.uqac.ca\/christinecouture\/wp-json\/wp\/v2\/pages\/4\/revisions"}],"predecessor-version":[{"id":95,"href":"https:\/\/portfolio.uqac.ca\/christinecouture\/wp-json\/wp\/v2\/pages\/4\/revisions\/95"}],"wp:attachment":[{"href":"https:\/\/portfolio.uqac.ca\/christinecouture\/wp-json\/wp\/v2\/media?parent=4"}],"wp:term":[{"taxonomy":"post_tag","embeddable":true,"href":"https:\/\/portfolio.uqac.ca\/christinecouture\/wp-json\/wp\/v2\/tags?post=4"}],"curies":[{"name":"wp","href":"https:\/\/api.w.org\/{rel}","templated":true}]}}