{"id":46,"date":"2012-07-24T14:17:13","date_gmt":"2012-07-24T14:17:13","guid":{"rendered":"http:\/\/portfolio-pre.uqac.ca\/gabarit\/?page_id=46"},"modified":"2024-05-10T07:27:24","modified_gmt":"2024-05-10T11:27:24","slug":"recherche","status":"publish","type":"page","link":"https:\/\/portfolio.uqac.ca\/christinecouture\/recherche\/","title":{"rendered":"Recherche"},"content":{"rendered":"<p><strong>Projet in\u00e9dit sur la mobilisation des perspectives autochtones dans la formation des enseignants<\/strong><\/p>\n<p>MES (2024-2025)<\/p>\n<p><strong>Coresponsables\u00a0: <\/strong>Dani\u00e8le Rousselot, CPNN, UQAC, Julie Rock et \u00c9milie H\u00e9bert-Houle, UQTR, Glorya Pellerin et Sammy Kistabish, UQAT<\/p>\n<p><strong>\u00c9tude de pratiques de s\u00e9curisation culturelle d\u00e9velopp\u00e9es conjointement avec des acteurs de milieux \u00e9ducatifs situ\u00e9s au nord du 49<sup>e<\/sup> parall\u00e8le, pour soutenir la pers\u00e9v\u00e9rance scolaire et la r\u00e9ussite \u00e9ducative des \u00e9l\u00e8ves autochtones.<\/strong><\/p>\n<p><strong><strong>FRQSC <\/strong>(Action concert\u00e9e 2020-2024)<\/strong><\/p>\n<p><strong>Responsable\u00a0:<\/strong> Christine Couture, UQAC<\/p>\n<p><strong>Cochercheurs\u00a0:<\/strong>\u00a0Julie Rock, UQTR, Sylvie Pinette, Institut Tshakapesh, Emmanuelle Aurousseau, UQAC, Am\u00e9lie Blanchet Garneau, UdM, Mathieu Cook, UQAC, Jacinthe Dion, UQAC, Catherine Duquette, UQAC, \u00c9lisabeth Jacob, UQAC, \u00c9lisabeth Kaine, UQAC, Lo\u00efc Pulido, UQAC, Anne Marchand, UdM, Jean-Fran\u00e7ois Vachon, BRV<\/p>\n<p><strong>Collaborateurs\u00a0:<\/strong> CPNN\/UQAC, Commission canadienne pour l\u2019UNESCO. Chaire UNESCO en transmission culturelle de l&#8217;UQAC, Chaire UNESCO York University, Bo\u00eete Rouge Vif, Institut Tshakapesh<\/p>\n<p><strong>Projet Petapan: Analyse des pratiques \u00e9ducatives d\u00e9velopp\u00e9es avec des enseignants et des intervenants de la Commission scolaire des Rives-du-Saguenay pour soutenir la r\u00e9ussite des \u00e9l\u00e8ves autochtones. <\/strong><\/p>\n<p><strong>MEES \/ FUQAC (2017-2020)<\/strong><\/p>\n<p><strong>Coresponsables : <\/strong>Christine Couture et Marco Bacon<\/p>\n<p><strong>Cochercheurs\u00a0:<\/strong> Dominic Bizot, Catherine Duquette, \u00c9lisabeth Jacob, Constance Lavoie, Lo\u00efc Pulido<\/p>\n","protected":false},"excerpt":{"rendered":"<p>Projet in\u00e9dit sur la mobilisation des perspectives autochtones dans la formation des enseignants MES (2024-2025) Coresponsables\u00a0: Dani\u00e8le Rousselot, CPNN, UQAC, Julie Rock et \u00c9milie H\u00e9bert-Houle, UQTR, Glorya Pellerin et Sammy Kistabish, UQAT \u00c9tude de pratiques de s\u00e9curisation culturelle d\u00e9velopp\u00e9es conjointement avec des acteurs de milieux \u00e9ducatifs situ\u00e9s au nord du 49e parall\u00e8le, pour soutenir la &hellip; <a href=\"https:\/\/portfolio.uqac.ca\/christinecouture\/recherche\/\" class=\"more-link\">Continuer la lecture de <span class=\"screen-reader-text\">Recherche<\/span>  <span class=\"meta-nav\">&rarr;<\/span><\/a><\/p>\n","protected":false},"author":152,"featured_media":0,"parent":0,"menu_order":0,"comment_status":"closed","ping_status":"closed","template":"","meta":{"footnotes":""},"tags":[],"_links":{"self":[{"href":"https:\/\/portfolio.uqac.ca\/christinecouture\/wp-json\/wp\/v2\/pages\/46"}],"collection":[{"href":"https:\/\/portfolio.uqac.ca\/christinecouture\/wp-json\/wp\/v2\/pages"}],"about":[{"href":"https:\/\/portfolio.uqac.ca\/christinecouture\/wp-json\/wp\/v2\/types\/page"}],"author":[{"embeddable":true,"href":"https:\/\/portfolio.uqac.ca\/christinecouture\/wp-json\/wp\/v2\/users\/152"}],"replies":[{"embeddable":true,"href":"https:\/\/portfolio.uqac.ca\/christinecouture\/wp-json\/wp\/v2\/comments?post=46"}],"version-history":[{"count":7,"href":"https:\/\/portfolio.uqac.ca\/christinecouture\/wp-json\/wp\/v2\/pages\/46\/revisions"}],"predecessor-version":[{"id":126,"href":"https:\/\/portfolio.uqac.ca\/christinecouture\/wp-json\/wp\/v2\/pages\/46\/revisions\/126"}],"wp:attachment":[{"href":"https:\/\/portfolio.uqac.ca\/christinecouture\/wp-json\/wp\/v2\/media?parent=46"}],"wp:term":[{"taxonomy":"post_tag","embeddable":true,"href":"https:\/\/portfolio.uqac.ca\/christinecouture\/wp-json\/wp\/v2\/tags?post=46"}],"curies":[{"name":"wp","href":"https:\/\/api.w.org\/{rel}","templated":true}]}}