{"id":4,"date":"2019-06-12T16:41:15","date_gmt":"2019-06-12T20:41:15","guid":{"rendered":"http:\/\/portfolio-pre.uqac.ca\/gabarit\/?page_id=4"},"modified":"2019-06-13T15:54:06","modified_gmt":"2019-06-13T19:54:06","slug":"presentatio","status":"publish","type":"page","link":"https:\/\/portfolio.uqac.ca\/christophevolat\/","title":{"rendered":"Pr\u00e9sentation"},"content":{"rendered":"<h2>Christophe Volat<\/h2>\n<p>Professeur au d\u00e9partement des sciences appliqu\u00e9es,\u00a0ing., Ph.D.<br \/>\nSenior Member Institute of Electrical and Electronics Engineers IEEE<br \/>\nMembre de l\u2019Ordre des ing\u00e9nieurs du Qu\u00e9bec OIQ<\/p>\n<h2>Domaine<\/h2>\n<ul>\n<li><span style=\"color: #000000; font-family: Arial;\">G\u00e9nie \u00e9lectrique, givrage atmosph\u00e9rique<\/span><\/li>\n<\/ul>\n<h2>Axes de recherche<\/h2>\n<ul>\n<li><span style=\"color: #000000; font-family: Arial;\">Mod\u00e9lisation num\u00e9rique dans le domaine de la haute tension<\/span><\/li>\n<li><span style=\"color: #000000; font-family: Arial;\">Ing\u00e9nierie du givrage atmosph\u00e9rique<\/span><\/li>\n<li><span style=\"color: #000000; font-family: Arial;\">Instrumentation et capteur<\/span><\/li>\n<\/ul>\n<p>&nbsp;<\/p>\n","protected":false},"excerpt":{"rendered":"<p>Christophe Volat Professeur au d\u00e9partement des sciences appliqu\u00e9es,\u00a0ing., Ph.D. Senior Member Institute of Electrical and Electronics Engineers IEEE Membre de l\u2019Ordre des ing\u00e9nieurs du Qu\u00e9bec OIQ Domaine G\u00e9nie \u00e9lectrique, givrage atmosph\u00e9rique Axes de recherche Mod\u00e9lisation num\u00e9rique dans le domaine de la haute tension Ing\u00e9nierie du givrage atmosph\u00e9rique Instrumentation et capteur &nbsp;<\/p>\n","protected":false},"author":89,"featured_media":0,"parent":0,"menu_order":0,"comment_status":"closed","ping_status":"closed","template":"","meta":{"footnotes":""},"tags":[],"_links":{"self":[{"href":"https:\/\/portfolio.uqac.ca\/christophevolat\/wp-json\/wp\/v2\/pages\/4"}],"collection":[{"href":"https:\/\/portfolio.uqac.ca\/christophevolat\/wp-json\/wp\/v2\/pages"}],"about":[{"href":"https:\/\/portfolio.uqac.ca\/christophevolat\/wp-json\/wp\/v2\/types\/page"}],"author":[{"embeddable":true,"href":"https:\/\/portfolio.uqac.ca\/christophevolat\/wp-json\/wp\/v2\/users\/89"}],"replies":[{"embeddable":true,"href":"https:\/\/portfolio.uqac.ca\/christophevolat\/wp-json\/wp\/v2\/comments?post=4"}],"version-history":[{"count":14,"href":"https:\/\/portfolio.uqac.ca\/christophevolat\/wp-json\/wp\/v2\/pages\/4\/revisions"}],"predecessor-version":[{"id":182,"href":"https:\/\/portfolio.uqac.ca\/christophevolat\/wp-json\/wp\/v2\/pages\/4\/revisions\/182"}],"wp:attachment":[{"href":"https:\/\/portfolio.uqac.ca\/christophevolat\/wp-json\/wp\/v2\/media?parent=4"}],"wp:term":[{"taxonomy":"post_tag","embeddable":true,"href":"https:\/\/portfolio.uqac.ca\/christophevolat\/wp-json\/wp\/v2\/tags?post=4"}],"curies":[{"name":"wp","href":"https:\/\/api.w.org\/{rel}","templated":true}]}}