{"id":25,"date":"2019-04-24T14:08:08","date_gmt":"2019-04-24T18:08:08","guid":{"rendered":"http:\/\/portfolio-pre.uqac.ca\/gabarit\/?page_id=25"},"modified":"2023-06-15T15:17:10","modified_gmt":"2023-06-15T19:17:10","slug":"communications","status":"publish","type":"page","link":"https:\/\/portfolio.uqac.ca\/cynthiaharvey\/communications\/","title":{"rendered":"Communications"},"content":{"rendered":"<p>\u00abPetit trait\u00e9 des grandes vertus de l&#8217;enseignement\u00bb, <em>Cinq conseils pour enseigner la litt\u00e9rature francophone du 19<sup>e<\/sup> si\u00e8cle<\/em>, communication pr\u00e9sent\u00e9e au colloque de l\u2019Association canadienne des \u00e9tudes francophones du XIXe si\u00e8cle (ACEF XIXe si\u00e8cle), Universit\u00e9 York, Toronto, mai 2023.<\/p>\n<p class=\"has-text-align-center\" style=\"line-height: 150%;text-align: left\" align=\"center\">\u00abRetrouver Madame de Genlis \u00bb, <em>Enseigner en 2022 la litt\u00e9rature fran\u00e7aise du 19e si\u00e8cle\u00a0: enjeux, pertinence, d\u00e9fis, <\/em>communication pr\u00e9sent\u00e9e au colloque virtuel de l\u2019Association canadienne des \u00e9tudes francophones du XIXe si\u00e8cle (ACEF XIXe si\u00e8cle), mai 2022.<em><br \/>\n<\/em><\/p>\n<p>\u00ab\u00a0De l\u2019esclavage \u00e0 l\u2019ali\u00e9nation: <em>Ourika<\/em> ou l\u2019espoir de la lib\u00e9ration ?\u00a0\u00bb, communication pr\u00e9sent\u00e9e au colloque virtuel de l\u2019Association canadienne des \u00e9tudes francophones du XIXe si\u00e8cle (ACEF XIXe si\u00e8cle), mai 2021.<\/p>\n<p>\u00ab Tu aimeras ce que tu as tu\u00e9 de Kevin Lambert : les racines de la radicalisation \u00bb, au colloque de l\u2019Association des professeur.e.s de fran\u00e7ais des universit\u00e9s et coll\u00e8ges canadiens (l\u2019APFUCC), Universit\u00e9 de Colombie-Britannique,\u00a0 Vancouver,\u00a0 juin 2019.<\/p>\n<p>\u00ab \u00c9volution et illustration de l\u2019altruisme comtien\u00bb,\u00a0\u00a0colloque de l\u2019Association canadienne des \u00e9tudes francophones du XIXe si\u00e8cle (ACEF XIXe si\u00e8cle), Universit\u00e9 de Colombie-Britannique, Vancouver,\u00a0 juin 2019.<\/p>\n<p>\u00ab\u00a0La foule romanesque chez Zola: de l\u2019esth\u00e9tique \u00e0 l\u2019\u00e9thique\u00a0\u00bb, communication pr\u00e9sent\u00e9e au colloque de l\u2019Association canadienne des \u00e9tudes francophones du XIXe si\u00e8cle (ACEF XIXe si\u00e8cle), Universit\u00e9 de R\u00e9gina, mai 2018.<\/p>\n<p>\u00ab\u00a0Les dessous de la table de George Sand\u00a0\u00bb, communication pr\u00e9sent\u00e9e au colloque international <em>Sand et le monde des objets, <\/em>Nohant, France, juin 2017.<\/p>\n<p>\u00ab\u00a0George Sand mat\u00e9rialiste?\u00a0\u00bb, communication pr\u00e9sent\u00e9e au colloque de l\u2019Association canadienne des \u00e9tudes francophones du XIXe si\u00e8cle (ACEF XIXe si\u00e8cle), Universit\u00e9 Ryerson, Toronto, mai 2017.<\/p>\n<p>\u00ab\u00a0Hybridit\u00e9 philosophique dans le roman zolien\u00a0\u00bb, communication pr\u00e9sent\u00e9e au colloque de l\u2019ACEF XIXe si\u00e8cle, Universit\u00e9 de Calgary, mai 2016.<\/p>\n<p>\u00ab\u00a0L\u2019interd\u00e9pendance dans le roman balzacien\u00a0\u00bb, communication pr\u00e9sent\u00e9e au colloque de l\u2019ACEF XIXe si\u00e8cle, Universit\u00e9 d\u2019Ottawa, mai 2015.<\/p>\n<p>\u00ab Pour une lecture \u00e9cologique de Madame Bovary \u00bb, communication pr\u00e9sent\u00e9e au colloque de l\u2019ACEF XIXe si\u00e8cle, dans le cadre du congr\u00e8s des sciences humaines et sociales, Universit\u00e9 Brock, Ste-Catharines, Ontario, mai 2014.<\/p>\n<p>\u00ab\u00a0Baudelaire ou le fantastique moderne\u00a0\u00bb, communication pr\u00e9sent\u00e9e au colloque international <em>Baudelaire et la modernit\u00e9<\/em>, Universit\u00e9 Vanderbilt, Nashville, avril 2013.<\/p>\n<p>\u00ab\u00a0De la mal\u00e9diction \u00e0 la lib\u00e9ration\u00a0: l\u2019exemple de <em>N\u00e9lida<\/em>\u00a0\u00bb, communication pr\u00e9sent\u00e9e au colloque <em>Deux si\u00e8cles de mal\u00e9diction litt\u00e9raire\u00a0:<\/em> <em>transformations, m\u00e9diations et transferts d\u2019un mythe<\/em>, Universit\u00e9 McGill, 13-15 juin 2012.<\/p>\n<p><em>\u00ab\u00a0Indiana <\/em>ou la femme fossilis\u00e9e\u00a0\u00bb, communication pr\u00e9sent\u00e9e au colloque des dix-neuvi\u00e9mistes am\u00e9ricains (NCFS), Salt Lake city, octobre 2009.<\/p>\n<p>\u00ab Les Lettres parisiennes du vicomte de Launay par Madame de Girardin: Jeu de masques ironique \u00bb, communication pr\u00e9sent\u00e9e dans le cadre du colloque de l\u2019ACEF XIXe si\u00e8cle, Vancouver, juin 2008.<\/p>\n<p>\u00ab L\u2019enthousiasme de St\u00e9phanie de Genlis \u00bb, communication pr\u00e9sent\u00e9e dans le cadre du colloque international <em>Women in French<\/em>, Dallas, avril 2008.<\/p>\n<p>\u00ab La fin de la joie ou l\u2019\u00e9chec provisoire d\u2019une libre pens\u00e9e? \u00bb, communication pr\u00e9sent\u00e9e dans le cadre du colloque organis\u00e9 par la Chaire de recherche de l\u2019UQAC sur le roman moderne, novembre 2007.<\/p>\n<p>\u00ab Le Roman de la momie ou le jeu avec les contraintes du feuilleton \u00bb, communication pr\u00e9sent\u00e9e dans le cadre du colloque international <em>Th\u00e9ophile Gautier et le cothurne \u00e9troit<\/em> organis\u00e9 par la Soci\u00e9t\u00e9 Th\u00e9ophile Gautier et le Centre d\u2019\u00e9tudes romantiques et dix-neuvi\u00e9mistes, Universit\u00e9 Paul-Val\u00e9ry, Montpellier, juin 2007.<\/p>\n<p>\u00ab D\u00e9couvertes scientifiques : source intarissable pour le fantastique? \u00bb, communication pr\u00e9sent\u00e9e au 32e colloque annuel du NCFS intitul\u00e9 <em>Discoveries, Inventions, and Rediscoveries<\/em>, University of Indiana, octobre 2006.<\/p>\n<p>\u00ab Portrait de l\u2019artiste en bouffon \u00bb, communication pr\u00e9sent\u00e9e dans le cadre du colloque international <em>Images \u00ab auto \u00bb biographiques<\/em>, organis\u00e9 par M. Robert Dion et M. Mahigan Lepage, Universit\u00e9 McGill, mai 2006.<\/p>\n<p>\u00ab &#8220;Le Ch\u00e2teau de la mis\u00e8re&#8221; : d\u00e9combres ou vestige? \u00bb, communication pr\u00e9sent\u00e9e au colloque pluridisciplinaire <em>L\u2019imaginaire des ruines<\/em> organis\u00e9 par le Centre de recherche sur le texte et l\u2019imaginaire Figura, UQAM, avril 2006.<\/p>\n<p>&nbsp;<\/p>\n<p>&nbsp;<\/p>\n","protected":false},"excerpt":{"rendered":"<p>\u00abPetit trait\u00e9 des grandes vertus de l&#8217;enseignement\u00bb, Cinq conseils pour enseigner la litt\u00e9rature francophone du 19e si\u00e8cle, communication pr\u00e9sent\u00e9e au colloque de l\u2019Association canadienne des \u00e9tudes francophones du XIXe si\u00e8cle (ACEF XIXe si\u00e8cle), Universit\u00e9 York, Toronto, mai 2023. \u00abRetrouver Madame de Genlis \u00bb, Enseigner en 2022 la litt\u00e9rature fran\u00e7aise du 19e si\u00e8cle\u00a0: enjeux, pertinence, d\u00e9fis, &hellip; <a href=\"https:\/\/portfolio.uqac.ca\/cynthiaharvey\/communications\/\" class=\"more-link\">Continuer la lecture de <span class=\"screen-reader-text\">Communications<\/span>  <span class=\"meta-nav\">&rarr;<\/span><\/a><\/p>\n","protected":false},"author":89,"featured_media":0,"parent":0,"menu_order":0,"comment_status":"closed","ping_status":"closed","template":"","meta":{"footnotes":""},"tags":[],"_links":{"self":[{"href":"https:\/\/portfolio.uqac.ca\/cynthiaharvey\/wp-json\/wp\/v2\/pages\/25"}],"collection":[{"href":"https:\/\/portfolio.uqac.ca\/cynthiaharvey\/wp-json\/wp\/v2\/pages"}],"about":[{"href":"https:\/\/portfolio.uqac.ca\/cynthiaharvey\/wp-json\/wp\/v2\/types\/page"}],"author":[{"embeddable":true,"href":"https:\/\/portfolio.uqac.ca\/cynthiaharvey\/wp-json\/wp\/v2\/users\/89"}],"replies":[{"embeddable":true,"href":"https:\/\/portfolio.uqac.ca\/cynthiaharvey\/wp-json\/wp\/v2\/comments?post=25"}],"version-history":[{"count":14,"href":"https:\/\/portfolio.uqac.ca\/cynthiaharvey\/wp-json\/wp\/v2\/pages\/25\/revisions"}],"predecessor-version":[{"id":309,"href":"https:\/\/portfolio.uqac.ca\/cynthiaharvey\/wp-json\/wp\/v2\/pages\/25\/revisions\/309"}],"wp:attachment":[{"href":"https:\/\/portfolio.uqac.ca\/cynthiaharvey\/wp-json\/wp\/v2\/media?parent=25"}],"wp:term":[{"taxonomy":"post_tag","embeddable":true,"href":"https:\/\/portfolio.uqac.ca\/cynthiaharvey\/wp-json\/wp\/v2\/tags?post=25"}],"curies":[{"name":"wp","href":"https:\/\/api.w.org\/{rel}","templated":true}]}}