{"id":4,"date":"2019-04-24T14:08:08","date_gmt":"2019-04-24T18:08:08","guid":{"rendered":"http:\/\/portfolio-pre.uqac.ca\/gabarit\/?page_id=4"},"modified":"2022-09-07T09:36:33","modified_gmt":"2022-09-07T13:36:33","slug":"presentatio","status":"publish","type":"page","link":"https:\/\/portfolio.uqac.ca\/cynthiaharvey\/","title":{"rendered":"Pr\u00e9sentation"},"content":{"rendered":"<h2>Cynthia Harvey<\/h2>\n<p>Professeure au d\u00e9partement des\u00a0arts, des lettres et du langage<\/p>\n<h2><strong>Enseignement<\/strong><\/h2>\n<ul>\n<li>7LIT215 <em>Litt\u00e9rature fran\u00e7aise du XIXe si\u00e8cle <\/em>(hiver)<\/li>\n<li><em>7LIT225 Litt\u00e9rature et sociologie\u00a0<\/em>(automne, aux 2 ans)<\/li>\n<li><em>7LIT105 Litt\u00e9rature jeunesse<\/em>\u00a0(hiver, aux 2 ans)<\/li>\n<li><em>7LIT201 Litt\u00e9rature et formes artistiques\u00a0<\/em>(automne, aux 2 ans)<\/li>\n<li><em>7LIT110 Litt\u00e9rature qu\u00e9b\u00e9coise de 1840 \u00e0 1960 <\/em>(automne, aux 2 ans)<\/li>\n<li><em>7LIT250 Litt\u00e9rature du Saguenay\u2013Lac-Saint-Jean <\/em>(hiver, aux 2 ans)<\/li>\n<\/ul>\n<h2>Champs d&#8217;int\u00e9r\u00eat<\/h2>\n<ul>\n<li>Litt\u00e9rature fran\u00e7aise du XIXe si\u00e8cle<\/li>\n<li>Litt\u00e9rature du Saguenay-Lac-Saint-Jean<\/li>\n<li>Sociologie du texte<\/li>\n<li>Litt\u00e9rature jeunesse<\/li>\n<li>Litt\u00e9rature et formes artistiques<\/li>\n<\/ul>\n<h2>Galerie de souvenirs litt\u00e9raires<\/h2>\n<div id='gallery-1' class='gallery galleryid-4 gallery-columns-3 gallery-size-thumbnail'><figure class='gallery-item'>\n\t\t\t<div class='gallery-icon landscape'>\n\t\t\t\t<a href='https:\/\/portfolio.uqac.ca\/cynthiaharvey\/presentatio\/salon-du-livre-2017c\/'><img loading=\"lazy\" decoding=\"async\" width=\"150\" height=\"150\" src=\"https:\/\/portfolio.uqac.ca\/cynthiaharvey\/files\/2019\/04\/Salon-du-livre-2017c-150x150.jpg\" class=\"attachment-thumbnail size-thumbnail\" alt=\"\" aria-describedby=\"gallery-1-213\" \/><\/a>\n\t\t\t<\/div>\n\t\t\t\t<figcaption class='wp-caption-text gallery-caption' id='gallery-1-213'>\n\t\t\t\tAvec l&#8217;\u00e9crivaine Danielle Dub\u00e9 \n\t\t\t\t<\/figcaption><\/figure><figure class='gallery-item'>\n\t\t\t<div class='gallery-icon landscape'>\n\t\t\t\t<a href='https:\/\/portfolio.uqac.ca\/cynthiaharvey\/presentatio\/damase-potvin-2015\/'><img loading=\"lazy\" decoding=\"async\" width=\"150\" height=\"150\" src=\"https:\/\/portfolio.uqac.ca\/cynthiaharvey\/files\/2019\/04\/Damase-Potvin-2015-150x150.jpg\" class=\"attachment-thumbnail size-thumbnail\" alt=\"\" aria-describedby=\"gallery-1-212\" \/><\/a>\n\t\t\t<\/div>\n\t\t\t\t<figcaption class='wp-caption-text gallery-caption' id='gallery-1-212'>\n\t\t\t\tAvec la gagnante Marie-Andr\u00e9e Gill\n\t\t\t\t<\/figcaption><\/figure><figure class='gallery-item'>\n\t\t\t<div class='gallery-icon landscape'>\n\t\t\t\t<a href='https:\/\/portfolio.uqac.ca\/cynthiaharvey\/presentatio\/prix-litteraire-damase-potvin-2017\/'><img loading=\"lazy\" decoding=\"async\" width=\"150\" height=\"150\" src=\"https:\/\/portfolio.uqac.ca\/cynthiaharvey\/files\/2019\/04\/Prix-litt\u00e9raire-Damase-Potvin-2017-150x150.jpg\" class=\"attachment-thumbnail size-thumbnail\" alt=\"\" \/><\/a>\n\t\t\t<\/div><\/figure><figure class='gallery-item'>\n\t\t\t<div class='gallery-icon landscape'>\n\t\t\t\t<a href='https:\/\/portfolio.uqac.ca\/cynthiaharvey\/presentatio\/lancement-damase-potvin-2017-genevieve-pettersen\/'><img loading=\"lazy\" decoding=\"async\" width=\"150\" height=\"150\" src=\"https:\/\/portfolio.uqac.ca\/cynthiaharvey\/files\/2019\/04\/Lancement-Damase-Potvin-2017-Genevi\u00e8ve-Pettersen-150x150.jpg\" class=\"attachment-thumbnail size-thumbnail\" alt=\"\" aria-describedby=\"gallery-1-209\" \/><\/a>\n\t\t\t<\/div>\n\t\t\t\t<figcaption class='wp-caption-text gallery-caption' id='gallery-1-209'>\n\t\t\t\tAvec l&#8217;\u00e9crivaine Genevi\u00e8ve Pettersen \n\t\t\t\t<\/figcaption><\/figure><figure class='gallery-item'>\n\t\t\t<div class='gallery-icon landscape'>\n\t\t\t\t<a href='https:\/\/portfolio.uqac.ca\/cynthiaharvey\/presentatio\/lancement-nuit-blanche-2018\/'><img loading=\"lazy\" decoding=\"async\" width=\"150\" height=\"150\" src=\"https:\/\/portfolio.uqac.ca\/cynthiaharvey\/files\/2019\/04\/Lancement-Nuit-blanche-2018-150x150.jpg\" class=\"attachment-thumbnail size-thumbnail\" alt=\"\" \/><\/a>\n\t\t\t<\/div><\/figure><figure class='gallery-item'>\n\t\t\t<div class='gallery-icon landscape'>\n\t\t\t\t<a href='https:\/\/portfolio.uqac.ca\/cynthiaharvey\/presentatio\/entretien-avec-jean-desy-2018\/'><img loading=\"lazy\" decoding=\"async\" width=\"150\" height=\"150\" src=\"https:\/\/portfolio.uqac.ca\/cynthiaharvey\/files\/2019\/04\/Entretien-avec-Jean-D\u00e9sy-2018-150x150.jpg\" class=\"attachment-thumbnail size-thumbnail\" alt=\"\" \/><\/a>\n\t\t\t<\/div><\/figure>\n\t\t<\/div>\n\n","protected":false},"excerpt":{"rendered":"<p>Cynthia Harvey Professeure au d\u00e9partement des\u00a0arts, des lettres et du langage Enseignement 7LIT215 Litt\u00e9rature fran\u00e7aise du XIXe si\u00e8cle (hiver) 7LIT225 Litt\u00e9rature et sociologie\u00a0(automne, aux 2 ans) 7LIT105 Litt\u00e9rature jeunesse\u00a0(hiver, aux 2 ans) 7LIT201 Litt\u00e9rature et formes artistiques\u00a0(automne, aux 2 ans) 7LIT110 Litt\u00e9rature qu\u00e9b\u00e9coise de 1840 \u00e0 1960 (automne, aux 2 ans) 7LIT250 Litt\u00e9rature du Saguenay\u2013Lac-Saint-Jean &hellip; <a href=\"https:\/\/portfolio.uqac.ca\/cynthiaharvey\/\" class=\"more-link\">Continuer la lecture de <span class=\"screen-reader-text\">Pr\u00e9sentation<\/span>  <span class=\"meta-nav\">&rarr;<\/span><\/a><\/p>\n","protected":false},"author":89,"featured_media":0,"parent":0,"menu_order":0,"comment_status":"closed","ping_status":"closed","template":"","meta":{"footnotes":""},"tags":[],"_links":{"self":[{"href":"https:\/\/portfolio.uqac.ca\/cynthiaharvey\/wp-json\/wp\/v2\/pages\/4"}],"collection":[{"href":"https:\/\/portfolio.uqac.ca\/cynthiaharvey\/wp-json\/wp\/v2\/pages"}],"about":[{"href":"https:\/\/portfolio.uqac.ca\/cynthiaharvey\/wp-json\/wp\/v2\/types\/page"}],"author":[{"embeddable":true,"href":"https:\/\/portfolio.uqac.ca\/cynthiaharvey\/wp-json\/wp\/v2\/users\/89"}],"replies":[{"embeddable":true,"href":"https:\/\/portfolio.uqac.ca\/cynthiaharvey\/wp-json\/wp\/v2\/comments?post=4"}],"version-history":[{"count":32,"href":"https:\/\/portfolio.uqac.ca\/cynthiaharvey\/wp-json\/wp\/v2\/pages\/4\/revisions"}],"predecessor-version":[{"id":299,"href":"https:\/\/portfolio.uqac.ca\/cynthiaharvey\/wp-json\/wp\/v2\/pages\/4\/revisions\/299"}],"wp:attachment":[{"href":"https:\/\/portfolio.uqac.ca\/cynthiaharvey\/wp-json\/wp\/v2\/media?parent=4"}],"wp:term":[{"taxonomy":"post_tag","embeddable":true,"href":"https:\/\/portfolio.uqac.ca\/cynthiaharvey\/wp-json\/wp\/v2\/tags?post=4"}],"curies":[{"name":"wp","href":"https:\/\/api.w.org\/{rel}","templated":true}]}}