{"id":46,"date":"2019-04-24T14:08:08","date_gmt":"2019-04-24T18:08:08","guid":{"rendered":"http:\/\/portfolio-pre.uqac.ca\/gabarit\/?page_id=46"},"modified":"2023-06-15T15:11:26","modified_gmt":"2023-06-15T19:11:26","slug":"recherche","status":"publish","type":"page","link":"https:\/\/portfolio.uqac.ca\/cynthiaharvey\/recherche\/","title":{"rendered":"Recherche"},"content":{"rendered":"<p>Imaginaire du territoire dans la litt\u00e9rature du Saguenay-Lac-Saint-Jean ( CRSH 2021-2022; &#8220;Savoir&#8221;, 2022-2025)<\/p>\n<p>Litt\u00e9rature et altruisme (2016-2019)<\/p>\n<p>Litt\u00e9rature du XIXe si\u00e8cle et bouddhisme (2014-2015)<\/p>\n<p>Bicentenaire de Th\u00e9ophile Gautier (2010-2011)<\/p>\n<p>Les femmes dans la litt\u00e9rature fran\u00e7aise du XIXe si\u00e8cle (FRQSC 2007-2010)<\/p>\n<p>&nbsp;<\/p>\n<p>&nbsp;<\/p>\n<p>&nbsp;<\/p>\n<p>&nbsp;<\/p>\n<p>&nbsp;<\/p>\n<p>&nbsp;<\/p>\n<p>&nbsp;<\/p>\n","protected":false},"excerpt":{"rendered":"<p>Imaginaire du territoire dans la litt\u00e9rature du Saguenay-Lac-Saint-Jean ( CRSH 2021-2022; &#8220;Savoir&#8221;, 2022-2025) Litt\u00e9rature et altruisme (2016-2019) Litt\u00e9rature du XIXe si\u00e8cle et bouddhisme (2014-2015) Bicentenaire de Th\u00e9ophile Gautier (2010-2011) Les femmes dans la litt\u00e9rature fran\u00e7aise du XIXe si\u00e8cle (FRQSC 2007-2010) &nbsp; &nbsp; &nbsp; &nbsp; &nbsp; &nbsp; &nbsp;<\/p>\n","protected":false},"author":89,"featured_media":0,"parent":0,"menu_order":0,"comment_status":"closed","ping_status":"closed","template":"","meta":{"footnotes":""},"tags":[],"_links":{"self":[{"href":"https:\/\/portfolio.uqac.ca\/cynthiaharvey\/wp-json\/wp\/v2\/pages\/46"}],"collection":[{"href":"https:\/\/portfolio.uqac.ca\/cynthiaharvey\/wp-json\/wp\/v2\/pages"}],"about":[{"href":"https:\/\/portfolio.uqac.ca\/cynthiaharvey\/wp-json\/wp\/v2\/types\/page"}],"author":[{"embeddable":true,"href":"https:\/\/portfolio.uqac.ca\/cynthiaharvey\/wp-json\/wp\/v2\/users\/89"}],"replies":[{"embeddable":true,"href":"https:\/\/portfolio.uqac.ca\/cynthiaharvey\/wp-json\/wp\/v2\/comments?post=46"}],"version-history":[{"count":13,"href":"https:\/\/portfolio.uqac.ca\/cynthiaharvey\/wp-json\/wp\/v2\/pages\/46\/revisions"}],"predecessor-version":[{"id":308,"href":"https:\/\/portfolio.uqac.ca\/cynthiaharvey\/wp-json\/wp\/v2\/pages\/46\/revisions\/308"}],"wp:attachment":[{"href":"https:\/\/portfolio.uqac.ca\/cynthiaharvey\/wp-json\/wp\/v2\/media?parent=46"}],"wp:term":[{"taxonomy":"post_tag","embeddable":true,"href":"https:\/\/portfolio.uqac.ca\/cynthiaharvey\/wp-json\/wp\/v2\/tags?post=46"}],"curies":[{"name":"wp","href":"https:\/\/api.w.org\/{rel}","templated":true}]}}