{"id":199,"date":"2024-03-25T23:57:52","date_gmt":"2024-03-26T03:57:52","guid":{"rendered":"http:\/\/portfolio-pre.uqac.ca\/damienbrun\/?page_id=199"},"modified":"2025-11-30T16:51:53","modified_gmt":"2025-11-30T21:51:53","slug":"materiel","status":"publish","type":"page","link":"https:\/\/portfolio.uqac.ca\/damienbrun\/materiel\/","title":{"rendered":"Mat\u00e9riel"},"content":{"rendered":"<p><span class=\"ILfuVd\" lang=\"fr\"><span class=\"hgKElc\">Ensemble d&#8217;\u00e9<\/span><\/span>quipements et outils disponibles pour la communaut\u00e9 universitaire.<\/p>\n<h2>Impression 3D<\/h2>\n<ul>\n<li>Imprimante \u00e0 r\u00e9sine Elegoo Mars 4 Ultra<\/li>\n<li>Station de lavage et durcissement (UV) Mercury XS<\/li>\n<li>Imprimate \u00e0 filament Prusa MK4<br \/>\n<em>(\u00e9quipement mutualis\u00e9 avec <a href=\"https:\/\/portfolio.uqac.ca\/hamdibenabdessalem\/\">Hamdi Ben Abdessalem<\/a> et <a href=\"https:\/\/portfolio.uqac.ca\/pascalfortin\/\">Pascal Fortin<\/a>)<\/em><\/li>\n<\/ul>\n<h2>Soudure (\u00e9lectronique)<\/h2>\n<ul>\n<li>Kit (tapis en silicone, plaque magn\u00e9tique, lampe-loupe) SainSmart<\/li>\n<\/ul>\n<h2>Vid\u00e9ographie<\/h2>\n<ul>\n<li>GoPro Hero12 et ensemble d&#8217;accessoires<br \/>\n<em>(\u00e9quipement mutualis\u00e9 avec <a href=\"https:\/\/portfolio.uqac.ca\/pascalfortin\/\">Pascal Fortin<\/a>)<\/em><\/li>\n<\/ul>\n","protected":false},"excerpt":{"rendered":"<p>Ensemble d&#8217;\u00e9quipements et outils disponibles pour la communaut\u00e9 universitaire. Impression 3D Imprimante \u00e0 r\u00e9sine Elegoo Mars 4 Ultra Station de lavage et durcissement (UV) Mercury XS Imprimate \u00e0 filament Prusa MK4 (\u00e9quipement mutualis\u00e9 avec Hamdi Ben Abdessalem et Pascal Fortin) Soudure (\u00e9lectronique) Kit (tapis en silicone, plaque magn\u00e9tique, lampe-loupe) SainSmart Vid\u00e9ographie GoPro Hero12 et ensemble &hellip; <a href=\"https:\/\/portfolio.uqac.ca\/damienbrun\/materiel\/\" class=\"more-link\">Continuer la lecture de <span class=\"screen-reader-text\">Mat\u00e9riel<\/span>  <span class=\"meta-nav\">&rarr;<\/span><\/a><\/p>\n","protected":false},"author":374,"featured_media":0,"parent":0,"menu_order":0,"comment_status":"closed","ping_status":"closed","template":"","meta":{"footnotes":""},"tags":[],"_links":{"self":[{"href":"https:\/\/portfolio.uqac.ca\/damienbrun\/wp-json\/wp\/v2\/pages\/199"}],"collection":[{"href":"https:\/\/portfolio.uqac.ca\/damienbrun\/wp-json\/wp\/v2\/pages"}],"about":[{"href":"https:\/\/portfolio.uqac.ca\/damienbrun\/wp-json\/wp\/v2\/types\/page"}],"author":[{"embeddable":true,"href":"https:\/\/portfolio.uqac.ca\/damienbrun\/wp-json\/wp\/v2\/users\/374"}],"replies":[{"embeddable":true,"href":"https:\/\/portfolio.uqac.ca\/damienbrun\/wp-json\/wp\/v2\/comments?post=199"}],"version-history":[{"count":10,"href":"https:\/\/portfolio.uqac.ca\/damienbrun\/wp-json\/wp\/v2\/pages\/199\/revisions"}],"predecessor-version":[{"id":234,"href":"https:\/\/portfolio.uqac.ca\/damienbrun\/wp-json\/wp\/v2\/pages\/199\/revisions\/234"}],"wp:attachment":[{"href":"https:\/\/portfolio.uqac.ca\/damienbrun\/wp-json\/wp\/v2\/media?parent=199"}],"wp:term":[{"taxonomy":"post_tag","embeddable":true,"href":"https:\/\/portfolio.uqac.ca\/damienbrun\/wp-json\/wp\/v2\/tags?post=199"}],"curies":[{"name":"wp","href":"https:\/\/api.w.org\/{rel}","templated":true}]}}