{"id":27,"date":"2023-09-06T11:08:39","date_gmt":"2023-09-06T15:08:39","guid":{"rendered":"http:\/\/portfolio-pre.uqac.ca\/gabarit\/?page_id=27"},"modified":"2025-11-30T16:54:40","modified_gmt":"2025-11-30T21:54:40","slug":"curriculum-vitae","status":"publish","type":"page","link":"https:\/\/portfolio.uqac.ca\/damienbrun\/curriculum-vitae\/","title":{"rendered":"Curriculum vitae"},"content":{"rendered":"<h2>Exp\u00e9riences acad\u00e9miques<\/h2>\n<ul>\n<li><strong>Professeur r\u00e9gulier en informatique<\/strong><br \/>\nDepuis 2023, Universit\u00e9 du Qu\u00e9bec \u00e0 Chicoutimi (Saguenay, Canada)<\/li>\n<li><strong>Postdoctorat en interaction humain-machine<\/strong><br \/>\n2020-2022, Universit\u00e9 de Laponie (Rovaniemi, Finlande)<\/li>\n<li><strong>Charg\u00e9 de cours en prototypage<\/strong><br \/>\n2020-2023, T\u00e9l\u00e9com Paris (Paris, France)<\/li>\n<li><strong>S\u00e9jour doctoral<\/strong><br \/>\n2018, Institut Interdisciplinaire de l&#8217;Innovation (Paris, France)<\/li>\n<\/ul>\n<h2><strong>\u00c9tudes et dipl\u00f4mes<\/strong><\/h2>\n<ul>\n<li><strong>Doctorat en informatique cognitive<\/strong><br \/>\n2015-2020, Universit\u00e9 TELUQ \/ UQAM (Montr\u00e9al, Canada) et Le Mans Universit\u00e9 (Laval, France)<\/li>\n<li><strong>\u00c9cole d&#8217;\u00e9t\u00e9 sur les interactions computationelles<\/strong> (2018)<br \/>\n2018, Universit\u00e9 de Cambridge (Cambridge, Angleterre)<\/li>\n<li><strong>\u00c9cole d&#8217;\u00e9t\u00e9 sur le raisonnement<\/strong> (2016)<br \/>\n2016, Institut des Sciences Cognitives (Montr\u00e9al, Canada)<\/li>\n<li><strong>Mast\u00e8re ing\u00e9nierie des applications mobiles et syst\u00e8mes embarqu\u00e9s<\/strong><br \/>\n2013-2015, \u00c9cole Sup\u00e9rieure de G\u00e9nie Informatique (Paris, France)<\/li>\n<li><strong>Licence professionnelle en syst\u00e8mes informatiques et logiciels <\/strong><br \/>\n2012-2013, Institut Universitaire de Technologie de Valence (Valence, France)<\/li>\n<li><strong>Licence professionnelle en management des organisations <\/strong><br \/>\n2011-2012, Institut Universitaire de Technologie de Valence (Valence, France)<\/li>\n<\/ul>\n","protected":false},"excerpt":{"rendered":"<p>Exp\u00e9riences acad\u00e9miques Professeur r\u00e9gulier en informatique Depuis 2023, Universit\u00e9 du Qu\u00e9bec \u00e0 Chicoutimi (Saguenay, Canada) Postdoctorat en interaction humain-machine 2020-2022, Universit\u00e9 de Laponie (Rovaniemi, Finlande) Charg\u00e9 de cours en prototypage 2020-2023, T\u00e9l\u00e9com Paris (Paris, France) S\u00e9jour doctoral 2018, Institut Interdisciplinaire de l&#8217;Innovation (Paris, France) \u00c9tudes et dipl\u00f4mes Doctorat en informatique cognitive 2015-2020, Universit\u00e9 TELUQ \/ &hellip; <a href=\"https:\/\/portfolio.uqac.ca\/damienbrun\/curriculum-vitae\/\" class=\"more-link\">Continuer la lecture de <span class=\"screen-reader-text\">Curriculum vitae<\/span>  <span class=\"meta-nav\">&rarr;<\/span><\/a><\/p>\n","protected":false},"author":89,"featured_media":0,"parent":0,"menu_order":0,"comment_status":"closed","ping_status":"closed","template":"","meta":{"footnotes":""},"tags":[],"_links":{"self":[{"href":"https:\/\/portfolio.uqac.ca\/damienbrun\/wp-json\/wp\/v2\/pages\/27"}],"collection":[{"href":"https:\/\/portfolio.uqac.ca\/damienbrun\/wp-json\/wp\/v2\/pages"}],"about":[{"href":"https:\/\/portfolio.uqac.ca\/damienbrun\/wp-json\/wp\/v2\/types\/page"}],"author":[{"embeddable":true,"href":"https:\/\/portfolio.uqac.ca\/damienbrun\/wp-json\/wp\/v2\/users\/89"}],"replies":[{"embeddable":true,"href":"https:\/\/portfolio.uqac.ca\/damienbrun\/wp-json\/wp\/v2\/comments?post=27"}],"version-history":[{"count":10,"href":"https:\/\/portfolio.uqac.ca\/damienbrun\/wp-json\/wp\/v2\/pages\/27\/revisions"}],"predecessor-version":[{"id":236,"href":"https:\/\/portfolio.uqac.ca\/damienbrun\/wp-json\/wp\/v2\/pages\/27\/revisions\/236"}],"wp:attachment":[{"href":"https:\/\/portfolio.uqac.ca\/damienbrun\/wp-json\/wp\/v2\/media?parent=27"}],"wp:term":[{"taxonomy":"post_tag","embeddable":true,"href":"https:\/\/portfolio.uqac.ca\/damienbrun\/wp-json\/wp\/v2\/tags?post=27"}],"curies":[{"name":"wp","href":"https:\/\/api.w.org\/{rel}","templated":true}]}}