{"id":4,"date":"2023-09-06T11:08:39","date_gmt":"2023-09-06T15:08:39","guid":{"rendered":"http:\/\/portfolio-pre.uqac.ca\/gabarit\/?page_id=4"},"modified":"2026-01-31T19:59:56","modified_gmt":"2026-02-01T00:59:56","slug":"presentatio","status":"publish","type":"page","link":"https:\/\/portfolio.uqac.ca\/damienbrun\/","title":{"rendered":"Pr\u00e9sentation"},"content":{"rendered":"<h2>Damien Brun<\/h2>\n<p>Professeur au d\u00e9partement d&#8217;informatique et de math\u00e9matique<\/p>\n<h2>Champs d&#8217;int\u00e9r\u00eat<\/h2>\n<ul>\n<li>Interaction personne-machine<\/li>\n<li>Informatique spatiale (r\u00e9alit\u00e9 augment\u00e9e, mixte, virtuelle)<\/li>\n<li>Informatique mobile et port\u00e9e<\/li>\n<li>Technologies Web<\/li>\n<li>Saisie de texte<\/li>\n<li>Prototypage<\/li>\n<\/ul>\n","protected":false},"excerpt":{"rendered":"<p>Damien Brun Professeur au d\u00e9partement d&#8217;informatique et de math\u00e9matique Champs d&#8217;int\u00e9r\u00eat Interaction personne-machine Informatique spatiale (r\u00e9alit\u00e9 augment\u00e9e, mixte, virtuelle) Informatique mobile et port\u00e9e Technologies Web Saisie de texte Prototypage<\/p>\n","protected":false},"author":89,"featured_media":0,"parent":0,"menu_order":0,"comment_status":"closed","ping_status":"closed","template":"","meta":{"footnotes":""},"tags":[],"_links":{"self":[{"href":"https:\/\/portfolio.uqac.ca\/damienbrun\/wp-json\/wp\/v2\/pages\/4"}],"collection":[{"href":"https:\/\/portfolio.uqac.ca\/damienbrun\/wp-json\/wp\/v2\/pages"}],"about":[{"href":"https:\/\/portfolio.uqac.ca\/damienbrun\/wp-json\/wp\/v2\/types\/page"}],"author":[{"embeddable":true,"href":"https:\/\/portfolio.uqac.ca\/damienbrun\/wp-json\/wp\/v2\/users\/89"}],"replies":[{"embeddable":true,"href":"https:\/\/portfolio.uqac.ca\/damienbrun\/wp-json\/wp\/v2\/comments?post=4"}],"version-history":[{"count":17,"href":"https:\/\/portfolio.uqac.ca\/damienbrun\/wp-json\/wp\/v2\/pages\/4\/revisions"}],"predecessor-version":[{"id":238,"href":"https:\/\/portfolio.uqac.ca\/damienbrun\/wp-json\/wp\/v2\/pages\/4\/revisions\/238"}],"wp:attachment":[{"href":"https:\/\/portfolio.uqac.ca\/damienbrun\/wp-json\/wp\/v2\/media?parent=4"}],"wp:term":[{"taxonomy":"post_tag","embeddable":true,"href":"https:\/\/portfolio.uqac.ca\/damienbrun\/wp-json\/wp\/v2\/tags?post=4"}],"curies":[{"name":"wp","href":"https:\/\/api.w.org\/{rel}","templated":true}]}}