{"id":46,"date":"2023-09-06T11:08:39","date_gmt":"2023-09-06T15:08:39","guid":{"rendered":"http:\/\/portfolio-pre.uqac.ca\/gabarit\/?page_id=46"},"modified":"2026-01-31T20:01:21","modified_gmt":"2026-02-01T01:01:21","slug":"recherche","status":"publish","type":"page","link":"https:\/\/portfolio.uqac.ca\/damienbrun\/recherche\/","title":{"rendered":"Recherche"},"content":{"rendered":"<h2><a href=\"https:\/\/keycube.org\">Keycube<\/a><\/h2>\n<p>Contr\u00f4leur cubique bas\u00e9 sur une transformation structurelle du clavier. L&#8217;appareil est d\u00e9di\u00e9 \u00e0 la saisie de texte pour l&#8217;informatique spatiale (ex., environnements immersifs, r\u00e9alit\u00e9 augment\u00e9e et virtuelle).<\/p>\n","protected":false},"excerpt":{"rendered":"<p>Keycube Contr\u00f4leur cubique bas\u00e9 sur une transformation structurelle du clavier. L&#8217;appareil est d\u00e9di\u00e9 \u00e0 la saisie de texte pour l&#8217;informatique spatiale (ex., environnements immersifs, r\u00e9alit\u00e9 augment\u00e9e et virtuelle).<\/p>\n","protected":false},"author":89,"featured_media":0,"parent":0,"menu_order":0,"comment_status":"closed","ping_status":"closed","template":"","meta":{"footnotes":""},"tags":[],"_links":{"self":[{"href":"https:\/\/portfolio.uqac.ca\/damienbrun\/wp-json\/wp\/v2\/pages\/46"}],"collection":[{"href":"https:\/\/portfolio.uqac.ca\/damienbrun\/wp-json\/wp\/v2\/pages"}],"about":[{"href":"https:\/\/portfolio.uqac.ca\/damienbrun\/wp-json\/wp\/v2\/types\/page"}],"author":[{"embeddable":true,"href":"https:\/\/portfolio.uqac.ca\/damienbrun\/wp-json\/wp\/v2\/users\/89"}],"replies":[{"embeddable":true,"href":"https:\/\/portfolio.uqac.ca\/damienbrun\/wp-json\/wp\/v2\/comments?post=46"}],"version-history":[{"count":12,"href":"https:\/\/portfolio.uqac.ca\/damienbrun\/wp-json\/wp\/v2\/pages\/46\/revisions"}],"predecessor-version":[{"id":239,"href":"https:\/\/portfolio.uqac.ca\/damienbrun\/wp-json\/wp\/v2\/pages\/46\/revisions\/239"}],"wp:attachment":[{"href":"https:\/\/portfolio.uqac.ca\/damienbrun\/wp-json\/wp\/v2\/media?parent=46"}],"wp:term":[{"taxonomy":"post_tag","embeddable":true,"href":"https:\/\/portfolio.uqac.ca\/damienbrun\/wp-json\/wp\/v2\/tags?post=46"}],"curies":[{"name":"wp","href":"https:\/\/api.w.org\/{rel}","templated":true}]}}