{"id":127,"date":"2019-03-01T10:59:47","date_gmt":"2019-03-01T15:59:47","guid":{"rendered":"http:\/\/portfolio-pre.uqac.ca\/daniellemaltais\/?page_id=127"},"modified":"2019-03-07T12:43:38","modified_gmt":"2019-03-07T17:43:38","slug":"publications","status":"publish","type":"page","link":"https:\/\/portfolio.uqac.ca\/daniellemaltais\/publications\/","title":{"rendered":"Actes de colloque"},"content":{"rendered":"<p>Paquette, L., Fortin, J., Cr\u00eate, A., Maltais, D., Brassard, A. en collaboration avec Bilodeau, M. (2017). Effect of an outdoor developmental adventure program on the psychosocial adjustment of adolescents journeying with cancer. Acte de colloque pour le 45e Congr\u00e8s de l\u2019Association for Experimental Education. 7 au 9 novembre 2017 \u00e0 Montr\u00e9al.<\/p>\n<p>*G\u00e9n\u00e9reux, M., Maltais, D., Roy, M., Petit, G. (2017). Two years after the train derailment: Lac-Megantic (Quebec, Canada) residents are still suffering. European Journal of Public Health, Vol. 26, Supplement 1 : 207-208.<\/p>\n<p>*Maltais, D., et Gauthier S. (2016). La r\u00e9silience des personnes \u00e2g\u00e9es \u00e0 la suite de leur exposition \u00e0 un sinistre. Site : 3E Congr\u00e8s mondial sur la r\u00e9silience, 21 au 24 ao\u00fbt, Trois-Rivi\u00e8res.<\/p>\n<p>*Maltais, D., Lachance, L. et Bolduc, V. (2015). Intervenir en situation d\u2019urgence sociale : les sources de pr\u00e9carit\u00e9 et de satisfaction des intervenants sociaux. Cinqui\u00e8me congr\u00e8s international des formateurs en travail social et des professionnels francophones de l\u2019intervention sociale (AIFRIS). Porto, Portugal.<\/p>\n<p>*Gu\u00e9rin, N. et Maltais, D. (2015). Les facteurs li\u00e9s \u00e0 la pr\u00e9carit\u00e9 des intervenants sociaux appel\u00e9s \u00e0 intervenir en situation d\u2019urgence au sein des Centres de sant\u00e9 et de services sociaux du Qu\u00e9bec (CSSS) et des Centres publics d\u2019action sociale de Belgique (CPAS). Cinqui\u00e8me congr\u00e8s international des formateurs en travail social et des professionnels francophones de l\u2019intervention sociale (AIFRIS). Porto, Portugal.<\/p>\n<p>*Doucet, M., Coulombe, S., Maltais, D., Bizot, D. (2015). Des pratiques collaboratives d\u2019une \u00e9quipe \u00e9cole favorisant l\u2019intervention aupr\u00e8s des \u00e9l\u00e8ves ayant des besoins particuliers. Site : Biennale internationale de l\u2019\u00e9ducation et des pratiques professionnelles, 7 pages. Paris. 30 juin au 5 juillet 2015.<\/p>\n<p>Tremblay, S., Tremblay, P-A., Bonneau, J., Maltais, D., Tremblay, M. (2014). La distance croissante entre le mouvement des femmes et l\u2019\u00e9conomie sociale : r\u00e9flexion sur le cas du Qu\u00e9bec vu depuis le Saguenay-Lac-Saint-Jean. Dans Tremblay, P-A (dir.). L\u2019\u00e9conomie sociale et solidaire : Possibilit\u00e9s et Contraintes. Saguenay : GRIR-UQAC : 35-51.<\/p>\n<p>*Bourget-Laberge, L., Maltais, D., Boivin-Bouchard, A., Savard, S. (2010). Les appelants r\u00e9guliers dans les centres d\u2019\u00e9coute t\u00e9l\u00e9phoniques. Premi\u00e8re rencontre annuelle de 2010 de l\u2019Association des centres d\u2019\u00e9coute t\u00e9l\u00e9phonique du Qu\u00e9bec (ACETDQ). 22 Janvier 2010, Drummonville. 6 pages <\/p>\n<p>*Maltais, D., Gauthier S., Pouliot, E. (2009). Le construit social des catastrophes dites naturelles : retomb\u00e9es pour la formation et la pratique du travail social. Troisi\u00e8me congr\u00e8s international des formateurs en travail social et des professionnels francophones de l\u2019intervention sociale, Hammamet, Tunisie, 21 au 25 avril. Actes du 3e Congr\u00e8s de l\u2019AIFRIS. 12 pages<\/p>\n<p>*Maltais, D., Savard, S., Gauthier, S. (2009). Point de vue des r\u00e9pondants et des appelants sur la pertinence des services psychosocial d\u2019\u00e9coute t\u00e9l\u00e9phonique. Troisi\u00e8me congr\u00e8s international des formateurs en travail social et des professionnels francophones de l\u2019intervention sociale, Hammamet, Tunisie, 21 au 25 avril. Actes du 3e Congr\u00e8s de l\u2019AIFRIS. 15 pages<\/p>\n<p>Pouliot, E. et Maltais, D. (2009). L\u2019identification des forces et des comp\u00e9tences des familles en difficult\u00e9 dans la formation et la pratique du travail social : v\u0153u pieu ou r\u00e9alit\u00e9 ? Hammamet, Tunisie, Actes du 3e Congr\u00e8s de l\u2019AIFRIS. 12 pages<\/p>\n<p>*Maltais, D., Lachance, L., Gauthier, S. (2008). Long-term effects of a flood on psychological health of victims, 19e World Conference of Social Work, Salvador, Br\u00e9sil, 16 au 19 ao\u00fbt 2008. 10 pages<\/p>\n<p>*Maltais D. (2008). The contribution of Seniors during and after the Saguenay Floods in 1996.  pour le Second International Workshop on Seniors and Emergency Preparedness, Halifax, Canada. 16 au 19 mars 2008. 6 pages. <\/p>\n<p>*Maltais, D. (2008). The Elderly and Disaster: A Matter of Social Responsibility. Second International Workshop on Seniors and Emergency Preparedness, Halifax, Canada. 16 au 19 mars 2008.  2 pages.<\/p>\n<p>*Maltais, D., C\u00f4t\u00e9, N., &amp; Gauthier S. (2008). Consequences of exposure to disaster on the bio-psycho-social health of the elderly : What we know about this so far ? Second International Workshop on Seniors and Emergency Preparedness, Halifax, Canada. 16 au 19 mars 2008. 9 pages.<\/p>\n<p>*Gauthier, S., et Maltais, D. (2008). Disaster and the elderly: Fatalism or hope. Second International Workshop on Seniors and Emergency Preparedness, Halifax, Canada. 16 au 19 mars 2008. 7 pages.<\/p>\n<p>*Maltais, D., et Bouchard, I. (2008). The little Story of a Big Landslide: The Saint-Jean-Vianney Landslide as Recalled by the elderly. Second International Workshop on Seniors and Emergency Preparedness, Halifax, Canada. 16 au 19 mars 2008. 6 pages.<\/p>\n<p>*Maltais, D., et Lachance, L. (2008). The medium-and-Long Term Consequences of the July 1996 Floods and the Bio-psycho-social Health of the Elderly. Second International Workshop on Seniors and Emergency Preparedness, Halifax, Canada. 16 au 19 mars 2008. 8 pages.<\/p>\n<p>*Maltais, D. (2008). The Elderly of Mont\u00e9r\u00e9gie and the January 1998 Ice Storm. Second International Workshop on Seniors and Emergency Preparedness, Halifax, Canada. 16 au 19 mars 2008. 20 pages<\/p>\n<p>*Maltais, D., et C\u00f4t\u00e9, N. (2008). Social support and Elderly Persons in Disasters: Highligts from Current Research. Second International Workshop on Seniors and Emergency Preparedness, Halifax, Canada. 16 au 19 mars 2008. 6 pages<\/p>\n<p>*Maltais, D. (2008). La formation en situation de crise en cas de catastrophe macrosociale : une n\u00e9cessit\u00e9 en travail social dans un monde en changement ? dans le cadre du deuxi\u00e8me congr\u00e8s international des formateurs en travail social et des professionnels francophones de l\u2019intervention sociale, Namur, Belgique, 3 au 7 juillet. 10 pages<\/p>\n<p>*Bouchard, V., et Maltais, D. (2008). Comp\u00e9tences et besoins de formation des intervenants sociaux sur le syndrome d\u2019alcoolisation f\u0153tale : o\u00f9 en sommes-nous au Qu\u00e9bec ? dans le cadre du deuxi\u00e8me congr\u00e8s international des formateurs en travail social et des professionnels francophones de l\u2019intervention sociale, Namur, Belgique, 3 au 7 juillet. 15 pages<\/p>\n<p>*Maltais, D. (2007). The ice storm and its impact on seniors. Document pr\u00e9par\u00e9 pour l\u2019Agence de sant\u00e9 publique du Canada. Winnipeg International Workshop on Seniors and Emergency Preparedness. Winnipeg, February-6-9. 25 pages.<\/p>\n<p>*Maltais, D. (2007). Impact of the July 1996 floods on older persons in Quebec\u2019s Saguenay region. Document pr\u00e9par\u00e9 pour l\u2019Agence de sant\u00e9 publique du Canada. Winnipeg International Workshop on Seniors and Emergency Preparedness. Winnipeg, February-6-9. 23 pages.<\/p>\n<p>*Maltais, D. (2007). Recommandations \u00e9manant de 18 \u00e9tudes sur les a\u00een\u00e9s et les catastrophes. Tableau r\u00e9capitulatif. Document pr\u00e9par\u00e9 pour l\u2019Agence de sant\u00e9 publique du Canada. Winnipeg International Workshop on Seniors and Emergency Preparedness. Winnipeg, February-6-9. 10 pages.<\/p>\n<p>*Maltais, D., Lachance, L., et Ouellet, M. (2005). Les cons\u00e9quences de la prise en charge d\u2019un proche en fonction de sept milieux de vie, CD-ROM, Quatri\u00e8me conf\u00e9rence internationale du service social en sant\u00e9 et en sant\u00e9 mentale. 8 pages.<\/p>\n<p>Lachance, L., Messier, F., Maltais, D., et Ducharme, F. (2005). Work-family balance in \u00ab sandwich \u00bb generation caregivers. CD-ROM, Proceedings of the First International Conference on Community, Work and Family: Change and Transformation, Manchester, England. 8 pages.<\/p>\n<p>*Maltais, D., Zizka, E., Bouchard, I. (2005).  Les effets \u00e0 long terme d&#8217;une catastrophe: le cas d&#8217;un glissement de terrain survenu en 1971, CD-ROM, Quatri\u00e8me conf\u00e9rence internationale du service social en sant\u00e9 et en sant\u00e9 mentale, Qu\u00e9bec. 10 pages.<\/p>\n<p>*Maltais, D., Lachance, L., Brassard, A., Rheault, M-A. (2005). \u00c9tat de sant\u00e9 psychologique post-d\u00e9sastre de personnes \u00e2g\u00e9es expos\u00e9es \u00e0 une inondation, CD-ROM, Quatri\u00e8me conf\u00e9rence internationale du service social en sant\u00e9 et en sant\u00e9 mentale, Qu\u00e9bec. 9 pages<\/p>\n<p>*Robichaud, S., Maltais, D. (2001). La retraite anticip\u00e9e, qui\u00e9tude ou inqui\u00e9tude ?  La F\u00e9d\u00e9ration ind\u00e9pendante des syndicats autonomes, Les actes du colloque, Qu\u00e9bec. 7 pages.<\/p>\n","protected":false},"excerpt":{"rendered":"<p>Paquette, L., Fortin, J., Cr\u00eate, A., Maltais, D., Brassard, A. en collaboration avec Bilodeau, M. (2017). Effect of an outdoor developmental adventure program on the psychosocial adjustment of adolescents journeying with cancer. Acte de colloque pour le 45e Congr\u00e8s de l\u2019Association for Experimental Education. 7 au 9 novembre 2017 \u00e0 Montr\u00e9al. *G\u00e9n\u00e9reux, M., Maltais, D., &hellip; <a href=\"https:\/\/portfolio.uqac.ca\/daniellemaltais\/publications\/\" class=\"more-link\">Continuer la lecture de <span class=\"screen-reader-text\">Actes de colloque<\/span>  <span class=\"meta-nav\">&rarr;<\/span><\/a><\/p>\n","protected":false},"author":232,"featured_media":0,"parent":0,"menu_order":0,"comment_status":"closed","ping_status":"closed","template":"","meta":{"footnotes":""},"tags":[],"_links":{"self":[{"href":"https:\/\/portfolio.uqac.ca\/daniellemaltais\/wp-json\/wp\/v2\/pages\/127"}],"collection":[{"href":"https:\/\/portfolio.uqac.ca\/daniellemaltais\/wp-json\/wp\/v2\/pages"}],"about":[{"href":"https:\/\/portfolio.uqac.ca\/daniellemaltais\/wp-json\/wp\/v2\/types\/page"}],"author":[{"embeddable":true,"href":"https:\/\/portfolio.uqac.ca\/daniellemaltais\/wp-json\/wp\/v2\/users\/232"}],"replies":[{"embeddable":true,"href":"https:\/\/portfolio.uqac.ca\/daniellemaltais\/wp-json\/wp\/v2\/comments?post=127"}],"version-history":[{"count":2,"href":"https:\/\/portfolio.uqac.ca\/daniellemaltais\/wp-json\/wp\/v2\/pages\/127\/revisions"}],"predecessor-version":[{"id":144,"href":"https:\/\/portfolio.uqac.ca\/daniellemaltais\/wp-json\/wp\/v2\/pages\/127\/revisions\/144"}],"wp:attachment":[{"href":"https:\/\/portfolio.uqac.ca\/daniellemaltais\/wp-json\/wp\/v2\/media?parent=127"}],"wp:term":[{"taxonomy":"post_tag","embeddable":true,"href":"https:\/\/portfolio.uqac.ca\/daniellemaltais\/wp-json\/wp\/v2\/tags?post=127"}],"curies":[{"name":"wp","href":"https:\/\/api.w.org\/{rel}","templated":true}]}}