{"id":138,"date":"2019-03-07T12:39:15","date_gmt":"2019-03-07T17:39:15","guid":{"rendered":"http:\/\/portfolio-pre.uqac.ca\/daniellemaltais\/?page_id=138"},"modified":"2021-01-12T16:05:45","modified_gmt":"2021-01-12T21:05:45","slug":"publications-dans-revues-scientifiques","status":"publish","type":"page","link":"https:\/\/portfolio.uqac.ca\/daniellemaltais\/publications-dans-revues-scientifiques\/","title":{"rendered":"Publications dans revues scientifiques"},"content":{"rendered":"<p>G\u00e9n\u00e9reux M\u00e9lissa, Roy Mathieu, O\u2019Sullivan Tracey et Maltais Danielle. (2020).\u00a0<a href=\"https:\/\/constellation.uqac.ca\/5826\/\">A salutogenic approach to disaster recovery: the case of the Lac-M\u00e9gantic rail disaster.<\/a>\u00a0International journal of environmental research and public health,\u00a017, (5), p. 1-13.<\/p>\n<p>Maltais Danielle, Lansard Anne-Lise, Roy Mathieu, G\u00e9n\u00e9reux M\u00e9lissa, Fortin Genevi\u00e8ve, Cherblanc Jacques, Bergeron-Leclerc Christiane et Pouliot EC. (2020).\u00a0<a href=\"https:\/\/constellation.uqac.ca\/5824\/\">Post-disaster health status of train derailment victims with posttraumatic growth.<\/a>\u00a0Australasian Journal of Disaster and Trauma Studies,\u00a024, (1), p. 51-63.<\/p>\n<p>Maltais Danielle. (2020).\u00a0<a href=\"https:\/\/constellation.uqac.ca\/5841\/\">Elderly after a disaster: not only victims but also resilient people.<\/a>\u00a0American Journal of Biomedical Science &amp; Research,\u00a08, (3), p. 167-168.<\/p>\n<p>Tremblay Marjolaine, Laberge Luc, Maltais Danielle, Durand Marie-Jos\u00e9, Chouinard Maud-Christine et Gagnon Cynthia. (2020).\u00a0<a href=\"https:\/\/constellation.uqac.ca\/5839\/\">Acc\u00e8s et int\u00e9gration en emploi chez les personnes atteintes d\u2019ataxie r\u00e9cessive spastique de Charlevoix-Saguenay: le r\u00f4le de l\u2019ergoth\u00e9rapeute.<\/a>\u00a0ErgOTh\u00e9rapie,\u00a076, p. 27-35.<\/p>\n<p>G\u00e9n\u00e9reux M\u00e9lissa, Maltais Danielle, Petit Genevi\u00e8ve et Roy Mathieu. (2019).\u00a0<a href=\"https:\/\/constellation.uqac.ca\/5831\/\">Monitoring adverse psychosocial outcomes one and two years after the Lac-M\u00e9gantic train derailment tragedy (Eastern Townships, Quebec, Canada).<\/a>\u00a0Prehospital and disaster medicine,\u00a034, (3), p. 251-259.<\/p>\n<p>Labra Oscar et Maltais Danielle. (2019).\u00a0<a href=\"https:\/\/constellation.uqac.ca\/6029\/\">Sufrimiento en el trabajo de los profesionales del campo social: estado de la situaci\u00f3n.<\/a>\u00a0Revista Internacional de Ciencias Sociales Interdisciplinares,\u00a08, (1), p. 1-13.<\/p>\n<p>Labra Oscar, Wright Robin, Tremblay Gilles, Maltais Danielle, Bustinza Ray et Gingras-Lacroix Gabriel. (2019).\u00a0<a href=\"https:\/\/constellation.uqac.ca\/5830\/\">Men\u2019s help-seeking attitudes in rural communities affected by a natural disaster.<\/a>\u00a0American Journal of Men&#8217;s Health,\u00a013, (1), p. 1-12.<\/p>\n<p>Maltais Danielle, Lavoie-Trudeau \u00c9tienne, Labra Oscar, G\u00e9n\u00e9reux M\u00e9lissa, Roy Mathieu, Lansard Anne-Lise et Fortin Genevi\u00e8ve. (2019).\u00a0<a href=\"https:\/\/constellation.uqac.ca\/5827\/\">Medium-term effects of a train derailment on the physical and psychological health of men.<\/a>\u00a0American Journal of Men&#8217;s Health,\u00a013, (4), p. 1-14.<\/p>\n<p>Maltais Danielle, Pouliot Eve, Lansard Anne-Lise, Fortin Genevi\u00e8ve et Petit Genevi\u00e8ve. (2019).\u00a0<a href=\"https:\/\/constellation.uqac.ca\/5842\/\">Les r\u00e9percussions du d\u00e9raillement du train de Lac-M\u00e9gantic sur la sant\u00e9 psychosociale d\u2019\u00e9l\u00e8ves du primaire.<\/a>\u00a0Enfance en difficult\u00e9,\u00a06, p. 5-36.<\/p>\n<p>Maltais Danielle, Tremblay Anne-Julie, Labra Oscar, Fortin Genevi\u00e8ve, G\u00e9n\u00e9reux M\u00e9lissa, Roy Mathieu et Lansard Anne-Lise. (2019).\u00a0<a href=\"https:\/\/constellation.uqac.ca\/5194\/\">Seniors who experienced the Lac-M\u00e9gantic train derailment tragedy: what are the consequences on physical and mental health?<\/a>\u00a0Gerontology &amp; Geriatric Medicine,\u00a05, p. 1-8.<\/p>\n<p>Maltais Danielle. (2019).\u00a0<a href=\"https:\/\/constellation.uqac.ca\/5840\/\">Elderly People With Disabilities And Natural Disasters: Vulnerability Of Seniors And Post Trauma.<\/a>\u00a0HSOA Journal of gerontology &amp; geriatric medicine,\u00a05, (4), p. 1-7.<\/p>\n<p>Mansour Alexandra, Maltais Danielle et Cook Mathieu. (2019).\u00a0<a href=\"https:\/\/constellation.uqac.ca\/5844\/\">La pers\u00e9v\u00e9rance scolaire aux niveaux secondaire et postsecondaire chez les \u00e9tudiants autochtones : des conditions plus favorables dans la communaut\u00e9 d\u2019Essipit?<\/a>\u00a0Revue de la pers\u00e9v\u00e9rance et de la r\u00e9ussite scolaires chez les premiers peuples,\u00a03, p. 86-89.<\/p>\n<p>G\u00e9n\u00e9reux M\u00e9lissa, Petit Genevi\u00e8ve, Roy Mathieu, Maltais Danielle et O\u2019Sullivan Tracey. (2018).\u00a0<a href=\"https:\/\/constellation.uqac.ca\/5836\/\">The \u201cLac-M\u00e9gantic tragedy\u201d seen through the lens of the EnRiCH community resilience framework for high-risk populations.<\/a>\u00a0Canadian journal of public health,\u00a0109, p. 261-267.<\/p>\n<p>Labra Oscar, Castro Carol, Maltais Danielle et Wright Robin. (2018).\u00a0<a href=\"https:\/\/constellation.uqac.ca\/5843\/\">Masculinidad y demanda de ayuda en campesinos adultos mayores.<\/a>\u00a0Escenarios, (28), 14 pages.<\/p>\n<p>Labra Oscar, Maltais Danielle et Gingras-Lacroix Gabriel. (2018).\u00a0<a href=\"https:\/\/constellation.uqac.ca\/5834\/\">Medium-term health of seniors following exposure to a natural disaster.<\/a>\u00a0INQUIRY: The Journal of Health Care Organization, Provision, and Financing,\u00a055, p. 1-11.<\/p>\n<p>Roy Mathieu, Levasseur M\u00e9lanie, Dor\u00e9 Isabelle, St-Hilaire France, Michallet Bernard, Couturier Yves, Maltais Danielle, Lindstr\u00f6m Bengt et G\u00e9n\u00e9reux M\u00e9lissa. (2018).\u00a0<a href=\"https:\/\/constellation.uqac.ca\/4495\/\">Looking for capacities rather than vulnerabilities: the moderating effect of health assets on the associations between adverse social position and health.<\/a>\u00a0Preventive Medicine,\u00a0110, p. 93-99.<\/p>\n<p>Roy Mathieu, Levasseur M\u00e9lanie, Dor\u00e9 Isabelle, St-Hilaire France, Michallet Bernard, Couturier Yves, Maltais Danielle, Lindstr\u00f6m Bengt et G\u00e9n\u00e9reux M\u00e9lissa. (2018).\u00a0<a href=\"https:\/\/constellation.uqac.ca\/5833\/\">Looking for capacities rather than vulnerabilities: the moderating effect of health assets on the associations between adverse social position and health.<\/a>\u00a0Preventive medicine,\u00a0110, p. 93-99.<\/p>\n<p>Labra Oscar, Maltais Danielle et Tremblay Gilles. (2017).\u00a0<a href=\"https:\/\/constellation.uqac.ca\/5838\/\">Chilean men exposed to the major earthquake in 2010: investigation of the impacts on their health.<\/a>\u00a0American journal of men&#8217;s health,\u00a011, (2), p. 392-403.<\/p>\n<p>Levasseur M\u00e9lanie, Roy Mathieu, Michallet Bernard, St-Hilaire France, Maltais Danielle et G\u00e9n\u00e9reux M\u00e9lissa. (2017).\u00a0<a href=\"https:\/\/constellation.uqac.ca\/5837\/\">Associations between resilience, community belonging, and social participation among community-dwelling older adults: results from the Eastern Townships Population Health Survey.<\/a>\u00a0Archives of physical medicine and rehabilitation,\u00a098, (12), p. 2422-2432.<\/p>\n<p>Maltais Danielle. (2016).\u00a0<a href=\"https:\/\/constellation.uqac.ca\/5845\/\">Personnes \u00e2g\u00e9es ayant des incapacit\u00e9s et d\u00e9sastres naturels: vuln\u00e9rabilit\u00e9 des a\u00een\u00e9s et post-trauma.<\/a>\u00a0D\u00e9veloppement humain, handicap et changement social,\u00a022, (1), p. 119-131.<\/p>\n<p>Maltais Danielle, Bolduc Vanessa, Gauthier V\u00e9ronique et Gauthier Simon. (2015).\u00a0<a href=\"https:\/\/constellation.uqac.ca\/5880\/\">Les retomb\u00e9es de l\u2019intervention en situation de crise, de trag\u00e9die ou de sinistre sur la vie professionnelle et personnelle des intervenants sociaux des CSSS du Qu\u00e9bec.<\/a>\u00a0Intervention, (142), p. 51-65.<\/p>\n<p>G\u00e9n\u00e9reux M\u00e9lissa, Petit Genevi\u00e8ve, Maltais Danielle, Roy Mathieu, Simard Robert, Boivin Sonia, Shultz James M et Pinsonneault Linda. (2014).\u00a0<a href=\"https:\/\/constellation.uqac.ca\/5877\/\">The public health response during and after the Lac-M\u00e9gantic train derailment tragedy: a case study.<\/a>\u00a0Disaster Health,\u00a02, (3-4), p. 113-120.<\/p>\n<p>Bolduc Cynthia et Maltais Danielle. (2011).\u00a0<a href=\"https:\/\/constellation.uqac.ca\/6043\/\">Le maintien de son parent ou de son conjoint admissible en CHSLD : Motifs de prise en charge et point de vue des aidants sur les CHSLD.<\/a>\u00a0Vie et Vieillissement,\u00a09, (3), p. 44-52.<\/p>\n<p>Bourque Denis, Lachapelle Ren\u00e9, Maltais Danielle, Savard S\u00e9bastien et Tremblay Marielle. (2011).\u00a0<a href=\"https:\/\/constellation.uqac.ca\/5899\/\">Cr\u00e9ation des CSSS et impacts sur les rapports avec les organismes communautaires et d\u2019\u00e9conomie sociale dans le programme Perte d\u2019autonomie li\u00e9e au vieillissement.<\/a>\u00a0Service social,\u00a057, (1), p. 80-98.<\/p>\n<p>Lachapelle Ren\u00e9, Savard S\u00e9bastien, Maltais Danielle, Tremblay Marielle et Bourque Denis. (2011).\u00a0<a href=\"https:\/\/constellation.uqac.ca\/5900\/\">Impacts de la cr\u00e9ation des CSSS sur les pratiques psychosociales dans le programme Perte d\u2019autonomie li\u00e9e au vieillissement (PALV).<\/a>\u00a0Intervention, (134), p. 35-45.<\/p>\n<p>Taha-Abderrafie M. et Maltais Danielle. (2011).\u00a0<a href=\"https:\/\/constellation.uqac.ca\/6046\/\">La visibilit\u00e9 sociale des a\u00een\u00e9s immigr\u00e9s \u00e2g\u00e9s de 55 ans et plus vivant en r\u00e9gion.<\/a>\u00a0Forum, Revue de la recherche en travail social,\u00a0134, (12), p. 88-102.<\/p>\n<p>Fortin Martin, Hudon Catherine, Gallagher Frances, Ntetu Antoine Lutumba, Maltais Danielle et Soubhi Hassan. (2010).\u00a0<a href=\"https:\/\/constellation.uqac.ca\/3912\/\">Nurses joining family doctors in primary care practices : perceptions of patients with multimorbidity.<\/a>\u00a0BMC Family Pratice,\u00a011, (84), 9 pages.<\/p>\n<p>Maltais Danielle, Lachance Lise, Richard Marie-Claude et Gauthier Simon. (2009).\u00a0<a href=\"https:\/\/constellation.uqac.ca\/5904\/\">Inondation au Qu\u00e9bec : \u00e9tude longitudinale des effets \u00e0 long terme sur la sant\u00e9 psychologique.<\/a>\u00a0Revue francophone du stress et du trauma,\u00a09, (3), p. 155-166.<\/p>\n<p>Maltais Danielle et Robichaud Suzie. (2009).\u00a0<a href=\"https:\/\/constellation.uqac.ca\/6044\/\">Cons\u00e9quences de la temp\u00eate de verglas en Mont\u00e9r\u00e9gie: sant\u00e9 psychosociale et performance au travail des intervenants.<\/a>\u00a0Revue Francophone du Stress et du Trauma,\u00a09, (3), p. 167-175.<\/p>\n<p>Bouchard V\u00e9ronique et Maltais Danielle. (2007).\u00a0<a href=\"https:\/\/constellation.uqac.ca\/6054\/\">La formation des intervenants sociaux sur le syndrome d\u2019alcoolisation f\u0153tale au centre jeunesse du Saguenay\u2013Lac-Saint-Jean.<\/a>\u00a0Intervention, (127), p. 90-98.<\/p>\n<p>Gauthier Simon et Maltais Danielle. (2007).\u00a0<a href=\"https:\/\/constellation.uqac.ca\/6050\/\">D\u00e9sastre et personnes \u00e2g\u00e9es : Fatalisme ou espoir.<\/a>\u00a0Vie et Vieillissement,\u00a06, (2), p. 9-16.<\/p>\n<p>Maltais Danielle. (2007).\u00a0<a href=\"https:\/\/constellation.uqac.ca\/6045\/\">Les personnes \u00e2g\u00e9es de la Mont\u00e9r\u00e9gie et la temp\u00eate de verglas de janvier 1997.<\/a>\u00a0Vie et Vieillissement,\u00a06, (2), p. 31-38.<\/p>\n<p>Maltais Danielle. (2007).\u00a0<a href=\"https:\/\/constellation.uqac.ca\/6052\/\">Personnes \u00e2g\u00e9es et d\u00e9sastre : une question de responsabilit\u00e9 sociale.<\/a>\u00a0Vie et Vieillissement,\u00a06, (2), p. 1-3.<\/p>\n<p>Maltais Danielle et C\u00f4t\u00e9 Nathalie. (2007).\u00a0<a href=\"https:\/\/constellation.uqac.ca\/6053\/\">Soutien social et personnes \u00e2g\u00e9es en cas de d\u00e9sastre : points saillants des recherches existantes.<\/a>\u00a0Vie et Vieillissement,\u00a06, (2), p. 39-42.<\/p>\n<p>Maltais Danielle et Lachance Lise. (2007).\u00a0<a href=\"https:\/\/constellation.uqac.ca\/6051\/\">Les cons\u00e9quences \u00e0 moyen et \u00e0 long terme des inondations de juillet 1996 sur la sant\u00e9 biopsychosociale des personnes \u00e2g\u00e9es.<\/a>\u00a0Vie et Vieillissement,\u00a06, (2), p. 23-29.<\/p>\n<p>Richard Marie-Claude, Maltais Danielle, Bourque Denis, Savard S\u00e9bastien et Tremblay Marielle. (2007).\u00a0<a href=\"https:\/\/constellation.uqac.ca\/6056\/\">La fusion des \u00e9tablissements de sant\u00e9 et de services sociaux.<\/a>\u00a0Nouvelles pratiques sociales,\u00a020, (1), p. 151-164.<\/p>\n<p>Maltais Danielle. (2006).\u00a0<a href=\"https:\/\/constellation.uqac.ca\/6076\/\">L\u2019allocation directe &#8211; Est-ce vraiment la solution que souhaitent les intervenants, les a\u00een\u00e9s et leurs aidants-familiaux.<\/a>\u00a0Sant\u00e9, Soci\u00e9t\u00e9 et Solidarit\u00e9, (1), p. 71-73.<\/p>\n<p>Maltais Danielle. (2006).\u00a0<a href=\"https:\/\/constellation.uqac.ca\/6074\/\">Travail social en p\u00e9riode de catastrophe et de post-catastrophe.<\/a>\u00a0Intervention,\u00a0125, p. 127-137.<\/p>\n<p>Maltais Danielle, Lachance Lise, Richard Marie-Claude et Allaire Marjorie. (2006).\u00a0<a href=\"https:\/\/constellation.uqac.ca\/6057\/\">Que pourrait-on faire pour mieux soutenir les aidants familiaux ? Le point de vue des principaux int\u00e9ress\u00e9s.<\/a>\u00a0Vie et Vieillissement,\u00a05, (3), p. 27-34.<\/p>\n<p>Richard Marie-Claude, Maltais Danielle, Bourque Denis, Savard S\u00e9bastien, Tremblay Marielle, Buissi\u00e8re Denis, Dumont-Lemasson Mireille et Fournier Jacques. (2006).\u00a0<a href=\"https:\/\/constellation.uqac.ca\/6075\/\">Enjeux de la configuration des Centres de sant\u00e9 et de services sociaux.<\/a>\u00a0Interaction communautaire, (\u00c9t\u00e9), p. 11-12.<\/p>\n<p>Fortin Martin, Maltais Danielle, Hudon Catherine, Lapointe Lise et Ntetu Antoine Lutumba. (2005).\u00a0<a href=\"https:\/\/constellation.uqac.ca\/6078\/\">L\u2019accessibilit\u00e9 aux soins : Perceptions des patients avec plusieurs probl\u00e8mes de sant\u00e9 chroniques.<\/a>\u00a0Le m\u00e9decin de famille canadien, (51), p. 1502-1503.<\/p>\n<p>Maltais Danielle, Lachance Lise, Brassard Audrey et Dubois Mathieu. (2005).\u00a0<a href=\"https:\/\/constellation.uqac.ca\/6077\/\">Soutien social et sant\u00e9 psychologique de victimes d\u2019inondations.<\/a>\u00a0Sciences sociales et sant\u00e9,\u00a023, (2), p. 5-38.<\/p>\n<p>Maltais Danielle et Delisle Marc-Andr\u00e9. (2004).\u00a0<a href=\"https:\/\/constellation.uqac.ca\/6079\/\">Caract\u00e9ristiques organisationnelles et occupation du temps des personnes \u00e2g\u00e9es vivant en r\u00e9sidences priv\u00e9es.<\/a>\u00a0Revue canadienne de service social,\u00a021, (1), p. 39-66.<\/p>\n<p>Maltais Danielle, Ouellet Manon et Lachance Lise. (2004).\u00a0<a href=\"https:\/\/constellation.uqac.ca\/6081\/\">Est-il plus facile ou difficile pour les aidants familiaux de soutenir leurs parents vivant en CHSLD que ceux vivant en milieux de vie naturel ou dans d\u2019autres milieux de vie prot\u00e9g\u00e9s ?<\/a>\u00a0Vie et Vieillissement,\u00a03, (3-4), p. 12-18.<\/p>\n<p>Maltais Danielle, Lachance Lise, Brassard Audrey et Simard Nathalie N.. (2003).\u00a0<a href=\"https:\/\/constellation.uqac.ca\/6082\/\">Satisfaction face \u00e0 l\u2019aide re\u00e7ue et \u00e9tat de sant\u00e9 biopsychosociale post-d\u00e9sastre.<\/a>\u00a0Canadian Social Work Review,\u00a020, (1), p. 39-59.<\/p>\n<p>Maltais Danielle, Trickey Francine et Demers Andr\u00e9e. (1991).\u00a0<a href=\"https:\/\/constellation.uqac.ca\/6152\/\">Le r\u00f4le des locataires-surveillants dans le soutien des personnes \u00e2g\u00e9es en HLM.<\/a>\u00a0Le G\u00e9rontophile,\u00a013, (3), p. 2-5.<\/p>\n<p>Maltais Danielle et Bergeron A. (1990).\u00a0<a href=\"https:\/\/constellation.uqac.ca\/6153\/\">L&#8217;habitation des personnes \u00e2g\u00e9es : une politique \u00e0 inventer.<\/a>\u00a0Le G\u00e9rontophile,\u00a012, (4), p. 7-10.<\/p>\n<p>&nbsp;<\/p>\n","protected":false},"excerpt":{"rendered":"<p>G\u00e9n\u00e9reux M\u00e9lissa, Roy Mathieu, O\u2019Sullivan Tracey et Maltais Danielle. (2020).\u00a0A salutogenic approach to disaster recovery: the case of the Lac-M\u00e9gantic rail disaster.\u00a0International journal of environmental research and public health,\u00a017, (5), p. 1-13. Maltais Danielle, Lansard Anne-Lise, Roy Mathieu, G\u00e9n\u00e9reux M\u00e9lissa, Fortin Genevi\u00e8ve, Cherblanc Jacques, Bergeron-Leclerc Christiane et Pouliot EC. (2020).\u00a0Post-disaster health status of train derailment &hellip; <a href=\"https:\/\/portfolio.uqac.ca\/daniellemaltais\/publications-dans-revues-scientifiques\/\" class=\"more-link\">Continuer la lecture de <span class=\"screen-reader-text\">Publications dans revues scientifiques<\/span>  <span class=\"meta-nav\">&rarr;<\/span><\/a><\/p>\n","protected":false},"author":232,"featured_media":0,"parent":0,"menu_order":0,"comment_status":"closed","ping_status":"closed","template":"","meta":{"footnotes":""},"tags":[],"_links":{"self":[{"href":"https:\/\/portfolio.uqac.ca\/daniellemaltais\/wp-json\/wp\/v2\/pages\/138"}],"collection":[{"href":"https:\/\/portfolio.uqac.ca\/daniellemaltais\/wp-json\/wp\/v2\/pages"}],"about":[{"href":"https:\/\/portfolio.uqac.ca\/daniellemaltais\/wp-json\/wp\/v2\/types\/page"}],"author":[{"embeddable":true,"href":"https:\/\/portfolio.uqac.ca\/daniellemaltais\/wp-json\/wp\/v2\/users\/232"}],"replies":[{"embeddable":true,"href":"https:\/\/portfolio.uqac.ca\/daniellemaltais\/wp-json\/wp\/v2\/comments?post=138"}],"version-history":[{"count":9,"href":"https:\/\/portfolio.uqac.ca\/daniellemaltais\/wp-json\/wp\/v2\/pages\/138\/revisions"}],"predecessor-version":[{"id":229,"href":"https:\/\/portfolio.uqac.ca\/daniellemaltais\/wp-json\/wp\/v2\/pages\/138\/revisions\/229"}],"wp:attachment":[{"href":"https:\/\/portfolio.uqac.ca\/daniellemaltais\/wp-json\/wp\/v2\/media?parent=138"}],"wp:term":[{"taxonomy":"post_tag","embeddable":true,"href":"https:\/\/portfolio.uqac.ca\/daniellemaltais\/wp-json\/wp\/v2\/tags?post=138"}],"curies":[{"name":"wp","href":"https:\/\/api.w.org\/{rel}","templated":true}]}}