{"id":140,"date":"2019-03-07T12:40:42","date_gmt":"2019-03-07T17:40:42","guid":{"rendered":"http:\/\/portfolio-pre.uqac.ca\/daniellemaltais\/?page_id=140"},"modified":"2019-03-07T12:40:42","modified_gmt":"2019-03-07T17:40:42","slug":"livres","status":"publish","type":"page","link":"https:\/\/portfolio.uqac.ca\/daniellemaltais\/livres\/","title":{"rendered":"Livres"},"content":{"rendered":"<p>*Maltais, D., Pouliot, E. Petit G. en collaboration avec Lansard, A-L, Paradis, G., Morasse, L-P., Tremblay, L., Fortin, G., Fortin, M.  (2018).  \u00catre jeune et expos\u00e9 \u00e0 un d\u00e9sastre technologique : le v\u00e9cu des jeunes de la communaut\u00e9 de Lac-M\u00e9gantic. Qu\u00e9bec : Presses de l\u2019Universit\u00e9 du Qu\u00e9bec : PUQ.<\/p>\n<p>*Sous la direction de Dor\u00e9, M.C et Maltais, D. (en cours), Les secours d&#8217;urgence au Qu\u00e9bec: Ensemble pour la vie. Qu\u00e9bec : les Presses de l\u2019Universit\u00e9 du Qu\u00e9bec. (en r\u00e9daction, accept\u00e9 par les PUQ) <\/p>\n<p>*Sous la direction de Maltais, D. et Larin C. (2016). Lac-M\u00e9gantic : de la trag\u00e9die\u2026\u00e0 la r\u00e9silience. Qu\u00e9bec : Presses de l\u2019Universit\u00e9 du Qu\u00e9bec : PUQ.<\/p>\n<p>*Maltais, D. en collaboration avec Bolduc, V., Lachance, L, Gauthier, V., Tremblay, V. et Gauthier, S. (2015). Situation de crise, de trag\u00e9die ou de sinistre : le point de vue des professionnels de l\u2019intervention sociale. Qu\u00e9bec : Presses de l\u2019Universit\u00e9 Laval (PUL).<\/p>\n<p>Sous la Direction de Maltais, D., Tremblay, S. (2014). Enjeux th\u00e9oriques et pratiques en d\u00e9veloppement local et r\u00e9gional : 30 ans de recherche au GRIR, Saguenay, GRIR-UQAC. <\/p>\n<p>*Maltais D. Rheault, M-A. (2005). L\u2019intervention sociale en cas de catastrophes. Qu\u00e9bec, Presses de l\u2019Universit\u00e9 du Qu\u00e9bec.<\/p>\n<p>*Maltais, D. (2003). Catastrophes en milieu rural, Chicoutimi, \u00c9ditions JCL, coll. Au c\u0153ur des catastrophes. <\/p>\n<p>*Maltais, D. dir. (2002). Catastrophes et \u00e9tat de sant\u00e9 des individus, des intervenants et des communaut\u00e9s, Chicoutimi, GRIR-UQAC.<\/p>\n<p>*Maltais, D., Robichaud, S., Simard, A. (2001). D\u00e9sastres et sinistr\u00e9s, Chicoutimi, \u00c9ditions JCL, coll. Au c\u0153ur des catastrophes.<\/p>\n<p>*Maltais, D., Robichaud, S., Simard, A. (2001).  Sinistres et intervenants, Chicoutimi, \u00c9ditions JCL, coll. Au c\u0153ur des catastrophes.<\/p>\n<p>Plamondon, D., Dubois, S., Maltais, D. et al. (eds) (1997). Au-del\u00e0 de la tourmente, de nouvelles alliances \u00e0 b\u00e2tir, GRIR et RQIIAC.<\/p>\n<p>*Charest, S., Maltais, D. (1994). La pr\u00e9vention des chutes chez les personnes \u00e2g\u00e9es; portrait de la situation au Qu\u00e9bec, R\u00e9seau de la sant\u00e9 publique du Qu\u00e9bec, Qu\u00e9bec.<\/p>\n<p>*Maltais, D. (1992). Les habitations pour personnes \u00e2g\u00e9es en perte d&#8217;autonomie, Soci\u00e9t\u00e9 d&#8217;habitation du Qu\u00e9bec\/Soci\u00e9t\u00e9 canadienne d&#8217;hypoth\u00e8ques et de logement, Montr\u00e9al, 93 p.<\/p>\n<p>*Maltais, D., Nault, D., (1991) eds. Programme Coup de main; Guide d&#8217;animation d&#8217;ateliers de soutien pour aidantes naturelles, DSC HGM et Verdun, 249 p.<\/p>\n<p>*Trickey, F., Maltais, D. (1989). Maintenir l&#8217;autonomie des personnes \u00e2g\u00e9es : un guide d&#8217;adaptation du domicile, Soci\u00e9t\u00e9 canadienne d&#8217;hypoth\u00e8ques et de Logement (SCHL), traduit en anglais sous le titre \u00ab Maintening Seniors&#8217; Independance : a Guide to Home Adaptations \u00bb, 82 p.<\/p>\n","protected":false},"excerpt":{"rendered":"<p>*Maltais, D., Pouliot, E. Petit G. en collaboration avec Lansard, A-L, Paradis, G., Morasse, L-P., Tremblay, L., Fortin, G., Fortin, M. (2018). \u00catre jeune et expos\u00e9 \u00e0 un d\u00e9sastre technologique : le v\u00e9cu des jeunes de la communaut\u00e9 de Lac-M\u00e9gantic. Qu\u00e9bec : Presses de l\u2019Universit\u00e9 du Qu\u00e9bec : PUQ. *Sous la direction de Dor\u00e9, M.C &hellip; <a href=\"https:\/\/portfolio.uqac.ca\/daniellemaltais\/livres\/\" class=\"more-link\">Continuer la lecture de <span class=\"screen-reader-text\">Livres<\/span>  <span class=\"meta-nav\">&rarr;<\/span><\/a><\/p>\n","protected":false},"author":232,"featured_media":0,"parent":0,"menu_order":0,"comment_status":"closed","ping_status":"closed","template":"","meta":{"footnotes":""},"tags":[],"_links":{"self":[{"href":"https:\/\/portfolio.uqac.ca\/daniellemaltais\/wp-json\/wp\/v2\/pages\/140"}],"collection":[{"href":"https:\/\/portfolio.uqac.ca\/daniellemaltais\/wp-json\/wp\/v2\/pages"}],"about":[{"href":"https:\/\/portfolio.uqac.ca\/daniellemaltais\/wp-json\/wp\/v2\/types\/page"}],"author":[{"embeddable":true,"href":"https:\/\/portfolio.uqac.ca\/daniellemaltais\/wp-json\/wp\/v2\/users\/232"}],"replies":[{"embeddable":true,"href":"https:\/\/portfolio.uqac.ca\/daniellemaltais\/wp-json\/wp\/v2\/comments?post=140"}],"version-history":[{"count":1,"href":"https:\/\/portfolio.uqac.ca\/daniellemaltais\/wp-json\/wp\/v2\/pages\/140\/revisions"}],"predecessor-version":[{"id":141,"href":"https:\/\/portfolio.uqac.ca\/daniellemaltais\/wp-json\/wp\/v2\/pages\/140\/revisions\/141"}],"wp:attachment":[{"href":"https:\/\/portfolio.uqac.ca\/daniellemaltais\/wp-json\/wp\/v2\/media?parent=140"}],"wp:term":[{"taxonomy":"post_tag","embeddable":true,"href":"https:\/\/portfolio.uqac.ca\/daniellemaltais\/wp-json\/wp\/v2\/tags?post=140"}],"curies":[{"name":"wp","href":"https:\/\/api.w.org\/{rel}","templated":true}]}}