{"id":142,"date":"2019-03-07T12:41:47","date_gmt":"2019-03-07T17:41:47","guid":{"rendered":"http:\/\/portfolio-pre.uqac.ca\/daniellemaltais\/?page_id=142"},"modified":"2019-03-07T12:41:47","modified_gmt":"2019-03-07T17:41:47","slug":"chapitres-de-livre","status":"publish","type":"page","link":"https:\/\/portfolio.uqac.ca\/daniellemaltais\/chapitres-de-livre\/","title":{"rendered":"Chapitres de livre"},"content":{"rendered":"<p>Doucet, M., Maltais, D., De Champlain, A., et Bouchard, P. (2019).  La formation continue en formation g\u00e9n\u00e9rale des adultes : un mod\u00e8le d\u2019accompagnement bas\u00e9 sur une d\u00e9marche de coconstruction avec les acteurs scolaires travaillant dans un C\u00c9A. Dans M. Doucet, et M. Th\u00e9riault (Dir). L&#8217;Adulte en formation&#8230;pour devenir soi Espaces, passages, d\u00e9bats et d\u00e9fis. Qu\u00e9bec : Les Presses de l\u2019Universit\u00e9 du Qu\u00e9bec, Collection \u00c9ducation\/Recherche. (RAC) : 115-145. <\/p>\n<p>Coulombe, S., Doucet, M, Maltais, D, De Champlain, A., Bizot, D. Les pratiques d\u2019enseignement en formation professionnelle, des savoirs issus de l\u2019exp\u00e9rience. Dans M. Doucet, et M. Th\u00e9riault (Dir). L&#8217;Adulte en formation&#8230;pour devenir soi Espaces, passages, d\u00e9bats et d\u00e9fis. Qu\u00e9bec : Les Presses de l\u2019Universit\u00e9 du Qu\u00e9bec, Collection \u00c9ducation\/Recherche. (RAC) : 171-199.<\/p>\n<p>*Maltais, D., G\u00e9rin, N. (2018). Intervenir en situation d\u2019urgence sociale : les deux c\u00f4t\u00e9s de la m\u00e9daille. Dans Douesnard, J. (dir.).  Enjeux humains et psychosociaux du travail. Qu\u00e9bec : les Presses de l\u2019Universit\u00e9 du Qu\u00e9bec (PUQ). 75-102.<\/p>\n<p>Maltais, D. et Gauthier, S. (2018). La r\u00e9silience des personnes \u00e2g\u00e9es \u00e0 la suite de leur exposition \u00e0 un sinistre, dans Jourdan-Ionescu, C., Ionescu, S., Kimessouki\u00e9-Omolomo, \u00c9., &amp; Julien-Gauthier, F. (Coord.). (2018) R\u00e9silience et culture, culture de la r\u00e9silience. Qu\u00e9bec, Canada: Livres en ligne du CRIRES. p.379-387.<br \/>\nDisponible \u00e0: https:\/\/lel.crires.ulaval.ca\/oeuvre\/resilience-et-culture-culture-de-la-resilience<\/p>\n<p>Labra, O., Wright, R., Maltais, D., Tremblay, G., Buztinza, R., Gingras-Lacroix, G., (sous presse). Natural disasters and the long-term health of rural men in Chile: A case study for psychosocial intervention&#8221; in &#8220;Earthquakes &#8211; Impact, Community Vulnerability and Resilience.&#8221; ISBN 978-1-78984-667-6.<\/p>\n<p>Cherblanc, J., Maltais, D., Freeman, A., Roy, P., Bergeron-Leclerc, C., Gaudreault, D. (accept\u00e9 en d\u00e9cembre 2018). Qui veut voyager loin m\u00e9nage sa moulure ou l\u2019importance de prendre soin de soi pour prendre soin des autres. Dans Bergeron-Leclerc, C., Morin, M-H., Dallaire, B., Cormier, C. (dir.) De l\u2019individu \u00e0 la communaut\u00e9 : la pratique du travail social en sant\u00e9 mentale. Rep\u00e8res th\u00e9oriques et pratiques. Qu\u00e9bec : Presses de l\u2019Universit\u00e9 du Qu\u00e9bec (PUQ). <\/p>\n<p>*Maltais, D. (accept\u00e9 en 2018). Le trouble de stress post-traumatique, ses facteurs de risque et de protection, Dans Dor\u00e9, M.C et Maltais, D. (eds), Les secours d&#8217;urgence au Qu\u00e9bec: Ensemble pour la vie. Qu\u00e9bec : les Presses de l\u2019Universit\u00e9 du Qu\u00e9bec, 24 pages. <\/p>\n<p>*Maltais, D. et Bolduc, V. (2016). Les cons\u00e9quences des catastrophes technologiques sur la sant\u00e9 globale des individus. Dans Maltais, D. et Larin, C. Lac-M\u00e9gantic : De la trag\u00e9die \u00e0 la r\u00e9silience. Qu\u00e9bec : PUQ : 7-18.<\/p>\n<p>*Maltais D. et Robichaud, S. (2016). Les cons\u00e9quences de l\u2019intervention d\u2019urgence sur la sant\u00e9 des intervenants. Dans Maltais, D. et Larin, C. Lac-M\u00e9gantic : De la trag\u00e9die \u00e0 la r\u00e9silience. Qu\u00e9bec : PUQ : 19-32.<\/p>\n<p>*Maltais, D., Bolduc, V., Roy, M. (2016). La r\u00e9silience des individus. Dans Maltais, D. et Larin, C. Lac-M\u00e9gantic : De la trag\u00e9die \u00e0 la r\u00e9silience. Qu\u00e9bec : PUQ :33-52. <\/p>\n<p>*Maltais, D., Bolduc, V., Morasse, L-P et Roy, M. (2016). La r\u00e9silience des communaut\u00e9s. Dans Maltais, D. et Larin, C. Lac-M\u00e9gantic : De la trag\u00e9die \u00e0 la r\u00e9silience. Qu\u00e9bec : PUQ :53-70. <\/p>\n<p>*Maltais, D. Doucet, M. et Bouchard, P-O. (2016). Le point de vue des spectateurs : comme un grand trou dans le ventre. Dans Maltais, D. et Larin, C. Lac-M\u00e9gantic : De la trag\u00e9die \u00e0 la r\u00e9silience. Qu\u00e9bec : PUQ : 377-394. <\/p>\n<p>*Carroz, F., Maltais, D. et Pouliot, E. (2015). \u00ab Ces d\u00e9crocheurs de l\u2019\u00e9cole secondaire du secteur jeune qui s\u2019accrochent au sein d\u2019un Centre de formation pour adultes : Qui sont-ils ?\u00bb dans Villemagne, C. et Myre-Bisaillon, J. (Eds.), Les jeunes adultes faiblement scolaris\u00e9s. Parcours de formation et besoins d\u2019accompagnement. Qu\u00e9bec : Presses de l\u2019Universit\u00e9 du Qu\u00e9bec.<\/p>\n<p>*Maltais, D., Gauthier S. (2013). Le contexte social des catastrophes naturelles ou l\u2019importance de tenir compte du concept de vuln\u00e9rabilit\u00e9 dans la pr\u00e9vention et la gestion des catastrophes. Sous la direction de De Serres A. La gestion des risques majeurs : la r\u00e9silience organisationnelle-Apprendre \u00e0 \u00eatre surpris, Qu\u00e9bec : \u00e9ditions Yvon Blais, collection FidRisk : 345-365.<\/p>\n<p>*Maltais, D., et Gauthier, S. (2010). Long Term Impacts on personal and spiritual values for French Canadian Elderly Victims of a flood in Quebec: a question of resilience. In A. Kalayjian and Eugene, D. (eds). Mass Trauma and emotional healing around the world: rituals and practices for resilience and meaning-making, volume 1: Natural Disasters, California, USA, Praeger, 193-211. <\/p>\n<p>*Maltais D., Gauthier, S. (2008). Les catastrophes dites naturelles : un construit social, Dans Locat, J., Perret, D., Turmel, D., Demers, D et Lerouel, S. Comptes rendus de la 4e Conf\u00e9rence canadienne sur les g\u00e9orisques : des causes \u00e0 la gestion. Qu\u00e9bec, Presse de l\u2019Universit\u00e9 Laval, 25-33.<\/p>\n<p>*Maltais, D., Lachance, L., Richard, M-C. (2006). R\u00f4les et responsabilit\u00e9s des aidants familiaux en fonction du milieu de vie de leur parent en perte d\u2019autonomie, dans Roy, A., Pronovost, G. &amp; Coutu, E. (dir.). Comprendre la famille.  Actes du 8e Symposium qu\u00e9b\u00e9cois de recherche sur la famille, Qu\u00e9bec, PUQ, 129-153. <\/p>\n<p>*Maltais, D., Lachance, L., Simard, N. (2005). D\u00e9sastres et soutien social, dans Maltais D. et Rheault, M-A.  L\u2019intervention sociale en cas de catastrophes. Qu\u00e9bec, Presses de l\u2019Universit\u00e9 du Qu\u00e9bec.<\/p>\n<p>*Guillaumont, C., Maltais, D. (2005). Sp\u00e9cificit\u00e9s des interventions dans le cadre de catastrophes naturelles, dans Vaiva, G et Lebigot, F. Psychotraumatismes : prises en charge et traitements, France, Masson, 107-113. <\/p>\n<p>*Maltais, D., Bouchard, I., Simard, N., Tremblay, S. (2003). La trag\u00e9die de St-Jean-Vianney : m\u00e9moire collective d\u2019un douloureux sinistre, dans Dufour J. et al. (eds), Le GRIR : 20 ans de recherche et d\u2019intervention pour le d\u00e9veloppement local et r\u00e9gional, Groupe de recherche et d\u2019intervention r\u00e9gionale, UQAC, 299-336. <\/p>\n<p>*Maltais, D. Lachance, L., Lalande, G., Fortin, M., Fortin, C. (2002). Deux ans apr\u00e8s une catastrophe : portrait de l\u2019\u00e9tat de sant\u00e9 physique et psychologique des sinistr\u00e9s des inondations de juillet 1996 vivant en milieu urbain, dans Maltais, D. (eds), Catastrophes et \u00e9tat de sant\u00e9 des individus, des intervenants et des communaut\u00e9s, Chicoutimi, GRIR-UQAC, 133-158.<\/p>\n<p>*Maltais, D., Simard, A., Robichaud, S. (2002). Les principales difficult\u00e9s v\u00e9cues et les cons\u00e9quences de la temp\u00eate de verglas sur la sant\u00e9 et la vie des sinistr\u00e9s en fonction du mode d&#8217;h\u00e9bergement utilis\u00e9: r\u00e9sultats d\u2019une recherche qualitative, dans Maltais, D. (eds), Catastrophes et \u00e9tat de sant\u00e9 des individus, des intervenants et des communaut\u00e9s, Chicoutimi, GRIR-UQAC.227-244. <\/p>\n<p>*Maltais, D., Simard, A., Robichaud, S. (2002). Les cons\u00e9quences de la temp\u00eate de verglas chez les personnes \u00e2g\u00e9es en fonction des strat\u00e9gies d\u2019accommodation, dans Maltais, D. (eds), Catastrophes et \u00e9tat de sant\u00e9 des individus, des intervenants et des communaut\u00e9s, Chicoutimi, GRIR-UQAC. 321-334. <\/p>\n<p>*Maltais, D., Truchon, M. (2002). La gestion des inondations de juillet 1996 par deux municipalit\u00e9s rurales : difficult\u00e9s rencontr\u00e9es et impacts sur le dynamisme collectif, dans Maltais, D. (eds), Catastrophes et \u00e9tat de sant\u00e9 des individus, des intervenants et des communaut\u00e9s, Chicoutimi, GRIR-UQAC. 355-368. <\/p>\n<p>*Maltais, D., Simard, A., Robichaud, S., Moffat, G. (2002). R\u00e9percussions de la temp\u00eate de verglas chez les intervenants du Saguenay\u2013Lac-St-Jean ayant \u0153uvr\u00e9 en Mont\u00e9r\u00e9gie lors de l\u2019application des mesures d\u2019urgence, dans Maltais, D. (eds), Catastrophes et \u00e9tat de sant\u00e9 des individus, des intervenants et des communaut\u00e9s, Chicoutimi, GRIR-UQAC. 483-499.<\/p>\n<p>*Maltais, D., Simard, A., Picard, L. (2002). Cons\u00e9quences des inondations de juillet 1996 sur la sant\u00e9 biopsychosociale des sinistr\u00e9s vivant en milieu rural : R\u00e9sultats d\u2019une \u00e9tude qualitative, dans Maltais, D. (eds), Catastrophes et \u00e9tat de sant\u00e9 des individus, des intervenants et des communaut\u00e9s, Chicoutimi, GRIR-UQAC, 369-388.<\/p>\n<p>*Maltais, D., Simard, A., Robichaud, S. (2002). Principales difficult\u00e9s rencontr\u00e9es et cons\u00e9quences de la temp\u00eate de verglas chez les intervenants r\u00e9mun\u00e9r\u00e9s et b\u00e9n\u00e9voles de la Mont\u00e9r\u00e9gie, dans Maltais, D. (eds), Catastrophes et \u00e9tat de sant\u00e9 des individus, des intervenants et des communaut\u00e9s, Chicoutimi, GRIR-UQAC, 467-482. <\/p>\n<p>*Robichaud, S., Maltais, D., Lalande, G., Simard, A., Moffat, G. (2002). Les inondations de juillet 1996 : une suite d\u2019\u00e9v\u00e9nements bouleversants, dans Maltais, D. (eds), Catastrophes et \u00e9tat de sant\u00e9 des individus, des intervenants et des communaut\u00e9s, Chicoutimi, GRIR-UQAC. 101-120. <\/p>\n<p>*Hovington, C., Lalande, G., Maltais, D. (2002). Les effets des inondations de juillet 1996 sur la sant\u00e9 psychologique selon l\u2019\u00e2ge, dans Maltais, D. (eds.), Catastrophes et \u00e9tat de sant\u00e9 des individus, des intervenants et des communaut\u00e9s, Chicoutimi, GRIR-UQAC, 335-350.<\/p>\n<p>*Lalande, G., Maltais, D., Robichaud, S., Simard, A. (2002). L\u2019impact d\u2019une inondation majeure dans la qualit\u00e9 de vie des sinistr\u00e9s : les r\u00e9sultats d\u2019une recherche qualitative, dans Maltais, D. (eds), Catastrophes et \u00e9tat de sant\u00e9 des individus, des intervenants et des communaut\u00e9s, Chicoutimi, GRIR-UQAC, 121-132. <\/p>\n<p>*Hovington, C., Maltais, D., Lalande, G. (2002). Les cons\u00e9quences des catastrophes sur la sant\u00e9 biopsychosociale des a\u00een\u00e9s : R\u00e9sultats de la recension des \u00e9crits, dans Maltais, D. (eds), Catastrophes et \u00e9tat de sant\u00e9 des individus, des intervenants et des communaut\u00e9s, Chicoutimi, GRIR-UQAC, 289-320. <\/p>\n<p>*Picard, L., Maltais, D., Lachance, L. (2002). Facteurs li\u00e9s \u00e0 la pr\u00e9sence de s\u00e9quelles psychologiques chez des sinistr\u00e9s d\u2019inondations vivant en milieu rural, dans Maltais, D. (eds), Catastrophes et \u00e9tat de sant\u00e9 des individus, des intervenants et des communaut\u00e9s, Chicoutimi, GRIR-UQAC, 389- 410.<\/p>\n<p>*Maltais, D. (2001).  Les cons\u00e9quences des inondations survenues en 1996 sur la sant\u00e9 des sinistr\u00e9s, dans Minist\u00e8re de la s\u00e9curit\u00e9 civile, Savoir, le pouvoir d&#8217;agir, Actes du colloque sur la s\u00e9curit\u00e9 civile, p. 123 138.<\/p>\n<p>*Maltais, D., Robichaud, S., Simard, A. (2001).  Les d\u00e9sastres : source de probl\u00e8mes biopsycho-sociaux aux individus, aux intervenants et aux communaut\u00e9s, dans Dorval, H. et Mayer R., Nouveaux probl\u00e8mes sociaux : Tome 2, \u00c9tude de cas et interventions sociales, Presse Universitaire du Qu\u00e9bec.<\/p>\n<p>*Maltais, D., Robichaud, S., Lalande, G., Simard, A. (1998).  De la stupeur \u00e0 l&#8217;adaptation : le long parcours des sinistr\u00e9s, Proulx, M.-U., (1998).  Une r\u00e9gion dans la turbulence: le Saguenay et le d\u00e9luge.<\/p>\n<p>*Maltais, D., Robichaud, S., Gagnon, C. (1997).  Les impacts psychosociaux et communautaires d&#8217;une catastrophe: programmation de la recherche, Les inondation de juillet 1996:  les premiers r\u00e9sultats du programme de recherche du GRIR.  (dir.: Dufour, J. ,1997).  GRIR, Chicoutimi.<\/p>\n<p>*Maltais, D. (1988).  Les alternatives \u00e0 l&#8217;h\u00e9bergement, dans : Association pour la sant\u00e9 publique du Qu\u00e9bec, Le maintien \u00e0 domicile: \u00e0 la recherche d&#8217;un nouvel \u00e9quilibre, p. 91-96<\/p>\n","protected":false},"excerpt":{"rendered":"<p>Doucet, M., Maltais, D., De Champlain, A., et Bouchard, P. (2019). La formation continue en formation g\u00e9n\u00e9rale des adultes : un mod\u00e8le d\u2019accompagnement bas\u00e9 sur une d\u00e9marche de coconstruction avec les acteurs scolaires travaillant dans un C\u00c9A. Dans M. Doucet, et M. Th\u00e9riault (Dir). L&#8217;Adulte en formation&#8230;pour devenir soi Espaces, passages, d\u00e9bats et d\u00e9fis. Qu\u00e9bec &hellip; <a href=\"https:\/\/portfolio.uqac.ca\/daniellemaltais\/chapitres-de-livre\/\" class=\"more-link\">Continuer la lecture de <span class=\"screen-reader-text\">Chapitres de livre<\/span>  <span class=\"meta-nav\">&rarr;<\/span><\/a><\/p>\n","protected":false},"author":232,"featured_media":0,"parent":0,"menu_order":0,"comment_status":"closed","ping_status":"closed","template":"","meta":{"footnotes":""},"tags":[],"_links":{"self":[{"href":"https:\/\/portfolio.uqac.ca\/daniellemaltais\/wp-json\/wp\/v2\/pages\/142"}],"collection":[{"href":"https:\/\/portfolio.uqac.ca\/daniellemaltais\/wp-json\/wp\/v2\/pages"}],"about":[{"href":"https:\/\/portfolio.uqac.ca\/daniellemaltais\/wp-json\/wp\/v2\/types\/page"}],"author":[{"embeddable":true,"href":"https:\/\/portfolio.uqac.ca\/daniellemaltais\/wp-json\/wp\/v2\/users\/232"}],"replies":[{"embeddable":true,"href":"https:\/\/portfolio.uqac.ca\/daniellemaltais\/wp-json\/wp\/v2\/comments?post=142"}],"version-history":[{"count":1,"href":"https:\/\/portfolio.uqac.ca\/daniellemaltais\/wp-json\/wp\/v2\/pages\/142\/revisions"}],"predecessor-version":[{"id":143,"href":"https:\/\/portfolio.uqac.ca\/daniellemaltais\/wp-json\/wp\/v2\/pages\/142\/revisions\/143"}],"wp:attachment":[{"href":"https:\/\/portfolio.uqac.ca\/daniellemaltais\/wp-json\/wp\/v2\/media?parent=142"}],"wp:term":[{"taxonomy":"post_tag","embeddable":true,"href":"https:\/\/portfolio.uqac.ca\/daniellemaltais\/wp-json\/wp\/v2\/tags?post=142"}],"curies":[{"name":"wp","href":"https:\/\/api.w.org\/{rel}","templated":true}]}}