{"id":153,"date":"2019-03-07T12:59:23","date_gmt":"2019-03-07T17:59:23","guid":{"rendered":"http:\/\/portfolio-pre.uqac.ca\/daniellemaltais\/?page_id=153"},"modified":"2019-11-05T10:52:25","modified_gmt":"2019-11-05T15:52:25","slug":"memoires-theses-et-essais-deposes","status":"publish","type":"page","link":"https:\/\/portfolio.uqac.ca\/daniellemaltais\/memoires-theses-et-essais-deposes\/","title":{"rendered":"M\u00e9moires, th\u00e8ses et essais d\u00e9pos\u00e9s"},"content":{"rendered":"<h4>M\u00e9moires d\u00e9pos\u00e9s sous la direction ou la codirection de Danielle Maltais:<\/h4>\n<p>&nbsp;<\/p>\n<p><iframe loading=\"lazy\" src=\"https:\/\/constellation.uqac.ca\/cgi\/search\/archive\/advanced\/export_eprints_uqac_HTMLUQAC.html?screen=Search&amp;dataset=archive&amp;_action_export=1&amp;output=HTMLUQAC&amp;exp=0%7C1%7C-date%2Fcreators_name%2Ftitle%7Carchive%7C-%7Ccreators_name%2Fdirectors_name%3Acreators_name%2Fdirectors_name%3AALL%3AEQ%3Adanielle+maltais%7Ctype%3Atype%3AANY%3AEQ%3Athesis+thesis_other%7C-%7Ceprint_status%3Aeprint_status%3AANY%3AEQ%3Aarchive%7Cmetadata_visibility%3Ametadata_visibility%3AANY%3AEQ%3Ashow&amp;n=\" width=\"500\" height=\"1200\"><\/iframe><\/p>\n<h4>Essais d\u00e9pos\u00e9s sous la direction ou la co-direction de Danielle Maltais :<\/h4>\n<p>B\u00e9langer Alys. (2017).\u00a0<a href=\"https:\/\/constellation.uqac.ca\/4460\/\"><em>Exp\u00e9rimentation d&#8217;un programme de gestion du stress aupr\u00e8s des policiers de la s\u00e9curit\u00e9 publique de la ville de Saguenay.<\/em><\/a>\u00a0Essai de Ma\u00eetrise en travail social, Universit\u00e9 du Qu\u00e9bec \u00e0 Chicoutimi.<\/p>\n<p>Pierre-Luc-Gauthier (ma\u00eetrise en travail social, juin 2017). Exp\u00e9rimentation du programme Renfort : un projet pilote visant \u00e0 soutenir les jeunes hommes fr\u00e9quentant un Centre de formation pour adultes. (Direction : Danielle Maltais)<\/p>\n<p>Marie-Eve Boivin (ma\u00eetrise en travail social, f\u00e9vrier 2016). La protection des enfants \u00e0 na\u00eetre : exp\u00e9rimentation du programme Concerto au Saguenay-Lac-Saint-Jean. (Direction : Danielle Maltais, Codirection : Christiane Bergeron-Leclerc).<\/p>\n<p>Cathy St-Cyr (ma\u00eetrise en travail social, septembre 2015). Exp\u00e9rimentation d\u2019un projet pilote visant \u00e0 soutenir les aidants dont un proche est h\u00e9berg\u00e9 en CHSLD. (Direction : Danielle Maltais)<\/p>\n<p>Yvrose-Pier Gagn\u00e9-Tremblay (ma\u00eetrise en travail social, d\u00e9cembre 2013). Intervention de groupe aupr\u00e8s de personnes souffrant de trouble d\u2019anxi\u00e9t\u00e9 g\u00e9n\u00e9ralis\u00e9. (Direction : Danielle Maltais)<\/p>\n<p>Mireille Tremblay (ma\u00eetrise en travail social, septembre, 2013). Implantation d\u2019un programme de pr\u00e9vention et de sensibilisation de l\u2019intimidation aupr\u00e8s d\u2019\u00e9l\u00e8ves du 2e et 3e cycles du primaire et d\u2019un programme d\u2019intervention aupr\u00e8s d\u2019\u00e9l\u00e8ves victimes d\u2019intimidation du 3e cycle du primaire. (Direction : Danielle Maltais, Codirection : Marielle Tremblay)<\/p>\n","protected":false},"excerpt":{"rendered":"<p>M\u00e9moires d\u00e9pos\u00e9s sous la direction ou la codirection de Danielle Maltais: &nbsp; Essais d\u00e9pos\u00e9s sous la direction ou la co-direction de Danielle Maltais : B\u00e9langer Alys. (2017).\u00a0Exp\u00e9rimentation d&#8217;un programme de gestion du stress aupr\u00e8s des policiers de la s\u00e9curit\u00e9 publique de la ville de Saguenay.\u00a0Essai de Ma\u00eetrise en travail social, Universit\u00e9 du Qu\u00e9bec \u00e0 Chicoutimi. &hellip; <a href=\"https:\/\/portfolio.uqac.ca\/daniellemaltais\/memoires-theses-et-essais-deposes\/\" class=\"more-link\">Continuer la lecture de <span class=\"screen-reader-text\">M\u00e9moires, th\u00e8ses et essais d\u00e9pos\u00e9s<\/span>  <span class=\"meta-nav\">&rarr;<\/span><\/a><\/p>\n","protected":false},"author":232,"featured_media":0,"parent":0,"menu_order":0,"comment_status":"closed","ping_status":"closed","template":"","meta":{"footnotes":""},"tags":[],"_links":{"self":[{"href":"https:\/\/portfolio.uqac.ca\/daniellemaltais\/wp-json\/wp\/v2\/pages\/153"}],"collection":[{"href":"https:\/\/portfolio.uqac.ca\/daniellemaltais\/wp-json\/wp\/v2\/pages"}],"about":[{"href":"https:\/\/portfolio.uqac.ca\/daniellemaltais\/wp-json\/wp\/v2\/types\/page"}],"author":[{"embeddable":true,"href":"https:\/\/portfolio.uqac.ca\/daniellemaltais\/wp-json\/wp\/v2\/users\/232"}],"replies":[{"embeddable":true,"href":"https:\/\/portfolio.uqac.ca\/daniellemaltais\/wp-json\/wp\/v2\/comments?post=153"}],"version-history":[{"count":7,"href":"https:\/\/portfolio.uqac.ca\/daniellemaltais\/wp-json\/wp\/v2\/pages\/153\/revisions"}],"predecessor-version":[{"id":207,"href":"https:\/\/portfolio.uqac.ca\/daniellemaltais\/wp-json\/wp\/v2\/pages\/153\/revisions\/207"}],"wp:attachment":[{"href":"https:\/\/portfolio.uqac.ca\/daniellemaltais\/wp-json\/wp\/v2\/media?parent=153"}],"wp:term":[{"taxonomy":"post_tag","embeddable":true,"href":"https:\/\/portfolio.uqac.ca\/daniellemaltais\/wp-json\/wp\/v2\/tags?post=153"}],"curies":[{"name":"wp","href":"https:\/\/api.w.org\/{rel}","templated":true}]}}