{"id":156,"date":"2019-03-07T13:03:34","date_gmt":"2019-03-07T18:03:34","guid":{"rendered":"http:\/\/portfolio-pre.uqac.ca\/daniellemaltais\/?page_id=156"},"modified":"2019-03-07T13:03:40","modified_gmt":"2019-03-07T18:03:40","slug":"prix-et-distinctions","status":"publish","type":"page","link":"https:\/\/portfolio.uqac.ca\/daniellemaltais\/prix-et-distinctions\/","title":{"rendered":"Prix et distinctions"},"content":{"rendered":"<p>Novembre 2015:\tObtention d\u2019une Chaire institutionnelle au sein de l\u2019UQAC : \u00c9v\u00e9nements traumatiques, sant\u00e9 mentale et r\u00e9silience<\/p>\n<p>Septembre 2011:\tPrix d\u2019excellence du R\u00e9seau Qu\u00e9b\u00e9cois de villes et villages en sant\u00e9 pour le projet T\u00e9l\u00e9 des A\u00een\u00e9s. Dans le cadre de ce projet pilote, j\u2019ai \u00e9t\u00e9 responsable de l\u2019\u00e9valuation de ce dernier.    <\/p>\n<p>Mai 2010: Prix RUFUTS, Prix annuel remis par le Regroupement des Unit\u00e9s de formations universitaire en travail social du Qu\u00e9bec pour souligner la contribution exceptionnelle de l&#8217;un ou l&#8217;une de ses membres \u00e0 l\u2019avancement des connaissances en travail social et \u00e0 l\u2019action et l\u2019intervention sociale au Qu\u00e9bec. Ce prix exprime la reconnaissance de la communaut\u00e9 professorale en travail social du Qu\u00e9bec envers ma contribution \u00e0 l\u2019intervention, \u00e0 la formation et \u00e0 la recherche universitaires en travail social au Qu\u00e9bec et sur le plan international. <\/p>\n<p>Octobre 2008: Prix Plourdre Gaudreault, M\u00e9ritas en sant\u00e9 et services sociaux, 25e \u00e9dition du M\u00e9rite scientifique r\u00e9gional (MRS) du Saguenay\u2013Lac-Saint-Jean. Ce prix reconna\u00eet la contribution exceptionnelle des diff\u00e9rents membres du Groupe de recherche interdisciplinaire en maladies neuromusculaires (GRIMN). <\/p>\n<p>Octobre 2008: Prix d\u2019excellence du Consortium r\u00e9gional de recherche en \u00e9ducation (CRRE) pour le projet de recherche intitul\u00e9 Implantation du mod\u00e8le \u00ab Nurture \u00bb dans les classes d\u2019\u00e9l\u00e8ves du primaire et du secondaire qui ont des troubles du comportement et dont la probl\u00e9matique rel\u00e8ve de la psychopathologie <\/p>\n<p>F\u00e9vrier 2006: Mention d\u2019excellence de l\u2019int\u00e9gration de l\u2019enseignement \u00e0 la recherche aux cycles sup\u00e9rieurs, D\u00e9canat des \u00e9tudes de cycles sup\u00e9rieurs et de la recherche, UQAC. <\/p>\n<p>Mai 2002: M\u00e9rite qu\u00e9b\u00e9cois de la s\u00e9curit\u00e9 civile, cat\u00e9gorie Formation et Communication. Ce m\u00e9rite souligne mon esprit d\u2019initiative et mon dynamisme dans la planification du Colloque interdisciplinaire sur les cons\u00e9quences des catastrophes et des \u00e9v\u00e9nements traumatiques et pour la publication de deux volumes sur les cons\u00e9quences des catastrophes.\t<\/p>\n<p>Mars 2002: Prix Laure-Gaudreault, m\u00e9ritas en sciences humaines, 19e \u00e9dition du M\u00e9rite scientifique r\u00e9gional (MRS) du Saguenay\u2013Lac-Saint-Jean. Ce prix reconna\u00eet la contribution exceptionnelle de la chercheure et de ses collaborateurs dans le domaine des sciences humaines pour leurs efforts de recherche portant sur les cons\u00e9quences des catastrophes sur la sant\u00e9 des individus et des intervenants.<\/p>\n<p>Mai 2000: Mention d&#8217;honneur de la SCHL pour la qualit\u00e9 du rapport de recherche intitul\u00e9 : Le sinistre de juillet 1996, cons\u00e9quences sur la red\u00e9finition de l&#8217;habitat.<\/p>\n<p>Octobre 1993 :\tPrix d&#8217;excellence pour le projet de recherche et d&#8217;intervention \u00ab \u00c9valuation d&#8217;ateliers de soutien pour aidants naturels \u00bb dans le cadre du programme de subventions pour des projets d&#8217;intervention, d&#8217;\u00e9tu\u00acdes et d&#8217;analyse en sant\u00e9 communautaire, Minist\u00e8re de la Sant\u00e9 et des Services sociaux.<\/p>\n<p>Septembre 1992 \u00e0 ao\u00fbt 1995 : Bourse d&#8217;\u00e9tude de doctorat de la Soci\u00e9t\u00e9 canadienne d&#8217;hypoth\u00e8ques et de logement.<\/p>\n<p>1981-1982 : Bourse d&#8217;\u00e9tude de ma\u00eetrise de l&#8217;Universit\u00e9 de Montr\u00e9al.<\/p>\n<p>1980-1981 :\tourse du Fonds de dotation pour l&#8217;apprentissage d&#8217;une langue seconde cr\u00e9\u00e9 \u00e0 l&#8217;occasion du 25e anniversaire de l&#8217;accession au tr\u00f4ne de la Reine Elizabeth II. Bourse canadienne d&#8217;excellence acad\u00e9mique.<\/p>\n<p>1979: Palmar\u00e8s du Doyen. Universit\u00e9 d\u2019Ottawa. Mention d\u2019excellence acad\u00e9mique<\/p>\n","protected":false},"excerpt":{"rendered":"<p>Novembre 2015: Obtention d\u2019une Chaire institutionnelle au sein de l\u2019UQAC : \u00c9v\u00e9nements traumatiques, sant\u00e9 mentale et r\u00e9silience Septembre 2011: Prix d\u2019excellence du R\u00e9seau Qu\u00e9b\u00e9cois de villes et villages en sant\u00e9 pour le projet T\u00e9l\u00e9 des A\u00een\u00e9s. Dans le cadre de ce projet pilote, j\u2019ai \u00e9t\u00e9 responsable de l\u2019\u00e9valuation de ce dernier. Mai 2010: Prix RUFUTS, &hellip; <a href=\"https:\/\/portfolio.uqac.ca\/daniellemaltais\/prix-et-distinctions\/\" class=\"more-link\">Continuer la lecture de <span class=\"screen-reader-text\">Prix et distinctions<\/span>  <span class=\"meta-nav\">&rarr;<\/span><\/a><\/p>\n","protected":false},"author":232,"featured_media":0,"parent":0,"menu_order":0,"comment_status":"closed","ping_status":"closed","template":"","meta":{"footnotes":""},"tags":[],"_links":{"self":[{"href":"https:\/\/portfolio.uqac.ca\/daniellemaltais\/wp-json\/wp\/v2\/pages\/156"}],"collection":[{"href":"https:\/\/portfolio.uqac.ca\/daniellemaltais\/wp-json\/wp\/v2\/pages"}],"about":[{"href":"https:\/\/portfolio.uqac.ca\/daniellemaltais\/wp-json\/wp\/v2\/types\/page"}],"author":[{"embeddable":true,"href":"https:\/\/portfolio.uqac.ca\/daniellemaltais\/wp-json\/wp\/v2\/users\/232"}],"replies":[{"embeddable":true,"href":"https:\/\/portfolio.uqac.ca\/daniellemaltais\/wp-json\/wp\/v2\/comments?post=156"}],"version-history":[{"count":1,"href":"https:\/\/portfolio.uqac.ca\/daniellemaltais\/wp-json\/wp\/v2\/pages\/156\/revisions"}],"predecessor-version":[{"id":157,"href":"https:\/\/portfolio.uqac.ca\/daniellemaltais\/wp-json\/wp\/v2\/pages\/156\/revisions\/157"}],"wp:attachment":[{"href":"https:\/\/portfolio.uqac.ca\/daniellemaltais\/wp-json\/wp\/v2\/media?parent=156"}],"wp:term":[{"taxonomy":"post_tag","embeddable":true,"href":"https:\/\/portfolio.uqac.ca\/daniellemaltais\/wp-json\/wp\/v2\/tags?post=156"}],"curies":[{"name":"wp","href":"https:\/\/api.w.org\/{rel}","templated":true}]}}