{"id":18,"date":"2012-07-23T20:05:15","date_gmt":"2012-07-23T20:05:15","guid":{"rendered":"http:\/\/portfolio-pre.uqac.ca\/gabarit\/?page_id=18"},"modified":"2017-11-07T10:32:45","modified_gmt":"2017-11-07T15:32:45","slug":"enseignement","status":"publish","type":"page","link":"https:\/\/portfolio.uqac.ca\/daniellemaltais\/enseignement\/","title":{"rendered":"Enseignement"},"content":{"rendered":"<p style=\"text-align: left\"><em>Depuis janvier 1994<br \/>\n<\/em><strong>Universit\u00e9 du Qu\u00e9bec \u00e0 Chicoutimi<\/strong><em>\u00a0<\/em><\/p>\n<p style=\"text-align: left\">Titre et t\u00e2ches:<br \/>\n<strong>Professeure titulaire \u00e0 l\u2019Unit\u00e9 d\u2019enseignement en travail social, D\u00e9partement des sciences humaines et sociales<\/strong><\/p>\n<p style=\"text-align: left\">Responsabilit\u00e9s d\u2019enseignement, de recherche et de soutien \u00e0 la communaut\u00e9 universitaire et \u00e0 des organismes publics et parapublics. T\u00e2ches de gestion dont celles de la coordination de la formation pratique et de la direction des \u00e9tudes de premier cycle et de cycles sup\u00e9rieurs. Direction d\u2019\u00e9tudiants de cycles sup\u00e9rieurs dans la r\u00e9daction de leur m\u00e9moire ou dans la r\u00e9alisation d\u2019un stage professionnel.<\/p>\n<p><em>De septembre 1989 \u00e0 <\/em><em>d\u00e9cembre 1989<\/em><em><br \/>\n<\/em><strong>Universit\u00e9 de Montr\u00e9al<br \/>\n<\/strong><strong>\u00c9cole de Service social<\/strong><\/p>\n<p>Titre et t\u00e2ches:<br \/>\n<strong>Charg\u00e9e de cours<\/strong>: SVS 2930 \u2013 Politiques sociales et ressources en g\u00e9rontologie.<\/p>\n<p><em>De septembre 1983 \u00e0\u00a0<\/em><em>septembre 1985<\/em><em>\u00a0\u00a0\u00a0\u00a0\u00a0\u00a0<\/em><br \/>\n<strong>C\u00c9GEP de Chicoutimi<br \/>\n<\/strong>534 est, rue Jacques Cartier<br \/>\nChicoutimi, Qc.<\/p>\n<p>Titre et t\u00e2ches:<br \/>\n<strong>Professeure<\/strong> au d\u00e9partement de sciences humaines, discipline science politique<\/p>\n","protected":false},"excerpt":{"rendered":"<p>Depuis janvier 1994 Universit\u00e9 du Qu\u00e9bec \u00e0 Chicoutimi\u00a0 Titre et t\u00e2ches: Professeure titulaire \u00e0 l\u2019Unit\u00e9 d\u2019enseignement en travail social, D\u00e9partement des sciences humaines et sociales Responsabilit\u00e9s d\u2019enseignement, de recherche et de soutien \u00e0 la communaut\u00e9 universitaire et \u00e0 des organismes publics et parapublics. T\u00e2ches de gestion dont celles de la coordination de la formation pratique &hellip; <a href=\"https:\/\/portfolio.uqac.ca\/daniellemaltais\/enseignement\/\" class=\"more-link\">Continuer la lecture de <span class=\"screen-reader-text\">Enseignement<\/span>  <span class=\"meta-nav\">&rarr;<\/span><\/a><\/p>\n","protected":false},"author":73,"featured_media":0,"parent":0,"menu_order":0,"comment_status":"closed","ping_status":"closed","template":"","meta":{"footnotes":""},"tags":[],"_links":{"self":[{"href":"https:\/\/portfolio.uqac.ca\/daniellemaltais\/wp-json\/wp\/v2\/pages\/18"}],"collection":[{"href":"https:\/\/portfolio.uqac.ca\/daniellemaltais\/wp-json\/wp\/v2\/pages"}],"about":[{"href":"https:\/\/portfolio.uqac.ca\/daniellemaltais\/wp-json\/wp\/v2\/types\/page"}],"author":[{"embeddable":true,"href":"https:\/\/portfolio.uqac.ca\/daniellemaltais\/wp-json\/wp\/v2\/users\/73"}],"replies":[{"embeddable":true,"href":"https:\/\/portfolio.uqac.ca\/daniellemaltais\/wp-json\/wp\/v2\/comments?post=18"}],"version-history":[{"count":5,"href":"https:\/\/portfolio.uqac.ca\/daniellemaltais\/wp-json\/wp\/v2\/pages\/18\/revisions"}],"predecessor-version":[{"id":109,"href":"https:\/\/portfolio.uqac.ca\/daniellemaltais\/wp-json\/wp\/v2\/pages\/18\/revisions\/109"}],"wp:attachment":[{"href":"https:\/\/portfolio.uqac.ca\/daniellemaltais\/wp-json\/wp\/v2\/media?parent=18"}],"wp:term":[{"taxonomy":"post_tag","embeddable":true,"href":"https:\/\/portfolio.uqac.ca\/daniellemaltais\/wp-json\/wp\/v2\/tags?post=18"}],"curies":[{"name":"wp","href":"https:\/\/api.w.org\/{rel}","templated":true}]}}