{"id":162,"date":"2019-06-12T16:43:28","date_gmt":"2019-06-12T20:43:28","guid":{"rendered":"http:\/\/portfolio-pre.uqac.ca\/gabarit\/?page_id=162"},"modified":"2019-06-17T14:52:29","modified_gmt":"2019-06-17T18:52:29","slug":"articles","status":"publish","type":"page","link":"https:\/\/portfolio.uqac.ca\/danielmarceau\/articles\/","title":{"rendered":"Articles"},"content":{"rendered":"<p>1\u00a0\u00a0\u00a0\u00a0\u00a0\u00a0\u00a0\u00a0\u00a0\u00a0\u00a0\u00a0\u00a0 Li, J.S., Sapanthan, T., Raoelison, R.N., Zhang, Z., Chen, X.G., Marceau, D., Simar, A. and Rachik, M., <em>Inverse Prediction of Local Interface Temperature during Electromagnetic Pulse Welding via Precipitate Kinetics.<\/em> Materials Letters, 2019. <strong>249<\/strong>: p. 177-179.<\/p>\n<p>2\u00a0\u00a0\u00a0\u00a0\u00a0\u00a0\u00a0\u00a0\u00a0\u00a0\u00a0\u00a0\u00a0 Tremblay, S.-O., Marceau, D., Coulombe, P., C\u00f4t\u00e9, J. and Kocaefe, D. <em>Numerical Investigation of the Thermomechanical Behaviour of Anode Butt<\/em>. in <em>Light Metals 2018, proceeding of the 147th Annual Meeting &amp; Exhibition<\/em>. 2018. Phoenix Convention Center, Phoenix, Arizona, USA.<\/p>\n<p>3\u00a0\u00a0\u00a0\u00a0\u00a0\u00a0\u00a0\u00a0\u00a0\u00a0\u00a0\u00a0\u00a0 Raoelison, R.N., Li, J.S., Sapanthan, T., Padayodi, E., Buiron, N., Racine, D., Zhang, Z., Marceau, D. and Rachik, M., <em>A new nature of microporous architecture with hierarchical porosity and membrane template via high strain rate collision.<\/em> Materialia, 2018. <strong>5<\/strong>: p. 100205.<\/p>\n<p>4\u00a0\u00a0\u00a0\u00a0\u00a0\u00a0\u00a0\u00a0\u00a0\u00a0\u00a0\u00a0\u00a0 Tremblay, S.-O., Marceau, D., Kocaefe, D. and Laga\u00e7\u00e9, C.-L. <em>Developpement of a New Approach to Increase the Electrical Performance of Anode Assemblies &#8211; Part 2<\/em>. in <em>Light Metals 2017, proceeding of the 146th Annual Meeting &amp; Exhibition<\/em>. 2017. San Diego Convention Center, San Diego, California, USA.<\/p>\n<p>5\u00a0\u00a0\u00a0\u00a0\u00a0\u00a0\u00a0\u00a0\u00a0\u00a0\u00a0\u00a0\u00a0 Reba\u00efne, F., Bouazara, M., Marceau, D., Kocaefe, D. and Coulombe, P., <em>2-DOF Dynamic Model of Vibro-compactor Used for the Carbon Anodes Block Production.<\/em> CIRP Journal of Manufacturing Science and Technology, 2017. <strong>18<\/strong>: p. 45-52.<\/p>\n<p>6\u00a0\u00a0\u00a0\u00a0\u00a0\u00a0\u00a0\u00a0\u00a0\u00a0\u00a0\u00a0\u00a0 Tremblay, S.-O., Marceau, D., Kocaefe, D., Laga\u00e7\u00e9, C.-L., Gagnon, M., Laflamme, F. and Ladouceur, G. <em>In Situ Investigation of Current Distribution in the Anode<\/em>. in <em>The International Committee for Study of Bauxite, Alumina &amp; Aluminium (ICSOBA), 34th Conference and Exhibition<\/em>. 2016. Hotel Palace Royal, Quebec City, Qu\u00e9bec, Canada.<\/p>\n<p>7\u00a0\u00a0\u00a0\u00a0\u00a0\u00a0\u00a0\u00a0\u00a0\u00a0\u00a0\u00a0\u00a0 Tremblay, S.-O., Marceau, D., Kocaefe, D., Laga\u00e7\u00e9, C.-L., Gagnon, M., Laflamme, F. and Ladouceur, G. <em>In Situ Investigation of the behavior of anode assemblies<\/em>. in <em>Light Metals 2016, proceeding of the 145th Annual Meeting &amp; Exhibition<\/em>. 2016. Music City Center, Nashville, Tennessee, USA.<\/p>\n<p>8\u00a0\u00a0\u00a0\u00a0\u00a0\u00a0\u00a0\u00a0\u00a0\u00a0\u00a0\u00a0\u00a0 Kallel, W., Girard, P.-L., Marceau, D., Kocaefe, D., Racine, D. and Coulombe, P. <em>Evolution of Mechanical Properties of Carbon Anodes During Baking<\/em>. in <em>The International Committee for Study of Bauxite, Alumina &amp; Aluminium (ICSOBA), 34th Conference and Exhibition<\/em>. 2016. Hotel Palace Royal, Quebec City, Qu\u00e9bec, Canada.<\/p>\n<p>9\u00a0\u00a0\u00a0\u00a0\u00a0\u00a0\u00a0\u00a0\u00a0\u00a0\u00a0\u00a0\u00a0 Girard, P.-L., Marceau, D., Kocaefe, D., Kallel, W. and Coulombe, P. <em>Numerical investigation of the Non-Recoverable Strain in Carbon Anode During Baking Process<\/em>. in <em>The International Committee for Study of Bauxite, Alumina &amp; Aluminium (ICSOBA), 34th Conference and Exhibition<\/em>. 2016. Hotel Palace Royal, Quebec City, Qu\u00e9bec, Canada.<\/p>\n<p>10\u00a0\u00a0\u00a0\u00a0\u00a0\u00a0\u00a0\u00a0\u00a0\u00a0 Andoh, M.-A., Kocaefe, D., Bhattacharyay, D., Kocaefe, Y., Marceau, D. and Morais, B. <em>Measurement of the Electrical Current Distribution in an Anode<\/em>. in <em>Light Metals 2016, proceeding of the 145th Annual Meeting &amp; Exhibition<\/em>. 2016. Music City Center, Nashville, Tennessee, USA.<\/p>\n<p>11\u00a0\u00a0\u00a0\u00a0\u00a0\u00a0\u00a0\u00a0\u00a0\u00a0 Tremblay, S.-O., Marceau, D., Kocaefe, D., Laga\u00e7\u00e9, C.-L. and C\u00f4t\u00e9, J. <em>Development of a New Approach to Increase the Electrical Performance of Anode Assemblies<\/em>. in <em>Light Metals 2015, proceeding of the 144th Annual Meeting &amp; Exhibition<\/em>. 2015. Walt Dysney Word, Orlando, Florida, USA.<\/p>\n<p>12\u00a0\u00a0\u00a0\u00a0\u00a0\u00a0\u00a0\u00a0\u00a0\u00a0 Racine, D., Lukovnikov, D., Marceau, D. and Laroche, D. <em>Innovative Procedure for the Characterisation of Thermo-Mechanical Properties of Carbon-Based Materials Using the GLEEBLE 3800 System<\/em>. in <em>Light Metals 2015, proceeding of the 144th Annual Meeting &amp; Exhibition<\/em>. 2015. Walt Disney Word, Orlando, Florida, USA.<\/p>\n<p>13\u00a0\u00a0\u00a0\u00a0\u00a0\u00a0\u00a0\u00a0\u00a0\u00a0 Lukovnikov, D., Racine, D., Marceau, D., Kiss, L.-I., Zhelateleva, R. and Laroche, D. <em>On the Evolution of Steel Stub Thermo-Physical\/Thermo-Mechanical Properties During Operational Stage of Anodic Assemblies<\/em>. in <em>Light Metals 2015, proceeding of the 144th Annual Meeting &amp; Exhibition<\/em>. 2015. Walt Disney Word, Orlando, Florida, USA.<\/p>\n<p>14\u00a0\u00a0\u00a0\u00a0\u00a0\u00a0\u00a0\u00a0\u00a0\u00a0 Lukovnikov, D., Racine, D., Marceau, D., Balloy, D., Zhelateleva, R. and Laroche, D. <em>An Innovative Microstructural Approach for the Determination of the Thermo-Mechanical Behavior of the Cast Iron Connector During Operational Stage of Anodic Assemblies<\/em>. in <em>Light Metals 2015, proceeding of the 145th Annual Meeting &amp; Exhibition<\/em>. 2015. Walt Disney Word, Orlando, Florida, USA.<\/p>\n<p>15\u00a0\u00a0\u00a0\u00a0\u00a0\u00a0\u00a0\u00a0\u00a0\u00a0 Lukovnikov, D., Racine, D., Marceau, D., Balloy, D., Zhelateleva, R. and Laroche, D. <em>Determination of the Microstructural Creep Properties of Cast Iron Connector at High Temperature for the Prediction of the Thermo-Mechanical Behavior of Anodic Assemblies<\/em>. in <em>Light Metals 2015, proceeding of the 144th Annual Meeting &amp; Exhibition<\/em>. 2015. Walt Disney Word, Orlando, Florida, USA.<\/p>\n<p>16\u00a0\u00a0\u00a0\u00a0\u00a0\u00a0\u00a0\u00a0\u00a0\u00a0 Baiteche, M., Kocaefe, D., Kocaefe, Y., Marceau, D., Morais, B. and Lafrance, J. <em>Description and Applications of a 3D Mathematical Model for Horizontal Anode Baking Furnaces<\/em>. in <em>Light Metals 2015, proceeding of the 144th Annual Meeting &amp; Exhibition<\/em>. 2015. Walt Disney Word, Orlando, Florida, USA.<\/p>\n<p>17\u00a0\u00a0\u00a0\u00a0\u00a0\u00a0\u00a0\u00a0\u00a0\u00a0 Raoelison, R.N., Zhang, Z., Racine, D., Buiron, N., Marceau, D. and Rachik, M. <em>Magnetic pulse welding of dissimilar metals pairs: emerging issues on the weldability<\/em>. in <em>9th International Materials Technology Conference and Exhibition<\/em>. 2014. Putra World Trade Centre, Kuala Lumpur, Malaysia<\/p>\n<p>18\u00a0\u00a0\u00a0\u00a0\u00a0\u00a0\u00a0\u00a0\u00a0\u00a0 Raoelison, R.N., Racine, D., Zhang, Z., Buiron, N., Marceau, D. and Rachik, M., <em>Magnetic pulse welding: Interface of Al\/Cu joint and investigation of intermetallic formation effect on the weld features.<\/em> J. of Manufacturing Process, 2014. <strong>16<\/strong>(4): p. 427-434.<\/p>\n<p>19\u00a0\u00a0\u00a0\u00a0\u00a0\u00a0\u00a0\u00a0\u00a0\u00a0 Kocaefe, D., Baiteche, M., Oumarou, N., Marceau, D. and Morais, B. <em>Different Mathematical Modelling Approaches to predict the Horizontal Anode Baking Furnace Performance<\/em>. in <em>11th AustralAsia Aluminium Smelting Technology Conference<\/em>. 2014. Dubai, United Arab Emirates.<\/p>\n<p>20\u00a0\u00a0\u00a0\u00a0\u00a0\u00a0\u00a0\u00a0\u00a0\u00a0 Emami, M., Marceau, D. and D\u00e9silets, M. <em>Development of a New Methodology to Measure Contact Pressure Along a Thermo-Electro-Mechanical Interface<\/em>. in <em>Light Metals 2014, proceeding of the 143th Annual Meeting &amp; Exhibition<\/em>. 2014. San Diego Convention Center, San Diego, California, USA: Wiley.<\/p>\n<p>21\u00a0\u00a0\u00a0\u00a0\u00a0\u00a0\u00a0\u00a0\u00a0\u00a0 Tremblay, S., St-Georges, L., Kiss, L.-I., Hacini, L., Allard, B. and Marceau, D. <em>Evolution of the Thermo-Mechanical Properties of Ramming Paste from Ambient to Operating Temperature in Hall-Heroult Cell<\/em>. in <em>Light Metals 2013, proceeding of the 142th Annual Meeting &amp; Exhibition<\/em>. 2013. Henry B. Gonzalez Convention Center, San Antonio, Texas, USA: TMS.<\/p>\n<p>22\u00a0\u00a0\u00a0\u00a0\u00a0\u00a0\u00a0\u00a0\u00a0\u00a0 Reba\u00efne, F., Bouazara, M., Marceau, D., Kocaefe, D. and Morais, B. <em>Physical and Mechanical Characterization of Carbon Anodes Produced from Different Vibro-Compactors<\/em>. in <em>Proceedings of Materials Science &amp; Technology 2013<\/em>. 2013. Montr\u00e9al, Canada.<\/p>\n<p>23\u00a0\u00a0\u00a0\u00a0\u00a0\u00a0\u00a0\u00a0\u00a0\u00a0 Reba\u00efne, F., Bouazara, M., Marceau, D., Kocaefe, D. and Morais, B. <em>Development of an Analytical Dynamic Model of a Vibro-Compactor Used in Carbon Anode Production<\/em>. in <em>Light Metals 2013, proceeding of the 142th Annual Meeting &amp; Exhibition<\/em>. 2013. Henry B. Gonzalez Convention Center, San Antonio, Texas, USA: TMS.<\/p>\n<p>24\u00a0\u00a0\u00a0\u00a0\u00a0\u00a0\u00a0\u00a0\u00a0\u00a0 Palama Bongo, F., Favergeon, J., Rachik, M. and Marceau, D. <em>Simulation of the Thermal Profile of a Mushy Metallic Sample during Tensile Tests<\/em>. in <em>V International Conference on Computational Methods for Coupled Problems in Science and Engineering (COUPLED PROBLEMS 2013)<\/em>. 2013. Ibiza, Espagne: European Congress on Computational Methods in Applied Sciences and Engineering (ECCOMAS).<\/p>\n<p>25\u00a0\u00a0\u00a0\u00a0\u00a0\u00a0\u00a0\u00a0\u00a0\u00a0 Jeddi, E., Marceau, D., Kiss, L.-I., St-Georges, L., Laroche, D. and Hacini, L. <em>Experimental and Numerical Investigation of Voltage Drop in Anode Assemblies<\/em>. in <em>Light Metals 2013, proceeding of the 142th Annual Meeting &amp; Exhibition<\/em>. 2013. Henry B. Gonzalez Convention Center, San Antonio, Texas, USA: TMS.<\/p>\n<p>26\u00a0\u00a0\u00a0\u00a0\u00a0\u00a0\u00a0\u00a0\u00a0\u00a0 St-Georges, L., Kiss, I.-L., Tremblay, S. and Marceau, D. <em>Thermo-mechanical Characterization of the Ramming Paste used in Aluminium Electrolysis Cell<\/em>. in <em>Proceedings of the 8th International Conference on Mechanical Engineering<\/em>. 2012. Budapest, Hungary.<\/p>\n<p>27\u00a0\u00a0\u00a0\u00a0\u00a0\u00a0\u00a0\u00a0\u00a0\u00a0 Jeddi, E., Marceau, D., Kiss, I.-L., St-Georges, L., Laroche, D. and Hacini, L. <em>Thermo-Electro-Mechanical investigation of Voltage Drop in Anode Assembly using the Finite Element Method<\/em>. in <em>Proceedings of the 10th World Conference on Computational Mechanics (WCCM)<\/em>. 2012. S\u00e3o Paulo, Brazil: Springer Verlag.<\/p>\n<p>28\u00a0\u00a0\u00a0\u00a0\u00a0\u00a0\u00a0\u00a0\u00a0\u00a0 Guglielmetti, A., Buiron, N., Marceau, D., Rachik, M. and Volat, C. <em>Modelling of Tubes Magnetic Pulse Welding<\/em>. in <em>Proceedings of the ASME 2012 11th Biennial Conference On Engineering Systems Design And Analysis<\/em>. 2012. Nantes, France: American Society of Mechanical Engineers.<\/p>\n<p>29\u00a0\u00a0\u00a0\u00a0\u00a0\u00a0\u00a0\u00a0\u00a0\u00a0 Bussetta, P., Marceau, D. and Ponthot, J.P., <em>New method to the resolution of the mechanical frictional contact problem: Augmented Adapted Lagrangian Method.<\/em> Computational Mechanics, 2012. <strong>49<\/strong>(2): p. 259-275.<\/p>\n<p>30\u00a0\u00a0\u00a0\u00a0\u00a0\u00a0\u00a0\u00a0\u00a0\u00a0 St-Georges, L., Kiss, L.-I., Rouleau, M., Bouchard, J. and Marceau, D. <em>Effects of High Temperatures and Pressures on Cathode and Anode Interfaces in Hall-Heroult Cells<\/em>. in <em>Light Metals 2011, proceeding of the 140th Annual Meeting &amp; Exhibition<\/em>. 2011. San Diego Convention Center, San Diego, California, USA: TMS.<\/p>\n<p>31\u00a0\u00a0\u00a0\u00a0\u00a0\u00a0\u00a0\u00a0\u00a0\u00a0 Riahi, M., Marceau, D., Perron, J. and Laforte, C., <em>Experimental\/numerical approach to predict the mechanical behaviour at ice\/aluminium interface.<\/em> Cold Regions Science and Technology, 2011. <strong>65<\/strong>(2): p. 191-202.<\/p>\n<p>32\u00a0\u00a0\u00a0\u00a0\u00a0\u00a0\u00a0\u00a0\u00a0\u00a0 Marceau, D., Pilote, S., D\u00e9silets, M., Bilodeau, J.-F., Hacini, L. and Caratini, Y. <em>Advenced Numerical Simulation of the Thermo-Electro-Mechanical Behaviour of Hall-Heroult Cells under Electrical Preheating<\/em>. in <em>Light Metals 2011, proceeding of the 140th Annual Meeting &amp; Exhibition<\/em>. 2011. San Diego Convention Center, San Diego, California, USA: TMS.<\/p>\n<p>33\u00a0\u00a0\u00a0\u00a0\u00a0\u00a0\u00a0\u00a0\u00a0\u00a0 Jeddi, E., Marceau, D., Kiss, L.-I., St-Georges, L., Laroche, D. and Hacini, L. <em>Advanced Numerical Approach to Reduce the Anodic Voltage Drop in Hall-Heroult Process<\/em>. in <em>Proceedings of the IV International Conference on Computational Methods for Coupled Problems in Science and Engineering<\/em>. 2011. Kos Island, Gr\u00e8ce: International Center for Numerical Methods in Engineering (CIMNE).<\/p>\n<p>34\u00a0\u00a0\u00a0\u00a0\u00a0\u00a0\u00a0\u00a0\u00a0\u00a0 Thibeault, F., Marceau, D., Younsi, R. and Kocaefe, D., <em>Numerical and Experimental Validation of Thermo-Hygro-Mechanical behaviour of Wood during Drying Process.<\/em> International Comm. in Heat and Mass Transfer, 2010. <strong>37<\/strong>(7): p. 756-760.<\/p>\n<p>35\u00a0\u00a0\u00a0\u00a0\u00a0\u00a0\u00a0\u00a0\u00a0\u00a0 Balima, O., Pierre, T., Charette, A. and Marceau, D., <em>A least square finite element formulation of the collimated irradiation in frequency domain for optical tomography applications.<\/em> J. of Quantitative Spectroscopy &amp; Radiative Transfer, 2010. <strong>111<\/strong>(2): p. 280-286.<\/p>\n<p>36\u00a0\u00a0\u00a0\u00a0\u00a0\u00a0\u00a0\u00a0\u00a0\u00a0 Balima, O., Charette, A. and Marceau, D., <em>Comparison of light transport models in view of optical tomography applications.<\/em> Journal of Computational &amp; Applied Mathematics, 2010. <strong>234<\/strong>(7): p. 2259-2271.<\/p>\n<p>37\u00a0\u00a0\u00a0\u00a0\u00a0\u00a0\u00a0\u00a0\u00a0\u00a0 Balima, O., Boulanger, J., Charette, A. and Marceau, D., <em>New developments in frequency domain optical tomography. Part II. Application with a L-BFGS associated to an inexact line search <\/em>J. of Quantitative Spectroscopy &amp; Radiative Transfer, 2010. <strong>112<\/strong>(7): p. 1235-1240.<\/p>\n<p>38\u00a0\u00a0\u00a0\u00a0\u00a0\u00a0\u00a0\u00a0\u00a0\u00a0 Balima, O., Boulanger, J., Charette, A. and Marceau, D., <em>New developments in frequency domain optical tomography. Part I. Forward model and gradient computation <\/em>J. of Quantitative Spectroscopy &amp; Radiative Transfer, 2010. <strong>112<\/strong>(7): p. 1229-1234.<\/p>\n<p>39\u00a0\u00a0\u00a0\u00a0\u00a0\u00a0\u00a0\u00a0\u00a0\u00a0 Balima, O., Boulanger, J., Charette, A. and Marceau, D. <em>New developments in frequency domain optical tomography. Part I. Forward model and gradient computation<\/em>. in <em>Sixth International Symposium on Radiation Transfer, Antayla, Turkey<\/em>. 2010.<\/p>\n<p>40\u00a0\u00a0\u00a0\u00a0\u00a0\u00a0\u00a0\u00a0\u00a0\u00a0 Balima, O., Boulanger, J., Charette, A. and Marceau, D. <em>New developments in frequency domain optical tomography. Part II. Application with a L-BFGS associated to an inexact line search<\/em>. in <em>Sixth International Symposium on Radiation Transfer, Antayla, Turkey<\/em>. 2010.<\/p>\n<p>41\u00a0\u00a0\u00a0\u00a0\u00a0\u00a0\u00a0\u00a0\u00a0\u00a0 Balima, O., Boulanger, J., Charette, A. and Marceau, D. <em>Near infra-red imaging with the radiative transfer equation: A comparative study with finite elements<\/em>. in <em>Quantitative Infrared Thermography, Quebec city (QC), Canada<\/em>. 2010.<\/p>\n<p>42\u00a0\u00a0\u00a0\u00a0\u00a0\u00a0\u00a0\u00a0\u00a0\u00a0 Balima, O., Boulanger, J., Charette, A. and Marceau, D. <em>Optical Tomography with a least square finite element formulation of the collimated irradiation in frequency domain<\/em>. in <em>14th International Heat Transfer Conference, Washington D.C, USA<\/em>. 2010.<\/p>\n<p>43\u00a0\u00a0\u00a0\u00a0\u00a0\u00a0\u00a0\u00a0\u00a0\u00a0 Thibeault, F., Marceau, D., Younsi, R. and Kocaefe, D. <em>Numerical and Experimental Validation of Thermo-Hygro-Mechanical Behaviour of Wood during Drying Process<\/em>. in <em>8th Word Congress on Chemical Engineering, Montr\u00e9al, Canada<\/em>. 2009. Canadian Society for Chemical Engineering.<\/p>\n<p>44\u00a0\u00a0\u00a0\u00a0\u00a0\u00a0\u00a0\u00a0\u00a0\u00a0 Bussetta, P., Marceau, D. and Ponthot, J.-P. <em>Resolution du probl\u00e8me de contact mecanique : methode du lagrangien augmente adapte<\/em>. in <em>Actes du neuvi\u00e8me colloque en calcul des structures, Giens, France<\/em>. 2009. Copie Clean.<\/p>\n<p>45\u00a0\u00a0\u00a0\u00a0\u00a0\u00a0\u00a0\u00a0\u00a0\u00a0 Balima, O., Pierre, T., Charette, A. and Marceau, D. <em>A least square finite element formulation of the collimated irradiation in frequency domain for optical tomography applications<\/em>. in <em>Computational Thermal Radiation in Participating Media III, Lisbon, Portugal<\/em>. 2009. Elsevier-Lavoisier.<\/p>\n<p>46\u00a0\u00a0\u00a0\u00a0\u00a0\u00a0\u00a0\u00a0\u00a0\u00a0 Saoudi, A., Bouazara, M. and Marceau, D., <em>Prediction of Fatigue Live of Automitive Aluminum Lower Suspension Arm.<\/em> Sciences and Technology, 2008. <strong>B<\/strong>(University of Constantine, Algeria): p. 39-44.<\/p>\n<p>47\u00a0\u00a0\u00a0\u00a0\u00a0\u00a0\u00a0\u00a0\u00a0\u00a0 Saoudi, A., Bouazara, M. and Marceau, D., <em>Study of Fatigue Life &amp; Weight Optimization of Automobile Aluminium Alloy Part under Random Road Excitation.<\/em> J. of Shock \\&amp; Vibration, 2008. <strong>17<\/strong>(2): p. 107-121.<\/p>\n<p>48\u00a0\u00a0\u00a0\u00a0\u00a0\u00a0\u00a0\u00a0\u00a0\u00a0 Saoudi, A., Bouazara, M. and Marceau, D., <em>A Study of Fatigue Failure in the Lower Suspension Arm of a Vehicle Using a Multiaxial Criterion of the Strain Energy Density.<\/em> J. of Mechanical Engineering, 2008. <strong>57<\/strong>(4): p. 345-356.<\/p>\n<p>49\u00a0\u00a0\u00a0\u00a0\u00a0\u00a0\u00a0\u00a0\u00a0\u00a0 Saoudi, A., Bouazara, M. and Marceau, D. <em>Prediction of Fatigue Life of Automotive Aluminum Lower Suspension Arm<\/em>. in <em>ICF: International Conference of Fracture, Alger, Algeria<\/em>. 2008.<\/p>\n<p>50\u00a0\u00a0\u00a0\u00a0\u00a0\u00a0\u00a0\u00a0\u00a0\u00a0 Mrad, H., Rachik, M. and Marceau, D. <em>The Probabilistic Numerical Investigation of the Frictional Contact Problem<\/em>. in <em>4th International Conference on Advances in Mechanical Engineering and Mechanics, Sousse, Tunisia<\/em>. 2008. Boussaa Publishing Co.<\/p>\n<p>51\u00a0\u00a0\u00a0\u00a0\u00a0\u00a0\u00a0\u00a0\u00a0\u00a0 Maltais, P., Bucher, L. and Marceau, D. <em>Fatigue Design of AA6061 Thin-Walled Tubular Welded Structures under Variable Amplitude Loading<\/em>. in <em>International Conference on Aluminium Alloys, Aachen, Germany<\/em>. 2008. Wiley-VCH GmbH &amp; Co. KGaA.<\/p>\n<p>52\u00a0\u00a0\u00a0\u00a0\u00a0\u00a0\u00a0\u00a0\u00a0\u00a0 Balima, O., Charette, A. and Marceau, D. <em>Comparison of light transport models in view of optical tomography applications<\/em>. in <em>Advanced Computational Methods in Engineering, Liege, Belgium<\/em>. 2008.<\/p>\n<p>53\u00a0\u00a0\u00a0\u00a0\u00a0\u00a0\u00a0\u00a0\u00a0\u00a0 Saoudi, A., Bouazara, M. and Marceau, D. <em>Prediction de la duree de vie des pi\u00e8ces d&#8217;automobile en alliage d&#8217;aluminium par le crit\u00e8re de densite d&#8217;energie SWT<\/em>. in <em>21st Canadian Congress of Applied Mechanics, Ryerson University, Toronto<\/em>. 2007.<\/p>\n<p>54\u00a0\u00a0\u00a0\u00a0\u00a0\u00a0\u00a0\u00a0\u00a0\u00a0 Riahi, M., Marceau, D. and Perron, J. <em>\u00c9tude du comportement deformationnel a l&#8217;interface glace-substrat par la methode des elements finis<\/em>. in <em>Actes du huiti\u00e8me colloque en calcul des structures, Giens, France<\/em>. 2007. Herm\u00e8s-Lavoisier.<\/p>\n<p>55\u00a0\u00a0\u00a0\u00a0\u00a0\u00a0\u00a0\u00a0\u00a0\u00a0 Mrad, H., Marceau, D., Rachik, M. and Fafard, M. <em>Utilisation de l&#8217;algorithme de Monte Carlo pour l&#8217;analyse probabiliste de probl\u00e8me du contact mecanique<\/em>. in <em>Actes du huiti\u00e8me colloque en calcul des structures, Giens, France<\/em>. 2007. Herm\u00e8s-Lavoisier.<\/p>\n<p>56\u00a0\u00a0\u00a0\u00a0\u00a0\u00a0\u00a0\u00a0\u00a0\u00a0 Bastien, J., Marceau, D., Fafard, M. and Ganz, H.R., <em>Use of FEA for the Design of Posttensionning Anchor Head.<\/em> ASCE J. of Bridge Engng, 2007. <strong>12<\/strong>(2): p. 194-204.<\/p>\n<p>57\u00a0\u00a0\u00a0\u00a0\u00a0\u00a0\u00a0\u00a0\u00a0\u00a0 Ramadane, A., Fafard, M., Marceau, D. and Melan\u00e7on, C. <em>Nouvelle approche par sous-domaines pour les probl\u00e8mes de contact multiphysique<\/em>. in <em>Actes du septi\u00e8me colloque en calcul des structures, Giens, France<\/em>. 2005. Herm\u00e8s-Lavoisier.<\/p>\n<p>58\u00a0\u00a0\u00a0\u00a0\u00a0\u00a0\u00a0\u00a0\u00a0\u00a0 Marceau, D., Goulet, P., Richard, D. and Fafard, M. <em>FESh++, une nouvelle approche orientee objet pour la simulation par elements finis des probl\u00e8mes multiphysiques<\/em>. in <em>Actes du septi\u00e8me colloque en calcul des structures, Giens, France<\/em>. 2005. Herm\u00e8s-Lavoisier.<\/p>\n<p>59\u00a0\u00a0\u00a0\u00a0\u00a0\u00a0\u00a0\u00a0\u00a0\u00a0 Marceau, D., Fafard, M. and Bastien, J., <em>Numerical study of mono-strand anchorage mechanism under service load.<\/em> Int. J. of Struct. Engng and Mech., 2004. <strong>18<\/strong>(4): p. 475-491.<\/p>\n<p>60\u00a0\u00a0\u00a0\u00a0\u00a0\u00a0\u00a0\u00a0\u00a0\u00a0 Marceau, D., Fafard, M. and Bastien, J., <em>Constitutive law for wedge\/tendon gripping interface in anchorage device &#8212; numerical modeling and parameters identification.<\/em> Int. J. of Struct. Engng and Mech., 2003. <strong>15<\/strong>(2): p. 609-628.<\/p>\n<p>61\u00a0\u00a0\u00a0\u00a0\u00a0\u00a0\u00a0\u00a0\u00a0\u00a0 Marceau, D., Fafard, M. and Bastien, J. <em>Finite element modeling of mono-strand anchorage mechanism under service load<\/em>. in <em>Actes du sixi\u00e8me colloque en calcul des structures<\/em>. 2003. Ed. Potier-Ferry, Bonnet &amp; Bignonnet (\u00c9cole polytechnique, Paris).<\/p>\n<p>62\u00a0\u00a0\u00a0\u00a0\u00a0\u00a0\u00a0\u00a0\u00a0\u00a0 D\u00e9silets, M., Marceau, D. and Fafard, M. <em>Thermo-electro-mechanical transient simulation applied to electrical preheating of a Hall-Heroult cell<\/em>. in <em>Light Metals 2003, proceeding of the 132nd TMS Annual Meeting<\/em>. 2003. San Diego, California: Ed by E. Crepeau.<\/p>\n<p>63\u00a0\u00a0\u00a0\u00a0\u00a0\u00a0\u00a0\u00a0\u00a0\u00a0 Marceau, D., Fafard, M., Bastien, J. and Boudjelal, M.T. <em>Application des reseaux neuromim\u00e9tiques \u00e0 la d\u00e9termination du comportement d\u00e9formationnel d&#8217;un dispositif d&#8217;ancrage multitorons<\/em>. in <em>Actes du cinqui\u00e8me colloque en calcul des structures<\/em>. 2001. Ed. Batoz, Ben Dhi &amp; Chauchot (Tecknea, Toulouse), Giens, France.<\/p>\n<p>64\u00a0\u00a0\u00a0\u00a0\u00a0\u00a0\u00a0\u00a0\u00a0\u00a0 Marceau, D., Bastien, J., Fafard, M. and Chabert, A., <em>Experimental and numerical studies of mono-strand anchorage.<\/em> Int. J. of Struct. Engng and Mech., 2001. <strong>12<\/strong>(2): p. 119-134.<\/p>\n<p>65\u00a0\u00a0\u00a0\u00a0\u00a0\u00a0\u00a0\u00a0\u00a0\u00a0 Marceau, D., Bastien, J. and Fafard, M. <em>Modelisation numerique du contact avec frottement et son application \u00e0 l&#8217;\u00e9tude du comportement des t\u00eates d&#8217;ancrages mono-toron<\/em>. in <em>Troisi\u00e8me conf\u00e9rence canadienne sur l&#8217;informatique en g\u00e9nie civil et g\u00e9nie du b\u00e2timent<\/em>. 1996. Montr\u00e9al, Canada: The Canadian Society for Civil Engineering.<\/p>\n<p>66\u00a0\u00a0\u00a0\u00a0\u00a0\u00a0\u00a0\u00a0\u00a0\u00a0 Bastien, J., Marceau, D., Fafard, M. and Chabert, A. <em>Experimental and numerical study of multi-strands wedge anchor heads<\/em>. in <em>Post-Tensioned Concrete Structures<\/em>. 1996. The Concrete Society, 3 Eatongate, 112 Windsor Road, Slough, SL1 2JA.<\/p>\n","protected":false},"excerpt":{"rendered":"<p>1\u00a0\u00a0\u00a0\u00a0\u00a0\u00a0\u00a0\u00a0\u00a0\u00a0\u00a0\u00a0\u00a0 Li, J.S., Sapanthan, T., Raoelison, R.N., Zhang, Z., Chen, X.G., Marceau, D., Simar, A. and Rachik, M., Inverse Prediction of Local Interface Temperature during Electromagnetic Pulse Welding via Precipitate Kinetics. Materials Letters, 2019. 249: p. 177-179. 2\u00a0\u00a0\u00a0\u00a0\u00a0\u00a0\u00a0\u00a0\u00a0\u00a0\u00a0\u00a0\u00a0 Tremblay, S.-O., Marceau, D., Coulombe, P., C\u00f4t\u00e9, J. and Kocaefe, D. Numerical Investigation of the Thermomechanical Behaviour &hellip; <a href=\"https:\/\/portfolio.uqac.ca\/danielmarceau\/articles\/\" class=\"more-link\">Continuer la lecture de <span class=\"screen-reader-text\">Articles<\/span>  <span class=\"meta-nav\">&rarr;<\/span><\/a><\/p>\n","protected":false},"author":89,"featured_media":0,"parent":0,"menu_order":0,"comment_status":"closed","ping_status":"closed","template":"","meta":{"footnotes":""},"tags":[],"_links":{"self":[{"href":"https:\/\/portfolio.uqac.ca\/danielmarceau\/wp-json\/wp\/v2\/pages\/162"}],"collection":[{"href":"https:\/\/portfolio.uqac.ca\/danielmarceau\/wp-json\/wp\/v2\/pages"}],"about":[{"href":"https:\/\/portfolio.uqac.ca\/danielmarceau\/wp-json\/wp\/v2\/types\/page"}],"author":[{"embeddable":true,"href":"https:\/\/portfolio.uqac.ca\/danielmarceau\/wp-json\/wp\/v2\/users\/89"}],"replies":[{"embeddable":true,"href":"https:\/\/portfolio.uqac.ca\/danielmarceau\/wp-json\/wp\/v2\/comments?post=162"}],"version-history":[{"count":8,"href":"https:\/\/portfolio.uqac.ca\/danielmarceau\/wp-json\/wp\/v2\/pages\/162\/revisions"}],"predecessor-version":[{"id":204,"href":"https:\/\/portfolio.uqac.ca\/danielmarceau\/wp-json\/wp\/v2\/pages\/162\/revisions\/204"}],"wp:attachment":[{"href":"https:\/\/portfolio.uqac.ca\/danielmarceau\/wp-json\/wp\/v2\/media?parent=162"}],"wp:term":[{"taxonomy":"post_tag","embeddable":true,"href":"https:\/\/portfolio.uqac.ca\/danielmarceau\/wp-json\/wp\/v2\/tags?post=162"}],"curies":[{"name":"wp","href":"https:\/\/api.w.org\/{rel}","templated":true}]}}