{"id":167,"date":"2019-06-12T16:43:28","date_gmt":"2019-06-12T20:43:28","guid":{"rendered":"http:\/\/portfolio-pre.uqac.ca\/gabarit\/?page_id=167"},"modified":"2019-06-17T14:56:10","modified_gmt":"2019-06-17T18:56:10","slug":"autres-publications","status":"publish","type":"page","link":"https:\/\/portfolio.uqac.ca\/danielmarceau\/autres-publications\/","title":{"rendered":"Autres publications"},"content":{"rendered":"<p><strong>Chapitres de livre<\/strong><\/p>\n<p>1\u00a0\u00a0\u00a0\u00a0\u00a0\u00a0\u00a0\u00a0\u00a0\u00a0\u00a0\u00a0\u00a0 Charette, A., Balima, O., Boulanger, J. and Marceau, D., <em>Determination of material properties: Optical tomography applications<\/em>. 2011, Thermopedia.<\/p>\n<p>2\u00a0\u00a0\u00a0\u00a0\u00a0\u00a0\u00a0\u00a0\u00a0\u00a0\u00a0\u00a0\u00a0 Fafard, M., Marceau, D., D&#8217;amours, G., Goulet, P. and Richard, D., <em>Mod\u00e9lisation num\u00e9rique, d\u00e9fis et perspective<\/em>, in <em>Mod\u00e9lisation um\u00e9rique : D\u00e9fis et perspectives <\/em>2006, Hermes Science &#8211; Lavoisier. p. 47-122.<\/p>\n<p><strong>Brevets<\/strong><\/p>\n<p>1\u00a0\u00a0\u00a0\u00a0\u00a0\u00a0\u00a0\u00a0\u00a0\u00a0\u00a0\u00a0\u00a0 Tremblay, S.-O. and Marceau, D. <em>Anode Assembly for Aluminum Electrolysis Cells and Method for Manufacturing Anode Assemblies<\/em>, PCT\/CA2016\/050249, Pays: Canada, \u00c9tats-Unies, \u00c9mirats Arabes Unis, 2017.<\/p>\n<p>&nbsp;<\/p>\n<p>&nbsp;<\/p>\n","protected":false},"excerpt":{"rendered":"<p>Chapitres de livre 1\u00a0\u00a0\u00a0\u00a0\u00a0\u00a0\u00a0\u00a0\u00a0\u00a0\u00a0\u00a0\u00a0 Charette, A., Balima, O., Boulanger, J. and Marceau, D., Determination of material properties: Optical tomography applications. 2011, Thermopedia. 2\u00a0\u00a0\u00a0\u00a0\u00a0\u00a0\u00a0\u00a0\u00a0\u00a0\u00a0\u00a0\u00a0 Fafard, M., Marceau, D., D&#8217;amours, G., Goulet, P. and Richard, D., Mod\u00e9lisation num\u00e9rique, d\u00e9fis et perspective, in Mod\u00e9lisation um\u00e9rique : D\u00e9fis et perspectives 2006, Hermes Science &#8211; Lavoisier. p. 47-122. Brevets 1\u00a0\u00a0\u00a0\u00a0\u00a0\u00a0\u00a0\u00a0\u00a0\u00a0\u00a0\u00a0\u00a0 &hellip; <a href=\"https:\/\/portfolio.uqac.ca\/danielmarceau\/autres-publications\/\" class=\"more-link\">Continuer la lecture de <span class=\"screen-reader-text\">Autres publications<\/span>  <span class=\"meta-nav\">&rarr;<\/span><\/a><\/p>\n","protected":false},"author":89,"featured_media":0,"parent":0,"menu_order":0,"comment_status":"closed","ping_status":"closed","template":"","meta":{"footnotes":""},"tags":[],"_links":{"self":[{"href":"https:\/\/portfolio.uqac.ca\/danielmarceau\/wp-json\/wp\/v2\/pages\/167"}],"collection":[{"href":"https:\/\/portfolio.uqac.ca\/danielmarceau\/wp-json\/wp\/v2\/pages"}],"about":[{"href":"https:\/\/portfolio.uqac.ca\/danielmarceau\/wp-json\/wp\/v2\/types\/page"}],"author":[{"embeddable":true,"href":"https:\/\/portfolio.uqac.ca\/danielmarceau\/wp-json\/wp\/v2\/users\/89"}],"replies":[{"embeddable":true,"href":"https:\/\/portfolio.uqac.ca\/danielmarceau\/wp-json\/wp\/v2\/comments?post=167"}],"version-history":[{"count":4,"href":"https:\/\/portfolio.uqac.ca\/danielmarceau\/wp-json\/wp\/v2\/pages\/167\/revisions"}],"predecessor-version":[{"id":206,"href":"https:\/\/portfolio.uqac.ca\/danielmarceau\/wp-json\/wp\/v2\/pages\/167\/revisions\/206"}],"wp:attachment":[{"href":"https:\/\/portfolio.uqac.ca\/danielmarceau\/wp-json\/wp\/v2\/media?parent=167"}],"wp:term":[{"taxonomy":"post_tag","embeddable":true,"href":"https:\/\/portfolio.uqac.ca\/danielmarceau\/wp-json\/wp\/v2\/tags?post=167"}],"curies":[{"name":"wp","href":"https:\/\/api.w.org\/{rel}","templated":true}]}}