{"id":4,"date":"2019-06-12T16:43:28","date_gmt":"2019-06-12T20:43:28","guid":{"rendered":"http:\/\/portfolio-pre.uqac.ca\/gabarit\/?page_id=4"},"modified":"2019-06-20T15:01:04","modified_gmt":"2019-06-20T19:01:04","slug":"presentatio","status":"publish","type":"page","link":"https:\/\/portfolio.uqac.ca\/danielmarceau\/","title":{"rendered":"Pr\u00e9sentation"},"content":{"rendered":"<h2>Daniel Marceau, ing., Ph.D.<\/h2>\n<p><em>Professeur titulaire, D\u00e9partement des sciences appliqu\u00e9es<\/em><br \/>\n<em> Directeur, Centre universitaire de recherche sur l\u2019aluminium \u2013 CURAL<\/em><br \/>\n<em> Directeur adjoint, Centre de recherche sur l\u2019aluminium \u2013 REGAL<\/em><\/p>\n<p><strong>Membre de l&#8217;Ordre des ing\u00e9nieurs du Qu\u00e9bec &#8211; OIQ<\/strong><\/p>\n<h3>Formation<\/h3>\n<p style=\"padding-left: 30px\">2001 &#8211;\u00a0Doctorat en g\u00e9nie civil, Ph.D., Mod\u00e9lisation et simulation num\u00e9rique, Universit\u00e9 Laval<\/p>\n<p style=\"padding-left: 30px\">1992 &#8211;\u00a0Ma\u00eetrise avec m\u00e9moire en g\u00e9nie civil, M.Sc., Mod\u00e9lisation et simulation nun\u00e9rique, Universit\u00e9 Laval<\/p>\n<p style=\"padding-left: 30px\">1990 &#8211;\u00a0Baccalaur\u00e9at en g\u00e9nie civil, B.Sc., Universit\u00e9 Laval<\/p>\n<h3>Champs d&#8217;int\u00e9r\u00eat<\/h3>\n<p style=\"padding-left: 30px\">Mod\u00e9lisation math\u00e9matique et simulation num\u00e9rique des probl\u00e8mes multiphysiques \u00e0 incidence industrielle<\/p>\n<p style=\"padding-left: 30px\">Caract\u00e9risation du comportement m\u00e9canique des mat\u00e9riaux \u00e0 haute temp\u00e9rature<\/p>\n","protected":false},"excerpt":{"rendered":"<p>Daniel Marceau, ing., Ph.D. Professeur titulaire, D\u00e9partement des sciences appliqu\u00e9es Directeur, Centre universitaire de recherche sur l\u2019aluminium \u2013 CURAL Directeur adjoint, Centre de recherche sur l\u2019aluminium \u2013 REGAL Membre de l&#8217;Ordre des ing\u00e9nieurs du Qu\u00e9bec &#8211; OIQ Formation 2001 &#8211;\u00a0Doctorat en g\u00e9nie civil, Ph.D., Mod\u00e9lisation et simulation num\u00e9rique, Universit\u00e9 Laval 1992 &#8211;\u00a0Ma\u00eetrise avec m\u00e9moire en &hellip; <a href=\"https:\/\/portfolio.uqac.ca\/danielmarceau\/\" class=\"more-link\">Continuer la lecture de <span class=\"screen-reader-text\">Pr\u00e9sentation<\/span>  <span class=\"meta-nav\">&rarr;<\/span><\/a><\/p>\n","protected":false},"author":89,"featured_media":0,"parent":0,"menu_order":0,"comment_status":"closed","ping_status":"closed","template":"","meta":{"footnotes":""},"tags":[],"_links":{"self":[{"href":"https:\/\/portfolio.uqac.ca\/danielmarceau\/wp-json\/wp\/v2\/pages\/4"}],"collection":[{"href":"https:\/\/portfolio.uqac.ca\/danielmarceau\/wp-json\/wp\/v2\/pages"}],"about":[{"href":"https:\/\/portfolio.uqac.ca\/danielmarceau\/wp-json\/wp\/v2\/types\/page"}],"author":[{"embeddable":true,"href":"https:\/\/portfolio.uqac.ca\/danielmarceau\/wp-json\/wp\/v2\/users\/89"}],"replies":[{"embeddable":true,"href":"https:\/\/portfolio.uqac.ca\/danielmarceau\/wp-json\/wp\/v2\/comments?post=4"}],"version-history":[{"count":26,"href":"https:\/\/portfolio.uqac.ca\/danielmarceau\/wp-json\/wp\/v2\/pages\/4\/revisions"}],"predecessor-version":[{"id":220,"href":"https:\/\/portfolio.uqac.ca\/danielmarceau\/wp-json\/wp\/v2\/pages\/4\/revisions\/220"}],"wp:attachment":[{"href":"https:\/\/portfolio.uqac.ca\/danielmarceau\/wp-json\/wp\/v2\/media?parent=4"}],"wp:term":[{"taxonomy":"post_tag","embeddable":true,"href":"https:\/\/portfolio.uqac.ca\/danielmarceau\/wp-json\/wp\/v2\/tags?post=4"}],"curies":[{"name":"wp","href":"https:\/\/api.w.org\/{rel}","templated":true}]}}