{"id":46,"date":"2019-06-12T16:43:28","date_gmt":"2019-06-12T20:43:28","guid":{"rendered":"http:\/\/portfolio-pre.uqac.ca\/gabarit\/?page_id=46"},"modified":"2019-06-20T15:07:24","modified_gmt":"2019-06-20T19:07:24","slug":"recherche","status":"publish","type":"page","link":"https:\/\/portfolio.uqac.ca\/danielmarceau\/recherche\/","title":{"rendered":"Recherche"},"content":{"rendered":"<p>Mes activit\u00e9s de recherche s&#8217;orientent principalement vers l&#8217;\u00e9tude des diff\u00e9rents proc\u00e9d\u00e9s en lien avec l&#8217;industrie de l&#8217;aluminium de premi\u00e8re fusion, et ce, afin d&#8217;en am\u00e9liorer leur fonctionnement, de r\u00e9duire le co\u00fbt de production de l&#8217;aluminium tout en r\u00e9duisant leurs impacts n\u00e9gatifs sur l&#8217;environnement. On s&#8217;attarde notamment:<\/p>\n<ul>\n<li>\u00e0 l&#8217;\u00e9tude du comportement thermo-\u00e9lectro-chimio-m\u00e9canique des cellules d\u2019\u00e9lectrolyses en phase de d\u00e9marrage et en service<\/li>\n<li>\u00e0 l&#8217;\u00e9tude du comportement thermom\u00e9canique des m\u00e9gots d&#8217;anode<\/li>\n<li>au d\u00e9veloppement de nouveaux assemblages anodiques<\/li>\n<li>l&#8217;\u00e9tude du comportement des thermo-chimio-m\u00e9canique des anodes en phase de cuisson<\/li>\n<\/ul>\n<p>La r\u00e9alisation de ces travaux exige:<\/p>\n<ul>\n<li>le d\u00e9veloppement de mod\u00e8les num\u00e9riques permettant la bonne repr\u00e9sentation des diff\u00e9rents ph\u00e9nom\u00e8nes multiphysiques<\/li>\n<li>la caract\u00e9risation\u00a0du comportement des divers mat\u00e9riaux \u00e0 haute temp\u00e9rature dans leurs \u00e9tats sains et contamin\u00e9s<\/li>\n<li>la r\u00e9alisation de campagnes de mesures\u00a0<em>in situ<\/em><\/li>\n<\/ul>\n","protected":false},"excerpt":{"rendered":"<p>Mes activit\u00e9s de recherche s&#8217;orientent principalement vers l&#8217;\u00e9tude des diff\u00e9rents proc\u00e9d\u00e9s en lien avec l&#8217;industrie de l&#8217;aluminium de premi\u00e8re fusion, et ce, afin d&#8217;en am\u00e9liorer leur fonctionnement, de r\u00e9duire le co\u00fbt de production de l&#8217;aluminium tout en r\u00e9duisant leurs impacts n\u00e9gatifs sur l&#8217;environnement. On s&#8217;attarde notamment: \u00e0 l&#8217;\u00e9tude du comportement thermo-\u00e9lectro-chimio-m\u00e9canique des cellules d\u2019\u00e9lectrolyses en &hellip; <a href=\"https:\/\/portfolio.uqac.ca\/danielmarceau\/recherche\/\" class=\"more-link\">Continuer la lecture de <span class=\"screen-reader-text\">Recherche<\/span>  <span class=\"meta-nav\">&rarr;<\/span><\/a><\/p>\n","protected":false},"author":89,"featured_media":0,"parent":0,"menu_order":0,"comment_status":"closed","ping_status":"closed","template":"","meta":{"footnotes":""},"tags":[],"_links":{"self":[{"href":"https:\/\/portfolio.uqac.ca\/danielmarceau\/wp-json\/wp\/v2\/pages\/46"}],"collection":[{"href":"https:\/\/portfolio.uqac.ca\/danielmarceau\/wp-json\/wp\/v2\/pages"}],"about":[{"href":"https:\/\/portfolio.uqac.ca\/danielmarceau\/wp-json\/wp\/v2\/types\/page"}],"author":[{"embeddable":true,"href":"https:\/\/portfolio.uqac.ca\/danielmarceau\/wp-json\/wp\/v2\/users\/89"}],"replies":[{"embeddable":true,"href":"https:\/\/portfolio.uqac.ca\/danielmarceau\/wp-json\/wp\/v2\/comments?post=46"}],"version-history":[{"count":11,"href":"https:\/\/portfolio.uqac.ca\/danielmarceau\/wp-json\/wp\/v2\/pages\/46\/revisions"}],"predecessor-version":[{"id":221,"href":"https:\/\/portfolio.uqac.ca\/danielmarceau\/wp-json\/wp\/v2\/pages\/46\/revisions\/221"}],"wp:attachment":[{"href":"https:\/\/portfolio.uqac.ca\/danielmarceau\/wp-json\/wp\/v2\/media?parent=46"}],"wp:term":[{"taxonomy":"post_tag","embeddable":true,"href":"https:\/\/portfolio.uqac.ca\/danielmarceau\/wp-json\/wp\/v2\/tags?post=46"}],"curies":[{"name":"wp","href":"https:\/\/api.w.org\/{rel}","templated":true}]}}