{"id":18,"date":"2012-07-23T20:05:15","date_gmt":"2012-07-23T20:05:15","guid":{"rendered":"http:\/\/portfolio-pre.uqac.ca\/gabarit\/?page_id=18"},"modified":"2024-04-23T11:32:26","modified_gmt":"2024-04-23T15:32:26","slug":"enseignement","status":"publish","type":"page","link":"https:\/\/portfolio.uqac.ca\/danieltremblay\/enseignement\/","title":{"rendered":"Enseignement"},"content":{"rendered":"<p><strong>Baccalaur\u00e9at en sciences comptables <\/strong><\/p>\n<p><a href=\"https:\/\/cours.uqac.ca\/2CTB104\" target=\"_blank\">2CTB104<\/a>\u00a0: Comptabilit\u00e9 : concepts fondamentaux (depuis 2008)<\/p>\n<p><a href=\"https:\/\/cours.uqac.ca\/2CTB302\">2CTB302<\/a>\u00a0: Comptabilit\u00e9 sp\u00e9cialis\u00e9e I (2007 \u00e0 2011)<\/p>\n<p>2CTB610\u00a0: S\u00e9minaire d\u2019int\u00e9gration et sujets sp\u00e9cialis\u00e9s en comptabilit\u00e9 de management (de 2008 \u00e0 2011)<\/p>\n<p><a href=\"https:\/\/cours.uqac.ca\/2CTB617\">2CTB616<\/a>\u00a0: S\u00e9minaire d\u2019int\u00e9gration en comptabilit\u00e9 (depuis 2008)<\/p>\n<p><strong>Dipl\u00f4me d\u2019\u00e9tudes sup\u00e9rieures sp\u00e9cialis\u00e9es en sciences comptables <\/strong><\/p>\n<p>2MSC844\u00a0: R\u00e8glement de litiges (2008 \u00e0 2014)<\/p>\n<p><a href=\"https:\/\/cours.uqac.ca\/2MSC840\">2MSC840<\/a>\u00a0: Lectures dirig\u00e9es (depuis 2015)<\/p>\n<p><a href=\"https:\/\/cours.uqac.ca\/2MSC834\">2MSC834<\/a>\u00a0: Synth\u00e8se I\u00a0: int\u00e9gration des connaissances (depuis 2015)<\/p>\n<p><strong>Ma\u00eetrise en administration des affaires (MBA)<\/strong><\/p>\n<p><a href=\"https:\/\/cours.uqac.ca\/2MBA852\">2MBA852<\/a> : Comptabilit\u00e9 et analyse financi\u00e8re avanc\u00e9e (depuis 2007)<\/p>\n<p><strong>Programme court de 2<sup>e<\/sup> cycle de perfectionnement CGA <\/strong><\/p>\n<p>2MCG702\u00a0: Activit\u00e9 de synth\u00e8se (2008 \u00e0 2013)<\/p>\n","protected":false},"excerpt":{"rendered":"<p>Baccalaur\u00e9at en sciences comptables 2CTB104\u00a0: Comptabilit\u00e9 : concepts fondamentaux (depuis 2008) 2CTB302\u00a0: Comptabilit\u00e9 sp\u00e9cialis\u00e9e I (2007 \u00e0 2011) 2CTB610\u00a0: S\u00e9minaire d\u2019int\u00e9gration et sujets sp\u00e9cialis\u00e9s en comptabilit\u00e9 de management (de 2008 \u00e0 2011) 2CTB616\u00a0: S\u00e9minaire d\u2019int\u00e9gration en comptabilit\u00e9 (depuis 2008) Dipl\u00f4me d\u2019\u00e9tudes sup\u00e9rieures sp\u00e9cialis\u00e9es en sciences comptables 2MSC844\u00a0: R\u00e8glement de litiges (2008 \u00e0 2014) 2MSC840\u00a0: Lectures &hellip; <a href=\"https:\/\/portfolio.uqac.ca\/danieltremblay\/enseignement\/\" class=\"more-link\">Continuer la lecture de <span class=\"screen-reader-text\">Enseignement<\/span>  <span class=\"meta-nav\">&rarr;<\/span><\/a><\/p>\n","protected":false},"author":142,"featured_media":0,"parent":0,"menu_order":0,"comment_status":"closed","ping_status":"closed","template":"","meta":{"footnotes":""},"tags":[],"_links":{"self":[{"href":"https:\/\/portfolio.uqac.ca\/danieltremblay\/wp-json\/wp\/v2\/pages\/18"}],"collection":[{"href":"https:\/\/portfolio.uqac.ca\/danieltremblay\/wp-json\/wp\/v2\/pages"}],"about":[{"href":"https:\/\/portfolio.uqac.ca\/danieltremblay\/wp-json\/wp\/v2\/types\/page"}],"author":[{"embeddable":true,"href":"https:\/\/portfolio.uqac.ca\/danieltremblay\/wp-json\/wp\/v2\/users\/142"}],"replies":[{"embeddable":true,"href":"https:\/\/portfolio.uqac.ca\/danieltremblay\/wp-json\/wp\/v2\/comments?post=18"}],"version-history":[{"count":11,"href":"https:\/\/portfolio.uqac.ca\/danieltremblay\/wp-json\/wp\/v2\/pages\/18\/revisions"}],"predecessor-version":[{"id":139,"href":"https:\/\/portfolio.uqac.ca\/danieltremblay\/wp-json\/wp\/v2\/pages\/18\/revisions\/139"}],"wp:attachment":[{"href":"https:\/\/portfolio.uqac.ca\/danieltremblay\/wp-json\/wp\/v2\/media?parent=18"}],"wp:term":[{"taxonomy":"post_tag","embeddable":true,"href":"https:\/\/portfolio.uqac.ca\/danieltremblay\/wp-json\/wp\/v2\/tags?post=18"}],"curies":[{"name":"wp","href":"https:\/\/api.w.org\/{rel}","templated":true}]}}