{"id":18,"date":"2020-04-30T16:07:24","date_gmt":"2020-04-30T20:07:24","guid":{"rendered":"http:\/\/portfolio-pre.uqac.ca\/gabarit\/?page_id=18"},"modified":"2022-09-07T12:03:39","modified_gmt":"2022-09-07T16:03:39","slug":"enseignement","status":"publish","type":"page","link":"https:\/\/portfolio.uqac.ca\/davehawey\/enseignement\/","title":{"rendered":"Enseignement"},"content":{"rendered":"<h2><\/h2>\n<h6>Cours enseign\u00e9s\u00a0au\u00a0<a href=\"https:\/\/www.uqac.ca\/programme\/7179-baccalaureat-en-animation-3d-et-en-design-numerique\/\">baccalaur\u00e9at en animation 3D et en design num\u00e9rique<\/a>\u00a0\u00e0 l&#8217;\u00c9cole NAD :<\/h6>\n<ul>\n<li>NAND202\u00a0&#8211; Direction artistique : conception et applications\u00a0<em>(<a href=\"https:\/\/cours.uqac.ca\/NAND202\">Descriptif du cours<\/a>)<\/em><\/li>\n<li><span style=\"line-height: 1.5\">NAND301 &#8211; Contexte et \u00e9thique de production &#8211; concentration jeux vid\u00e9o\u00a0<em>(<a href=\"https:\/\/cours.uqac.ca\/NAND301\">Descriptif du cours<\/a>)<\/em><\/span><\/li>\n<li>NAND313\u00a0&#8211; Projet synth\u00e8se : R\u00e9alisation<em> (<a href=\"https:\/\/cours.uqac.ca\/NAND313\">Descriptif du cours<\/a>)<\/em><\/li>\n<\/ul>\n<h6>Cours enseign\u00e9s \u00e0 la ma\u00eetrise\u00a0en art (<a href=\"https:\/\/www.nad.ca\/fr\/futurs-etudiants\/maitrise\">concentration design num\u00e9rique \u00e0 l&#8217;\u00c9cole NAD<\/a>)<\/h6>\n<ul>\n<li>7ART804 &#8211; Pratiques r\u00e9flexives en art et design num\u00e9rique<em>\u00a0(<a href=\"https:\/\/cours.uqac.ca\/7ART804\">descriptif du cours<\/a>)<\/em><\/li>\n<li><span style=\"line-height: 1.5\">7ART800\u00a0&#8211; M\u00e9thodologie de la recherche-cr\u00e9ation<em> (<a href=\"https:\/\/cours.uqac.ca\/7ART800\">descriptif du cours<\/a>)<\/em><\/span><\/li>\n<\/ul>\n<h6>Supervisions \u00e0 la\u00a0ma\u00eetrise :<\/h6>\n<ul>\n<li>Marianne Carpentier, (2021), <em>La r\u00e9flexion \u00e9thique en design d&#8217;exp\u00e9rience interactive m\u00e9di\u00e9e par les technologies num\u00e9riques : une exploration \u00e0 partir d&#8217;entretiens avec cinq praticiens<\/em>. Lien :\u00a0<a href=\"https:\/\/constellation.uqac.ca\/7969\/\">https:\/\/constellation.uqac.ca\/7969\/<\/a><\/li>\n<li>Alexandra Ferland-Beauchemin, (2019), <em>Pratique r\u00e9flexive en design de jeu vid\u00e9o : Explicitation des processus de design et de prototypage d&#8217;une exp\u00e9rience r\u00e9flexive et esth\u00e9tique centr\u00e9e sur une joueuse unique et m\u00e9di\u00e9e par un dispositif interactif vid\u00e9oludique<\/em>. Lien :\u00a0<a href=\"https:\/\/constellation.uqac.ca\/5128\/\">https:\/\/constellation.uqac.ca\/5128\/<\/a><\/li>\n<li>Patrick Parenteau, (2017), <em>Pratique r\u00e9flexive en cr\u00e9ation num\u00e9rique d\u2019effets sp\u00e9ciaux : Exploration du renouvellement de la pratique au moyen des techniques traditionnelles en m\u00e9canique de fluide<\/em>. Lien :\u00a0<a href=\"https:\/\/constellation.uqac.ca\/4376\/\">https:\/\/constellation.uqac.ca\/4376\/<\/a><\/li>\n<li>Sophie Mayeux, (2016), <em>Exploration et mise en application du processus it\u00e9ratif de cr\u00e9ation dans la pratique artistique de l\u2019animation 3D<\/em>. Lien :\u00a0<a href=\"https:\/\/constellation.uqac.ca\/4028\/\">https:\/\/constellation.uqac.ca\/4028\/<\/a><\/li>\n<\/ul>\n<h6>Supervisions en cours :<\/h6>\n<ul>\n<li>(Eva Cvijanovic) A case study of independent animation creation reframed as a collaborative design Practice<\/li>\n<li>(Leander Schock) Presence through characterization: Exploring the creative process in designing an animated character with reactive behavior<\/li>\n<li>(Zhi Whan) Digital matte painting as a reflective process: orientalism in the creation of chinese imperial<br \/>\npalace of the Qing dynasties architecture<\/li>\n<\/ul>\n<h6>Supervisions\u00a0de projet synth\u00e8se au baccalaur\u00e9at :<\/h6>\n<ul>\n<li>Projet synth\u00e8se de jeu vid\u00e9o en \u00e9quipe intitul\u00e9 &#8220;MUE&#8221;\u00a0(Hiver 2022)<\/li>\n<li>Projet synth\u00e8se\u00a0de cin\u00e9matique in-game en \u00e9quipe intitul\u00e9 &#8220;Au-del\u00e0 des \u00e9cumes dor\u00e9es&#8221;\u00a0(Hiver 2022)<\/li>\n<li>Projet synth\u00e8se\u00a0de cin\u00e9matique in-game\u00a0en \u00e9quipe intitul\u00e9 &#8220;Thalassophobia&#8221;\u00a0(Hiver 2021)<\/li>\n<li>Projet synth\u00e8se\u00a0de cin\u00e9matique in-game en \u00e9quipe intitul\u00e9 &#8220;LAMENT&#8221;\u00a0(Hiver 2021)<\/li>\n<li>Projet synth\u00e8se\u00a0de jeu vid\u00e9o en \u00e9quipe intitul\u00e9 &#8220;Woodland&#8221;\u00a0(Hiver 2021)<\/li>\n<\/ul>\n","protected":false},"excerpt":{"rendered":"<p>Cours enseign\u00e9s\u00a0au\u00a0baccalaur\u00e9at en animation 3D et en design num\u00e9rique\u00a0\u00e0 l&#8217;\u00c9cole NAD : NAND202\u00a0&#8211; Direction artistique : conception et applications\u00a0(Descriptif du cours) NAND301 &#8211; Contexte et \u00e9thique de production &#8211; concentration jeux vid\u00e9o\u00a0(Descriptif du cours) NAND313\u00a0&#8211; Projet synth\u00e8se : R\u00e9alisation (Descriptif du cours) Cours enseign\u00e9s \u00e0 la ma\u00eetrise\u00a0en art (concentration design num\u00e9rique \u00e0 l&#8217;\u00c9cole NAD) 7ART804 &hellip; <a href=\"https:\/\/portfolio.uqac.ca\/davehawey\/enseignement\/\" class=\"more-link\">Continuer la lecture de <span class=\"screen-reader-text\">Enseignement<\/span>  <span class=\"meta-nav\">&rarr;<\/span><\/a><\/p>\n","protected":false},"author":89,"featured_media":0,"parent":0,"menu_order":0,"comment_status":"closed","ping_status":"closed","template":"","meta":{"footnotes":""},"tags":[],"_links":{"self":[{"href":"https:\/\/portfolio.uqac.ca\/davehawey\/wp-json\/wp\/v2\/pages\/18"}],"collection":[{"href":"https:\/\/portfolio.uqac.ca\/davehawey\/wp-json\/wp\/v2\/pages"}],"about":[{"href":"https:\/\/portfolio.uqac.ca\/davehawey\/wp-json\/wp\/v2\/types\/page"}],"author":[{"embeddable":true,"href":"https:\/\/portfolio.uqac.ca\/davehawey\/wp-json\/wp\/v2\/users\/89"}],"replies":[{"embeddable":true,"href":"https:\/\/portfolio.uqac.ca\/davehawey\/wp-json\/wp\/v2\/comments?post=18"}],"version-history":[{"count":21,"href":"https:\/\/portfolio.uqac.ca\/davehawey\/wp-json\/wp\/v2\/pages\/18\/revisions"}],"predecessor-version":[{"id":340,"href":"https:\/\/portfolio.uqac.ca\/davehawey\/wp-json\/wp\/v2\/pages\/18\/revisions\/340"}],"wp:attachment":[{"href":"https:\/\/portfolio.uqac.ca\/davehawey\/wp-json\/wp\/v2\/media?parent=18"}],"wp:term":[{"taxonomy":"post_tag","embeddable":true,"href":"https:\/\/portfolio.uqac.ca\/davehawey\/wp-json\/wp\/v2\/tags?post=18"}],"curies":[{"name":"wp","href":"https:\/\/api.w.org\/{rel}","templated":true}]}}