{"id":25,"date":"2020-04-30T16:07:24","date_gmt":"2020-04-30T20:07:24","guid":{"rendered":"http:\/\/portfolio-pre.uqac.ca\/gabarit\/?page_id=25"},"modified":"2023-07-03T13:15:15","modified_gmt":"2023-07-03T17:15:15","slug":"communications","status":"publish","type":"page","link":"https:\/\/portfolio.uqac.ca\/davehawey\/communications\/","title":{"rendered":"Publications et communications"},"content":{"rendered":"<h6>Articles de conf\u00e9rence :<\/h6>\n<p>Hawey, D. (2022) A Theoretical Model for Studying Design Inquiry in a Real-World Context. DRS &#8211; Design Research<br \/>\nSociety. Th\u00e9matique : Sch\u00f6n\u2019s Design Inquiry: reinvigorating the quest for a pragmatist epistemology of<br \/>\npractice (1-14). Design Research.\u00a0<a href=\"https:\/\/dl.designresearchsociety.org\/drs-conference-papers\/drs2022\/researchpapers\/224\/\" target=\"_blank\">Lien vers l&#8217;article<\/a><\/p>\n<p>Desrochers-Trahan, C., Benoit, J., Hawey, D., (2019). <em>Video games, Art and the Human Condition: An Existentialist Approach to Game Design.<\/em> The 13th International Philosophy of Computer Games Conference, St Petersburg.\u00a0<a href=\"https:\/\/gamephilosophy.org\/wp-content\/uploads\/confmanuscripts\/pcg2019\/Desrochers-Trahan%20Benoit%20Hawey%20-%20Video%20games,%20Art%20and%20the%20Human%20Condition.pdf\">Lien vers le pdf de l&#8217;article<\/a><\/p>\n<p>Zahedi, M., Tessier, V., &amp; Hawey, D. (2017).\u00a0<em>Understanding Collaborative Design Through Activity Theory. T<\/em>he EAD12-Design for Next, Rome, Italy. <a href=\"https:\/\/portfolio.uqac.ca\/davehawey\/files\/2020\/04\/Zahedi_et_al_2017_Understanding_Collaborative_Design.pdf\">Lien vers le pdf de l&#8217;article<\/a><\/p>\n<p>Hawey, D., Zahedi, M. (2016)\u00a0:\u00a0<em>Pratique de l\u2019artiste 2D-3D en industrie du jeu vid\u00e9o :\u00a0une exploration<\/em>, pr\u00e9sent\u00e9e lors de la conf\u00e9rence Intelligences num\u00e9riques 2016 (en avril, \u00e0 Qu\u00e9bec).\u00a0<a href=\"https:\/\/portfolio.uqac.ca\/davehawey\/files\/2020\/04\/Hawey_Zahedi_2016_Pratique_Artistes_2D-3D.pdf\">Lien vers le pdf de l&#8217;article<\/a><\/p>\n<h6>Articles de revue\/journal scientifique :<\/h6>\n<p>Hawey, D., (2023) : <em>Gaining New Insights into Professional Knowledge in Digital Game Art by Taking a Design Perspective<\/em>. Acta Ludologica, Vol. 6 (1).\u00a0<a href=\"https:\/\/actaludologica.com\/wp-content\/uploads\/2023\/06\/AL_2023-6-1_Study-4_Hawey.pdf\" target=\"_blank\">Lien vers l&#8217;article<\/a><\/p>\n<p>Ferland-Beauchemin, A., Hawey, D., , Benoit, J. (2019) :\u00a0<em>From Walking Simulator to Reflective Simulator: A Practice-Based Perspective<\/em>. Press Start Journal, Vol. 5 (2).\u00a0<a href=\"https:\/\/press-start.gla.ac.uk\/index.php\/press-start\/article\/view\/133\/91\">Lien vers le pdf de l&#8217;article<\/a><\/p>\n<h6>Communications Acfas :<\/h6>\n<p>Carpentier, M., Hawey, D. (2021) :\u00a0<em>Empathie, r\u00e9flexivit\u00e9, bienveillance et rapport critique aux technologies num\u00e9riques : une mise en lumi\u00e8re des valeurs \u00e9thiques d\u00e9ontologiques dans la pratique de design d\u2019interaction<\/em>, pr\u00e9sent\u00e9 \u00e0\u00a0l&#8217;Acfas, dans le cadre du Colloque Intersections du design : Prendre soin par le design (en\u00a02021), Sherbrooke, Canada<\/p>\n<p>Hawey, D. (2018)\u00a0:\u00a0<em>\u00c9tude du contexte institutionnel de la pratique et de la formation des artistes-d\u00e9veloppeurs de jeux vid\u00e9o<\/em>, pr\u00e9sent\u00e9\u00a0\u00e0 l&#8217;Acfas (mai 2018)<\/p>\n<p>Hawey, D. (2016)\u00a0:\u00a0<em>Recherche exploratoire : entretiens avec des artistes de l&#8217;industrie du jeu vid\u00e9o et\u00a0Formulation d&#8217;une question de recherche apr\u00e8s l&#8217;analyse d&#8217;entretiens r\u00e9alis\u00e9s avec des artistes de l&#8217;industrie du jeu vid\u00e9o<\/em>, pr\u00e9sent\u00e9 \u00e0 l&#8217;Acfas\u00a0(mai 2016, \u00e0 l&#8217;UQAM, Montr\u00e9al)<\/p>\n<h6>Autres communications :<\/h6>\n<p>Hawey, D. (2019)\u00a0:\u00a0<em>Voir autrement le d\u00e9veloppement, le design et le studio de jeu vid\u00e9o : la perspective de deux d\u00e9veloppeuses cofondatrices du studio montr\u00e9alais Epsilon Games<\/em>. Pr\u00e9sent\u00e9 \u00e0 la\u00a0Journ\u00e9e d\u2019\u00e9tude sur les Concepteurs, conceptions et cr\u00e9ations de mondes ludiques.\u00a0Maison interuniversitaire des sciences de l&#8217;homme \u2013 Alsace. All\u00e9e du G\u00e9n\u00e9ral Rouvillois, 67083 Strasbourg (28 novembre 2019)<\/p>\n<p>Hawey, D. (2016)\u00a0:\u00a0<em>Expertise et r\u00f4les des artistes seniors en jeu vid\u00e9o : une \u00e9tude exploratoire<\/em>, pr\u00e9sent\u00e9 au Sommet international du jeu vid\u00e9o de Montr\u00e9al (MIGS), Montr\u00e9al, Canada<\/p>\n<h6><\/h6>\n","protected":false},"excerpt":{"rendered":"<p>Articles de conf\u00e9rence : Hawey, D. (2022) A Theoretical Model for Studying Design Inquiry in a Real-World Context. DRS &#8211; Design Research Society. Th\u00e9matique : Sch\u00f6n\u2019s Design Inquiry: reinvigorating the quest for a pragmatist epistemology of practice (1-14). Design Research.\u00a0Lien vers l&#8217;article Desrochers-Trahan, C., Benoit, J., Hawey, D., (2019). Video games, Art and the Human &hellip; <a href=\"https:\/\/portfolio.uqac.ca\/davehawey\/communications\/\" class=\"more-link\">Continuer la lecture de <span class=\"screen-reader-text\">Publications et communications<\/span>  <span class=\"meta-nav\">&rarr;<\/span><\/a><\/p>\n","protected":false},"author":89,"featured_media":0,"parent":0,"menu_order":0,"comment_status":"closed","ping_status":"closed","template":"","meta":{"footnotes":""},"tags":[],"_links":{"self":[{"href":"https:\/\/portfolio.uqac.ca\/davehawey\/wp-json\/wp\/v2\/pages\/25"}],"collection":[{"href":"https:\/\/portfolio.uqac.ca\/davehawey\/wp-json\/wp\/v2\/pages"}],"about":[{"href":"https:\/\/portfolio.uqac.ca\/davehawey\/wp-json\/wp\/v2\/types\/page"}],"author":[{"embeddable":true,"href":"https:\/\/portfolio.uqac.ca\/davehawey\/wp-json\/wp\/v2\/users\/89"}],"replies":[{"embeddable":true,"href":"https:\/\/portfolio.uqac.ca\/davehawey\/wp-json\/wp\/v2\/comments?post=25"}],"version-history":[{"count":25,"href":"https:\/\/portfolio.uqac.ca\/davehawey\/wp-json\/wp\/v2\/pages\/25\/revisions"}],"predecessor-version":[{"id":344,"href":"https:\/\/portfolio.uqac.ca\/davehawey\/wp-json\/wp\/v2\/pages\/25\/revisions\/344"}],"wp:attachment":[{"href":"https:\/\/portfolio.uqac.ca\/davehawey\/wp-json\/wp\/v2\/media?parent=25"}],"wp:term":[{"taxonomy":"post_tag","embeddable":true,"href":"https:\/\/portfolio.uqac.ca\/davehawey\/wp-json\/wp\/v2\/tags?post=25"}],"curies":[{"name":"wp","href":"https:\/\/api.w.org\/{rel}","templated":true}]}}