{"id":27,"date":"2020-04-30T16:07:24","date_gmt":"2020-04-30T20:07:24","guid":{"rendered":"http:\/\/portfolio-pre.uqac.ca\/gabarit\/?page_id=27"},"modified":"2022-05-25T14:05:57","modified_gmt":"2022-05-25T18:05:57","slug":"curriculum-vitae","status":"publish","type":"page","link":"https:\/\/portfolio.uqac.ca\/davehawey\/curriculum-vitae\/","title":{"rendered":"Curriculum vitae"},"content":{"rendered":"<h2><strong>Dipl\u00f4mes<\/strong><\/h2>\n<p><strong>Doctorat en design\u00a0<\/strong>2014-2021 (Mention Excellent), \u00c9cole de Design, Facult\u00e9 de l&#8217;am\u00e9nagement, Universit\u00e9 de Montr\u00e9al. Titre de la th\u00e8se : \u00ab\u00a0La pratique professionnelle des artistes-d\u00e9veloppeurs de jeu vid\u00e9o : Une exploration de leur processus r\u00e9flexif de design \u00bb. Directrice : Mithra Zahedi.\u00a0<a href=\"https:\/\/papyrus.bib.umontreal.ca\/xmlui\/handle\/1866\/26182\">Lien vers le pdf et le r\u00e9sum\u00e9 de la th\u00e8se<\/a><\/p>\n<p><strong>Ma\u00eetrise en art<\/strong> 2009-2012, Universit\u00e9 du Qu\u00e9bec \u00e0 Chicoutimi. Titre du m\u00e9moire : \u00ab Cr\u00e9ation d&#8217;images num\u00e9riques : esth\u00e9tique du temps japonais et m\u00e9thodologie de perfectionnement tir\u00e9e des arts martiaux traditionnels japonais \u00bb. Directeur : Michael Lachance.\u00a0\u00a0<a href=\"https:\/\/constellation.uqac.ca\/2515\/\">Lien vers le pdf et le r\u00e9sum\u00e9 du m\u00e9moire<\/a><\/p>\n<h2><strong>Bourses<br \/>\n<\/strong><\/h2>\n<p>2021\/11 &#8211;\u00a0Bourse d&#8217;\u00e9tudes FESP d&#8217;excellence pour r\u00e9daction de th\u00e8se : 1500$.\u00a0Facult\u00e9 des \u00e9tudes sup\u00e9rieures de l&#8217;Universit\u00e9 de Montr\u00e9al.<\/p>\n<p>2021\/4 &#8211;\u00a0Bourse d&#8217;\u00e9tudes FESP d&#8217;excellence pour r\u00e9daction de th\u00e8se : 2000$.\u00a0Facult\u00e9 des \u00e9tudes sup\u00e9rieures de l&#8217;Universit\u00e9 de Montr\u00e9al.<\/p>\n<p>2020\/3 &#8211;\u00a0Bourse d&#8217;\u00e9tudes FESP d&#8217;excellence pour r\u00e9daction de th\u00e8se : 1500$.\u00a0Facult\u00e9 des \u00e9tudes sup\u00e9rieures de l&#8217;Universit\u00e9 de Montr\u00e9al.<\/p>\n<p>2019\/4 &#8211;\u00a0Bourse d&#8217;\u00e9tudes FESP d&#8217;excellence pour r\u00e9daction de th\u00e8se : 1500$.\u00a0Facult\u00e9 des \u00e9tudes sup\u00e9rieures de l&#8217;Universit\u00e9 de Montr\u00e9al.<\/p>\n<p>&nbsp;<\/p>\n","protected":false},"excerpt":{"rendered":"<p>Dipl\u00f4mes Doctorat en design\u00a02014-2021 (Mention Excellent), \u00c9cole de Design, Facult\u00e9 de l&#8217;am\u00e9nagement, Universit\u00e9 de Montr\u00e9al. Titre de la th\u00e8se : \u00ab\u00a0La pratique professionnelle des artistes-d\u00e9veloppeurs de jeu vid\u00e9o : Une exploration de leur processus r\u00e9flexif de design \u00bb. Directrice : Mithra Zahedi.\u00a0Lien vers le pdf et le r\u00e9sum\u00e9 de la th\u00e8se Ma\u00eetrise en art 2009-2012, &hellip; <a href=\"https:\/\/portfolio.uqac.ca\/davehawey\/curriculum-vitae\/\" class=\"more-link\">Continuer la lecture de <span class=\"screen-reader-text\">Curriculum vitae<\/span>  <span class=\"meta-nav\">&rarr;<\/span><\/a><\/p>\n","protected":false},"author":89,"featured_media":0,"parent":0,"menu_order":0,"comment_status":"closed","ping_status":"closed","template":"","meta":{"footnotes":""},"tags":[],"_links":{"self":[{"href":"https:\/\/portfolio.uqac.ca\/davehawey\/wp-json\/wp\/v2\/pages\/27"}],"collection":[{"href":"https:\/\/portfolio.uqac.ca\/davehawey\/wp-json\/wp\/v2\/pages"}],"about":[{"href":"https:\/\/portfolio.uqac.ca\/davehawey\/wp-json\/wp\/v2\/types\/page"}],"author":[{"embeddable":true,"href":"https:\/\/portfolio.uqac.ca\/davehawey\/wp-json\/wp\/v2\/users\/89"}],"replies":[{"embeddable":true,"href":"https:\/\/portfolio.uqac.ca\/davehawey\/wp-json\/wp\/v2\/comments?post=27"}],"version-history":[{"count":13,"href":"https:\/\/portfolio.uqac.ca\/davehawey\/wp-json\/wp\/v2\/pages\/27\/revisions"}],"predecessor-version":[{"id":320,"href":"https:\/\/portfolio.uqac.ca\/davehawey\/wp-json\/wp\/v2\/pages\/27\/revisions\/320"}],"wp:attachment":[{"href":"https:\/\/portfolio.uqac.ca\/davehawey\/wp-json\/wp\/v2\/media?parent=27"}],"wp:term":[{"taxonomy":"post_tag","embeddable":true,"href":"https:\/\/portfolio.uqac.ca\/davehawey\/wp-json\/wp\/v2\/tags?post=27"}],"curies":[{"name":"wp","href":"https:\/\/api.w.org\/{rel}","templated":true}]}}