{"id":4,"date":"2020-04-30T16:07:24","date_gmt":"2020-04-30T20:07:24","guid":{"rendered":"http:\/\/portfolio-pre.uqac.ca\/gabarit\/?page_id=4"},"modified":"2022-05-23T15:46:57","modified_gmt":"2022-05-23T19:46:57","slug":"presentatio","status":"publish","type":"page","link":"https:\/\/portfolio.uqac.ca\/davehawey\/","title":{"rendered":"Pr\u00e9sentation"},"content":{"rendered":"<h2>Dave Hawey,\u00a0Ph. D.<\/h2>\n<p>Professeur \u00e0 l\u2019<a href=\"https:\/\/www.nad.ca\/fr\">\u00c9cole des arts num\u00e9riques, de l\u2019animation et du design<\/a><br \/>\nResponsable du laboratoire Praxis<\/p>\n<h2>Champs d&#8217;int\u00e9r\u00eat<\/h2>\n<ul>\n<li>Th\u00e9ories et pratiques de l&#8217;art et du design dans le d\u00e9veloppement de jeu vid\u00e9o<\/li>\n<li>Pratique r\u00e9flexive et comp\u00e9tences professionnelles<\/li>\n<li>M\u00e9thodologies de recherche qualitative, de recherche-cr\u00e9ation et de recherche-projet<\/li>\n<li>Direction artistique<\/li>\n<li>Cr\u00e9ation num\u00e9rique 2D-3D<\/li>\n<li>Dessin traditionnel<\/li>\n<\/ul>\n<p>&nbsp;<\/p>\n","protected":false},"excerpt":{"rendered":"<p>Dave Hawey,\u00a0Ph. D. Professeur \u00e0 l\u2019\u00c9cole des arts num\u00e9riques, de l\u2019animation et du design Responsable du laboratoire Praxis Champs d&#8217;int\u00e9r\u00eat Th\u00e9ories et pratiques de l&#8217;art et du design dans le d\u00e9veloppement de jeu vid\u00e9o Pratique r\u00e9flexive et comp\u00e9tences professionnelles M\u00e9thodologies de recherche qualitative, de recherche-cr\u00e9ation et de recherche-projet Direction artistique Cr\u00e9ation num\u00e9rique 2D-3D Dessin traditionnel &hellip; <a href=\"https:\/\/portfolio.uqac.ca\/davehawey\/\" class=\"more-link\">Continuer la lecture de <span class=\"screen-reader-text\">Pr\u00e9sentation<\/span>  <span class=\"meta-nav\">&rarr;<\/span><\/a><\/p>\n","protected":false},"author":89,"featured_media":0,"parent":0,"menu_order":0,"comment_status":"closed","ping_status":"closed","template":"","meta":{"footnotes":""},"tags":[],"_links":{"self":[{"href":"https:\/\/portfolio.uqac.ca\/davehawey\/wp-json\/wp\/v2\/pages\/4"}],"collection":[{"href":"https:\/\/portfolio.uqac.ca\/davehawey\/wp-json\/wp\/v2\/pages"}],"about":[{"href":"https:\/\/portfolio.uqac.ca\/davehawey\/wp-json\/wp\/v2\/types\/page"}],"author":[{"embeddable":true,"href":"https:\/\/portfolio.uqac.ca\/davehawey\/wp-json\/wp\/v2\/users\/89"}],"replies":[{"embeddable":true,"href":"https:\/\/portfolio.uqac.ca\/davehawey\/wp-json\/wp\/v2\/comments?post=4"}],"version-history":[{"count":18,"href":"https:\/\/portfolio.uqac.ca\/davehawey\/wp-json\/wp\/v2\/pages\/4\/revisions"}],"predecessor-version":[{"id":276,"href":"https:\/\/portfolio.uqac.ca\/davehawey\/wp-json\/wp\/v2\/pages\/4\/revisions\/276"}],"wp:attachment":[{"href":"https:\/\/portfolio.uqac.ca\/davehawey\/wp-json\/wp\/v2\/media?parent=4"}],"wp:term":[{"taxonomy":"post_tag","embeddable":true,"href":"https:\/\/portfolio.uqac.ca\/davehawey\/wp-json\/wp\/v2\/tags?post=4"}],"curies":[{"name":"wp","href":"https:\/\/api.w.org\/{rel}","templated":true}]}}