{"id":27,"date":"2019-03-06T14:22:22","date_gmt":"2019-03-06T19:22:22","guid":{"rendered":"http:\/\/portfolio-pre.uqac.ca\/gabarit\/?page_id=27"},"modified":"2022-12-16T09:45:55","modified_gmt":"2022-12-16T14:45:55","slug":"curriculum-vitae","status":"publish","type":"page","link":"https:\/\/portfolio.uqac.ca\/dilipsarkar\/curriculum-vitae\/","title":{"rendered":"Curriculum vitae"},"content":{"rendered":"<h2><strong>Dipl\u00f4mes<\/strong><\/h2>\n<ul>\n<li>Baccalaur\u00e9at en physique (University of Kalyani, Inde)<\/li>\n<li>Ma\u00eetrise en physique (University of Kalyani, Inde)<\/li>\n<li>Ph.D. en physique des mat\u00e9riaux (Indira Gandhi Centre for Atomic Research, University of Kalyani, Inde)<\/li>\n<\/ul>\n<h2><strong><br \/>\n<\/strong><strong>Affiliations professionnelles<\/strong><\/h2>\n<ul>\n<li>CPI (OIQ)<\/li>\n<li>ACS<\/li>\n<li>CAP<\/li>\n<\/ul>\n<p>Awards:<\/p>\n","protected":false},"excerpt":{"rendered":"<p>Dipl\u00f4mes Baccalaur\u00e9at en physique (University of Kalyani, Inde) Ma\u00eetrise en physique (University of Kalyani, Inde) Ph.D. en physique des mat\u00e9riaux (Indira Gandhi Centre for Atomic Research, University of Kalyani, Inde) Affiliations professionnelles CPI (OIQ) ACS CAP Awards:<\/p>\n","protected":false},"author":89,"featured_media":0,"parent":0,"menu_order":0,"comment_status":"closed","ping_status":"closed","template":"","meta":{"footnotes":""},"tags":[],"_links":{"self":[{"href":"https:\/\/portfolio.uqac.ca\/dilipsarkar\/wp-json\/wp\/v2\/pages\/27"}],"collection":[{"href":"https:\/\/portfolio.uqac.ca\/dilipsarkar\/wp-json\/wp\/v2\/pages"}],"about":[{"href":"https:\/\/portfolio.uqac.ca\/dilipsarkar\/wp-json\/wp\/v2\/types\/page"}],"author":[{"embeddable":true,"href":"https:\/\/portfolio.uqac.ca\/dilipsarkar\/wp-json\/wp\/v2\/users\/89"}],"replies":[{"embeddable":true,"href":"https:\/\/portfolio.uqac.ca\/dilipsarkar\/wp-json\/wp\/v2\/comments?post=27"}],"version-history":[{"count":11,"href":"https:\/\/portfolio.uqac.ca\/dilipsarkar\/wp-json\/wp\/v2\/pages\/27\/revisions"}],"predecessor-version":[{"id":207,"href":"https:\/\/portfolio.uqac.ca\/dilipsarkar\/wp-json\/wp\/v2\/pages\/27\/revisions\/207"}],"wp:attachment":[{"href":"https:\/\/portfolio.uqac.ca\/dilipsarkar\/wp-json\/wp\/v2\/media?parent=27"}],"wp:term":[{"taxonomy":"post_tag","embeddable":true,"href":"https:\/\/portfolio.uqac.ca\/dilipsarkar\/wp-json\/wp\/v2\/tags?post=27"}],"curies":[{"name":"wp","href":"https:\/\/api.w.org\/{rel}","templated":true}]}}