{"id":4,"date":"2019-03-06T14:22:22","date_gmt":"2019-03-06T19:22:22","guid":{"rendered":"http:\/\/portfolio-pre.uqac.ca\/gabarit\/?page_id=4"},"modified":"2022-12-16T09:43:03","modified_gmt":"2022-12-16T14:43:03","slug":"presentatio","status":"publish","type":"page","link":"https:\/\/portfolio.uqac.ca\/dilipsarkar\/","title":{"rendered":"Pr\u00e9sentation"},"content":{"rendered":"<h2>Dilip Kumar Sarkar, CPI, Ph.D<\/h2>\n<p>Professeur au d\u00e9partement des\u00a0sciences appliqu\u00e9e<\/p>\n<h2>Domaine<\/h2>\n<p>G\u00e9nie des mat\u00e9riaux<\/p>\n<h2>Axes de recherche<\/h2>\n<p>Nanotechnologie et nanomat\u00e9riels<br \/>\nScience des surfaces et science des mat\u00e9riaux<br \/>\nCorrosion<br \/>\nStockage de l&#8217;\u00e9nergie<br \/>\nH2 g\u00e9n\u00e9ration<\/p>\n","protected":false},"excerpt":{"rendered":"<p>Dilip Kumar Sarkar, CPI, Ph.D Professeur au d\u00e9partement des\u00a0sciences appliqu\u00e9e Domaine G\u00e9nie des mat\u00e9riaux Axes de recherche Nanotechnologie et nanomat\u00e9riels Science des surfaces et science des mat\u00e9riaux Corrosion Stockage de l&#8217;\u00e9nergie H2 g\u00e9n\u00e9ration<\/p>\n","protected":false},"author":89,"featured_media":0,"parent":0,"menu_order":0,"comment_status":"closed","ping_status":"closed","template":"","meta":{"footnotes":""},"tags":[11,8,7,10,9,12],"_links":{"self":[{"href":"https:\/\/portfolio.uqac.ca\/dilipsarkar\/wp-json\/wp\/v2\/pages\/4"}],"collection":[{"href":"https:\/\/portfolio.uqac.ca\/dilipsarkar\/wp-json\/wp\/v2\/pages"}],"about":[{"href":"https:\/\/portfolio.uqac.ca\/dilipsarkar\/wp-json\/wp\/v2\/types\/page"}],"author":[{"embeddable":true,"href":"https:\/\/portfolio.uqac.ca\/dilipsarkar\/wp-json\/wp\/v2\/users\/89"}],"replies":[{"embeddable":true,"href":"https:\/\/portfolio.uqac.ca\/dilipsarkar\/wp-json\/wp\/v2\/comments?post=4"}],"version-history":[{"count":18,"href":"https:\/\/portfolio.uqac.ca\/dilipsarkar\/wp-json\/wp\/v2\/pages\/4\/revisions"}],"predecessor-version":[{"id":206,"href":"https:\/\/portfolio.uqac.ca\/dilipsarkar\/wp-json\/wp\/v2\/pages\/4\/revisions\/206"}],"wp:attachment":[{"href":"https:\/\/portfolio.uqac.ca\/dilipsarkar\/wp-json\/wp\/v2\/media?parent=4"}],"wp:term":[{"taxonomy":"post_tag","embeddable":true,"href":"https:\/\/portfolio.uqac.ca\/dilipsarkar\/wp-json\/wp\/v2\/tags?post=4"}],"curies":[{"name":"wp","href":"https:\/\/api.w.org\/{rel}","templated":true}]}}