{"id":18,"date":"2020-02-17T09:07:11","date_gmt":"2020-02-17T14:07:11","guid":{"rendered":"http:\/\/portfolio-pre.uqac.ca\/gabarit\/?page_id=18"},"modified":"2024-06-25T14:38:03","modified_gmt":"2024-06-25T18:38:03","slug":"enseignement","status":"publish","type":"page","link":"https:\/\/portfolio.uqac.ca\/dominiquegenna\/enseignement\/","title":{"rendered":"Enseignement"},"content":{"rendered":"<p><strong>1er Cycle<\/strong><\/p>\n<ul>\n<li><a href=\"https:\/\/programmes.uqac.ca\/6glg487#:~:text=(3.0%20cr.),de%20leur%20recherche%20et%20exploitation.\">6GLG487: Gitologie<\/a><\/li>\n<\/ul>\n<p><strong>2\u00e8me et 3\u00e8me\u00a0Cycle<\/strong><\/p>\n<ul>\n<li><a href=\"https:\/\/cours.uqac.ca\/6SCT854\">6SCT854\u00a0:\u00a0Volcanologie Physique<\/a><\/li>\n<li><a href=\"https:\/\/programmes.uqac.ca\/6sct841\">6SCT841: M\u00e9tallog\u00e9nie<\/a><\/li>\n<li><a href=\"https:\/\/programmes.uqac.ca\/6sct857\">6SCT857: Terrains Pr\u00e9cambriens<\/a><\/li>\n<li><a href=\"https:\/\/cours.uqac.ca\/6SCT853\"><span style=\"line-height: 1.5\">6SCT853 :\u00a0Travaux de terrain encadr\u00e9<\/span><\/a><\/li>\n<li><a href=\"https:\/\/cours.uqac.ca\/6SCT860\"><span style=\"line-height: 1.5\">6SCT860\u00a0:\u00a0Stage en exploration min\u00e9rale<\/span><\/a><\/li>\n<\/ul>\n","protected":false},"excerpt":{"rendered":"<p>1er Cycle 6GLG487: Gitologie 2\u00e8me et 3\u00e8me\u00a0Cycle 6SCT854\u00a0:\u00a0Volcanologie Physique 6SCT841: M\u00e9tallog\u00e9nie 6SCT857: Terrains Pr\u00e9cambriens 6SCT853 :\u00a0Travaux de terrain encadr\u00e9 6SCT860\u00a0:\u00a0Stage en exploration min\u00e9rale<\/p>\n","protected":false},"author":89,"featured_media":0,"parent":0,"menu_order":0,"comment_status":"closed","ping_status":"closed","template":"","meta":{"footnotes":""},"tags":[],"_links":{"self":[{"href":"https:\/\/portfolio.uqac.ca\/dominiquegenna\/wp-json\/wp\/v2\/pages\/18"}],"collection":[{"href":"https:\/\/portfolio.uqac.ca\/dominiquegenna\/wp-json\/wp\/v2\/pages"}],"about":[{"href":"https:\/\/portfolio.uqac.ca\/dominiquegenna\/wp-json\/wp\/v2\/types\/page"}],"author":[{"embeddable":true,"href":"https:\/\/portfolio.uqac.ca\/dominiquegenna\/wp-json\/wp\/v2\/users\/89"}],"replies":[{"embeddable":true,"href":"https:\/\/portfolio.uqac.ca\/dominiquegenna\/wp-json\/wp\/v2\/comments?post=18"}],"version-history":[{"count":9,"href":"https:\/\/portfolio.uqac.ca\/dominiquegenna\/wp-json\/wp\/v2\/pages\/18\/revisions"}],"predecessor-version":[{"id":231,"href":"https:\/\/portfolio.uqac.ca\/dominiquegenna\/wp-json\/wp\/v2\/pages\/18\/revisions\/231"}],"wp:attachment":[{"href":"https:\/\/portfolio.uqac.ca\/dominiquegenna\/wp-json\/wp\/v2\/media?parent=18"}],"wp:term":[{"taxonomy":"post_tag","embeddable":true,"href":"https:\/\/portfolio.uqac.ca\/dominiquegenna\/wp-json\/wp\/v2\/tags?post=18"}],"curies":[{"name":"wp","href":"https:\/\/api.w.org\/{rel}","templated":true}]}}