{"id":20,"date":"2020-02-17T09:07:11","date_gmt":"2020-02-17T14:07:11","guid":{"rendered":"http:\/\/portfolio-pre.uqac.ca\/gabarit\/?page_id=20"},"modified":"2025-10-18T10:37:52","modified_gmt":"2025-10-18T14:37:52","slug":"publications","status":"publish","type":"page","link":"https:\/\/portfolio.uqac.ca\/dominiquegenna\/publications\/","title":{"rendered":"Publications"},"content":{"rendered":"<p><a href=\"https:\/\/scholar.google.ca\/citations?user=S1Kc8y4AAAAJ&amp;hl=fr&amp;oi=ao\"><strong>Profil Google Scholar<\/strong><\/a><\/p>\n<p><em>Publications arbitr\u00e9es<\/em><\/p>\n<p><em>* = \u00e9tudiants supervis\u00e9s<\/em><\/p>\n<ol>\n<li>Carter J, Gregory D, Gaillard N,\u00a0<u>Genna D<\/u>, Slater E (accepted) Sulfide chemistry of the Fenelon gold deposit, Qu\u00e9bec, Canada.\u00a0<strong>Economic Geology<\/strong>.<\/li>\n<li>Naulot R*, <u>Genna D<\/u>, Dare S, JD Fortin-Rh\u00e9aume (2025) <a href=\"https:\/\/link.springer.com\/article\/10.1007\/s00126-025-01404-5\">The use of trace elements in pyrites and carbonates as a petrogenetic and exploration tool for carbonate-bearing Archean VMS: example from B26, Abitibi, Canada<\/a>. <strong>Mineralium Deposita<\/strong>.<\/li>\n<li>Bou E*,\u00a0<u>Genna D<\/u>, J\u00e9brak M, Mathieu L, Marsh J (2025) <a href=\"https:\/\/www.sciencedirect.com\/science\/article\/pii\/S0301926825001159\">The significance of Archean sanukitoids in the cratonization process: the example of the Barlow pluton, between the Abitibi and Opatica subprovinces, Superior Craton, Quebec<\/a>.\u00a0<strong>Precambrian Research<\/strong> 422, 107789.<\/li>\n<li>Gaboury D, <u>Genna D<\/u>, Augustin J, Bouchard M, Trottier J, Malcolm M (2024) <a href=\"https:\/\/www.mdpi.com\/2075-163X\/14\/8\/843\">LA-ICP-MS analyses of sulfides from gold-bearing zones at the Perron deposit, Abitibi belt, Canada: Implications for gold remobilization through metamorphism from volcanogenic to orogenic quartz-carbonate vein mineralization<\/a>. <strong>Minerals\u00a0<\/strong>14, 843.<\/li>\n<li>Caraballo E, Beaudoin G, Dare S, <u>Genna D<\/u>, Peterson S. Relvas JMRS, Piercey SJ (2023) <a href=\"https:\/\/pubs.geoscienceworld.org\/segweb\/economicgeology\/article\/118\/8\/1923\/628169\/Trace-Element-Composition-of-Chalcopyrite-from\">Trace elements composition of chalcopyrite from volcanogenic massive sulfide deposits: variation and implications for provenance recognition<\/a>. <strong><strong>Economic Geology\u00a0<\/strong><\/strong>118, 1923-1958.<\/li>\n<li>Azevedo C, J\u00e9brak M, <u>Genna D<\/u>, Pinti DL (2022) Gold related to <a href=\"https:\/\/www.sciencedirect.com\/science\/article\/pii\/S016913682200186X\">Neoarchean alkaline magmatism in the Abitibi (Canada) evidenced by mineral paragenesis and microscale trace element mapping in pyrite<\/a>. <strong>Ore Geology Reviews<\/strong> 145, 104878.<\/li>\n<li>Gaboury D, <u>Genna D<\/u>, Trottier J, Bouchard M, Augustin J, Malcolm K (2021) <a href=\"https:\/\/www.mdpi.com\/2075-163X\/11\/10\/1066\">The Perron gold deposit, Archean Abitibi belt, Canada: exceptional high-grade ore related to higher gold-carrying capacity of hydrocarbon-rich fluids<\/a>. <strong>Minerals\u00a0<\/strong>11, 1066.<\/li>\n<li><u>Genna D<\/u>, Gaboury D (2019) <a href=\"https:\/\/www.sciencedirect.com\/science\/article\/pii\/S0375674219302584\">Use of semi-volatile metals as a new vectoring tool for VMS exploration: example from the Zn-rich McLeod deposit, Abitibi, Canada<\/a>.<strong> Journal of Geochemical Exploration <\/strong>207, 106358.<\/li>\n<li><u>Genna D<\/u>, Gaboury D (2015) <a href=\"https:\/\/pubs.geoscienceworld.org\/segweb\/economicgeology\/article-abstract\/110\/8\/2087\/128816\">Deciphering the hydrothermal evolution of a VMS\u00a0 system using trace elements in pyrite by LA-ICP-MS: an example from the Bracemac-McLeod deposits, Abitibi, Canada. Implications for exploration. <\/a><strong>Economic Geology<\/strong> 110, 2087-2108.<\/li>\n<li>Moore LN, Daigneault R, <u>Genna D<\/u>, Mueller WU (2014) <a href=\"https:\/\/www.sciencedirect.com\/science\/article\/abs\/pii\/S0301926814002137\">Exogenous and endogenous construction of the subaqueous Glenwood felsic flow complex; Abitibi greenstone belt, Qu\u00e9bec, Canada<\/a>. <strong>Precambrian Research<\/strong> 251, 118-140.<\/li>\n<li><u>Genna D<\/u>, Gaboury D, Roy G (2014) <a href=\"https:\/\/www.sciencedirect.com\/science\/article\/pii\/S0169136814000985\">Evolution of a volcanogenic hydrothermal system recorded by the behaviour of LREE and Eu:\u00a0Case study of the Key Tuffite at\u00a0Bracemac-McLeod deposits, Matagami, Canada<\/a>.\u00a0<strong>Ore Geology Reviews <\/strong>63, 160-177.<\/li>\n<li><u>Genna D<\/u>, Gaboury D, Roy G (2014) <a href=\"https:\/\/link.springer.com\/article\/10.1007\/s00126-013-0499-7\">The Key Tuffite, Matagami Camp, Abitibi Greenstone Belt, Canada: Petrogenesis, and implications for VMS formation and exploration<\/a>.\u00a0<strong>Mineralium Deposita <\/strong>49, 489-512.<\/li>\n<li><u>Genna D<\/u>, Gaboury D, Moore L, Mueller W (2011) <a href=\"https:\/\/www.sciencedirect.com\/science\/article\/pii\/S0375674210001974\">Use of micro-XRF chemical analysis for mapping volcanogenic massive sulfide related hydrothermal alteration: Application to the subaqueous felsic dome-flow complex of the Cap d&#8217;Ours section, Glenwood rhyolite, Rouyn-Noranda, Qu\u00e9bec, Canada<\/a>.\u00a0<strong>Journal of Geochemical Exploration <\/strong>108<a href=\"https:\/\/www.sciencedirect.com\/science?_ob=PublicationURL&amp;_tockey=%23TOC%235960%232011%23998919997%232921758%23FLA%23&amp;_cdi=5960&amp;_pubType=J&amp;view=c&amp;_auth=y&amp;_acct=C000051266&amp;_version=1&amp;_urlVersion=0&amp;_userid=1069206&amp;md5=5e356f7acf76b67c9858009dce487c80\">, <\/a>131-142.<br \/>\n<hr \/>\n<\/li>\n<\/ol>\n<p><em>Th\u00e8se et M\u00e9moires<\/em><\/p>\n<ul>\n<li><u>Genna D<\/u> (2015) <a href=\"https:\/\/constellation.uqac.ca\/3005\/\">Traceurs g\u00e9ochimiques pour guider l\u2019exploration des SMV le long des tuffites de Matagami<\/a>. Ph.D. Thesis, UQAC, 326 p.<\/li>\n<li><u>Genna D<\/u> (2009) <a href=\"https:\/\/constellation.uqac.ca\/132\/\">Caract\u00e9risation des alt\u00e9rations et des min\u00e9ralisations volcanog\u00e8nes du complexe volcanique du Cap d\u2019Ours, Rouyn-Noranda, Qu\u00e9bec<\/a>. M.Sc. Thesis, UQAC, 162 p.<\/li>\n<li><u>Genna D<\/u> (2007) \u00c9tude du m\u00e9tamorphisme de contact du Mont Loz\u00e8re (Sud du Massif Central), Undergraduate Honours Thesis, Universit\u00e9 de Montpellier II, 18 p.<\/li>\n<\/ul>\n","protected":false},"excerpt":{"rendered":"<p>Profil Google Scholar Publications arbitr\u00e9es * = \u00e9tudiants supervis\u00e9s Carter J, Gregory D, Gaillard N,\u00a0Genna D, Slater E (accepted) Sulfide chemistry of the Fenelon gold deposit, Qu\u00e9bec, Canada.\u00a0Economic Geology. Naulot R*, Genna D, Dare S, JD Fortin-Rh\u00e9aume (2025) The use of trace elements in pyrites and carbonates as a petrogenetic and exploration tool for carbonate-bearing &hellip; <a href=\"https:\/\/portfolio.uqac.ca\/dominiquegenna\/publications\/\" class=\"more-link\">Continuer la lecture de <span class=\"screen-reader-text\">Publications<\/span>  <span class=\"meta-nav\">&rarr;<\/span><\/a><\/p>\n","protected":false},"author":89,"featured_media":0,"parent":0,"menu_order":0,"comment_status":"closed","ping_status":"closed","template":"","meta":{"footnotes":""},"tags":[],"_links":{"self":[{"href":"https:\/\/portfolio.uqac.ca\/dominiquegenna\/wp-json\/wp\/v2\/pages\/20"}],"collection":[{"href":"https:\/\/portfolio.uqac.ca\/dominiquegenna\/wp-json\/wp\/v2\/pages"}],"about":[{"href":"https:\/\/portfolio.uqac.ca\/dominiquegenna\/wp-json\/wp\/v2\/types\/page"}],"author":[{"embeddable":true,"href":"https:\/\/portfolio.uqac.ca\/dominiquegenna\/wp-json\/wp\/v2\/users\/89"}],"replies":[{"embeddable":true,"href":"https:\/\/portfolio.uqac.ca\/dominiquegenna\/wp-json\/wp\/v2\/comments?post=20"}],"version-history":[{"count":43,"href":"https:\/\/portfolio.uqac.ca\/dominiquegenna\/wp-json\/wp\/v2\/pages\/20\/revisions"}],"predecessor-version":[{"id":261,"href":"https:\/\/portfolio.uqac.ca\/dominiquegenna\/wp-json\/wp\/v2\/pages\/20\/revisions\/261"}],"wp:attachment":[{"href":"https:\/\/portfolio.uqac.ca\/dominiquegenna\/wp-json\/wp\/v2\/media?parent=20"}],"wp:term":[{"taxonomy":"post_tag","embeddable":true,"href":"https:\/\/portfolio.uqac.ca\/dominiquegenna\/wp-json\/wp\/v2\/tags?post=20"}],"curies":[{"name":"wp","href":"https:\/\/api.w.org\/{rel}","templated":true}]}}