{"id":200,"date":"2020-05-11T22:09:07","date_gmt":"2020-05-12T02:09:07","guid":{"rendered":"http:\/\/portfolio-pre.uqac.ca\/dominiquegenna\/?page_id=200"},"modified":"2026-04-22T19:55:09","modified_gmt":"2026-04-22T23:55:09","slug":"etudiants","status":"publish","type":"page","link":"https:\/\/portfolio.uqac.ca\/dominiquegenna\/etudiants\/","title":{"rendered":"\u00c9tudiants"},"content":{"rendered":"<p><strong>Projets en cours:<\/strong><\/p>\n<p><strong>Doctorat \u00a0:<\/strong><\/p>\n<ol>\n<li><strong>\u00a0<\/strong><a href=\"https:\/\/www.linkedin.com\/in\/esther-bou-a7063b120\/\"><strong>Esther Bou <\/strong><\/a>(Depuis 2022) Co-supervision M. J\u00e9brak (UQAM)<strong>\u00a0\u00a0<\/strong>Magmatisme de type sanukito\u00efde\u00a0: petrogen\u00e8se et lien avec les min\u00e9ralisations.<\/li>\n<li><a href=\"https:\/\/www.linkedin.com\/in\/blas-barbera-986851221\/\"><strong>Blas Barbera<\/strong><\/a> (Depuis 2025) Co-supervision S. Dare Processus de concentration des m\u00e9taux critiques et strat\u00e9giques dans les sulfures massifs volcanog\u00e8nes<\/li>\n<li><strong><a href=\"https:\/\/www.linkedin.com\/in\/hugo-bescond\/?locale=fr_FR\">Hugo Bescond<\/a><\/strong> (Depuis 2026) Co-supervision V. Adombi De la chimie des sulfures \u00e0 la classification m\u00e9tallog\u00e9nique : signatures isotopiques et \u00e9l\u00e9ments traces des min\u00e9ralisations du territoire Eeyou Istchee Baie\u2011James<\/li>\n<\/ol>\n<p><strong>\u00a0<\/strong><strong>Ma\u00eetrise avec M\u00e9moire :<\/strong><\/p>\n<p><strong>\u00a0<\/strong><strong>Projet de fin d\u2019\u00e9tude :<\/strong><\/p>\n<ol>\n<li><strong>Seyni Sarr<\/strong> (2025-2026) Caract\u00e9risation chimique des sulfures de la mine d&#8217;or de Salsigne, Aude, France.<\/li>\n<\/ol>\n<hr \/>\n<p><strong>Projets compl\u00e9t\u00e9s:<\/strong><\/p>\n<p><strong>Ma\u00eetrise\u00a0avec M\u00e9moire\u00a0:<\/strong><\/p>\n<ol>\n<li><strong>\u00a0<\/strong><strong><a href=\"https:\/\/www.linkedin.com\/in\/taylor-wasuita-82815a97\/\">Wasuita T<\/a>\u00a0<\/strong>(2025)<strong>\u00a0<\/strong><a href=\"https:\/\/constellation.uqac.ca\/id\/eprint\/10385\/\">Geology of the western part of the Porphyry Zone, Douay gold deposit: genesis of an Archean \u2018syenite associated\u2019 mineralization in the Northern Abitibi Greenstone Belt<\/a>. 62 p. Maitrise UQAC. Co-supervision R. Sherlock (Laurentian University)<\/li>\n<li><a href=\"https:\/\/www.linkedin.com\/in\/foulques-guillet-de-chatellus-2592a8179\/\"><strong>Guillet de Chatellus F <\/strong><\/a>(2024) <a href=\"https:\/\/constellation.uqac.ca\/id\/eprint\/9996\/\">Caract\u00e9risation m\u00e9tallog\u00e9nique de la min\u00e9ralisation Au-Mo du g\u00eete Falcon, Caopatina, district de Chapais-Chibougamau<\/a>. 257 p. Maitrise UQAC. Co-supervision avec R-L. Simard (UQAC)<strong>\u00a0<\/strong><\/li>\n<li><a href=\"https:\/\/www.linkedin.com\/in\/remi-naulot-3b568b171\/\"><strong>Naulot R<\/strong><\/a> (2024) <a href=\"https:\/\/constellation.uqac.ca\/id\/eprint\/9898\/\">The use of trace elements in pyrite and carbonates as a petrogenetic and exploration tool for carbonate-bearing Archean VMS: example from B26, Abitibi, Canada<\/a>. 88 p. Maitrise UQAC. Co-supervision S. Dare (UQAC)<\/li>\n<li><a href=\"https:\/\/www.linkedin.com\/in\/maxime-dour\/\"><strong>Dour M<\/strong><\/a> (2023) <a href=\"https:\/\/constellation.uqac.ca\/id\/eprint\/9157\/\">G\u00e9ologie et caract\u00e9risation p\u00e9trographique et g\u00e9ochimique des min\u00e9ralisations Cu-Au-Mo \u00ab\u00a0type Op\u00e9miska\u00a0\u00bb de Chapais (Qc, Canada)<\/a>. 391 p. Maitrise UQAC. Co-supervision R-L. Simard (UQAC) et P. Bedeaux (Barrick)<\/li>\n<li><strong>D\u2019Harlingue G<\/strong> (Abandon) Caract\u00e9risation m\u00e9tallog\u00e9nique de la min\u00e9ralisation aurif\u00e8re du gisement Gladiator, Ceinture d\u2019Urban-Barry, Abitibi. Co-supervision avec D. Gaboury (UQAC)<\/li>\n<\/ol>\n<p><strong>Ma\u00eetrise\u00a0sans M\u00e9moire\u00a0:<\/strong><\/p>\n<ol>\n<li><strong>\u00a0<\/strong><strong>Emma Legros, Stage M2<\/strong> (2023) \u2013 Supervision B. Malvoisin (ISTErre Grenoble), J Walter et D. Genna (UQAC)<strong>\u00a0<\/strong>\u00c9missions d\u2019hydrog\u00e8ne naturel associ\u00e9es aux gisements d\u2019or\u00a0: mesures de gaz in-situ dans deux contextes g\u00e9ologiques diff\u00e9rents en Espagne et au Qu\u00e9bec.<\/li>\n<li><strong>Foulques Guillet de Chatellus, MSc Pro <\/strong>(2022) \u2013 Supervision d\u2019un stage recherche de 3 mois (Northern Superior Resources Inc.). Co-supervision R-L. Simard.<strong>\u00a0\u00a0<\/strong>Caract\u00e9risation des min\u00e9ralisations \u00e0 Au-Mo du projet Falcon, Formation de Caopatina, Abitibi, Canada.<\/li>\n<li><strong>R\u00e9mi Naulot, MSc Pro <\/strong>(2021) \u2013 Superviseur d\u2019un stage de recherche de 3 mois (SOQUEM) Caract\u00e9ristiques des zones d\u2019alt\u00e9ration en carbonates de la r\u00e9gion de Selbaie\u00a0: Quelle importance pour l\u2019exploration des m\u00e9taux de base?<\/li>\n<li><strong>Th\u00e9o H\u00e9nault, MSc Pro<\/strong> (2020) \u2013 Superviseur d\u2019un stage recherche de 3 mois (CONSOREM) Atlas g\u00e9ologique et g\u00e9ophysique des d\u00e9p\u00f4ts et gisements de m\u00e9taux de base et aurif\u00e8res de l&#8217;Abitibi: Mise \u00e0 jour et num\u00e9risation pour l&#8217;utilisation en IA.<\/li>\n<\/ol>\n<p><strong>\u00a0<\/strong><strong>Projet de fin d\u2019\u00e9tude (PFE) :<\/strong><\/p>\n<ol>\n<li><strong>\u00c9mile Gaboury<\/strong> (2026) \u2013 Partenariat avec Poderosa. Caract\u00e9risation g\u00e9ochimique de la pyrite du gisement aurif\u00e8re de Poderosa, P\u00e9rou.<\/li>\n<li><strong>Kevin Dioma<\/strong> (2026) \u2013 Partenariat avec Harfang Exploration. Caract\u00e9risation min\u00e9ralogique et g\u00e9ochimique des min\u00e9ralisations aurif\u00e8res de la propri\u00e9t\u00e9 Sky Lake, Ontario.<\/li>\n<li><strong>Maude Fortin <\/strong>(2025) &#8211; Quelle origine pour les pyrites des conglom\u00e9rats aurif\u00e8res du Witwatersrand?<\/li>\n<li><strong>William Desbiens<\/strong>\u00a0(2025) \u2013 Signature en \u00e9l\u00e9ments traces dans le quartz par ablation laser femtoseconde coupl\u00e9 \u00e0 un spectrom\u00e8tre de masse.<\/li>\n<li><strong>Marie-Julie Boucher-Dumont<\/strong>\u00a0(2022) &#8211; Co-supervision M. J\u00e9brak. Partenariat avec Eldorado Gold corp. Caract\u00e9risation de la min\u00e9ralisation profonde du gisement Triangle, ceinture de roches vertes de l\u2019Abitibi, Qu\u00e9bec, Canada.<\/li>\n<li><strong>C\u00e9dric Lebel-Racicot <\/strong>(2022) &#8211; Superviseur, en partenariat avec Agnico Eagle Mines. Caract\u00e9risation lithog\u00e9ochimique des lithologies et des alt\u00e9rations associ\u00e9es aux indices de la propri\u00e9t\u00e9 Joannes-Nord. Comparaison avec le camp de Doyon-Bousquet-Laronde.<\/li>\n<li><strong>Mathieu Loiselle <\/strong>(2020) &#8211; Partenariat avec SOQUEM. Caract\u00e9risation g\u00e9ochimique des horizons de sulfures massifs st\u00e9riles de la propri\u00e9t\u00e9 Calixa, Camp de Selbaie.<\/li>\n<\/ol>\n<p><em>Collaborations<\/em><\/p>\n<ol>\n<li><strong>Small C<\/strong>. (2018) Study of tellurides and their formation in the VMS deposits of Matagami, Quebec, Canada. B.Sc. Honours Thesis (University of Ottawa), p. 79. Funded &#8211; NSERC Engage Grant\/UOttawa start-up. Co-supervision\u00a0Sarah Dare (Universit\u00e9 d&#8217;Ottawa) et Ingrid Kjarsgaard (Carleton University).<\/li>\n<li><strong>Habib I.<\/strong> (2018) Study of trace elements in magnetite by laser ablation ICP-MS from the VMS deposits of the Matagami mining camp, Quebec. B.Sc. Honours Thesis (University of Ottawa), p. 70. Funding-NSERC Engage Grant. Supervision Sarah Dare (Universit\u00e9 d&#8217;Ottawa).<\/li>\n<\/ol>\n","protected":false},"excerpt":{"rendered":"<p>Projets en cours: Doctorat \u00a0: \u00a0Esther Bou (Depuis 2022) Co-supervision M. J\u00e9brak (UQAM)\u00a0\u00a0Magmatisme de type sanukito\u00efde\u00a0: petrogen\u00e8se et lien avec les min\u00e9ralisations. Blas Barbera (Depuis 2025) Co-supervision S. Dare Processus de concentration des m\u00e9taux critiques et strat\u00e9giques dans les sulfures massifs volcanog\u00e8nes Hugo Bescond (Depuis 2026) Co-supervision V. Adombi De la chimie des sulfures \u00e0 &hellip; <a href=\"https:\/\/portfolio.uqac.ca\/dominiquegenna\/etudiants\/\" class=\"more-link\">Continuer la lecture de <span class=\"screen-reader-text\">\u00c9tudiants<\/span>  <span class=\"meta-nav\">&rarr;<\/span><\/a><\/p>\n","protected":false},"author":300,"featured_media":0,"parent":0,"menu_order":0,"comment_status":"closed","ping_status":"closed","template":"","meta":{"footnotes":""},"tags":[],"_links":{"self":[{"href":"https:\/\/portfolio.uqac.ca\/dominiquegenna\/wp-json\/wp\/v2\/pages\/200"}],"collection":[{"href":"https:\/\/portfolio.uqac.ca\/dominiquegenna\/wp-json\/wp\/v2\/pages"}],"about":[{"href":"https:\/\/portfolio.uqac.ca\/dominiquegenna\/wp-json\/wp\/v2\/types\/page"}],"author":[{"embeddable":true,"href":"https:\/\/portfolio.uqac.ca\/dominiquegenna\/wp-json\/wp\/v2\/users\/300"}],"replies":[{"embeddable":true,"href":"https:\/\/portfolio.uqac.ca\/dominiquegenna\/wp-json\/wp\/v2\/comments?post=200"}],"version-history":[{"count":20,"href":"https:\/\/portfolio.uqac.ca\/dominiquegenna\/wp-json\/wp\/v2\/pages\/200\/revisions"}],"predecessor-version":[{"id":271,"href":"https:\/\/portfolio.uqac.ca\/dominiquegenna\/wp-json\/wp\/v2\/pages\/200\/revisions\/271"}],"wp:attachment":[{"href":"https:\/\/portfolio.uqac.ca\/dominiquegenna\/wp-json\/wp\/v2\/media?parent=200"}],"wp:term":[{"taxonomy":"post_tag","embeddable":true,"href":"https:\/\/portfolio.uqac.ca\/dominiquegenna\/wp-json\/wp\/v2\/tags?post=200"}],"curies":[{"name":"wp","href":"https:\/\/api.w.org\/{rel}","templated":true}]}}