{"id":25,"date":"2020-02-17T09:07:11","date_gmt":"2020-02-17T14:07:11","guid":{"rendered":"http:\/\/portfolio-pre.uqac.ca\/gabarit\/?page_id=25"},"modified":"2025-04-11T08:13:58","modified_gmt":"2025-04-11T12:13:58","slug":"communications","status":"publish","type":"page","link":"https:\/\/portfolio.uqac.ca\/dominiquegenna\/communications\/","title":{"rendered":"Conf\u00e9rences et Ateliers"},"content":{"rendered":"<p><em><u>R\u00e9sum\u00e9s de conf\u00e9rence (Pr\u00e9sentation orale, sauf mention contraire):<\/u><\/em><\/p>\n<p>* =\u00e9tudiants supervis\u00e9s<\/p>\n<ol>\n<li>Bou E*, <u>Genna D<\/u>, J\u00e9brak M, Savard D (2025) From melt to ore: micrometer-scale chemical mapping of ferro-magnesian minerals in sanukitoid magmas, Neoarchean Lac Bachelor gold deposit, Abitibi Greenstone Belt, Canada. GAG-AMC-AIH-SNC 2025 Ottawa. (Poster)<\/li>\n<li>S\u00e1nchez Celis DM*, Bedard LP, Simard RL, <u>Genna D<\/u> (2025) Niobium Deposits in Saint-Honor\u00e9 carbonatite: A trimineral approach. GAG-AMC-AIH-SNC 2025 Ottawa. (Poster)<\/li>\n<li><u>Genna <\/u><span style=\"text-decoration: underline\">D<\/span>, Dare S, Gaboury D, J\u00e9brak M (2024) Source of fluids in orogenic and intrusion-related gold deposits: insights from trace elements in pyrite. SEG 2024 Conference. September 27-30 2024.<\/li>\n<li>Guillet de Chatellus F*, <u>Genna D<\/u>, Simard RL, Barber R, Leblanc M (2024) Caract\u00e9risation des min\u00e9ralisations \u00e0 Au-Mo du projet Falcon, Formation de Caopatina, Abitibi, Canada. Forum Technologique CONSOREM &#8211; Explo Abitibi; 28 mai 2024.<\/li>\n<li><u><\/u>Naulot R*, <u>Genna D<\/u>, Dare S, Fortin-Rh\u00e9aume JD (2023) Chimie min\u00e9rale sur pyrites et carbonates\u00a0: outils p\u00e9trog\u00e9n\u00e9tiques et d\u2019exploration pour les min\u00e9ralisations SMV de type Mattabi. Forum CONSOREM-UQAM; 20 f\u00e9vrier 2024.<\/li>\n<li>Naulot R*, <u>Genna D<\/u>, Dare S, Fortin-Rh\u00e9aume JD (2023) Les alt\u00e9rations strato\u00efdes \u00e0 carbonates de fer du camp de Selbaie : p\u00e9trogen\u00e8se et vecteur d\u2019exploration pour les SMV. Qu\u00e9bec Mines; 20-23 novembre 2023. (Poster)<\/li>\n<li>Guillet de Chatellus F*, Simard R-L, <u>Genna D<\/u>, Barber R (2023) Caract\u00e9risation des min\u00e9ralisations \u00e0 Au-Mo du projet Falcon, Formation de Caopatina, Abitibi, Canada. Qu\u00e9bec Mines; 20-23 novembre 2023. (Poster)<\/li>\n<li>Naulot R*, <u>Genna D<\/u>, Dare S, Fortin-Rh\u00e9aume JD (2023) Vectoring towards VMS-type mineralization in the Selbaie mining camp (Abitibi, Qu\u00e9bec) using pyrite chemistry from semi-concordant Mattabi-type carbonate alteration. GAC-MAC-SGA, 24 au 29 mai 2023, Sudbury, Canada.<\/li>\n<li>Bou E*, <u>Genna D<\/u>, J\u00e9brak M, Moyen JF, Mathieu L (2023) Petrogenesis of the Neoarchean Barlow pluton (Superior Province, Canada): an intrusion between two subprovinces. GAC-MAC-SGA, 24 au 29 mai 2023, Sudbury, Canada.<\/li>\n<li>Caraballo E, Beaudoin G, Dare S, <u>Genna D<\/u>, Petersen S, Relvas JMRS, Piercey SJ (2022) Composition en \u00e9l\u00e9ments traces de la chalcopyrite\u00a0: variation et implications pour l\u2019exploration min\u00e9rale. Qu\u00e9bec Mines; 21-24 novembre 2022.<\/li>\n<li>Carter J, Gregory DD, <u>Genna D<\/u> (2022) Sulfide chemistry at the Fenelon gold deposit, Qu\u00e9bec. Goldschmidt Hawai\u2019i, 10-15 July 2022.<\/li>\n<li>Carter J, Gregory DD, <u>Genna D<\/u> (2022) Pyrite trace element chemistry of the Fenelon gold deposit, Qu\u00e9bec. PDAC, 13-15 June 2022.<\/li>\n<li><u>Genna D<\/u>, Gaboury D, Dare D, Azevedo C, J\u00e9brak M (2022) Developing trace elements in pyrite as a petrogenetic tool for gold mineralization: example from the Abitibi greenstone belt, Canada. In: Christie AB (ed.) Proceedings of the 16th SGA Biennial Meeting, 28-31 March 2022.<\/li>\n<li>Dour M*, Bedeaux P, <u>Genna D,<\/u> Simard RL (2022) Les min\u00e9ralisations Cu-Au de type \u00ab\u00a0Op\u00e9miska\u00a0\u00bb un exemple de min\u00e9ralisations magmatiques-hydrothermales? Forum CONSOREM-UQAM, 15 f\u00e9vrier 2022 (virtuel).<\/li>\n<li><u>Genna D,<\/u> Paiement JP, Blouin M, Tr\u00e9panier S (2021) Comparaison de la performance d\u2019algorithmes d\u2019apprentissage machine appliqu\u00e9s \u00e0 la cartographie pr\u00e9dictive. Qu\u00e9bec Mines (virtuel).<\/li>\n<li>Gaboury D, <u>Genna D,<\/u> Trottier J, Bouchard M, Augustin J, Malcolm K (2021) La zone HGZ du projet Perron d\u2019Amex Exploration\u00a0: un gisement \u00e0 teneurs aurif\u00e8res exceptionnelles form\u00e9 par des fluides riches en hydrocarbures. Xplor 2021 (virtuel).<\/li>\n<li><u>Genna D<\/u>, Gaboury D, Azevedo C, J\u00e9brak M (2021) La chimie des pyrites\u00a0: un outil de discrimination p\u00e9trog\u00e9n\u00e9tique pour les min\u00e9ralisations aurif\u00e8res de l\u2019Abitibi. 19<sup>\u00e8me<\/sup> Forum Technologique CONSOREM (virtuel).<\/li>\n<li><u>Genna D<\/u>, Rafini S, Lafrance B, Tr\u00e9panier S (2020) D\u00e9terminer l\u2019efficacit\u00e9 d\u2019un syst\u00e8me hydrothermal volcanog\u00e8ne\u00a0: tour d\u2019horizon de 20 ans de recherche au CONSOREM. Qu\u00e9bec Mines (virtuel).<\/li>\n<li>Tr\u00e9panier S, Mathieu L, Faure S, Gaboury D, Lafrance B, <u>Genna D<\/u>, Gigoux M, Longu\u00e9pe H, Pearson V (2020) Vingt ans d\u2019innovation en lithog\u00e9ochimie au CONSOREM. Qu\u00e9bec Mines (virtuel).<\/li>\n<li>Rafini S, Faure S, Tr\u00e9panier S, <u>Genna D<\/u>, Gigoux M, Bigot L, Lafrance B, Pearson V, Daigneault R (2020) 20 ann\u00e9es de recherche et d\u00e9veloppement sur l\u2019or orog\u00e9nique au Qu\u00e9bec \u2013 l\u2019apport du CONSOREM. Qu\u00e9bec Mines (virtuel).<\/li>\n<li><u>Genna D<\/u>, Gaboury D, Azevedo C, J\u00e9brak M (2020) Identifying a magmatic-hydrothermal contribution in Archean auriferous mineralization using pyrite chemistry. Geological Society of America, Abstracts with Programs, Vol. 52, No. 6. Doi: 10.1130\/abs\/2020AM-357635.<\/li>\n<li>Lafrance B, Lavoie J, Rafini S, <u>Genna D<\/u>, Gigoux M, Tr\u00e9panier S, Goutier J, Daigneault R (2020) L\u2019innovation au CONSOREM. Qu\u00e9bec Mines (virtuel).<\/li>\n<li>D\u2019Harlingue G*, Gaboury D, <u>Genna D<\/u> (2019) Caract\u00e9risation m\u00e9tallog\u00e9nique de la min\u00e9ralisation aurif\u00e8re du gisement Gladiator, Ceinture d\u2019Urban-Barry, Abitibi. Qu\u00e9bec Mines, Qu\u00e9bec, 18-21 Novembre 2019. (Poster)<\/li>\n<li><u>Genna D<\/u> (2019) Les Sulfures Massifs Volcanog\u00e8nes: Synth\u00e8se de pr\u00e8s de 20 ans de recherche au CONSOREM: Contributions scientifiques et impacts sur l&#8217;exploration au Qu\u00e9bec. 17<sup>\u00e8me<\/sup> Forum Technologique CONSOREM, Val d\u2019Or, 27 Mai 2019.<\/li>\n<li><u>Genna D<\/u>, Dare SAS, Habib I, Lessard P (2019) Variation of trace elements in magnetite from volcanogenic massive sulfide deposits of the Matagami mining camp, Canada: Implications for mineral exploration. GAC-MAC-IAH, May 12-15 2019, Qu\u00e9bec City, Canada.<\/li>\n<li><u>Genna D<\/u>, Gaboury D, Daigneault R (2018) Comportement des \u00e9l\u00e9ments traces \u00e0 l&#8217;approche des gisements d&#8217;or et de sulfures massifs volcanog\u00e8nes : cas d&#8217;\u00e9tudes en Abitibi. Qu\u00e9bec Mines, Qu\u00e9bec, 19-22 Novembre 2018. (Poster)<\/li>\n<li><u>Genna D<\/u> (2018) Importance de la magn\u00e9tite dans les SMV du camp de Matagami, Abitibi. Importance pour l\u2019exploration. Xplor, Montr\u00e9al, 17-18 octobre 2018.<\/li>\n<li>Small C, Kjarsgaard I, Dare S, <u>Genna D,<\/u> Lessard P (2018) Study of tellurides and their formation in the VMS deposits of Matagami, QC, Canada. PDAC-SEG Student Minerals Colloquium, Toronto, Canada, March 2018 (Poster)<\/li>\n<li><u>Genna D<\/u> (2018) Utilisation des \u00e9l\u00e9ments volatils pour d\u00e9tecter les min\u00e9ralisations aurif\u00e8res\u00a0: m\u00e9thodes d\u2019analyse et exemples d\u2019applications en Abitibi. Mini-Forum UQAM, Montr\u00e9al, 14 f\u00e9vrier 2018.<\/li>\n<li><u>Genna D<\/u> (2017) Utilisation des \u00e9l\u00e9ments volatils en exploration min\u00e9rale: m\u00e9thode d\u2019analyse et exemples d\u2019application. 15<sup>\u00e8me<\/sup> Forum Technologique CONSOREM-DIVEX, Val d\u2019Or, 23 Mai 2017.<\/li>\n<li>Moore LN, Daigneault R, <u>Genna D<\/u>, Pilote C, Bernier C, Stix J (2017) Facies architecture, hydrothermal alteration and precious metal mineralization at submarine felsic volcanic complexes: insights from felsic centres of the Abitibi greenstone belt, Quebec, Canada. IAVCEI, 14-18 August 2017, Portland, Oregon, U.S.A.<\/li>\n<li><u>Genna D<\/u> (2016) Interpr\u00e9tation des amas de sulfures massifs volcanog\u00e8nes st\u00e9riles. Qu\u00e9bec Mines, Qu\u00e9bec, 21-24 November 2016. (Poster)<\/li>\n<li><u>Genna D<\/u>, Gaboury D (2015) Deciphering the hydrothermal evolution of a VMS system using trace elements in pyrite by laser ablation ICP-MS: an example from the Bracemac-McLeod deposits, Abitibi, Canada and implications for exploration. AGU-GAC-MAC-CGU, Montr\u00e9al, 3-7 May 2015. (Poster)<\/li>\n<li><u>Genna D<\/u>, Gaboury D (2014) D\u00e9chiffrer l\u2019\u00e9volution d\u2019un SMV en utilisant la composition en \u00e9l\u00e9ments traces des pyrites\u00a0: l\u2019exemple de Bracemac-McLeod, Matagami, Abitibi. Implications pour l\u2019exploration. 12<sup>\u00e8me<\/sup> Forum Technologique CONSOREM-DIVEX, Rouyn-Noranda.<\/li>\n<li><u>Genna D<\/u>, Gaboury D, Roy G (2013) R\u00e9interpr\u00e9tation de l\u2019origine et de la mise en place de la Tuffite Cl\u00e9 et des min\u00e9ralisations SMV associ\u00e9es dans le camp de Matagami, Abitibi: Implications pour l\u2019exploration. AEMQ (<em>Association de l\u2019Exploration Mini\u00e8re du Qu\u00e9bec)<\/em>, Quebec City.<\/li>\n<li><u>Genna D<\/u>, Gaboury D (2012) Deciphering the hydrothermal evolution of a VMS deposit using trace elements in pyrite by laser ablation ICP-MS: an example from the Matagami Mining camp, Abitibi, Canada. Proceedings of the 34th International Geological Congress (IGC), Brisbane, Australia, 5-10 August 2012. ISBN 978-0-646-57800-2.<\/li>\n<li><u>Genna D<\/u>, Gaboury D, Roy G (2011) Behaviour of Europium in the Key Tuffite around the Bracemac-McLeod deposit: a new geochemical tool to assist VMS exploration in the Matagami mining camp, Quebec, Canada. In: Barra F, Reich M, Tornos F (eds) Proceedings of the 11th Biennial SGA Meeting Antofagasta, Chile, 26-29 September 2011, 748-750.<\/li>\n<li><u>Genna D<\/u>, Gaboury D, Roy G (2011) Behaviour of Europium in the Key Tuffite around the Bracemac-McLeod deposit: a new geochemical tool to assist VMS exploration in the Matagami Camp, Quebec, Canada. ACG\/GAC-AMC\/MAC-SEG-SGA, Ottawa, 2011<\/li>\n<li>Roy G, Dessureault M, <u>Genna D<\/u>, Faure S (2010) Bracemac-McLeod : un nouveau gisement atypique dans le camp de Matagami. Forum Technologique CONSOREM-DIVEX.<\/li>\n<li><u>Genna D<\/u>, Gaboury D, Moore L, Mueller W (2009) Use of micro-XRF in the characterization of hydrothermal alteration: application to the subaqueous felsic dome-flow complex of the Cap d\u2019Ours segment of the Glenwood rhyolite, Rouyn-Noranda, Qu\u00e9bec. Proceedings of the 24<sup>th<\/sup> International Applied Geochemistry Symposium (IAGS), Fredericton, Canada, 1<sup>st<\/sup> to 4<sup>th<\/sup> June 2009, p. 161-164. (Poster)<\/li>\n<li><u>Genna D<\/u>, Gaboury D (2008) Variations Ni\/Co des pyrites analys\u00e9es au LA-ICP-MS dans l\u2019amas de sulfures massifs volcanog\u00e8nes Bouchard-H\u00e9bert, Abitibi : Implications p\u00e9trographiques. ACG\/GAC-AMC\/MAC-SEG-SGA, Quebec, 2008, Abstracts vol. 33, ISSN 701-0738, ISBN 978-1-897095-35-5. 61-62. (Poster)<\/li>\n<\/ol>\n<hr \/>\n<p><u><\/u><em><u>Ateliers (pr\u00e9sentation orale):<\/u><\/em><\/p>\n<ol>\n<li><u>Genna D<\/u>, (2024) Utilisation de la chimie des pyrites en contexte d\u2019exploration\u00a0: \u00c9tat des connaissances et application des outils CONSOREM. Forum CONSOREM-UQAM, 20 f\u00e9vrier 2024.<\/li>\n<li><u>Genna D,<\/u> Gigoux M, Lafrance B, Lavoie J, Rafini S (2021) Nouveaux r\u00e9sultats des travaux de recherche du CONSOREM en exploration min\u00e9rale. Qu\u00e9bec Mines (Provincial Open House meeting) 22 novembre 2021.<\/li>\n<li><u>Genna<\/u> D, (2020) Utilisation des \u00e9l\u00e9ments semi-volatils en exploration min\u00e9rale. Mini-Forum UQAM, 19 f\u00e9vrier 2020.<\/li>\n<li><u>Genna D<\/u>, Gigoux M, Lavoie J, Rafini S, (2019) Nouvelles id\u00e9es et nouvelles approches en exploration min\u00e9rale : applications en g\u00e9ophysique, g\u00e9ochimie, hydrog\u00e9ochimie et aux \u00e9tudes de potentiel min\u00e9ral \u2014 CONSOREM. Qu\u00e9bec Mines (Provincial Open House meeting) 18 novembre 2019.<\/li>\n<li>Gigoux M, <u>Genna D,<\/u> Lavoie J, Rafini S, Daigneault R, (2018) Nouvelles id\u00e9es et nouvelles approches en exploration min\u00e9rale. Qu\u00e9bec Mines (Provincial Open House meeting).<\/li>\n<li><u>Genna D<\/u> (2018) Geochemical signatures of massive sulfides from VMS deposits: Implications for petrogenesis and exploration. Mineral resources in the Arctic, Tromso, Norway, 11<sup>th<\/sup>-13<sup>th<\/sup> June 2018. <strong>Conf\u00e9rencier \u00e9m\u00e9rite<\/strong><\/li>\n<li><u>Genna<\/u> D, (2018) Les Sulfures Massifs Volcanog\u00e8nes: Contributions Scientifiques\u00a0et Impacts sur l&#8217;Exploration au Qu\u00e9bec\u00a0de 15 ans de recherche au CONSOREM. Mini-Forum UQAM, 14 f\u00e9vrier 2018.<\/li>\n<li>Daigneault R, Mathieu L, <u>Genna D<\/u>, Lavoie J, Rafini S, Faure S, (2017) Nouvelles approches en exploration min\u00e9rale. Qu\u00e9bec Mines (Provincial Open House meeting).<\/li>\n<li><u>Genna D,<\/u> (2017) Use of LA-ICP-MS in deciphering the hydrothermal evolution of VMS deposits and implications for exploration. Short Course SC08\u00a0: Recent advances in micro-analytical techniques (LA-ICP-MS, CT \u2026) applied to ore deposits. 14<sup>th<\/sup> Biennial SGA Meeting Qu\u00e9bec City, Canada. August 20-23 2017. <strong>Conf\u00e9rencier invit\u00e9.<\/strong><\/li>\n<li><u>Genna D<\/u>, (2017) Traceurs g\u00e9ochimiques pour guider l\u2019exploration des SMV. Centre de formation de Managem, Marrakech, 4 janvier 2017. <strong>Conf\u00e9rencier invit\u00e9<\/strong>.<\/li>\n<li>Faure S, Rafini S, Mathieu L, Bigot L, <u>Genna D<\/u>, (2014) Technological breakthroughs in mineral exploration: an overview of CONSOREM\u2019s 2013-2014 findings. Qu\u00e9bec Mines (Provincial Open House meeting).<\/li>\n<\/ol>\n","protected":false},"excerpt":{"rendered":"<p>R\u00e9sum\u00e9s de conf\u00e9rence (Pr\u00e9sentation orale, sauf mention contraire): * =\u00e9tudiants supervis\u00e9s Bou E*, Genna D, J\u00e9brak M, Savard D (2025) From melt to ore: micrometer-scale chemical mapping of ferro-magnesian minerals in sanukitoid magmas, Neoarchean Lac Bachelor gold deposit, Abitibi Greenstone Belt, Canada. GAG-AMC-AIH-SNC 2025 Ottawa. (Poster) S\u00e1nchez Celis DM*, Bedard LP, Simard RL, Genna D &hellip; <a href=\"https:\/\/portfolio.uqac.ca\/dominiquegenna\/communications\/\" class=\"more-link\">Continuer la lecture de <span class=\"screen-reader-text\">Conf\u00e9rences et Ateliers<\/span>  <span class=\"meta-nav\">&rarr;<\/span><\/a><\/p>\n","protected":false},"author":89,"featured_media":0,"parent":0,"menu_order":0,"comment_status":"closed","ping_status":"closed","template":"","meta":{"footnotes":""},"tags":[],"_links":{"self":[{"href":"https:\/\/portfolio.uqac.ca\/dominiquegenna\/wp-json\/wp\/v2\/pages\/25"}],"collection":[{"href":"https:\/\/portfolio.uqac.ca\/dominiquegenna\/wp-json\/wp\/v2\/pages"}],"about":[{"href":"https:\/\/portfolio.uqac.ca\/dominiquegenna\/wp-json\/wp\/v2\/types\/page"}],"author":[{"embeddable":true,"href":"https:\/\/portfolio.uqac.ca\/dominiquegenna\/wp-json\/wp\/v2\/users\/89"}],"replies":[{"embeddable":true,"href":"https:\/\/portfolio.uqac.ca\/dominiquegenna\/wp-json\/wp\/v2\/comments?post=25"}],"version-history":[{"count":12,"href":"https:\/\/portfolio.uqac.ca\/dominiquegenna\/wp-json\/wp\/v2\/pages\/25\/revisions"}],"predecessor-version":[{"id":249,"href":"https:\/\/portfolio.uqac.ca\/dominiquegenna\/wp-json\/wp\/v2\/pages\/25\/revisions\/249"}],"wp:attachment":[{"href":"https:\/\/portfolio.uqac.ca\/dominiquegenna\/wp-json\/wp\/v2\/media?parent=25"}],"wp:term":[{"taxonomy":"post_tag","embeddable":true,"href":"https:\/\/portfolio.uqac.ca\/dominiquegenna\/wp-json\/wp\/v2\/tags?post=25"}],"curies":[{"name":"wp","href":"https:\/\/api.w.org\/{rel}","templated":true}]}}