{"id":27,"date":"2020-02-17T09:07:11","date_gmt":"2020-02-17T14:07:11","guid":{"rendered":"http:\/\/portfolio-pre.uqac.ca\/gabarit\/?page_id=27"},"modified":"2025-10-17T13:23:58","modified_gmt":"2025-10-17T17:23:58","slug":"curriculum-vitae","status":"publish","type":"page","link":"https:\/\/portfolio.uqac.ca\/dominiquegenna\/curriculum-vitae\/","title":{"rendered":"Curriculum vitae"},"content":{"rendered":"<h2><strong>Dipl\u00f4mes<\/strong><\/h2>\n<ul>\n<li>Licence en Sciences de la Terre <em>2007<\/em> (<em>Universit\u00e9 de Montpellier II<\/em>, France)<\/li>\n<li>Ma\u00eetrise en Sciences de la Terre 2009 (<em>Universit\u00e9 du Qu\u00e9bec \u00e0 Chicoutimi<\/em>)<\/li>\n<li>Doctorat en Sciences de la Terre et de l\u2019Atmosph\u00e8re 2015 (<em>Universit\u00e9 du Qu\u00e9bec \u00e0 Chicoutimi<\/em>)<\/li>\n<li>Postdoctorat 2016-2018 (<em><a href=\"https:\/\/www.uqac.ca\/consorem\/\">CONSOREM<\/a>; Universit\u00e9 du Qu\u00e9bec \u00e0 Chicoutimi<\/em>)<\/li>\n<\/ul>\n<h2><strong> Distinctions et bourses<br \/>\n<\/strong><\/h2>\n<ul>\n<li><strong>Prix Julian Boldy <\/strong>(2011) remis par la Division des G\u00eetes Min\u00e9raux de l\u2019Association G\u00e9ologique du Canada lors du congr\u00e8s GAC MAC.<\/li>\n<\/ul>\n<h2><strong> Affiliations professionnelles<\/strong><\/h2>\n<ul>\n<li>Membre de l&#8217;Ordre des G\u00e9ologues (02173)<\/li>\n<\/ul>\n<h2><strong> Activit\u00e9s<\/strong><\/h2>\n<ul>\n<li><strong>Co-organisateur d\u2019une session de conf\u00e9rence <\/strong>lors de l\u2019assembl\u00e9e conjointe AGU-GAC-MAC-CGU 2015 \u00e0 Montr\u00e9al sur \u201cLes gisements de SMV et leurs environnements g\u00e9ologiques\u201d<\/li>\n<li><strong>Lecteur critique <\/strong>de manuscrits scientifiques depuis 2014 (American Mineralogist; Applied Geochemistry; Economic Geology; Geological Journal; International Geology Reviews; Journal of Geochemical Exploration; Minerals; Ore Geology Reviews). Profil <em><a href=\"https:\/\/publons.com\/researcher\/1593859\/dominique-genna\/\">Publons<\/a>.<\/em><\/li>\n<\/ul>\n","protected":false},"excerpt":{"rendered":"<p>Dipl\u00f4mes Licence en Sciences de la Terre 2007 (Universit\u00e9 de Montpellier II, France) Ma\u00eetrise en Sciences de la Terre 2009 (Universit\u00e9 du Qu\u00e9bec \u00e0 Chicoutimi) Doctorat en Sciences de la Terre et de l\u2019Atmosph\u00e8re 2015 (Universit\u00e9 du Qu\u00e9bec \u00e0 Chicoutimi) Postdoctorat 2016-2018 (CONSOREM; Universit\u00e9 du Qu\u00e9bec \u00e0 Chicoutimi) Distinctions et bourses Prix Julian Boldy (2011) &hellip; <a href=\"https:\/\/portfolio.uqac.ca\/dominiquegenna\/curriculum-vitae\/\" class=\"more-link\">Continuer la lecture de <span class=\"screen-reader-text\">Curriculum vitae<\/span>  <span class=\"meta-nav\">&rarr;<\/span><\/a><\/p>\n","protected":false},"author":89,"featured_media":0,"parent":0,"menu_order":0,"comment_status":"closed","ping_status":"closed","template":"","meta":{"footnotes":""},"tags":[],"_links":{"self":[{"href":"https:\/\/portfolio.uqac.ca\/dominiquegenna\/wp-json\/wp\/v2\/pages\/27"}],"collection":[{"href":"https:\/\/portfolio.uqac.ca\/dominiquegenna\/wp-json\/wp\/v2\/pages"}],"about":[{"href":"https:\/\/portfolio.uqac.ca\/dominiquegenna\/wp-json\/wp\/v2\/types\/page"}],"author":[{"embeddable":true,"href":"https:\/\/portfolio.uqac.ca\/dominiquegenna\/wp-json\/wp\/v2\/users\/89"}],"replies":[{"embeddable":true,"href":"https:\/\/portfolio.uqac.ca\/dominiquegenna\/wp-json\/wp\/v2\/comments?post=27"}],"version-history":[{"count":8,"href":"https:\/\/portfolio.uqac.ca\/dominiquegenna\/wp-json\/wp\/v2\/pages\/27\/revisions"}],"predecessor-version":[{"id":259,"href":"https:\/\/portfolio.uqac.ca\/dominiquegenna\/wp-json\/wp\/v2\/pages\/27\/revisions\/259"}],"wp:attachment":[{"href":"https:\/\/portfolio.uqac.ca\/dominiquegenna\/wp-json\/wp\/v2\/media?parent=27"}],"wp:term":[{"taxonomy":"post_tag","embeddable":true,"href":"https:\/\/portfolio.uqac.ca\/dominiquegenna\/wp-json\/wp\/v2\/tags?post=27"}],"curies":[{"name":"wp","href":"https:\/\/api.w.org\/{rel}","templated":true}]}}