{"id":46,"date":"2020-02-17T09:07:11","date_gmt":"2020-02-17T14:07:11","guid":{"rendered":"http:\/\/portfolio-pre.uqac.ca\/gabarit\/?page_id=46"},"modified":"2025-10-17T13:16:54","modified_gmt":"2025-10-17T17:16:54","slug":"recherche","status":"publish","type":"page","link":"https:\/\/portfolio.uqac.ca\/dominiquegenna\/recherche\/","title":{"rendered":"Recherche"},"content":{"rendered":"<p>Signature g\u00e9ochimique des sulfures pour l&#8217;exploration min\u00e9rale<\/p>\n<p>Min\u00e9raux critiques et strat\u00e9giques des Sulfures Massifs Volcanog\u00e8nes<\/p>\n<p>Volcanologie physique<\/p>\n<p><strong>Projets de recherche:\u00a0<\/strong><\/p>\n<p>\u00c0 venir<\/p>\n","protected":false},"excerpt":{"rendered":"<p>Signature g\u00e9ochimique des sulfures pour l&#8217;exploration min\u00e9rale Min\u00e9raux critiques et strat\u00e9giques des Sulfures Massifs Volcanog\u00e8nes Volcanologie physique Projets de recherche:\u00a0 \u00c0 venir<\/p>\n","protected":false},"author":89,"featured_media":0,"parent":0,"menu_order":0,"comment_status":"closed","ping_status":"closed","template":"","meta":{"footnotes":""},"tags":[],"_links":{"self":[{"href":"https:\/\/portfolio.uqac.ca\/dominiquegenna\/wp-json\/wp\/v2\/pages\/46"}],"collection":[{"href":"https:\/\/portfolio.uqac.ca\/dominiquegenna\/wp-json\/wp\/v2\/pages"}],"about":[{"href":"https:\/\/portfolio.uqac.ca\/dominiquegenna\/wp-json\/wp\/v2\/types\/page"}],"author":[{"embeddable":true,"href":"https:\/\/portfolio.uqac.ca\/dominiquegenna\/wp-json\/wp\/v2\/users\/89"}],"replies":[{"embeddable":true,"href":"https:\/\/portfolio.uqac.ca\/dominiquegenna\/wp-json\/wp\/v2\/comments?post=46"}],"version-history":[{"count":7,"href":"https:\/\/portfolio.uqac.ca\/dominiquegenna\/wp-json\/wp\/v2\/pages\/46\/revisions"}],"predecessor-version":[{"id":256,"href":"https:\/\/portfolio.uqac.ca\/dominiquegenna\/wp-json\/wp\/v2\/pages\/46\/revisions\/256"}],"wp:attachment":[{"href":"https:\/\/portfolio.uqac.ca\/dominiquegenna\/wp-json\/wp\/v2\/media?parent=46"}],"wp:term":[{"taxonomy":"post_tag","embeddable":true,"href":"https:\/\/portfolio.uqac.ca\/dominiquegenna\/wp-json\/wp\/v2\/tags?post=46"}],"curies":[{"name":"wp","href":"https:\/\/api.w.org\/{rel}","templated":true}]}}