{"id":4,"date":"2019-06-12T16:38:50","date_gmt":"2019-06-12T20:38:50","guid":{"rendered":"http:\/\/portfolio-pre.uqac.ca\/gabarit\/?page_id=4"},"modified":"2019-06-14T08:51:02","modified_gmt":"2019-06-14T12:51:02","slug":"presentatio","status":"publish","type":"page","link":"https:\/\/portfolio.uqac.ca\/duygukocaefe\/","title":{"rendered":"Pr\u00e9sentation"},"content":{"rendered":"<h2>Duygu Kocaefe<\/h2>\n<p>Professeur au d\u00e9partement des\u00a0sciences appliqu\u00e9es, ing., Ph.D.<\/p>\n<ul>\n<li><span style=\"color: #000000; font-family: Arial;\">Directrice des \u00e9tudes de cycles sup\u00e9rieurs en ing\u00e9nierie \u2013 volet recherche<\/span><\/li>\n<li><span style=\"color: #000000; font-family: Arial;\">Membre de l\u2019Ordre des ing\u00e9nieurs du Qu\u00e9bec OIQ<\/span><\/li>\n<li><span style=\"color: #000000; font-family: Arial;\">Titulaire de la Chaire institutionnelle sur les mat\u00e9riaux industriels (CHIMI)<\/span><\/li>\n<li><span style=\"color: #000000; font-family: Arial;\">Responsable de l&#8217;axe 1 &#8211; Production, Centre de recherche sur l&#8217;aluminium-REGAL<\/span><\/li>\n<\/ul>\n<h2>Domaine<\/h2>\n<ul>\n<li>G\u00e9nie chimique<\/li>\n<\/ul>\n<h2>Axes de recherche<\/h2>\n<ul>\n<li><span style=\"color: #000000; font-family: Arial;\">Production et am\u00e9lioration des anodes de carbone<\/span><\/li>\n<li><span style=\"color: #000000; font-family: Arial;\">Mod\u00e9lisation math\u00e9matique des syst\u00e8mes industriels<\/span><\/li>\n<li><span style=\"color: #000000; font-family: Arial;\">Thermotransformation du bois<\/span><\/li>\n<li><span style=\"color: #000000; font-family: Arial;\">Mouillabilit\u00e9 et r\u00e9actions \u00e0 l\u2019interface entre les solides et les liquides<\/span><\/li>\n<li><span style=\"color: #000000; font-family: Arial;\">Analyse thermique et cin\u00e9tique de produits carbon\u00e9s et de bois<\/span><\/li>\n<li><span style=\"color: #000000; font-family: Arial;\">Transfert de chaleur et de mati\u00e8re<\/span><\/li>\n<li><span style=\"color: #000000; font-family: Arial;\">Caract\u00e9risation des mat\u00e9riaux<\/span><\/li>\n<li><span style=\"color: #000000; font-family: Arial;\">\u00c9puration des gaz issus des proc\u00e9d\u00e9s industriels<\/span><\/li>\n<\/ul>\n<p>&nbsp;<\/p>\n","protected":false},"excerpt":{"rendered":"<p>Duygu Kocaefe Professeur au d\u00e9partement des\u00a0sciences appliqu\u00e9es, ing., Ph.D. Directrice des \u00e9tudes de cycles sup\u00e9rieurs en ing\u00e9nierie \u2013 volet recherche Membre de l\u2019Ordre des ing\u00e9nieurs du Qu\u00e9bec OIQ Titulaire de la Chaire institutionnelle sur les mat\u00e9riaux industriels (CHIMI) Responsable de l&#8217;axe 1 &#8211; Production, Centre de recherche sur l&#8217;aluminium-REGAL Domaine G\u00e9nie chimique Axes de recherche &hellip; <a href=\"https:\/\/portfolio.uqac.ca\/duygukocaefe\/\" class=\"more-link\">Continuer la lecture de <span class=\"screen-reader-text\">Pr\u00e9sentation<\/span>  <span class=\"meta-nav\">&rarr;<\/span><\/a><\/p>\n","protected":false},"author":89,"featured_media":0,"parent":0,"menu_order":0,"comment_status":"closed","ping_status":"closed","template":"","meta":{"footnotes":""},"tags":[],"_links":{"self":[{"href":"https:\/\/portfolio.uqac.ca\/duygukocaefe\/wp-json\/wp\/v2\/pages\/4"}],"collection":[{"href":"https:\/\/portfolio.uqac.ca\/duygukocaefe\/wp-json\/wp\/v2\/pages"}],"about":[{"href":"https:\/\/portfolio.uqac.ca\/duygukocaefe\/wp-json\/wp\/v2\/types\/page"}],"author":[{"embeddable":true,"href":"https:\/\/portfolio.uqac.ca\/duygukocaefe\/wp-json\/wp\/v2\/users\/89"}],"replies":[{"embeddable":true,"href":"https:\/\/portfolio.uqac.ca\/duygukocaefe\/wp-json\/wp\/v2\/comments?post=4"}],"version-history":[{"count":13,"href":"https:\/\/portfolio.uqac.ca\/duygukocaefe\/wp-json\/wp\/v2\/pages\/4\/revisions"}],"predecessor-version":[{"id":181,"href":"https:\/\/portfolio.uqac.ca\/duygukocaefe\/wp-json\/wp\/v2\/pages\/4\/revisions\/181"}],"wp:attachment":[{"href":"https:\/\/portfolio.uqac.ca\/duygukocaefe\/wp-json\/wp\/v2\/media?parent=4"}],"wp:term":[{"taxonomy":"post_tag","embeddable":true,"href":"https:\/\/portfolio.uqac.ca\/duygukocaefe\/wp-json\/wp\/v2\/tags?post=4"}],"curies":[{"name":"wp","href":"https:\/\/api.w.org\/{rel}","templated":true}]}}