{"id":162,"date":"2024-08-20T14:47:35","date_gmt":"2024-08-20T18:47:35","guid":{"rendered":"http:\/\/portfolio-pre.uqac.ca\/gabarit\/?page_id=162"},"modified":"2026-03-24T10:08:47","modified_gmt":"2026-03-24T14:08:47","slug":"recherche","status":"publish","type":"page","link":"https:\/\/portfolio.uqac.ca\/edithbreton\/recherche\/","title":{"rendered":"Recherche"},"content":{"rendered":"<p><a href=\"https:\/\/scholar.google.com\/citations?user=geZFK3sAAAAJ&amp;hl=fr&amp;oi=ao\" target=\"_blank\" rel=\"noopener\">Mes publications peuvent \u00eatre consult\u00e9es sur Google Scholar.<\/a><\/p>\n<p>Voici une liste non-exhaustive de publications r\u00e9centes:<\/p>\n<div class=\"csl-bib-body\">\n<div>\n<div class=\"csl-bib-body\">\n<div class=\"csl-entry\"><strong>Breton, \u00c9.,<\/strong> &amp; Kaufmann, T. (2025). An evolutionary perspective on the genetics of anorexia nervosa. <i>Translational Psychiatry<\/i>, <i>15<\/i>(1), 1\u201110. <a href=\"https:\/\/doi.org\/10.1038\/s41398-025-03270-1\">https:\/\/doi.org\/10.1038\/s41398-025-03270-1<\/a><\/div>\n<\/div>\n<div>\n<div class=\"csl-bib-body\"><\/div>\n<\/div>\n<\/div>\n<div>\n<div class=\"csl-bib-body\">\n<div class=\"csl-entry\">Kirkpatrick, R. H., <strong>Breton, E.<\/strong>, Biorac, A., Munoz, D. P., &amp; Booij, L. (2024). Non-suicidal self-injury among individuals with an eating disorder\u202f: A systematic review and prevalence meta-analysis. <i>The International Journal of Eating Disorders<\/i>, <i>57<\/i>(2), 223\u2011248. <a href=\"https:\/\/doi.org\/10.1002\/eat.24088\">https:\/\/doi.org\/10.1002\/eat.24088<\/a><\/div>\n<div><\/div>\n<\/div>\n<div>\n<div class=\"csl-bib-body\">\n<div class=\"csl-entry\">Steiger, H., Booij, L., Thaler, L., St-Hilaire, A., Isra\u00ebl, M., Casey, K. F., Oliverio, S., Crescenzi, O., Lee, V., Turecki, G., Joober, R., Szyf, M., &amp; <strong>Breton, \u00c9<\/strong>. (2023). DNA methylation in people with anorexia nervosa\u202f: Epigenome-wide patterns in actively ill, long-term remitted, and healthy-eater women. <i>The World Journal of Biological Psychiatry: The Official Journal of the World Federation of Societies of Biological Psychiatry<\/i>, <i>24<\/i>(3), 254\u2011259. <a href=\"https:\/\/doi.org\/10.1080\/15622975.2022.2089731\">https:\/\/doi.org\/10.1080\/15622975.2022.2089731<\/a><\/div>\n<\/div>\n<\/div>\n<div class=\"csl-bib-body\">\n<div><\/div>\n<\/div>\n<\/div>\n<div class=\"csl-entry\"><strong>Breton, \u00c9.<\/strong>, Dufour, R., C\u00f4t\u00e9, S. M., Dubois, L., Vitaro, F., Boivin, M., Tremblay, R. E., &amp; Booij, L. (2022). Developmental trajectories of eating disorder symptoms\u202f: A longitudinal study from early adolescence to young adulthood. <i>Journal of Eating Disorders<\/i>, <i>10<\/i>(1), 84. <a href=\"https:\/\/doi.org\/10.1186\/s40337-022-00603-z\">https:\/\/doi.org\/10.1186\/s40337-022-00603-z<\/a><\/div>\n<\/div>\n<div><\/div>\n<div class=\"csl-bib-body\">\n<div class=\"csl-entry\"><strong>Breton, \u00c9.<\/strong>, Juster, R., &amp; Booij, L. (2023). Gender and sex in eating disorders\u202f: A narrative review of the current state of knowledge, research gaps, and recommendations. <i>Brain and Behavior<\/i>, <i>13<\/i>(4), e2871. <a href=\"https:\/\/doi.org\/10.1002\/brb3.2871\">https:\/\/doi.org\/10.1002\/brb3.2871<\/a><\/div>\n<\/div>\n","protected":false},"excerpt":{"rendered":"<p>Mes publications peuvent \u00eatre consult\u00e9es sur Google Scholar. Voici une liste non-exhaustive de publications r\u00e9centes: Breton, \u00c9., &amp; Kaufmann, T. (2025). An evolutionary perspective on the genetics of anorexia nervosa. Translational Psychiatry, 15(1), 1\u201110. https:\/\/doi.org\/10.1038\/s41398-025-03270-1 Kirkpatrick, R. H., Breton, E., Biorac, A., Munoz, D. P., &amp; Booij, L. (2024). Non-suicidal self-injury among individuals with an &hellip; <a href=\"https:\/\/portfolio.uqac.ca\/edithbreton\/recherche\/\" class=\"more-link\">Continuer la lecture de <span class=\"screen-reader-text\">Recherche<\/span>  <span class=\"meta-nav\">&rarr;<\/span><\/a><\/p>\n","protected":false},"author":89,"featured_media":0,"parent":0,"menu_order":0,"comment_status":"closed","ping_status":"closed","template":"","meta":{"footnotes":""},"tags":[],"_links":{"self":[{"href":"https:\/\/portfolio.uqac.ca\/edithbreton\/wp-json\/wp\/v2\/pages\/162"}],"collection":[{"href":"https:\/\/portfolio.uqac.ca\/edithbreton\/wp-json\/wp\/v2\/pages"}],"about":[{"href":"https:\/\/portfolio.uqac.ca\/edithbreton\/wp-json\/wp\/v2\/types\/page"}],"author":[{"embeddable":true,"href":"https:\/\/portfolio.uqac.ca\/edithbreton\/wp-json\/wp\/v2\/users\/89"}],"replies":[{"embeddable":true,"href":"https:\/\/portfolio.uqac.ca\/edithbreton\/wp-json\/wp\/v2\/comments?post=162"}],"version-history":[{"count":6,"href":"https:\/\/portfolio.uqac.ca\/edithbreton\/wp-json\/wp\/v2\/pages\/162\/revisions"}],"predecessor-version":[{"id":202,"href":"https:\/\/portfolio.uqac.ca\/edithbreton\/wp-json\/wp\/v2\/pages\/162\/revisions\/202"}],"wp:attachment":[{"href":"https:\/\/portfolio.uqac.ca\/edithbreton\/wp-json\/wp\/v2\/media?parent=162"}],"wp:term":[{"taxonomy":"post_tag","embeddable":true,"href":"https:\/\/portfolio.uqac.ca\/edithbreton\/wp-json\/wp\/v2\/tags?post=162"}],"curies":[{"name":"wp","href":"https:\/\/api.w.org\/{rel}","templated":true}]}}