{"id":27,"date":"2022-04-12T19:56:51","date_gmt":"2022-04-12T23:56:51","guid":{"rendered":"http:\/\/portfolio-pre.uqac.ca\/gabarit\/?page_id=27"},"modified":"2022-10-11T14:20:21","modified_gmt":"2022-10-11T18:20:21","slug":"curriculum-vitae","status":"publish","type":"page","link":"https:\/\/portfolio.uqac.ca\/elisabethboily\/curriculum-vitae\/","title":{"rendered":""},"content":{"rendered":"<h2><a href=\"https:\/\/portfolio.uqac.ca\/elisabethboily\/files\/2022\/04\/cv.jpg\"><img loading=\"lazy\" decoding=\"async\" class=\"alignnone size-full wp-image-261\" src=\"https:\/\/portfolio.uqac.ca\/elisabethboily\/files\/2022\/04\/cv.jpg\" alt=\"\" width=\"812\" height=\"186\" srcset=\"https:\/\/portfolio.uqac.ca\/elisabethboily\/files\/2022\/04\/cv.jpg 812w, https:\/\/portfolio.uqac.ca\/elisabethboily\/files\/2022\/04\/cv-300x69.jpg 300w, https:\/\/portfolio.uqac.ca\/elisabethboily\/files\/2022\/04\/cv-768x176.jpg 768w\" sizes=\"(max-width: 812px) 100vw, 812px\" \/><\/a><\/h2>\n<h6><strong>Dipl\u00f4mes<\/strong><\/h6>\n<hr \/>\n<p>Doctorat en \u00e9ducation , 2013-2020,\u00a0Universit\u00e9 du Qu\u00e9bec \u00e0 Montr\u00e9al<\/p>\n<p>Ma\u00eetrise en \u00e9ducation, profil recherche (avec mention d\u2019honneur) 2009-2012,\u00a0Universit\u00e9 du Qu\u00e9bec \u00e0 Montr\u00e9al<\/p>\n<p>Baccalaur\u00e9at en adaptation scolaire, 2002-2006,\u00a0Universit\u00e9 de Montr\u00e9al<\/p>\n<p><strong><br \/>\nDistinctions et bourses<br \/>\n<\/strong><\/p>\n<hr \/>\n<p><strong><a href=\"https:\/\/www.youtube.com\/watch?v=Zn_CcWzC7x4&amp;t=2s\">Prix \u00ab Initiatives inspirantes en \u00e9ducation \u00bb\u00a0 \u00a0 \u00a0 <\/a>\u00a0 \u00a0 \u00a0 \u00a0 \u00a0 \u00a0 \u00a0 \u00a0 \u00a0 \u00a0 \u00a0 \u00a0 \u00a0 \u00a0 \u00a0 \u00a0 \u00a0<\/strong>Conseil des dipl\u00f4m\u00e9.es de l\u2019UQ\u00c0M (Facult\u00e9 des sciences de l\u2019\u00e9ducation)<\/p>\n<p><strong><a href=\"https:\/\/doctorat-education.uqam.ca\/nouvelles-archive\/25-communaute-doctorat-accueil\/223-prix-de-la-meilleure-these-du-conseil-des-diplomes-de-la-faculte-des-sciences-de-l-education-de-l-uqam.html\">Prix de la meilleure th\u00e8se\u00a0 <\/a>\u00a0 \u00a0 \u00a0 \u00a0 \u00a0 \u00a0 \u00a0 \u00a0 \u00a0 \u00a0 \u00a0 \u00a0 \u00a0 \u00a0 \u00a0 \u00a0 \u00a0 \u00a0 \u00a0 \u00a0 \u00a0 \u00a0 \u00a0 \u00a0 \u00a0 \u00a0 \u00a0 \u00a0 \u00a0 \u00a0 \u00a0 \u00a0 \u00a0 \u00a0 \u00a0 \u00a0 \u00a0 \u00a0 \u00a0<\/strong>Conseil des dipl\u00f4m\u00e9.es de l\u2019UQ\u00c0M (Facult\u00e9 des sciences de l\u2019\u00e9ducation)<\/p>\n<p><strong>Bourse de stage en milieu de pratique\u00a0 \u00a0 \u00a0 \u00a0 \u00a0 \u00a0 \u00a0 \u00a0 \u00a0\u00a0<\/strong><strong>\u00a0 \u00a0 \u00a0 \u00a0 \u00a0 \u00a0 \u00a0 \u00a0 \u00a0 \u00a0 \u00a0 \u00a0 \u00a0 \u00a0 \u00a0 \u00a0 \u00a0 \u00a0 \u00a0<\/strong>Fonds de recherche Soci\u00e9t\u00e9 et Culture du Qu\u00e9bec<\/p>\n<p><strong>\u00a0<\/strong><strong>Bourse doctorale de recherche (Programme Actions concert\u00e9es) <\/strong><strong>\u00a0<\/strong>Fonds de recherche Soci\u00e9t\u00e9 et Culture du Qu\u00e9bec<\/p>\n<p><strong>\u00a0<\/strong><strong>Bourse de doctorat en recherche<\/strong><strong>\u00a0 \u00a0 \u00a0 \u00a0 \u00a0 \u00a0 \u00a0 \u00a0 \u00a0 \u00a0 \u00a0 \u00a0 \u00a0 \u00a0 \u00a0 \u00a0 \u00a0 \u00a0 \u00a0 \u00a0 \u00a0 \u00a0 \u00a0 \u00a0 \u00a0 \u00a0 \u00a0 \u00a0 \u00a0 \u00a0 \u00a0 \u00a0 \u00a0<\/strong>Fonds de recherche Soci\u00e9t\u00e9 et Culture du Qu\u00e9bec<\/p>\n<p><strong>Bourse Robert Sheitoyan en \u00e9ducation <\/strong><strong>\u00a0 \u00a0 \u00a0 \u00a0 \u00a0 \u00a0 \u00a0 \u00a0 \u00a0 \u00a0 \u00a0 \u00a0 \u00a0 \u00a0 \u00a0 \u00a0 \u00a0 \u00a0 \u00a0 \u00a0 \u00a0<\/strong>Fondation de l\u2019UQ\u00c0M<\/p>\n<p><strong>\u00a0<\/strong><strong>Bourse d\u2019excellence de la Fondation de l\u2019Universit\u00e9 du Qu\u00e9bec <\/strong><strong>\u00a0 \u00a0 \u00a0 \u00a0 \u00a0 \u00a0<\/strong>Fondation de l\u2019Universit\u00e9 du Qu\u00e9bec<\/p>\n<p><strong>Bourse Laure-Gaudreault\u00a0<i>\u00a0 \u00a0 \u00a0 \u00a0 \u00a0 \u00a0 \u00a0 \u00a0 \u00a0 \u00a0 \u00a0 \u00a0 \u00a0 \u00a0 \u00a0 \u00a0 \u00a0 \u00a0 \u00a0 \u00a0 \u00a0 \u00a0 \u00a0 \u00a0 \u00a0 \u00a0 \u00a0 \u00a0 \u00a0 \u00a0 \u00a0 \u00a0 \u00a0 \u00a0 \u00a0 \u00a0 \u00a0 \u00a0 \u00a0 \u00a0<\/i><\/strong>Centre de recherche et d\u2019intervention sur la r\u00e9ussite scolaire<\/p>\n<p><strong>Bourse DEFS\u00a0 \u00a0 \u00a0 \u00a0 \u00a0 \u00a0 \u00a0 \u00a0 \u00a0 \u00a0 \u00a0 \u00a0 \u00a0 \u00a0 \u00a0 \u00a0 \u00a0 \u00a0 \u00a0 \u00a0 \u00a0 \u00a0 \u00a0 \u00a0 \u00a0 \u00a0 \u00a0 \u00a0 \u00a0 \u00a0 \u00a0 \u00a0 \u00a0 \u00a0 \u00a0 \u00a0 \u00a0 \u00a0 \u00a0 \u00a0 \u00a0 \u00a0 \u00a0 \u00a0 \u00a0 \u00a0 \u00a0 \u00a0 \u00a0 \u00a0 <\/strong>D\u00e9partement d\u2019\u00e9ducation et de formation sp\u00e9cialis\u00e9e, infrastructure de recherche<\/p>\n<p><strong>Bourse d\u2019excellence de l\u2019UQAM pour les cycles sup\u00e9rieurs\u00a0 \u00a0 \u00a0 \u00a0 <\/strong>Fonds d\u2019accessibilit\u00e9 \u00e0 la r\u00e9ussite des \u00e9tudes<\/p>\n<p><strong>\u00a0<\/strong><strong>Bourse d\u2019\u00e9tudes Robert-Carle\u00a0 \u00a0 \u00a0 \u00a0 \u00a0 \u00a0 \u00a0 \u00a0 \u00a0 \u00a0 \u00a0 \u00a0 \u00a0 \u00a0 \u00a0 \u00a0 \u00a0 \u00a0 \u00a0 \u00a0 \u00a0 \u00a0 \u00a0 \u00a0 \u00a0 \u00a0 \u00a0 \u00a0 \u00a0 \u00a0 \u00a0 \u00a0 \u00a0 \u00a0 \u00a0 \u00a0 \u00a0 \u00a0 \u00a0 \u00a0 \u00a0 \u00a0 \u00a0<\/strong>Caisse Desjardins de l\u2019Est du Plateau<\/p>\n<p><strong>Bourse Denise-V\u00e9ronneau\u00a0 \u00a0 \u00a0 \u00a0 \u00a0 \u00a0 \u00a0 \u00a0 \u00a0 \u00a0 \u00a0 \u00a0 \u00a0 \u00a0 \u00a0 \u00a0 \u00a0 \u00a0 \u00a0 \u00a0 \u00a0 \u00a0 \u00a0 \u00a0 \u00a0 \u00a0 \u00a0 \u00a0 \u00a0 \u00a0 \u00a0 \u00a0 \u00a0 \u00a0 \u00a0 \u00a0 <\/strong>Fondation de l\u2019UQAM<\/p>\n<p><strong>\u00a0<\/strong><\/p>\n","protected":false},"excerpt":{"rendered":"<p>Dipl\u00f4mes Doctorat en \u00e9ducation , 2013-2020,\u00a0Universit\u00e9 du Qu\u00e9bec \u00e0 Montr\u00e9al Ma\u00eetrise en \u00e9ducation, profil recherche (avec mention d\u2019honneur) 2009-2012,\u00a0Universit\u00e9 du Qu\u00e9bec \u00e0 Montr\u00e9al Baccalaur\u00e9at en adaptation scolaire, 2002-2006,\u00a0Universit\u00e9 de Montr\u00e9al Distinctions et bourses Prix \u00ab Initiatives inspirantes en \u00e9ducation \u00bb\u00a0 \u00a0 \u00a0 \u00a0 \u00a0 \u00a0 \u00a0 \u00a0 \u00a0 \u00a0 \u00a0 \u00a0 \u00a0 \u00a0 \u00a0 \u00a0 &hellip; <a href=\"https:\/\/portfolio.uqac.ca\/elisabethboily\/curriculum-vitae\/\" class=\"more-link\">Continuer la lecture de <span class=\"screen-reader-text\"><\/span>  <span class=\"meta-nav\">&rarr;<\/span><\/a><\/p>\n","protected":false},"author":282,"featured_media":0,"parent":0,"menu_order":0,"comment_status":"closed","ping_status":"closed","template":"","meta":{"footnotes":""},"tags":[],"_links":{"self":[{"href":"https:\/\/portfolio.uqac.ca\/elisabethboily\/wp-json\/wp\/v2\/pages\/27"}],"collection":[{"href":"https:\/\/portfolio.uqac.ca\/elisabethboily\/wp-json\/wp\/v2\/pages"}],"about":[{"href":"https:\/\/portfolio.uqac.ca\/elisabethboily\/wp-json\/wp\/v2\/types\/page"}],"author":[{"embeddable":true,"href":"https:\/\/portfolio.uqac.ca\/elisabethboily\/wp-json\/wp\/v2\/users\/282"}],"replies":[{"embeddable":true,"href":"https:\/\/portfolio.uqac.ca\/elisabethboily\/wp-json\/wp\/v2\/comments?post=27"}],"version-history":[{"count":12,"href":"https:\/\/portfolio.uqac.ca\/elisabethboily\/wp-json\/wp\/v2\/pages\/27\/revisions"}],"predecessor-version":[{"id":270,"href":"https:\/\/portfolio.uqac.ca\/elisabethboily\/wp-json\/wp\/v2\/pages\/27\/revisions\/270"}],"wp:attachment":[{"href":"https:\/\/portfolio.uqac.ca\/elisabethboily\/wp-json\/wp\/v2\/media?parent=27"}],"wp:term":[{"taxonomy":"post_tag","embeddable":true,"href":"https:\/\/portfolio.uqac.ca\/elisabethboily\/wp-json\/wp\/v2\/tags?post=27"}],"curies":[{"name":"wp","href":"https:\/\/api.w.org\/{rel}","templated":true}]}}