{"id":277,"date":"2023-08-22T11:20:42","date_gmt":"2023-08-22T15:20:42","guid":{"rendered":"http:\/\/portfolio-pre.uqac.ca\/elisabethboily\/?page_id=277"},"modified":"2023-08-22T15:15:48","modified_gmt":"2023-08-22T19:15:48","slug":"encadrement","status":"publish","type":"page","link":"https:\/\/portfolio.uqac.ca\/elisabethboily\/encadrement\/","title":{"rendered":"ENCADREMENT"},"content":{"rendered":"<h6><strong>Co-direction de travaux de maitrise<\/strong><\/h6>\n<hr \/>\n<p>Morissette, Marie-Philip. (2020-&#8230;).\u00a0R\u00e9cit de pratique d&#8217;interventions orthop\u00e9dagogiques en plein air en \u00e9criture, aupr\u00e8s d&#8217;\u00e9l\u00e8ves de premi\u00e8re secondaire. Essai. Maitrise en \u00e9ducation (profil orthop\u00e9dagogie). Universit\u00e9 du Qu\u00e9bec \u00e0 Chicoutimi.<\/p>\n<p>Ouellet, Marilou G.\u00a0 (2022-&#8230;).\u00a0 L&#8217;exploration de l&#8217;utilisation du corps en contexte d&#8217;interventions cibl\u00e9es en orthop\u00e9dagogie. Comment susciter l&#8217;engagement des \u00e9l\u00e8ves? Maitrise avec m\u00e9moire. Universit\u00e9 du Qu\u00e9bec \u00e0 Chicoutimi.<\/p>\n<p>Mailloux, Anne-Sophie (2022-&#8230;).\u00a0\u00c9laboration et implantation d\u2019un dispositif de m\u00e9diation cognitive dans un contexte \u00e9ducatif de pratique de la danse afin de contribuer au d\u00e9veloppement des habilet\u00e9s associ\u00e9es aux fonctions ex\u00e9cutives d\u2019\u00e9l\u00e8ves en difficult\u00e9 d\u2019apprentissage du secondaire .\u00a0Maitrise avec m\u00e9moire. Universit\u00e9 du Qu\u00e9bec \u00e0 Chicoutimi.<\/p>\n","protected":false},"excerpt":{"rendered":"<p>Co-direction de travaux de maitrise Morissette, Marie-Philip. (2020-&#8230;).\u00a0R\u00e9cit de pratique d&#8217;interventions orthop\u00e9dagogiques en plein air en \u00e9criture, aupr\u00e8s d&#8217;\u00e9l\u00e8ves de premi\u00e8re secondaire. Essai. Maitrise en \u00e9ducation (profil orthop\u00e9dagogie). Universit\u00e9 du Qu\u00e9bec \u00e0 Chicoutimi. Ouellet, Marilou G.\u00a0 (2022-&#8230;).\u00a0 L&#8217;exploration de l&#8217;utilisation du corps en contexte d&#8217;interventions cibl\u00e9es en orthop\u00e9dagogie. Comment susciter l&#8217;engagement des \u00e9l\u00e8ves? Maitrise avec &hellip; <a href=\"https:\/\/portfolio.uqac.ca\/elisabethboily\/encadrement\/\" class=\"more-link\">Continuer la lecture de <span class=\"screen-reader-text\">ENCADREMENT<\/span>  <span class=\"meta-nav\">&rarr;<\/span><\/a><\/p>\n","protected":false},"author":339,"featured_media":0,"parent":0,"menu_order":0,"comment_status":"closed","ping_status":"closed","template":"","meta":{"footnotes":""},"tags":[],"_links":{"self":[{"href":"https:\/\/portfolio.uqac.ca\/elisabethboily\/wp-json\/wp\/v2\/pages\/277"}],"collection":[{"href":"https:\/\/portfolio.uqac.ca\/elisabethboily\/wp-json\/wp\/v2\/pages"}],"about":[{"href":"https:\/\/portfolio.uqac.ca\/elisabethboily\/wp-json\/wp\/v2\/types\/page"}],"author":[{"embeddable":true,"href":"https:\/\/portfolio.uqac.ca\/elisabethboily\/wp-json\/wp\/v2\/users\/339"}],"replies":[{"embeddable":true,"href":"https:\/\/portfolio.uqac.ca\/elisabethboily\/wp-json\/wp\/v2\/comments?post=277"}],"version-history":[{"count":5,"href":"https:\/\/portfolio.uqac.ca\/elisabethboily\/wp-json\/wp\/v2\/pages\/277\/revisions"}],"predecessor-version":[{"id":284,"href":"https:\/\/portfolio.uqac.ca\/elisabethboily\/wp-json\/wp\/v2\/pages\/277\/revisions\/284"}],"wp:attachment":[{"href":"https:\/\/portfolio.uqac.ca\/elisabethboily\/wp-json\/wp\/v2\/media?parent=277"}],"wp:term":[{"taxonomy":"post_tag","embeddable":true,"href":"https:\/\/portfolio.uqac.ca\/elisabethboily\/wp-json\/wp\/v2\/tags?post=277"}],"curies":[{"name":"wp","href":"https:\/\/api.w.org\/{rel}","templated":true}]}}