{"id":4,"date":"2022-04-12T19:56:51","date_gmt":"2022-04-12T23:56:51","guid":{"rendered":"http:\/\/portfolio-pre.uqac.ca\/gabarit\/?page_id=4"},"modified":"2022-05-19T11:05:11","modified_gmt":"2022-05-19T15:05:11","slug":"presentatio","status":"publish","type":"page","link":"https:\/\/portfolio.uqac.ca\/elisabethboily\/","title":{"rendered":""},"content":{"rendered":"<h2><a href=\"https:\/\/portfolio.uqac.ca\/elisabethboily\/files\/2022\/04\/Pr\u00e9sentation-v2-1.jpg\"><img loading=\"lazy\" decoding=\"async\" class=\"alignnone size-full wp-image-210\" src=\"https:\/\/portfolio.uqac.ca\/elisabethboily\/files\/2022\/04\/Pr\u00e9sentation-v2-1.jpg\" alt=\"\" width=\"795\" height=\"235\" srcset=\"https:\/\/portfolio.uqac.ca\/elisabethboily\/files\/2022\/04\/Pr\u00e9sentation-v2-1.jpg 795w, https:\/\/portfolio.uqac.ca\/elisabethboily\/files\/2022\/04\/Pr\u00e9sentation-v2-1-300x89.jpg 300w, https:\/\/portfolio.uqac.ca\/elisabethboily\/files\/2022\/04\/Pr\u00e9sentation-v2-1-768x227.jpg 768w\" sizes=\"(max-width: 795px) 100vw, 795px\" \/><\/a><\/h2>\n<p>Professeur en adaptation scolaire et sociale au d\u00e9partement des\u00a0sciences de l&#8217;\u00e9ducation \u00e0\u00a0l&#8217;unit\u00e9\u00a0d\u2019enseignement en adaptation scolaire et sociale.<\/p>\n<p>D\u00e9tentrice d\u2019un doctorat en \u00e9ducation de l\u2019Universit\u00e9 du Qu\u00e9bec \u00e0 Montr\u00e9al, ses travaux de recherche portent sur le r\u00f4le des enseignants et des orthop\u00e9dagogues, ainsi que sur leur collaboration, en contexte d\u2019implantation du mod\u00e8le de r\u00e9ponse \u00e0 l\u2019intervention en lecture.<\/p>\n<p>\u00c9lisabeth a \u00e9galement r\u00e9alis\u00e9 une ma\u00eetrise portant sur l\u2019enseignement de la lecture en Afrique subsaharienne. De plus, elle d\u00e9tient une forte exp\u00e9rience pratique. Elle a notamment travaill\u00e9 en tant qu\u2019orthop\u00e9dagogue-conseil au Centre de services scolaire des Rives-du-Saguenay au cours des trois derni\u00e8res ann\u00e9es.<\/p>\n<h3>Champs d&#8217;int\u00e9r\u00eat<\/h3>\n<ul>\n<li>Difficult\u00e9s d\u2019apprentissage \/ learning disabilities<\/li>\n<li>Orthop\u00e9dagogie \/\u00a0special education<\/li>\n<li>Enseignement et apprentissage de la lecture et de l&#8217;\u00e9criture \/\u00a0teaching reading and writing strategies<\/li>\n<li>Collaboration et modalit\u00e9s d&#8217;organisation des services en orthop\u00e9dagogie<\/li>\n<li>Mod\u00e8le de r\u00e9ponse \u00e0 l\u2019intervention \/\u00a0response to intervention (RTI)<\/li>\n<\/ul>\n<p>&nbsp;<\/p>\n<p>&nbsp;<\/p>\n","protected":false},"excerpt":{"rendered":"<p>Professeur en adaptation scolaire et sociale au d\u00e9partement des\u00a0sciences de l&#8217;\u00e9ducation \u00e0\u00a0l&#8217;unit\u00e9\u00a0d\u2019enseignement en adaptation scolaire et sociale. D\u00e9tentrice d\u2019un doctorat en \u00e9ducation de l\u2019Universit\u00e9 du Qu\u00e9bec \u00e0 Montr\u00e9al, ses travaux de recherche portent sur le r\u00f4le des enseignants et des orthop\u00e9dagogues, ainsi que sur leur collaboration, en contexte d\u2019implantation du mod\u00e8le de r\u00e9ponse \u00e0 l\u2019intervention &hellip; <a href=\"https:\/\/portfolio.uqac.ca\/elisabethboily\/\" class=\"more-link\">Continuer la lecture de <span class=\"screen-reader-text\"><\/span>  <span class=\"meta-nav\">&rarr;<\/span><\/a><\/p>\n","protected":false},"author":282,"featured_media":0,"parent":0,"menu_order":0,"comment_status":"closed","ping_status":"closed","template":"","meta":{"footnotes":""},"tags":[],"_links":{"self":[{"href":"https:\/\/portfolio.uqac.ca\/elisabethboily\/wp-json\/wp\/v2\/pages\/4"}],"collection":[{"href":"https:\/\/portfolio.uqac.ca\/elisabethboily\/wp-json\/wp\/v2\/pages"}],"about":[{"href":"https:\/\/portfolio.uqac.ca\/elisabethboily\/wp-json\/wp\/v2\/types\/page"}],"author":[{"embeddable":true,"href":"https:\/\/portfolio.uqac.ca\/elisabethboily\/wp-json\/wp\/v2\/users\/282"}],"replies":[{"embeddable":true,"href":"https:\/\/portfolio.uqac.ca\/elisabethboily\/wp-json\/wp\/v2\/comments?post=4"}],"version-history":[{"count":19,"href":"https:\/\/portfolio.uqac.ca\/elisabethboily\/wp-json\/wp\/v2\/pages\/4\/revisions"}],"predecessor-version":[{"id":220,"href":"https:\/\/portfolio.uqac.ca\/elisabethboily\/wp-json\/wp\/v2\/pages\/4\/revisions\/220"}],"wp:attachment":[{"href":"https:\/\/portfolio.uqac.ca\/elisabethboily\/wp-json\/wp\/v2\/media?parent=4"}],"wp:term":[{"taxonomy":"post_tag","embeddable":true,"href":"https:\/\/portfolio.uqac.ca\/elisabethboily\/wp-json\/wp\/v2\/tags?post=4"}],"curies":[{"name":"wp","href":"https:\/\/api.w.org\/{rel}","templated":true}]}}