{"id":18,"date":"2012-07-23T20:05:15","date_gmt":"2012-07-23T20:05:15","guid":{"rendered":"http:\/\/portfolio-pre.uqac.ca\/gabarit\/?page_id=18"},"modified":"2019-03-14T08:30:31","modified_gmt":"2019-03-14T12:30:31","slug":"enseignement","status":"publish","type":"page","link":"https:\/\/portfolio.uqac.ca\/eliseduchesne\/enseignement\/","title":{"rendered":"Enseignement"},"content":{"rendered":"<p>Au <a href=\"https:\/\/www.uqac.ca\/programme\/1520-baccalaureat-en-sciences-readaptation\/\">baccalaur\u00e9at en sciences (r\u00e9adaptation)<\/a> :<\/p>\n<ul>\n<li><a href=\"https:\/\/cours.uqac.ca\/sphgy209\">SPHGY209 : Physiologie humaine 1<\/a><\/li>\n<li><span style=\"line-height: 1.5;\"><a href=\"https:\/\/cours.uqac.ca\/sphgy210\">SPHGY210 : Physiologie humaine II<\/a><br \/>\n<\/span><\/li>\n<li><a href=\"https:\/\/cours.uqac.ca\/SPOTH430\">SPOTH430 : Biom\u00e9canique du syst\u00e8me musculo-squelettique<\/a><\/li>\n<li><a href=\"https:\/\/cours.uqac.ca\/SPHTH553\">SPHTH553 : La pratique de la physioth\u00e9rapie en orthop\u00e9die<\/a><\/li>\n<li><a href=\"https:\/\/cours.uqac.ca\/SSAP320\">SSAP319 : Physiologie de l&#8217;homme en mouvement<\/a><\/li>\n<\/ul>\n<p>\u00c0 la <a href=\"https:\/\/www.uqac.ca\/programme\/1821\/\">Ma\u00eetrise \u00e8s sciences appliqu\u00e9es en physioth\u00e9rapie<\/a> :<\/p>\n<ul>\n<li><a href=\"https:\/\/cours.uqac.ca\/SPOTH611\">SPOTH611 : M\u00e9thodes appliqu\u00e9es de recherche clinique<\/a><\/li>\n<li><a href=\"https:\/\/cours.uqac.ca\/SPHTH606\">SPHTH606 : Introduction \u00e0 la physioth\u00e9rapie p\u00e9diatrique<\/a><\/li>\n<li><a href=\"https:\/\/cours.uqac.ca\/SPOTH644\">SPOTH644 : Projet de recherche<\/a><\/li>\n<\/ul>\n","protected":false},"excerpt":{"rendered":"<p>Au baccalaur\u00e9at en sciences (r\u00e9adaptation) : SPHGY209 : Physiologie humaine 1 SPHGY210 : Physiologie humaine II SPOTH430 : Biom\u00e9canique du syst\u00e8me musculo-squelettique SPHTH553 : La pratique de la physioth\u00e9rapie en orthop\u00e9die SSAP319 : Physiologie de l&#8217;homme en mouvement \u00c0 la Ma\u00eetrise \u00e8s sciences appliqu\u00e9es en physioth\u00e9rapie : SPOTH611 : M\u00e9thodes appliqu\u00e9es de recherche clinique SPHTH606 &hellip; <a href=\"https:\/\/portfolio.uqac.ca\/eliseduchesne\/enseignement\/\" class=\"more-link\">Continuer la lecture de <span class=\"screen-reader-text\">Enseignement<\/span>  <span class=\"meta-nav\">&rarr;<\/span><\/a><\/p>\n","protected":false},"author":159,"featured_media":0,"parent":0,"menu_order":0,"comment_status":"closed","ping_status":"closed","template":"","meta":{"footnotes":""},"tags":[],"_links":{"self":[{"href":"https:\/\/portfolio.uqac.ca\/eliseduchesne\/wp-json\/wp\/v2\/pages\/18"}],"collection":[{"href":"https:\/\/portfolio.uqac.ca\/eliseduchesne\/wp-json\/wp\/v2\/pages"}],"about":[{"href":"https:\/\/portfolio.uqac.ca\/eliseduchesne\/wp-json\/wp\/v2\/types\/page"}],"author":[{"embeddable":true,"href":"https:\/\/portfolio.uqac.ca\/eliseduchesne\/wp-json\/wp\/v2\/users\/159"}],"replies":[{"embeddable":true,"href":"https:\/\/portfolio.uqac.ca\/eliseduchesne\/wp-json\/wp\/v2\/comments?post=18"}],"version-history":[{"count":7,"href":"https:\/\/portfolio.uqac.ca\/eliseduchesne\/wp-json\/wp\/v2\/pages\/18\/revisions"}],"predecessor-version":[{"id":220,"href":"https:\/\/portfolio.uqac.ca\/eliseduchesne\/wp-json\/wp\/v2\/pages\/18\/revisions\/220"}],"wp:attachment":[{"href":"https:\/\/portfolio.uqac.ca\/eliseduchesne\/wp-json\/wp\/v2\/media?parent=18"}],"wp:term":[{"taxonomy":"post_tag","embeddable":true,"href":"https:\/\/portfolio.uqac.ca\/eliseduchesne\/wp-json\/wp\/v2\/tags?post=18"}],"curies":[{"name":"wp","href":"https:\/\/api.w.org\/{rel}","templated":true}]}}