{"id":202,"date":"2019-03-14T08:17:56","date_gmt":"2019-03-14T12:17:56","guid":{"rendered":"http:\/\/portfolio-pre.uqac.ca\/eliseduchesne\/?page_id=202"},"modified":"2019-05-30T15:49:05","modified_gmt":"2019-05-30T19:49:05","slug":"maitrises-recherche","status":"publish","type":"page","link":"https:\/\/portfolio.uqac.ca\/eliseduchesne\/maitrises-recherche\/","title":{"rendered":"Ma\u00eetrises (professionnelles)"},"content":{"rendered":"<p><strong>En cours<\/strong><\/p>\n<p>Laurie Gauthier (2018- ) , Universit\u00e9 du Qu\u00e9bec \u00e0 Chicoutimi<\/p>\n<p>Marie-Mich\u00e8le Fiset (2018- ) , Universit\u00e9 du Qu\u00e9bec \u00e0 Chicoutimi<\/p>\n<p>Claudia Lavoie (2018- ) , Universit\u00e9 du Qu\u00e9bec \u00e0 Chicoutimi<\/p>\n<p>Laurie Pouliot (2018- ) , Universit\u00e9 du Qu\u00e9bec \u00e0 Chicoutimi <\/p>\n<p>\u00c9milie McNicoll (2018- ) , Universit\u00e9 du Qu\u00e9bec \u00e0 Chicoutimi<\/p>\n<p><strong>Compl\u00e9t\u00e9es<\/strong><\/p>\n<p>Boulanger, Sophie-Ann. (2016). L&#8217;effet de la prise d&#8217;anti-inflammatoires non st\u00e9ro\u00efdiens sur la r\u00e9paration musculaire post-blessure chez une population adulte. Ma\u00eetrise professionnelle, Universit\u00e9 du Qu\u00e9bec \u00e0 Chicoutimi, QC.<\/p>\n<p>Chartier, Cindy. (2016). L&#8217;effet de la prise d&#8217;anti-inflammatoires non st\u00e9ro\u00efdiens sur la r\u00e9paration musculaire post-blessure chez une population adulte. Ma\u00eetrise professionnelle, Universit\u00e9 du Qu\u00e9bec \u00e0 Chicoutimi, QC.<\/p>\n<p>Dufour, Karen. (2016). L&#8217;effet de la prise d&#8217;anti-inflammatoires non st\u00e9ro\u00efdiens sur la r\u00e9paration musculaire post-blessure chez une population adulte. Ma\u00eetrise professionnelle, Universit\u00e9 du Qu\u00e9bec \u00e0 Chicoutimi, QC.<\/p>\n<p>Dufour-Richard, Vicky. (2016). L&#8217;effet de la prise d&#8217;anti-inflammatoires non st\u00e9ro\u00efdiens sur la r\u00e9paration musculaire post-blessure chez une population adulte. Ma\u00eetrise professionnelle, Universit\u00e9 du Qu\u00e9bec \u00e0 Chicoutimi, QC.<\/p>\n<p>Gravel, S\u00e9bastien. (2016). L&#8217;effet de la prise d&#8217;anti-inflammatoires non st\u00e9ro\u00efdiens sur la r\u00e9paration musculaire post-blessure chez une population adulte. Ma\u00eetrise professionnelle, Universit\u00e9 du Qu\u00e9bec \u00e0 Chicoutimi, QC.<\/p>\n<p>Lavoie, Catherine. (2016). L&#8217;effet de la prise d&#8217;anti-inflammatoires non st\u00e9ro\u00efdiens sur la r\u00e9paration musculaire post-blessure chez une population adulte. Ma\u00eetrise professionnelle, Universit\u00e9 du Qu\u00e9bec \u00e0 Chicoutimi, QC.<\/p>\n<p>Villeneuve, Roxane. (2016). L&#8217;effet de la prise d&#8217;anti-inflammatoires non st\u00e9ro\u00efdiens sur la r\u00e9paration musculaire post-blessure chez une population adulte. Ma\u00eetrise professionnelle, Universit\u00e9 du Qu\u00e9bec \u00e0 Chicoutimi, QC.<\/p>\n","protected":false},"excerpt":{"rendered":"<p>En cours Laurie Gauthier (2018- ) , Universit\u00e9 du Qu\u00e9bec \u00e0 Chicoutimi Marie-Mich\u00e8le Fiset (2018- ) , Universit\u00e9 du Qu\u00e9bec \u00e0 Chicoutimi Claudia Lavoie (2018- ) , Universit\u00e9 du Qu\u00e9bec \u00e0 Chicoutimi Laurie Pouliot (2018- ) , Universit\u00e9 du Qu\u00e9bec \u00e0 Chicoutimi \u00c9milie McNicoll (2018- ) , Universit\u00e9 du Qu\u00e9bec \u00e0 Chicoutimi Compl\u00e9t\u00e9es Boulanger, Sophie-Ann. &hellip; <a href=\"https:\/\/portfolio.uqac.ca\/eliseduchesne\/maitrises-recherche\/\" class=\"more-link\">Continuer la lecture de <span class=\"screen-reader-text\">Ma\u00eetrises (professionnelles)<\/span>  <span class=\"meta-nav\">&rarr;<\/span><\/a><\/p>\n","protected":false},"author":147,"featured_media":0,"parent":0,"menu_order":0,"comment_status":"closed","ping_status":"closed","template":"","meta":{"footnotes":""},"tags":[],"_links":{"self":[{"href":"https:\/\/portfolio.uqac.ca\/eliseduchesne\/wp-json\/wp\/v2\/pages\/202"}],"collection":[{"href":"https:\/\/portfolio.uqac.ca\/eliseduchesne\/wp-json\/wp\/v2\/pages"}],"about":[{"href":"https:\/\/portfolio.uqac.ca\/eliseduchesne\/wp-json\/wp\/v2\/types\/page"}],"author":[{"embeddable":true,"href":"https:\/\/portfolio.uqac.ca\/eliseduchesne\/wp-json\/wp\/v2\/users\/147"}],"replies":[{"embeddable":true,"href":"https:\/\/portfolio.uqac.ca\/eliseduchesne\/wp-json\/wp\/v2\/comments?post=202"}],"version-history":[{"count":8,"href":"https:\/\/portfolio.uqac.ca\/eliseduchesne\/wp-json\/wp\/v2\/pages\/202\/revisions"}],"predecessor-version":[{"id":270,"href":"https:\/\/portfolio.uqac.ca\/eliseduchesne\/wp-json\/wp\/v2\/pages\/202\/revisions\/270"}],"wp:attachment":[{"href":"https:\/\/portfolio.uqac.ca\/eliseduchesne\/wp-json\/wp\/v2\/media?parent=202"}],"wp:term":[{"taxonomy":"post_tag","embeddable":true,"href":"https:\/\/portfolio.uqac.ca\/eliseduchesne\/wp-json\/wp\/v2\/tags?post=202"}],"curies":[{"name":"wp","href":"https:\/\/api.w.org\/{rel}","templated":true}]}}