{"id":206,"date":"2019-03-14T08:19:18","date_gmt":"2019-03-14T12:19:18","guid":{"rendered":"http:\/\/portfolio-pre.uqac.ca\/eliseduchesne\/?page_id=206"},"modified":"2019-03-14T08:24:46","modified_gmt":"2019-03-14T12:24:46","slug":"doctorat","status":"publish","type":"page","link":"https:\/\/portfolio.uqac.ca\/eliseduchesne\/doctorat\/","title":{"rendered":"Doctorat"},"content":{"rendered":"<p>Roussel, Marie-Pier. <em>(en cours)<\/em>. \u00c9tude des adaptations du muscle squelettique induites par la progression de la dystrophie myotonique de type 1 et leurs modulations par les atteintes respiratoires et l&#8217;entra\u00eenement. Doctorat en biologie. Universit\u00e9 Laval, Qu\u00e9bec, QC.<\/p>\n","protected":false},"excerpt":{"rendered":"<p>Roussel, Marie-Pier. (en cours). \u00c9tude des adaptations du muscle squelettique induites par la progression de la dystrophie myotonique de type 1 et leurs modulations par les atteintes respiratoires et l&#8217;entra\u00eenement. Doctorat en biologie. Universit\u00e9 Laval, Qu\u00e9bec, QC.<\/p>\n","protected":false},"author":147,"featured_media":0,"parent":0,"menu_order":0,"comment_status":"closed","ping_status":"closed","template":"","meta":{"footnotes":""},"tags":[],"_links":{"self":[{"href":"https:\/\/portfolio.uqac.ca\/eliseduchesne\/wp-json\/wp\/v2\/pages\/206"}],"collection":[{"href":"https:\/\/portfolio.uqac.ca\/eliseduchesne\/wp-json\/wp\/v2\/pages"}],"about":[{"href":"https:\/\/portfolio.uqac.ca\/eliseduchesne\/wp-json\/wp\/v2\/types\/page"}],"author":[{"embeddable":true,"href":"https:\/\/portfolio.uqac.ca\/eliseduchesne\/wp-json\/wp\/v2\/users\/147"}],"replies":[{"embeddable":true,"href":"https:\/\/portfolio.uqac.ca\/eliseduchesne\/wp-json\/wp\/v2\/comments?post=206"}],"version-history":[{"count":3,"href":"https:\/\/portfolio.uqac.ca\/eliseduchesne\/wp-json\/wp\/v2\/pages\/206\/revisions"}],"predecessor-version":[{"id":216,"href":"https:\/\/portfolio.uqac.ca\/eliseduchesne\/wp-json\/wp\/v2\/pages\/206\/revisions\/216"}],"wp:attachment":[{"href":"https:\/\/portfolio.uqac.ca\/eliseduchesne\/wp-json\/wp\/v2\/media?parent=206"}],"wp:term":[{"taxonomy":"post_tag","embeddable":true,"href":"https:\/\/portfolio.uqac.ca\/eliseduchesne\/wp-json\/wp\/v2\/tags?post=206"}],"curies":[{"name":"wp","href":"https:\/\/api.w.org\/{rel}","templated":true}]}}