{"id":227,"date":"2019-03-14T14:01:39","date_gmt":"2019-03-14T18:01:39","guid":{"rendered":"http:\/\/portfolio-pre.uqac.ca\/eliseduchesne\/?page_id=227"},"modified":"2019-03-25T09:07:45","modified_gmt":"2019-03-25T13:07:45","slug":"communications-a-titre-de-conferencier-invite","status":"publish","type":"page","link":"https:\/\/portfolio.uqac.ca\/eliseduchesne\/communications-a-titre-de-conferencier-invite\/","title":{"rendered":"Communications \u00e0 titre de conf\u00e9rencier invit\u00e9"},"content":{"rendered":"<p>Bouchard L, L\u00e9gar\u00e9 C, H\u00e9bert LJ, Roussel M-P, Petitclerc \u00c9 et Duchesne E. (2018). 25 ans d\u2019\u00e9tudes sur la fonction musculaire en DM1: Les d\u00e9fis relev\u00e9s, les le\u00e7ons apprises. Colloque intitul\u00e9 &#8220;Les cliniques sursp\u00e9cialis\u00e9es en maladies neuromusculaires : une trajectoire de coconstruction de la connaissance entre la clinique et la recherche&#8221; &#8211; 86e congr\u00e8s de l&#8217;ACFAS, Qu\u00e9bec, Canada.<\/p>\n<p>Duchesne E. (2018). Comprendre les m\u00e9canismes physiopathologiques et les adaptations musculaires en dystrophie myotonique de type 1. Midi-conf\u00e9rence de la recherche du CIUSSS du Saguenay-Lac-St-Jean, Chicoutimi, Canada.<\/p>\n<p>Duchesne E, Dufresne SS., Ribeiro F, Ngomo S, Soubhi H. (2016). La recherche \u00e0 l\u2019Unit\u00e9 d\u2019enseignement de physioth\u00e9rapie de l\u2019UQAC. D\u00eener-conf\u00e9rence du CIUSSS Saguenay\u2013Lac-Saint-Jean, Chicoutimi, Canada. <\/p>\n<p>Duchesne E et Dufresne SS. (2016). La physioth\u00e9rapie, une approche compl\u00e9mentaire aux blessures m\u00e9caniques courantes vues en pharmacie. Journ\u00e9e r\u00e9gionale de l&#8217;Association des pharmaciens du Saguenay\u2013Lac-Saint-Jean, Jonqui\u00e8re, Canada. <\/p>\n<p>Duchesne E et Dufresne SS. (2014). Le processus inflammatoire et la r\u00e9paration tissulaire en situation aigu\u00eb : Une mise \u00e0 jour scientifique appliqu\u00e9e \u00e0 la clinique ! Souper-conf\u00e9rence du R\u00e9seau Physio-Contact, Qu\u00e9bec, Canada.<\/p>\n<p>Duchesne E et Dufresne SS. (2014). Le processus inflammatoire et la r\u00e9paration tissulaire en situation aigu\u00eb : Une mise \u00e0 jour scientifique appliqu\u00e9e \u00e0 la clinique ! Souper-conf\u00e9rence du R\u00e9seau Physio-Saguenay\u2013Lac-Saint-Jean, Jonqui\u00e8re, Canada. <\/p>\n<p>Duchesne E. (2013). Nouveaut\u00e9, interdisciplinarit\u00e9 et faisabilit\u00e9, des concepts \u00e0 d\u00e9velopper. Rendez-vous caf\u00e9 \u00e0 la Fondation de l\u2019UQAC. Chicoutimi, Canada.<\/p>\n","protected":false},"excerpt":{"rendered":"<p>Bouchard L, L\u00e9gar\u00e9 C, H\u00e9bert LJ, Roussel M-P, Petitclerc \u00c9 et Duchesne E. (2018). 25 ans d\u2019\u00e9tudes sur la fonction musculaire en DM1: Les d\u00e9fis relev\u00e9s, les le\u00e7ons apprises. Colloque intitul\u00e9 &#8220;Les cliniques sursp\u00e9cialis\u00e9es en maladies neuromusculaires : une trajectoire de coconstruction de la connaissance entre la clinique et la recherche&#8221; &#8211; 86e congr\u00e8s de &hellip; <a href=\"https:\/\/portfolio.uqac.ca\/eliseduchesne\/communications-a-titre-de-conferencier-invite\/\" class=\"more-link\">Continuer la lecture de <span class=\"screen-reader-text\">Communications \u00e0 titre de conf\u00e9rencier invit\u00e9<\/span>  <span class=\"meta-nav\">&rarr;<\/span><\/a><\/p>\n","protected":false},"author":147,"featured_media":0,"parent":0,"menu_order":0,"comment_status":"closed","ping_status":"closed","template":"","meta":{"footnotes":""},"tags":[],"_links":{"self":[{"href":"https:\/\/portfolio.uqac.ca\/eliseduchesne\/wp-json\/wp\/v2\/pages\/227"}],"collection":[{"href":"https:\/\/portfolio.uqac.ca\/eliseduchesne\/wp-json\/wp\/v2\/pages"}],"about":[{"href":"https:\/\/portfolio.uqac.ca\/eliseduchesne\/wp-json\/wp\/v2\/types\/page"}],"author":[{"embeddable":true,"href":"https:\/\/portfolio.uqac.ca\/eliseduchesne\/wp-json\/wp\/v2\/users\/147"}],"replies":[{"embeddable":true,"href":"https:\/\/portfolio.uqac.ca\/eliseduchesne\/wp-json\/wp\/v2\/comments?post=227"}],"version-history":[{"count":4,"href":"https:\/\/portfolio.uqac.ca\/eliseduchesne\/wp-json\/wp\/v2\/pages\/227\/revisions"}],"predecessor-version":[{"id":249,"href":"https:\/\/portfolio.uqac.ca\/eliseduchesne\/wp-json\/wp\/v2\/pages\/227\/revisions\/249"}],"wp:attachment":[{"href":"https:\/\/portfolio.uqac.ca\/eliseduchesne\/wp-json\/wp\/v2\/media?parent=227"}],"wp:term":[{"taxonomy":"post_tag","embeddable":true,"href":"https:\/\/portfolio.uqac.ca\/eliseduchesne\/wp-json\/wp\/v2\/tags?post=227"}],"curies":[{"name":"wp","href":"https:\/\/api.w.org\/{rel}","templated":true}]}}